{"id":11972,"date":"2021-09-15T18:01:31","date_gmt":"2021-09-15T16:01:31","guid":{"rendered":"https:\/\/app-fortunica.com?page_id=11972"},"modified":"2021-09-16T11:32:35","modified_gmt":"2021-09-16T09:32:35","slug":"artigos","status":"publish","type":"page","link":"https:\/\/app-fortunica.com\/br\/artigos","title":{"rendered":"Artigos"},"content":{"rendered":"\r\n\t\t<div class=\"bdp-post-grid-main bdp-design-1 bdpgrid-2 bdp-clearfix\">\t\t\t\r\n\t\t\t<div class=\"bdp-post-grid  bdp-medium-6 bdp-columns  bdp-first\">\t\t\r\n\t<div class=\"bdp-post-grid-content \">\r\n\t\t\t\t<div class=\"bdp-post-image-bg\">\r\n\t\t\t<a href=\"https:\/\/app-fortunica.com\/br\/espiritualidade\/adocando-a-vida\">\r\n\t\t\t\t<img src=\"https:\/\/app-fortunica-content.s3.eu-central-1.amazonaws.com\/prod\/app\/uploads\/2021\/09\/CosmasDamian01-e1631785395769.jpg\" alt=\"Ado\u00e7ando a Vida\" \/>\r\n\t\t\t<\/a>\r\n\t\t<\/div>\r\n\t\t\t\t<div class=\"bdp-post-categories\">\r\n\t\t\t<a href=\"https:\/\/app-fortunica.com\/br\/category\/espiritualidade\">Espiritualidade<\/a>\t\t<\/div>\r\n\t\t\r\n\t\t<h2 class=\"bdp-post-title\">\r\n\t\t\t<a href=\"https:\/\/app-fortunica.com\/br\/espiritualidade\/adocando-a-vida\">Ado\u00e7ando a Vida<\/a>\r\n\t\t<\/h2>\r\n\r\n\t\t\t\t\t<div class=\"bdp-post-content\">\r\n\t\t\t\t<div class=\"bdp-post-short-content\">Um pouco de do\u00e7ura cai bem em qualquer situa\u00e7\u00e3o e, sabendo disso, Cosme e Dami\u00e3o, m\u00e9dicos que viveram por volta do ano 300 a. C, distribu\u00edam doces para alegrar as crian\u00e7as doentes que atendiam de gra\u00e7a. A fama desses m\u00e9dicos e o costume de distribuir doces no dia dedicado \u00e0...<\/div>\r\n\t\t\t\t\t\t\t\t\t<a href=\"https:\/\/app-fortunica.com\/br\/espiritualidade\/adocando-a-vida\" class=\"bdp-readmorebtn\">Read More<\/a>\r\n\t\t\t\t\t\t\t<\/div>\r\n\t\t\t<\/div>\r\n<\/div>\t\t<\/div>\r\n\r\n\t\t\n","protected":false},"excerpt":{"rendered":"","protected":false},"author":34,"featured_media":0,"parent":0,"menu_order":0,"comment_status":"closed","ping_status":"closed","template":"","meta":[],"yoast_head":"<!-- This site is optimized with the Yoast SEO Premium plugin v15.2 - https:\/\/yoast.com\/wordpress\/plugins\/seo\/ -->\n<title>Artigos - fortunica<\/title>\n<meta name=\"robots\" content=\"index, follow, max-snippet:-1, max-image-preview:large, max-video-preview:-1\" \/>\n<link rel=\"canonical\" href=\"https:\/\/app-fortunica.com\/br\/artigos\" \/>\n<meta property=\"og:locale\" content=\"en_US\" \/>\n<meta property=\"og:type\" content=\"article\" \/>\n<meta property=\"og:title\" content=\"Artigos - fortunica\" \/>\n<meta property=\"og:url\" content=\"https:\/\/app-fortunica.com\/br\/artigos\" \/>\n<meta property=\"og:site_name\" content=\"fortunica\" \/>\n<meta property=\"article:publisher\" content=\"https:\/\/www.facebook.com\/app.fortunica\/\" \/>\n<meta property=\"article:modified_time\" content=\"2021-09-16T09:32:35+00:00\" \/>\n<meta name=\"twitter:card\" content=\"summary\" \/>\n<meta name=\"twitter:label1\" value=\"Written by\">\n\t<meta name=\"twitter:data1\" value=\"advisor managers\">\n\t<meta name=\"twitter:label2\" value=\"Est. reading time\">\n\t<meta name=\"twitter:data2\" value=\"0 minutes\">\n<script type=\"application\/ld+json\" class=\"yoast-schema-graph\">{\"@context\":\"https:\/\/schema.org\",\"@graph\":[{\"@type\":\"WebSite\",\"@id\":\"https:\/\/app-fortunica.com\/#website\",\"url\":\"https:\/\/app-fortunica.com\/\",\"name\":\"fortunica\",\"description\":\"The #1 App for you to Connect with Spiritual Advisors\",\"potentialAction\":[{\"@type\":\"SearchAction\",\"target\":\"https:\/\/app-fortunica.com\/?s={search_term_string}\",\"query-input\":\"required name=search_term_string\"}],\"inLanguage\":\"br-BR\"},{\"@type\":\"WebPage\",\"@id\":\"https:\/\/app-fortunica.com\/br\/artigos#webpage\",\"url\":\"https:\/\/app-fortunica.com\/br\/artigos\",\"name\":\"Artigos - fortunica\",\"isPartOf\":{\"@id\":\"https:\/\/app-fortunica.com\/#website\"},\"datePublished\":\"2021-09-15T16:01:31+00:00\",\"dateModified\":\"2021-09-16T09:32:35+00:00\",\"inLanguage\":\"br-BR\",\"potentialAction\":[{\"@type\":\"ReadAction\",\"target\":[\"https:\/\/app-fortunica.com\/br\/artigos\"]}]}]}<\/script>\n<!-- \/ Yoast SEO Premium plugin. -->","_links":{"self":[{"href":"https:\/\/app-fortunica.com\/br\/wp-json\/wp\/v2\/pages\/11972"}],"collection":[{"href":"https:\/\/app-fortunica.com\/br\/wp-json\/wp\/v2\/pages"}],"about":[{"href":"https:\/\/app-fortunica.com\/br\/wp-json\/wp\/v2\/types\/page"}],"author":[{"embeddable":true,"href":"https:\/\/app-fortunica.com\/br\/wp-json\/wp\/v2\/users\/34"}],"replies":[{"embeddable":true,"href":"https:\/\/app-fortunica.com\/br\/wp-json\/wp\/v2\/comments?post=11972"}],"version-history":[{"count":2,"href":"https:\/\/app-fortunica.com\/br\/wp-json\/wp\/v2\/pages\/11972\/revisions"}],"predecessor-version":[{"id":11979,"href":"https:\/\/app-fortunica.com\/br\/wp-json\/wp\/v2\/pages\/11972\/revisions\/11979"}],"wp:attachment":[{"href":"https:\/\/app-fortunica.com\/br\/wp-json\/wp\/v2\/media?parent=11972"}],"curies":[{"name":"wp","href":"https:\/\/api.w.org\/{rel}","templated":true}]}}