{"id":15281,"date":"2023-03-15T21:31:16","date_gmt":"2023-03-15T20:31:16","guid":{"rendered":"https:\/\/app-fortunica.com?page_id=15281"},"modified":"2023-03-15T21:39:48","modified_gmt":"2023-03-15T20:39:48","slug":"leitura-de-alma-gemea","status":"publish","type":"page","link":"https:\/\/app-fortunica.com\/br\/leitura-de-alma-gemea","title":{"rendered":"Leitura de Alma G\u00eamea"},"content":{"rendered":"<div id=\"cs-content\" class=\"cs-content\" >\n<div class=\"e15281-1 x-section\" >\n      \n<div class=\"e15281-2 x-row x-container max width\" >\n  <div class=\"x-row-inner\">\n    \n<div class=\"e15281-3 x-col\" >\n    <img  class=\"x-img x-img-none\"  src=\"https:\/\/app-fortunica-content.s3.eu-central-1.amazonaws.com\/prod\/app\/uploads\/2023\/03\/happy-young-woman-hugging-man-on-the-street-2022-09-01-02-20-42-utc.jpg\" ><div class=\"x-text\"  ><p>O amor entre almas g\u00eameas \u00e9 poderoso.<br \/>\nH\u00e1 uma conex\u00e3o profunda, um verdadeiro senso de paix\u00e3o e fa\u00edscas de qu\u00edmica.<br \/>\nClaro, \u00e9 poss\u00edvel sentir essas coisas com algu\u00e9m que n\u00e3o \u00e9 sua alma g\u00eamea. Ent\u00e3o, como voc\u00ea sabe quando voc\u00ea conheceu uma?<br \/>\n\u00c9 hora de uma Leitura de Alma G\u00eamea.<\/p>\n<p>O que \u00e9 uma Leitura de Alma G\u00eamea?<br \/>\nAdquira este Servi\u00e7o Premium caso queira:<br \/>\n\u2013 descobrir seu potencial de relacionamento com uma pessoa espec\u00edfica<br \/>\n\u2013 reconhecer sua alma g\u00eamea e as tarefas que voc\u00ea tem juntos<br \/>\n\u2013 revelar o que est\u00e1 impedindo voc\u00ea de conhecer sua alma g\u00eamea<br \/>\n\u2013 encontrar o prop\u00f3sito maior de uma conex\u00e3o de alma g\u00eamea em sua vida<br \/>\n\u2013 ser guiado para a conex\u00e3o sagrada destinada ao seu cora\u00e7\u00e3o<\/p>\n<p>Como funciona uma Leitura de Alma G\u00eamea?<br \/>\nPrimeiro, escolha um consultor em nossa lista de especialistas e clique em \u201cConecte-se comigo\u201d. Em seguida, escolha \u201cLeitura de Alma G\u00eamea\u201d na lista de Produtos Premium.<\/p>\n<p>Depois de comprar o produto, compartilhe seus detalhes para uma leitura mais precisa. Envie ao consultor duas fotos: uma de voc\u00ea e outra de seu interesse rom\u00e2ntico ou par. Se acha que ainda n\u00e3o conheceu sua alma g\u00eamea, envie duas fotos suas.<\/p>\n<p>Na sua mensagem ao consultor, inclua:<br \/>\n\u2013 seu nome e data de nascimento<br \/>\n\u2013 o nome e a data de nascimento de sua potencial conex\u00e3o com a alma g\u00eamea (se aplic\u00e1vel)<br \/>\n\u2013 uma breve descri\u00e7\u00e3o da rela\u00e7\u00e3o entre voc\u00ea e essa pessoa (ou sua situa\u00e7\u00e3o rom\u00e2ntica em geral)<br \/>\n\u2013 quaisquer perguntas ou preocupa\u00e7\u00f5es sobre sua vida amorosa<\/p>\n<p>O universo sabe quem \u00e9 sua alma g\u00eamea. Uma Leitura de Alma G\u00eamea pode te ajudar a encontr\u00e1-la. Descubra o que est\u00e1 por vir no caminho que te leva ao amor eterno!<\/p>\n<\/div><\/div>\n  <\/div>\n  <\/div>\n  <\/div>\n<\/div>\n","protected":false},"excerpt":{"rendered":"<p>O amor entre almas g\u00eameas \u00e9 poderoso. H\u00e1 uma conex\u00e3o profunda, um verdadeiro senso de paix\u00e3o e fa\u00edscas de qu\u00edmica. Claro, \u00e9 poss\u00edvel sentir essas coisas com algu\u00e9m que n\u00e3o &#8230; <\/p>\n<div><a href=\"https:\/\/app-fortunica.com\/br\/leitura-de-alma-gemea\" class=\"more-link\">Read More<\/a><\/div>\n","protected":false},"author":34,"featured_media":0,"parent":0,"menu_order":0,"comment_status":"closed","ping_status":"closed","template":"","meta":[],"yoast_head":"<!-- This site is optimized with the Yoast SEO Premium plugin v15.2 - https:\/\/yoast.com\/wordpress\/plugins\/seo\/ -->\n<title>Leitura de Alma G\u00eamea - fortunica<\/title>\n<meta name=\"robots\" content=\"index, follow, max-snippet:-1, max-image-preview:large, max-video-preview:-1\" \/>\n<link rel=\"canonical\" href=\"https:\/\/app-fortunica.com\/br\/leitura-de-alma-gemea\" \/>\n<meta property=\"og:locale\" content=\"en_US\" \/>\n<meta property=\"og:type\" content=\"article\" \/>\n<meta property=\"og:title\" content=\"Leitura de Alma G\u00eamea - fortunica\" \/>\n<meta property=\"og:description\" content=\"O amor entre almas g\u00eameas \u00e9 poderoso. H\u00e1 uma conex\u00e3o profunda, um verdadeiro senso de paix\u00e3o e fa\u00edscas de qu\u00edmica. Claro, \u00e9 poss\u00edvel sentir essas coisas com algu\u00e9m que n\u00e3o ... Read More\" \/>\n<meta property=\"og:url\" content=\"https:\/\/app-fortunica.com\/br\/leitura-de-alma-gemea\" \/>\n<meta property=\"og:site_name\" content=\"fortunica\" \/>\n<meta property=\"article:publisher\" content=\"https:\/\/www.facebook.com\/app.fortunica\/\" \/>\n<meta property=\"article:modified_time\" content=\"2023-03-15T20:39:48+00:00\" \/>\n<meta property=\"og:image\" content=\"https:\/\/app-fortunica.com\/app\/uploads\/2023\/03\/happy-young-woman-hugging-man-on-the-street-2022-09-01-02-20-42-utc.jpg\" \/>\n<meta name=\"twitter:card\" content=\"summary\" \/>\n<meta name=\"twitter:label1\" value=\"Written by\">\n\t<meta name=\"twitter:data1\" value=\"advisor managers\">\n\t<meta name=\"twitter:label2\" value=\"Est. reading time\">\n\t<meta name=\"twitter:data2\" value=\"3 minutes\">\n<script type=\"application\/ld+json\" class=\"yoast-schema-graph\">{\"@context\":\"https:\/\/schema.org\",\"@graph\":[{\"@type\":\"WebSite\",\"@id\":\"https:\/\/app-fortunica.com\/#website\",\"url\":\"https:\/\/app-fortunica.com\/\",\"name\":\"fortunica\",\"description\":\"The #1 App for you to Connect with Spiritual Advisors\",\"potentialAction\":[{\"@type\":\"SearchAction\",\"target\":\"https:\/\/app-fortunica.com\/?s={search_term_string}\",\"query-input\":\"required name=search_term_string\"}],\"inLanguage\":\"br-BR\"},{\"@type\":\"ImageObject\",\"@id\":\"https:\/\/app-fortunica.com\/br\/leitura-de-alma-gemea#primaryimage\",\"inLanguage\":\"br-BR\",\"url\":\"https:\/\/app-fortunica.com\/app\/uploads\/2023\/03\/happy-young-woman-hugging-man-on-the-street-2022-09-01-02-20-42-utc.jpg\"},{\"@type\":\"WebPage\",\"@id\":\"https:\/\/app-fortunica.com\/br\/leitura-de-alma-gemea#webpage\",\"url\":\"https:\/\/app-fortunica.com\/br\/leitura-de-alma-gemea\",\"name\":\"Leitura de Alma G\\u00eamea - fortunica\",\"isPartOf\":{\"@id\":\"https:\/\/app-fortunica.com\/#website\"},\"primaryImageOfPage\":{\"@id\":\"https:\/\/app-fortunica.com\/br\/leitura-de-alma-gemea#primaryimage\"},\"datePublished\":\"2023-03-15T20:31:16+00:00\",\"dateModified\":\"2023-03-15T20:39:48+00:00\",\"inLanguage\":\"br-BR\",\"potentialAction\":[{\"@type\":\"ReadAction\",\"target\":[\"https:\/\/app-fortunica.com\/br\/leitura-de-alma-gemea\"]}]}]}<\/script>\n<!-- \/ Yoast SEO Premium plugin. -->","_links":{"self":[{"href":"https:\/\/app-fortunica.com\/br\/wp-json\/wp\/v2\/pages\/15281"}],"collection":[{"href":"https:\/\/app-fortunica.com\/br\/wp-json\/wp\/v2\/pages"}],"about":[{"href":"https:\/\/app-fortunica.com\/br\/wp-json\/wp\/v2\/types\/page"}],"author":[{"embeddable":true,"href":"https:\/\/app-fortunica.com\/br\/wp-json\/wp\/v2\/users\/34"}],"replies":[{"embeddable":true,"href":"https:\/\/app-fortunica.com\/br\/wp-json\/wp\/v2\/comments?post=15281"}],"version-history":[{"count":2,"href":"https:\/\/app-fortunica.com\/br\/wp-json\/wp\/v2\/pages\/15281\/revisions"}],"predecessor-version":[{"id":15288,"href":"https:\/\/app-fortunica.com\/br\/wp-json\/wp\/v2\/pages\/15281\/revisions\/15288"}],"wp:attachment":[{"href":"https:\/\/app-fortunica.com\/br\/wp-json\/wp\/v2\/media?parent=15281"}],"curies":[{"name":"wp","href":"https:\/\/api.w.org\/{rel}","templated":true}]}}