{"id":15354,"date":"2023-03-21T14:38:25","date_gmt":"2023-03-21T13:38:25","guid":{"rendered":"https:\/\/app-fortunica.com?page_id=15354"},"modified":"2023-08-14T17:16:16","modified_gmt":"2023-08-14T15:16:16","slug":"sessao-de-ritual","status":"publish","type":"page","link":"https:\/\/app-fortunica.com\/br\/sessao-de-ritual","title":{"rendered":"Sess\u00e3o de Ritual"},"content":{"rendered":"","protected":false},"excerpt":{"rendered":"","protected":false},"author":34,"featured_media":0,"parent":0,"menu_order":0,"comment_status":"closed","ping_status":"closed","template":"templates\/ritual.php","meta":[],"yoast_head":"<!-- This site is optimized with the Yoast SEO Premium plugin v15.2 - https:\/\/yoast.com\/wordpress\/plugins\/seo\/ -->\n<title>Sess\u00e3o de Ritual - fortunica<\/title>\n<meta name=\"description\" content=\"Voc\u00ea est\u00e1 procurando amor, sucesso ou algo mais? Realize agora uma Sess\u00e3o de Ritual com um consultor especialista! Ele te ajudar\u00e1 a canalizar suas inten\u00e7\u00f5es e energias!\" \/>\n<meta name=\"robots\" content=\"index, follow, max-snippet:-1, max-image-preview:large, max-video-preview:-1\" \/>\n<link rel=\"canonical\" href=\"https:\/\/app-fortunica.com\/br\/sessao-de-ritual\" \/>\n<meta property=\"og:locale\" content=\"en_US\" \/>\n<meta property=\"og:type\" content=\"article\" \/>\n<meta property=\"og:title\" content=\"Sess\u00e3o de Ritual - fortunica\" \/>\n<meta property=\"og:description\" content=\"Voc\u00ea est\u00e1 procurando amor, sucesso ou algo mais? Realize agora uma Sess\u00e3o de Ritual com um consultor especialista! Ele te ajudar\u00e1 a canalizar suas inten\u00e7\u00f5es e energias!\" \/>\n<meta property=\"og:url\" content=\"https:\/\/app-fortunica.com\/br\/sessao-de-ritual\" \/>\n<meta property=\"og:site_name\" content=\"fortunica\" \/>\n<meta property=\"article:publisher\" content=\"https:\/\/www.facebook.com\/app.fortunica\/\" \/>\n<meta property=\"article:modified_time\" content=\"2023-08-14T15:16:16+00:00\" \/>\n<meta name=\"twitter:card\" content=\"summary\" \/>\n<meta name=\"twitter:label1\" value=\"Written by\">\n\t<meta name=\"twitter:data1\" value=\"advisor managers\">\n<script type=\"application\/ld+json\" class=\"yoast-schema-graph\">{\"@context\":\"https:\/\/schema.org\",\"@graph\":[{\"@type\":\"WebSite\",\"@id\":\"https:\/\/app-fortunica.com\/#website\",\"url\":\"https:\/\/app-fortunica.com\/\",\"name\":\"fortunica\",\"description\":\"The #1 App for you to Connect with Spiritual Advisors\",\"potentialAction\":[{\"@type\":\"SearchAction\",\"target\":\"https:\/\/app-fortunica.com\/?s={search_term_string}\",\"query-input\":\"required name=search_term_string\"}],\"inLanguage\":\"br-BR\"},{\"@type\":\"WebPage\",\"@id\":\"https:\/\/app-fortunica.com\/br\/sessao-de-ritual#webpage\",\"url\":\"https:\/\/app-fortunica.com\/br\/sessao-de-ritual\",\"name\":\"Sess\\u00e3o de Ritual - fortunica\",\"isPartOf\":{\"@id\":\"https:\/\/app-fortunica.com\/#website\"},\"datePublished\":\"2023-03-21T13:38:25+00:00\",\"dateModified\":\"2023-08-14T15:16:16+00:00\",\"description\":\"Voc\\u00ea est\\u00e1 procurando amor, sucesso ou algo mais? Realize agora uma Sess\\u00e3o de Ritual com um consultor especialista! Ele te ajudar\\u00e1 a canalizar suas inten\\u00e7\\u00f5es e energias!\",\"inLanguage\":\"br-BR\",\"potentialAction\":[{\"@type\":\"ReadAction\",\"target\":[\"https:\/\/app-fortunica.com\/br\/sessao-de-ritual\"]}]}]}<\/script>\n<!-- \/ Yoast SEO Premium plugin. -->","_links":{"self":[{"href":"https:\/\/app-fortunica.com\/br\/wp-json\/wp\/v2\/pages\/15354"}],"collection":[{"href":"https:\/\/app-fortunica.com\/br\/wp-json\/wp\/v2\/pages"}],"about":[{"href":"https:\/\/app-fortunica.com\/br\/wp-json\/wp\/v2\/types\/page"}],"author":[{"embeddable":true,"href":"https:\/\/app-fortunica.com\/br\/wp-json\/wp\/v2\/users\/34"}],"replies":[{"embeddable":true,"href":"https:\/\/app-fortunica.com\/br\/wp-json\/wp\/v2\/comments?post=15354"}],"version-history":[{"count":1,"href":"https:\/\/app-fortunica.com\/br\/wp-json\/wp\/v2\/pages\/15354\/revisions"}],"predecessor-version":[{"id":15355,"href":"https:\/\/app-fortunica.com\/br\/wp-json\/wp\/v2\/pages\/15354\/revisions\/15355"}],"wp:attachment":[{"href":"https:\/\/app-fortunica.com\/br\/wp-json\/wp\/v2\/media?parent=15354"}],"curies":[{"name":"wp","href":"https:\/\/api.w.org\/{rel}","templated":true}]}}