{"id":16409,"date":"2023-09-05T14:23:09","date_gmt":"2023-09-05T12:23:09","guid":{"rendered":"https:\/\/app-fortunica.com?page_id=16409"},"modified":"2024-08-01T16:48:19","modified_gmt":"2024-08-01T14:48:19","slug":"horoscopo","status":"publish","type":"page","link":"https:\/\/app-fortunica.com\/br\/horoscopo","title":{"rendered":"Hor\u00f3scopo"},"content":{"rendered":"<div id=\"cs-content\" class=\"cs-content\" >\n<div class=\"e16409-1 x-section\" >\n      \n<div class=\"e16409-2 x-row x-container max width\" >\n  <div class=\"x-row-inner\">\n    \n<div class=\"e16409-3 x-col\" >\n    \n<a class=\"e16409-4 x-image\" href=\"https:\/\/app-fortunica.com\/br\/horoscopo-semanal\" target=\"_blank\" >\n  <img alt=\"Hor\u00f3scopo Semanal\" src=\"https:\/\/app-fortunica-content.s3.eu-central-1.amazonaws.com\/prod\/app\/uploads\/2023\/10\/ES-2-2.png\" width=\"600\" height=\"227\" >\n<\/a>\n<\/div>\n\n<div class=\"e16409-5 x-col\" >\n    \n<a class=\"e16409-6 x-image\" href=\"https:\/\/app-fortunica.com\/br\/horoscopo-mensual\" target=\"_blank\" >\n  <img alt=\"Hor\u00f3scopo Mensal\" src=\"https:\/\/app-fortunica-content.s3.eu-central-1.amazonaws.com\/prod\/app\/uploads\/2023\/10\/PT-10.png\" width=\"600\" height=\"227\" >\n<\/a>\n<\/div>\n\n<div class=\"e16409-7 x-col\" >\n    \n<a class=\"e16409-8 x-image\" href=\"https:\/\/app-fortunica.com\/br\/taroscopio\" target=\"_blank\" >\n  <img alt=\"Tar\u00f4sc\u00f3pio\" src=\"https:\/\/app-fortunica-content.s3.eu-central-1.amazonaws.com\/prod\/app\/uploads\/2024\/08\/PT-11-1.png\" width=\"600\" height=\"227\" >\n<\/a>\n<\/div>\n  <\/div>\n  <\/div>\n\n<div class=\"e16409-9 x-row x-container max width\" >\n  <div class=\"x-row-inner\">\n    \n<div class=\"e16409-10 x-col\" >\n    \n<hr class=\"e16409-11 x-line\" >\n\n<div class=\"e16409-12 x-text\" >\n  <p data-renderer-start-pos=\"105\" style=\"text-align: left;\">Aprenda mais sobre sua personalidade atrav\u00e9s do seu signo do Zod\u00edaco. Obtenha uma vis\u00e3o geral de previs\u00f5es e perspectivas futuras em seu hor\u00f3scopo di\u00e1rio, semanal e mensal.<\/p>\n<p data-renderer-start-pos=\"279\" style=\"text-align: left;\">Descubra o que as estrelas reservam para ti e como elas podem afetar o seu futuro. Saiba mais sobre Astrologia e como ela pode impactar positivamente sua vida.<\/p>\n<p data-renderer-start-pos=\"440\" style=\"text-align: left;\"><strong data-renderer-mark=\"true\">Est\u00e1 pronto para melhorar sua qualidade de vida e usar seus pontos fortes para alcan\u00e7ar a harmonia interior e liberar todo o seu potencial? Descubra como \u00e9 poss\u00edvel promover seu desenvolvimento pessoal e encontrar o equil\u00edbrio interior para uma vida plena.<\/strong><\/p>\n<p data-renderer-start-pos=\"698\" style=\"text-align: left;\">Temos um Servi\u00e7o Premium ideal para ti:<strong data-renderer-mark=\"true\"> Leitura Astrol\u00f3gica<\/strong>. Experimente!<\/p><\/div>\n<\/div>\n  <\/div>\n  <\/div>\n  <\/div>\n\n<div class=\"e16409-13 x-section\" >\n      \n<div class=\"e16409-14 x-row x-container max width\" >\n  <div class=\"x-row-inner\">\n    \n<div class=\"e16409-15 x-col\" >\n    \n<span class=\"e16409-16 x-image\" >\n  <img alt=\"App-Layout: Card Reading, Astrology Chart, Ritual Session\" src=\"https:\/\/app-fortunica-content.s3.eu-central-1.amazonaws.com\/prod\/app\/uploads\/2017\/12\/phone_fortunica_app-05.png\" width=\"494\" height=\"699\" >\n<\/span>\n<\/div>\n\n<div class=\"e16409-17 x-col\" >\n    <div class=\"x-text\"  ><p><strong>IDEAL PARA:<\/strong><\/p>\n<ul>\n<li>Explorar os efeitos das estrelas em sua vida<\/li>\n<li>Determinar previs\u00f5es futuras<\/li>\n<li>Aprofundar a compreens\u00e3o das energias c\u00f3smicas<\/li>\n<li>Analisar seus relacionamentos detalhadamente<\/li>\n<li>Obter ajuda para resolver problemas<\/li>\n<li>Descobrir o seu prop\u00f3sito na vida e cumprir o seu destino<\/li>\n<li>Obter uma melhor compreens\u00e3o de si mesmo<\/li>\n<li>Usar seus talentos de maneira otimizada e desenvolver todo o seu potencial<\/li>\n<\/ul>\n<p><strong data-renderer-mark=\"true\">\u00c9 ASSIM QUE SE FAZ:<\/strong><\/p>\n<p data-renderer-start-pos=\"1238\" style=\"text-align: left;\">Para receber um hor\u00f3scopo abrangente e confi\u00e1vel, o consultor selecionado precisa do seu nome completo, data de nascimento e hora exata de nascimento. Com a ajuda destas informa\u00e7\u00f5es, as posi\u00e7\u00f5es do sol, da lua e dos planetas s\u00e3o analisadas para reconhecer influ\u00eancias desde o seu nascimento e obter insights sobre o seu futuro. Um hor\u00f3scopo n\u00e3o s\u00f3 oferece autoconhecimento, mas tamb\u00e9m aumenta sua autoconfian\u00e7a. Tamb\u00e9m \u00e9 poss\u00edvel fazer perguntas para esclarecer qualquer d\u00favida com seu consultor.<\/p>\n<p data-renderer-start-pos=\"1736\" style=\"text-align: left;\">Deixe as estrelas te guiarem e explore o que o destino te reserva!<\/p>\n<\/div><\/div>\n  <\/div>\n  <\/div>\n  <\/div>\n<\/div>\n","protected":false},"excerpt":{"rendered":"<p>Aprenda mais sobre sua personalidade atrav\u00e9s do seu signo do Zod\u00edaco. Obtenha uma vis\u00e3o geral de previs\u00f5es e perspectivas futuras em seu hor\u00f3scopo di\u00e1rio, semanal e mensal. Descubra o que &#8230; <\/p>\n<div><a href=\"https:\/\/app-fortunica.com\/br\/horoscopo\" class=\"more-link\">Read More<\/a><\/div>\n","protected":false},"author":34,"featured_media":15035,"parent":0,"menu_order":0,"comment_status":"closed","ping_status":"closed","template":"","meta":[],"yoast_head":"<!-- This site is optimized with the Yoast SEO Premium plugin v15.2 - https:\/\/yoast.com\/wordpress\/plugins\/seo\/ -->\n<title>Hor\u00f3scopo - fortunica<\/title>\n<meta name=\"robots\" content=\"index, follow, max-snippet:-1, max-image-preview:large, max-video-preview:-1\" \/>\n<link rel=\"canonical\" href=\"https:\/\/app-fortunica.com\/br\/horoscopo\" \/>\n<meta property=\"og:locale\" content=\"en_US\" \/>\n<meta property=\"og:type\" content=\"article\" \/>\n<meta property=\"og:title\" content=\"Hor\u00f3scopo - fortunica\" \/>\n<meta property=\"og:description\" content=\"Aprenda mais sobre sua personalidade atrav\u00e9s do seu signo do Zod\u00edaco. Obtenha uma vis\u00e3o geral de previs\u00f5es e perspectivas futuras em seu hor\u00f3scopo di\u00e1rio, semanal e mensal. Descubra o que ... Read More\" \/>\n<meta property=\"og:url\" content=\"https:\/\/app-fortunica.com\/br\/horoscopo\" \/>\n<meta property=\"og:site_name\" content=\"fortunica\" \/>\n<meta property=\"article:publisher\" content=\"https:\/\/www.facebook.com\/app.fortunica\/\" \/>\n<meta property=\"article:modified_time\" content=\"2024-08-01T14:48:19+00:00\" \/>\n<meta property=\"og:image\" content=\"https:\/\/app-fortunica-content.s3.eu-central-1.amazonaws.com\/prod\/app\/uploads\/2023\/02\/Untitled-design-1.jpg\" \/>\n\t<meta property=\"og:image:width\" content=\"1170\" \/>\n\t<meta property=\"og:image:height\" content=\"200\" \/>\n<meta name=\"twitter:card\" content=\"summary\" \/>\n<meta name=\"twitter:label1\" value=\"Written by\">\n\t<meta name=\"twitter:data1\" value=\"advisor managers\">\n\t<meta name=\"twitter:label2\" value=\"Est. reading time\">\n\t<meta name=\"twitter:data2\" value=\"2 minutes\">\n<script type=\"application\/ld+json\" class=\"yoast-schema-graph\">{\"@context\":\"https:\/\/schema.org\",\"@graph\":[{\"@type\":\"WebSite\",\"@id\":\"https:\/\/app-fortunica.com\/#website\",\"url\":\"https:\/\/app-fortunica.com\/\",\"name\":\"fortunica\",\"description\":\"The #1 App for you to Connect with Spiritual Advisors\",\"potentialAction\":[{\"@type\":\"SearchAction\",\"target\":\"https:\/\/app-fortunica.com\/?s={search_term_string}\",\"query-input\":\"required name=search_term_string\"}],\"inLanguage\":\"br-BR\"},{\"@type\":\"ImageObject\",\"@id\":\"https:\/\/app-fortunica.com\/br\/horoscopo#primaryimage\",\"inLanguage\":\"br-BR\",\"url\":\"https:\/\/app-fortunica-content.s3.eu-central-1.amazonaws.com\/prod\/app\/uploads\/2023\/02\/Untitled-design-1.jpg\",\"width\":1170,\"height\":200},{\"@type\":\"WebPage\",\"@id\":\"https:\/\/app-fortunica.com\/br\/horoscopo#webpage\",\"url\":\"https:\/\/app-fortunica.com\/br\/horoscopo\",\"name\":\"Hor\\u00f3scopo - fortunica\",\"isPartOf\":{\"@id\":\"https:\/\/app-fortunica.com\/#website\"},\"primaryImageOfPage\":{\"@id\":\"https:\/\/app-fortunica.com\/br\/horoscopo#primaryimage\"},\"datePublished\":\"2023-09-05T12:23:09+00:00\",\"dateModified\":\"2024-08-01T14:48:19+00:00\",\"inLanguage\":\"br-BR\",\"potentialAction\":[{\"@type\":\"ReadAction\",\"target\":[\"https:\/\/app-fortunica.com\/br\/horoscopo\"]}]}]}<\/script>\n<!-- \/ Yoast SEO Premium plugin. -->","_links":{"self":[{"href":"https:\/\/app-fortunica.com\/br\/wp-json\/wp\/v2\/pages\/16409"}],"collection":[{"href":"https:\/\/app-fortunica.com\/br\/wp-json\/wp\/v2\/pages"}],"about":[{"href":"https:\/\/app-fortunica.com\/br\/wp-json\/wp\/v2\/types\/page"}],"author":[{"embeddable":true,"href":"https:\/\/app-fortunica.com\/br\/wp-json\/wp\/v2\/users\/34"}],"replies":[{"embeddable":true,"href":"https:\/\/app-fortunica.com\/br\/wp-json\/wp\/v2\/comments?post=16409"}],"version-history":[{"count":10,"href":"https:\/\/app-fortunica.com\/br\/wp-json\/wp\/v2\/pages\/16409\/revisions"}],"predecessor-version":[{"id":18251,"href":"https:\/\/app-fortunica.com\/br\/wp-json\/wp\/v2\/pages\/16409\/revisions\/18251"}],"wp:featuredmedia":[{"embeddable":true,"href":"https:\/\/app-fortunica.com\/br\/wp-json\/wp\/v2\/media\/15035"}],"wp:attachment":[{"href":"https:\/\/app-fortunica.com\/br\/wp-json\/wp\/v2\/media?parent=16409"}],"curies":[{"name":"wp","href":"https:\/\/api.w.org\/{rel}","templated":true}]}}