{"id":18548,"date":"2024-11-07T11:59:33","date_gmt":"2024-11-07T10:59:33","guid":{"rendered":"https:\/\/app-fortunica.com?page_id=18548"},"modified":"2025-05-06T14:37:04","modified_gmt":"2025-05-06T12:37:04","slug":"carta-do-dia","status":"publish","type":"page","link":"https:\/\/app-fortunica.com\/br\/carta-do-dia","title":{"rendered":"Carta do Dia"},"content":{"rendered":"<p><span style=\"vertical-align: inherit;\"><span style=\"vertical-align: inherit;\"><div id=\"cs-content\" class=\"cs-content\" ><\/div><\/span><\/span><\/p>\n<p><span style=\"color: #993366;\"><strong><span style=\"vertical-align: inherit;\"><span style=\"vertical-align: inherit;\">\ud83c\udfb4 Carta do dia &#8211; Seu Tarot Para Hoje<\/span><\/span><\/strong><\/span><\/p>\n<h2 data-renderer-start-pos=\"6489\"><strong data-renderer-mark=\"true\">Rainha de Ouros\u00a0<\/strong><\/h2>\n<p data-renderer-start-pos=\"6543\"><strong data-renderer-mark=\"true\">Significado:<\/strong> Esta carta representa conex\u00e3o com a terra, cuidado, prosperidade e autoconfian\u00e7a. Hoje \u00e9 um dia ideal para cuidar das suas necessidades materiais e f\u00edsicas \u2013 e tamb\u00e9m oferecer aten\u00e7\u00e3o carinhosa aos outros.<\/p>\n<p data-renderer-start-pos=\"6763\"><strong data-renderer-mark=\"true\">O que ela te diz:<\/strong> Hoje, voc\u00ea pode ser generosa(o) com sua energia \u2013 n\u00e3o por obriga\u00e7\u00e3o, mas como um gesto consciente de dar e receber. Crie uma sensa\u00e7\u00e3o de lar, n\u00e3o importa onde esteja.<\/p>\n<p data-renderer-start-pos=\"6949\"><strong data-renderer-mark=\"true\">Inspira\u00e7\u00e3o do dia:<\/strong> <em data-renderer-mark=\"true\">\u201cEstou segura(o), cuidada(o) e conectada(o) \u2013 comigo mesma(o) e com o mundo ao meu redor.\u201d<\/em><\/p>\n","protected":false},"excerpt":{"rendered":"<p>\ud83c\udfb4 Carta do dia &#8211; Seu Tarot Para Hoje Rainha de Ouros\u00a0 Significado: Esta carta representa conex\u00e3o com a terra, cuidado, prosperidade e autoconfian\u00e7a. Hoje \u00e9 um dia ideal para &#8230; <\/p>\n<div><a href=\"https:\/\/app-fortunica.com\/br\/carta-do-dia\" class=\"more-link\">Read More<\/a><\/div>\n","protected":false},"author":75,"featured_media":0,"parent":0,"menu_order":0,"comment_status":"closed","ping_status":"closed","template":"","meta":[],"yoast_head":"<!-- This site is optimized with the Yoast SEO Premium plugin v15.2 - https:\/\/yoast.com\/wordpress\/plugins\/seo\/ -->\n<title>Carta do Dia - fortunica<\/title>\n<meta name=\"robots\" content=\"index, follow, max-snippet:-1, max-image-preview:large, max-video-preview:-1\" \/>\n<link rel=\"canonical\" href=\"https:\/\/app-fortunica.com\/br\/carta-do-dia\" \/>\n<meta property=\"og:locale\" content=\"en_US\" \/>\n<meta property=\"og:type\" content=\"article\" \/>\n<meta property=\"og:title\" content=\"Carta do Dia - fortunica\" \/>\n<meta property=\"og:description\" content=\"\ud83c\udfb4 Carta do dia &#8211; Seu Tarot Para Hoje Rainha de Ouros\u00a0 Significado: Esta carta representa conex\u00e3o com a terra, cuidado, prosperidade e autoconfian\u00e7a. Hoje \u00e9 um dia ideal para ... Read More\" \/>\n<meta property=\"og:url\" content=\"https:\/\/app-fortunica.com\/br\/carta-do-dia\" \/>\n<meta property=\"og:site_name\" content=\"fortunica\" \/>\n<meta property=\"article:publisher\" content=\"https:\/\/www.facebook.com\/app.fortunica\/\" \/>\n<meta property=\"article:modified_time\" content=\"2025-05-06T12:37:04+00:00\" \/>\n<meta name=\"twitter:card\" content=\"summary\" \/>\n<meta name=\"twitter:label1\" value=\"Written by\">\n\t<meta name=\"twitter:data1\" value=\"Fortunica Website\">\n\t<meta name=\"twitter:label2\" value=\"Est. reading time\">\n\t<meta name=\"twitter:data2\" value=\"1 minute\">\n<script type=\"application\/ld+json\" class=\"yoast-schema-graph\">{\"@context\":\"https:\/\/schema.org\",\"@graph\":[{\"@type\":\"WebSite\",\"@id\":\"https:\/\/app-fortunica.com\/#website\",\"url\":\"https:\/\/app-fortunica.com\/\",\"name\":\"fortunica\",\"description\":\"The #1 App for you to Connect with Spiritual Advisors\",\"potentialAction\":[{\"@type\":\"SearchAction\",\"target\":\"https:\/\/app-fortunica.com\/?s={search_term_string}\",\"query-input\":\"required name=search_term_string\"}],\"inLanguage\":\"br-BR\"},{\"@type\":\"WebPage\",\"@id\":\"https:\/\/app-fortunica.com\/br\/carta-do-dia#webpage\",\"url\":\"https:\/\/app-fortunica.com\/br\/carta-do-dia\",\"name\":\"Carta do Dia - fortunica\",\"isPartOf\":{\"@id\":\"https:\/\/app-fortunica.com\/#website\"},\"datePublished\":\"2024-11-07T10:59:33+00:00\",\"dateModified\":\"2025-05-06T12:37:04+00:00\",\"inLanguage\":\"br-BR\",\"potentialAction\":[{\"@type\":\"ReadAction\",\"target\":[\"https:\/\/app-fortunica.com\/br\/carta-do-dia\"]}]}]}<\/script>\n<!-- \/ Yoast SEO Premium plugin. -->","_links":{"self":[{"href":"https:\/\/app-fortunica.com\/br\/wp-json\/wp\/v2\/pages\/18548"}],"collection":[{"href":"https:\/\/app-fortunica.com\/br\/wp-json\/wp\/v2\/pages"}],"about":[{"href":"https:\/\/app-fortunica.com\/br\/wp-json\/wp\/v2\/types\/page"}],"author":[{"embeddable":true,"href":"https:\/\/app-fortunica.com\/br\/wp-json\/wp\/v2\/users\/75"}],"replies":[{"embeddable":true,"href":"https:\/\/app-fortunica.com\/br\/wp-json\/wp\/v2\/comments?post=18548"}],"version-history":[{"count":10,"href":"https:\/\/app-fortunica.com\/br\/wp-json\/wp\/v2\/pages\/18548\/revisions"}],"predecessor-version":[{"id":19052,"href":"https:\/\/app-fortunica.com\/br\/wp-json\/wp\/v2\/pages\/18548\/revisions\/19052"}],"wp:attachment":[{"href":"https:\/\/app-fortunica.com\/br\/wp-json\/wp\/v2\/media?parent=18548"}],"curies":[{"name":"wp","href":"https:\/\/api.w.org\/{rel}","templated":true}]}}