{"id":2309,"date":"2017-01-13T11:23:58","date_gmt":"2017-01-13T10:23:58","guid":{"rendered":"https:\/\/app-fortunica.com\/work-with-us\/"},"modified":"2018-09-04T11:33:56","modified_gmt":"2018-09-04T09:33:56","slug":"trabalhe-conosco","status":"publish","type":"page","link":"https:\/\/app-fortunica.com\/br\/trabalhe-conosco","title":{"rendered":"Trabalhe Conosco"},"content":{"rendered":"<div id=\"cs-content\" class=\"cs-content\" ><div id=\"x-section-1\" class=\"x-section\" style=\"margin: 0px;padding: 45px 0px; background-color: transparent;\"  ><div class=\"x-container max width\" style=\"margin: 0px auto;padding: 0px;\"  ><div  class=\"x-column x-sm x-1-3\" style=\"padding: 0px;\" ><div  class=\"x-feature-box center-text top-text cf\" style=\" max-width: none;\" data-x-element=\"feature_box\" data-x-params=\"{&quot;child&quot;:false,&quot;graphicAnimation&quot;:&quot;none&quot;,&quot;graphicAnimationOffset&quot;:&quot;50&quot;,&quot;graphicAnimationDelay&quot;:&quot;0&quot;}\" ><div class=\"x-feature-box-graphic circle \"><div class=\"x-feature-box-graphic-outer circle\" style=\"\"><div class=\"x-feature-box-graphic-inner circle\" style=\"font-size: 100px;\"><i class=\"x-icon-wpforms circle\" data-x-icon-b=\"&#xf298;\"  style=\"margin: 0 auto; border-width: 5px 5px 5px 5px; border-style: solid; border-color: hsl(312, 98%, 18%); color: hsl(312, 98%, 18%); background-color: transparent;\"><\/i><\/div><\/div><\/div><div class=\"x-feature-box-content \"><h4 class=\"x-feature-box-title\" style=\"color: hsl(312, 98%, 18%);\">1. COMPLETE A SUA INSCRI\u00c7\u00c3O <\/h4><p class=\"x-feature-box-text\"><\/p><\/div><\/div><\/div><div  class=\"x-column x-sm x-1-3\" style=\"padding: 0px;\" ><div  class=\"x-feature-box center-text top-text cf\" style=\" max-width: none;\" data-x-element=\"feature_box\" data-x-params=\"{&quot;child&quot;:false,&quot;graphicAnimation&quot;:&quot;none&quot;,&quot;graphicAnimationOffset&quot;:&quot;50&quot;,&quot;graphicAnimationDelay&quot;:&quot;0&quot;}\" ><div class=\"x-feature-box-graphic circle \"><div class=\"x-feature-box-graphic-outer circle\" style=\"\"><div class=\"x-feature-box-graphic-inner circle\" style=\"font-size: 100px;\"><i class=\"x-icon-address-card circle\" data-x-icon-s=\"&#xf2bb;\"  style=\"margin: 0 auto; border-width: 5px 5px 5px 5px; border-style: solid; border-color: hsl(312, 98%, 18%); color: hsl(312, 98%, 18%); background-color: transparent;\"><\/i><\/div><\/div><\/div><div class=\"x-feature-box-content \"><h4 class=\"x-feature-box-title\" style=\"color: hsl(312, 98%, 18%);\">2. TENHA SEU PERFIL AVALIADO <\/h4><p class=\"x-feature-box-text\"><\/p><\/div><\/div><\/div><div  class=\"x-column x-sm x-1-3\" style=\"padding: 0px;\" ><div  class=\"x-feature-box center-text top-text cf\" style=\" max-width: none;\" data-x-element=\"feature_box\" data-x-params=\"{&quot;child&quot;:false,&quot;graphicAnimation&quot;:&quot;none&quot;,&quot;graphicAnimationOffset&quot;:&quot;50&quot;,&quot;graphicAnimationDelay&quot;:&quot;0&quot;}\" ><div class=\"x-feature-box-graphic circle \"><div class=\"x-feature-box-graphic-outer circle\" style=\"\"><div class=\"x-feature-box-graphic-inner circle\" style=\"font-size: 100px;\"><i class=\"x-icon-street-view circle\" data-x-icon-s=\"&#xf21d;\"  style=\"margin: 0 auto; border-width: 5px 5px 5px 5px; border-style: solid; border-color: hsl(312, 98%, 18%); color: hsl(312, 98%, 18%); background-color: transparent;\"><\/i><\/div><\/div><\/div><div class=\"x-feature-box-content \"><h4 class=\"x-feature-box-title\" style=\"color: hsl(312, 98%, 18%);\">3. COMECE A AJUDAR OS OUTROS<\/h4><p class=\"x-feature-box-text\"><\/p><\/div><\/div><\/div><\/div><div class=\"x-container max width\" style=\"margin: 0px auto;padding: 0px;\"  ><div  class=\"x-column x-sm x-1-1\" style=\"padding: 0px;\" ><div class=\"x-text cs-ta-right\"  ><p>*Sem taxa de inscri\u00e7\u00e3o. \u00c9 gr\u00e1tis!<\/p>\n<\/div><\/div><\/div><div class=\"x-container max width\" style=\"margin: 0px auto;padding: 0px;\"  ><div  class=\"x-column x-sm cs-ta-center x-1-1\" style=\"padding: 0px;\" ><a  class=\"x-btn x-btn-rounded x-btn-jumbo\"  href=\"\/br\/cadastro\/ \"     data-options=\"thumbnail: ''\">Candidate-se agora!<\/a><\/div><\/div><\/div><div id=\"x-section-2\" class=\"x-section\" style=\"margin: px 0px 0px;padding: 0px 10px 20px; background-color: transparent;\"  ><div class=\"x-container max width\" style=\"margin: px auto 0px;padding: 20px 0px;\"  ><div  class=\"x-column x-sm x-2-3\" style=\"padding: 0px;\" ><div class=\"x-text cs-ta-center\"  ><h3> O que o fortunica te oferece <\/h3>\n<\/div><hr  class=\"x-gap\" style=\"margin: 10px 0 0 0;\"><\/div><div  class=\"x-column x-sm x-1-3\" style=\"padding: 0px;\" >&nbsp;<\/div><\/div><div class=\"x-container max width\" style=\"margin: 0px auto;padding: 0px;\"  ><div  class=\"x-column x-sm x-2-3\" style=\"padding: 0px;\" ><div class=\"x-text cs-ta-center\"  ><h5>Alcance<\/h5>\n<\/div><div  class=\"x-raw-content\" ><p class=\"man\">\n<ul>\n<li><b>Marketing:<\/b> Faremos tudo por voc\u00ea! Promoveremos o seu perfil e investiremos em publicidade para que voc\u00ea tenha mais pessoas para ajudar.<\/li>\n\n<li><b>Exposi\u00e7\u00e3o:<\/b> \u00c0s vezes, vamos colocar voc\u00ea no centro das aten\u00e7\u00f5es, dizendo aos outros sobre seus servi\u00e7os especiais, e contaremos a sua hist\u00f3ria em nossas newsletters.<\/li>\n<\/ul>\n<\/p><\/div><\/div><div  class=\"x-column x-sm x-1-3\" style=\"padding: 60px 0px 0px;\" ><img  class=\"x-img img-gallery x-img-rounded\"  src=\"https:\/\/app-fortunica-content.s3.eu-central-1.amazonaws.com\/prod\/app\/uploads\/2017\/03\/marketing_advisor_lowres.jpg\" alt=\"History\"><\/div><\/div><div class=\"x-container max width\" style=\"margin: 0px auto;padding: 0px;\"  ><div  class=\"x-column x-sm x-2-3\" style=\"padding: 0px;\" ><div class=\"x-text cs-ta-center\"  ><h5>Comunidade e suporte:<\/h5>\n<\/div><div  class=\"x-raw-content\" ><p class=\"man\">\n<ul>\n<li><b>Advisor manager support:<\/b> Com o fortunica voc\u00ea far\u00e1 parte de uma fam\u00edlia, isso significa que voc\u00ea ter\u00e1 acesso a um gerente de guias e far\u00e1 parte de um grupo com os outros guias!<\/li>\n\n<li><b>Acesso ao intranet:<\/b> Quer saber mais sobre tar\u00f4? Voc\u00ea encontrar\u00e1 muitos materiais de treinamento na nossa intranet, permitindo que voc\u00ea ajude ainda mais os usu\u00e1rios! <\/li>\n\n<\/ul>\n\n<\/p><\/div><\/div><div  class=\"x-column x-sm x-1-3\" style=\"padding: 40px 0px 0px;\" ><img  class=\"x-img img-gallery x-img-none\"  src=\"https:\/\/app-fortunica-content.s3.eu-central-1.amazonaws.com\/prod\/app\/uploads\/2017\/03\/community.jpg\" alt=\"History\"><\/div><\/div><div class=\"x-container max width\" style=\"margin: 0px auto;padding: 0px;\"  ><div  class=\"x-column x-sm x-2-3\" style=\"padding: 0px;\" ><div class=\"x-text cs-ta-center\"  ><h5>Flexibilidade:<\/h5>\n<\/div><div  class=\"x-raw-content\" ><p class=\"man\">\n<ul>\n<li><b>Use qualquer dispositivo:<\/b> Laptop, celular, e computador? Contanto que voc\u00ea tenha uma conex\u00e3o de internet voc\u00ea ser\u00e1 capaz de logar, e come\u00e7ar a ajudar os outros a partir de qualquer dispositivo.<\/li>\n\n<li><b>Escolha o seu hor\u00e1rio de trabalho:<\/b> Voc\u00ea \u00e9 uma pessoa noturna ou diurna? Isso n\u00e3o importa, fortunica  te da a flexibilidade de trabalhar quando voc\u00ea quiser!<\/li>\n\n\n<\/ul>\n<\/p><\/div><\/div><div  class=\"x-column x-sm x-1-3\" style=\"padding: 40px 0px 0px;\" ><img  class=\"x-img img-gallery x-img-rounded\"  src=\"https:\/\/app-fortunica-content.s3.eu-central-1.amazonaws.com\/prod\/app\/uploads\/2017\/03\/sunset_advisor-lowres.jpg\" alt=\"History\"><\/div><\/div><\/div><div id=\"x-section-3\" class=\"x-section\" style=\"margin: 0px;padding: 45px 0px; background-color: hsl(0, 0%, 98%);\"  ><div class=\"x-container max width\" style=\"margin: 0px auto;padding: 0px;\"  ><div  class=\"x-column x-sm x-1-4\" style=\"padding: 0px;\" ><div  class=\"x-counter\" data-x-element=\"counter\" data-x-params=\"{&quot;numEnd&quot;:5000,&quot;numSpeed&quot;:1500}\"  ><div class=\"number-wrap w-h\" style=\"color: hsl(311, 100%, 1%);\"><span class=\"prefix\">+<\/span><span class=\"number\">0<\/span><\/div><span class=\"text-below\" >CLIENTES SATISFEITOS TODAS AS SEMANAS<\/span><\/div><hr  class=\"x-gap cs-hide-xl cs-hide-lg cs-hide-md\" style=\"margin: 45px 0 0 0;\"><\/div><div  class=\"x-column x-sm x-1-4\" style=\"padding: 0px;\" ><div  class=\"x-counter\" data-x-element=\"counter\" data-x-params=\"{&quot;numEnd&quot;:1,&quot;numSpeed&quot;:1500}\"  ><div class=\"number-wrap w-h\" style=\"color: hsl(0, 0%, 0%);\"><span class=\"prefix\">+<\/span><span class=\"number\">0<\/span><span class=\"suffix\">.5<\/span><\/div><span class=\"text-below\" >MILH\u00d5ES DE CONSULTAS FEITAS<\/span><\/div><hr  class=\"x-gap cs-hide-xl cs-hide-lg cs-hide-md\" style=\"margin: 45px 0 0 0;\"><\/div><div  class=\"x-column x-sm x-1-4\" style=\"padding: 0px;\" ><div  class=\"x-counter\" data-x-element=\"counter\" data-x-params=\"{&quot;numEnd&quot;:190,&quot;numSpeed&quot;:1500}\"  ><div class=\"number-wrap w-h\" style=\"color: hsl(0, 0%, 0%);\"><span class=\"prefix\">+<\/span><span class=\"number\">0<\/span><\/div><span class=\"text-below\" >PA\u00cdSES<\/span><\/div><\/div><div  class=\"x-column x-sm x-1-4\" style=\"padding: 0px;\" ><div  class=\"x-counter\" data-x-element=\"counter\" data-x-params=\"{&quot;numEnd&quot;:4,&quot;numSpeed&quot;:1500}\"  ><div class=\"number-wrap w-h\" style=\"color: hsl(311, 100%, 1%);\"><span class=\"number\">0<\/span><\/div><span class=\"text-below\" >idiomas: EN, ES, DE, PT<\/span><\/div><\/div><\/div><\/div><div id=\"x-section-4\" class=\"x-section cs-ta-center\" style=\"margin: 0px;padding: 45px 0px; background-color: transparent;\"  ><div class=\"x-container max width\" style=\"margin: 0px auto;padding: 0px;\"  ><div  class=\"x-column x-sm x-1-1\" style=\"padding: 0px;\" ><div class=\"x-text\"  ><h3>Milhares de usu\u00e1rios est\u00e3o esperando pelo seu conselho!<\/h3>\n<\/div><hr  class=\"x-gap\" style=\"margin: 50px 0 0 0;\"><a  class=\"x-btn x-btn-rounded x-btn-jumbo\"  href=\"\/br\/cadastro\/ \"     data-options=\"thumbnail: ''\">Candidate-se agora!<\/a><\/div><\/div><\/div><\/div>\n","protected":false},"excerpt":{"rendered":"","protected":false},"author":34,"featured_media":0,"parent":0,"menu_order":0,"comment_status":"closed","ping_status":"closed","template":"template-blank-4.php","meta":[],"yoast_head":"<!-- This site is optimized with the Yoast SEO Premium plugin v15.2 - https:\/\/yoast.com\/wordpress\/plugins\/seo\/ -->\n<title>Trabalhe Conosco - fortunica<\/title>\n<meta name=\"robots\" content=\"index, follow, max-snippet:-1, max-image-preview:large, max-video-preview:-1\" \/>\n<link rel=\"canonical\" href=\"https:\/\/app-fortunica.com\/br\/trabalhe-conosco\" \/>\n<meta property=\"og:locale\" content=\"en_US\" \/>\n<meta property=\"og:type\" content=\"article\" \/>\n<meta property=\"og:title\" content=\"Trabalhe Conosco - fortunica\" \/>\n<meta property=\"og:url\" content=\"https:\/\/app-fortunica.com\/br\/trabalhe-conosco\" \/>\n<meta property=\"og:site_name\" content=\"fortunica\" \/>\n<meta property=\"article:publisher\" content=\"https:\/\/www.facebook.com\/app.fortunica\/\" \/>\n<meta property=\"article:modified_time\" content=\"2018-09-04T09:33:56+00:00\" \/>\n<meta name=\"twitter:card\" content=\"summary\" \/>\n<meta name=\"twitter:label1\" value=\"Written by\">\n\t<meta name=\"twitter:data1\" value=\"advisor managers\">\n\t<meta name=\"twitter:label2\" value=\"Est. reading time\">\n\t<meta name=\"twitter:data2\" value=\"5 minutes\">\n<script type=\"application\/ld+json\" class=\"yoast-schema-graph\">{\"@context\":\"https:\/\/schema.org\",\"@graph\":[{\"@type\":\"WebSite\",\"@id\":\"https:\/\/app-fortunica.com\/#website\",\"url\":\"https:\/\/app-fortunica.com\/\",\"name\":\"fortunica\",\"description\":\"The #1 App for you to Connect with Spiritual Advisors\",\"potentialAction\":[{\"@type\":\"SearchAction\",\"target\":\"https:\/\/app-fortunica.com\/?s={search_term_string}\",\"query-input\":\"required name=search_term_string\"}],\"inLanguage\":\"br-BR\"},{\"@type\":\"WebPage\",\"@id\":\"https:\/\/app-fortunica.com\/br\/trabalhe-conosco#webpage\",\"url\":\"https:\/\/app-fortunica.com\/br\/trabalhe-conosco\",\"name\":\"Trabalhe Conosco - fortunica\",\"isPartOf\":{\"@id\":\"https:\/\/app-fortunica.com\/#website\"},\"datePublished\":\"2017-01-13T10:23:58+00:00\",\"dateModified\":\"2018-09-04T09:33:56+00:00\",\"inLanguage\":\"br-BR\",\"potentialAction\":[{\"@type\":\"ReadAction\",\"target\":[\"https:\/\/app-fortunica.com\/br\/trabalhe-conosco\"]}]}]}<\/script>\n<!-- \/ Yoast SEO Premium plugin. -->","_links":{"self":[{"href":"https:\/\/app-fortunica.com\/br\/wp-json\/wp\/v2\/pages\/2309"}],"collection":[{"href":"https:\/\/app-fortunica.com\/br\/wp-json\/wp\/v2\/pages"}],"about":[{"href":"https:\/\/app-fortunica.com\/br\/wp-json\/wp\/v2\/types\/page"}],"author":[{"embeddable":true,"href":"https:\/\/app-fortunica.com\/br\/wp-json\/wp\/v2\/users\/34"}],"replies":[{"embeddable":true,"href":"https:\/\/app-fortunica.com\/br\/wp-json\/wp\/v2\/comments?post=2309"}],"version-history":[{"count":20,"href":"https:\/\/app-fortunica.com\/br\/wp-json\/wp\/v2\/pages\/2309\/revisions"}],"predecessor-version":[{"id":7831,"href":"https:\/\/app-fortunica.com\/br\/wp-json\/wp\/v2\/pages\/2309\/revisions\/7831"}],"wp:attachment":[{"href":"https:\/\/app-fortunica.com\/br\/wp-json\/wp\/v2\/media?parent=2309"}],"curies":[{"name":"wp","href":"https:\/\/api.w.org\/{rel}","templated":true}]}}