{"id":2336,"date":"2017-02-10T17:11:36","date_gmt":"2017-02-10T16:11:36","guid":{"rendered":"https:\/\/app-fortunica.com\/support\/"},"modified":"2026-04-17T15:22:00","modified_gmt":"2026-04-17T13:22:00","slug":"suporte","status":"publish","type":"page","link":"https:\/\/app-fortunica.com\/br\/suporte","title":{"rendered":"Suporte"},"content":{"rendered":"<div id=\"cs-content\" class=\"cs-content\" ><div id=\"x-section-1\" class=\"x-section bg-image parallax\" style=\"margin: 0px;padding: 0px; background-image: url(https:\/\/app-fortunica-content.s3.eu-central-1.amazonaws.com\/prod\/app\/uploads\/2017\/03\/SKY_SILUETTE.jpeg); background-color: #24282b;\"  data-x-element=\"section\" data-x-params=\"{&quot;type&quot;:&quot;image&quot;,&quot;parallax&quot;:true}\" ><div class=\"x-container marginless-columns\" style=\"margin: 0px auto;padding: 0px;\"  ><div  class=\"x-column x-sm cs-ta-center x-1-2\" style=\"padding: 6.5%; background-color:hsla(0, 0%, 0%, 0.36);\" ><h3  class=\"h-custom-headline mvs h3\" style=\"color: #fff;\"><span>Inspire-se<\/span><\/h3><div  class=\"x-raw-content\" style=\"color: rgba(255, 255, 255, 255);\">N\u00e3o sabe o que perguntar? Nessa se\u00e7\u00e3o temos algumas ideias e perguntas frequentes no app.<\/div><hr  class=\"x-gap\" style=\"margin: 50px 0 0 0;\"><a  class=\"x-btn x-btn-global\"  href=\"\/br\/o-que-perguntar\/\"     data-options=\"thumbnail: ''\">Inspire-me!<\/a><\/div><div  class=\"x-column x-sm cs-ta-center x-1-2\" style=\"padding: 6.5%; background-color:hsla(0, 0%, 100%, 0.92);\" ><h3  class=\"h-custom-headline mvs h3\" style=\"color: hsl(312, 98%, 18%);color: #5d014a;\"><span>F.A.Q<\/span><\/h3><div  class=\"x-raw-content\" style=\"color: #5d014a;\">Se existe algo que voc\u00ea queira saber sobre o fortunica, essa se\u00e7\u00e3o \u00e9 a recomendada para voc\u00ea!<\/div><hr  class=\"x-gap\" style=\"margin: 50px 0 0 0;\"><a  class=\"x-btn x-btn-global\"  href=\"\/br\/faq-br\/\" title=\"https:\/\/support.app-fortunica.com\/hc\/pt\" target=\"_blank\" rel=\"\"   data-options=\"thumbnail: ''\">F.A.Q<\/a><\/div><\/div><\/div><div id=\"x-section-2\" class=\"x-section bg-image parallax\" style=\"margin: 0px;padding: 0px; background-image: url(https:\/\/app-fortunica-content.s3.eu-central-1.amazonaws.com\/prod\/app\/uploads\/2017\/03\/COUPLE.jpg); background-color: #24282b;\"  data-x-element=\"section\" data-x-params=\"{&quot;type&quot;:&quot;image&quot;,&quot;parallax&quot;:true}\" ><div class=\"x-container marginless-columns\" style=\"margin: 0px auto;padding: 0px;\"  ><div  class=\"x-column x-sm cs-ta-center x-1-2\" style=\"padding: 6.5%; background-color:hsla(0, 0%, 100%, 0.83);\" ><div  class=\"x-raw-content\" style=\"color: #5d014a;\">Aqui voc\u00ea pode encontrar videos, tutoriais e artigos para aprender a usar o app fortunica. Aproveite o m\u00e1ximo poss\u00edvel!<\/div><h3  class=\"h-custom-headline mvs h3\" style=\"color: #5d014a;\"><span>Comece j\u00e1<\/span><\/h3><hr  class=\"x-gap\" style=\"margin: 50px 0 0 0;\"><a  class=\"x-btn x-btn-global\"  href=\"\/br\/comeca-ja\/\"     data-options=\"thumbnail: ''\">Come\u00e7ar agora<\/a><\/div><div  class=\"x-column x-sm cs-ta-center x-1-2\" style=\"padding: 6.5%; background-color:hsla(0, 0%, 0%, 0.64);\" ><h3  class=\"h-custom-headline mvs h3\" style=\"color: #fff;\"><span>M\u00e9todos Espirituais<\/span><\/h3><div  class=\"x-raw-content\" style=\"color: #fff;\">Aqui voc\u00ea pode aprender mais sobre os diversos m\u00e9todos esot\u00e9ricos e dons dos Guias. <\/div><hr  class=\"x-gap\" style=\"margin: 50px 0 0 0;\"><a  class=\"x-btn x-btn-global\"  href=\"\/br\/methods\/\"     data-options=\"thumbnail: ''\">Aprenda mais<\/a><\/div><\/div><\/div><\/div>\n","protected":false},"excerpt":{"rendered":"<p>Inspire-seN\u00e3o sabe o que perguntar? Nessa se\u00e7\u00e3o temos algumas ideias e perguntas frequentes no app.Inspire-me!F.A.QSe existe algo que voc\u00ea queira saber sobre o fortunica, essa se\u00e7\u00e3o \u00e9 a recomendada para &#8230; <\/p>\n<div><a href=\"https:\/\/app-fortunica.com\/br\/suporte\" class=\"more-link\">Read More<\/a><\/div>\n","protected":false},"author":34,"featured_media":0,"parent":0,"menu_order":0,"comment_status":"closed","ping_status":"closed","template":"template-blank-4.php","meta":[],"yoast_head":"<!-- This site is optimized with the Yoast SEO Premium plugin v15.2 - https:\/\/yoast.com\/wordpress\/plugins\/seo\/ -->\n<title>Suporte - fortunica<\/title>\n<meta name=\"robots\" content=\"index, follow, max-snippet:-1, max-image-preview:large, max-video-preview:-1\" \/>\n<link rel=\"canonical\" href=\"https:\/\/app-fortunica.com\/support\" \/>\n<meta property=\"og:locale\" content=\"en_US\" \/>\n<meta property=\"og:type\" content=\"article\" \/>\n<meta property=\"og:title\" content=\"Suporte - fortunica\" \/>\n<meta property=\"og:description\" content=\"Inspire-seN\u00e3o sabe o que perguntar? Nessa se\u00e7\u00e3o temos algumas ideias e perguntas frequentes no app.Inspire-me!F.A.QSe existe algo que voc\u00ea queira saber sobre o fortunica, essa se\u00e7\u00e3o \u00e9 a recomendada para ... Read More\" \/>\n<meta property=\"og:url\" content=\"https:\/\/app-fortunica.com\/support\" \/>\n<meta property=\"og:site_name\" content=\"fortunica\" \/>\n<meta property=\"article:publisher\" content=\"https:\/\/www.facebook.com\/app.fortunica\/\" \/>\n<meta property=\"article:modified_time\" content=\"2026-04-17T13:22:00+00:00\" \/>\n<meta name=\"twitter:card\" content=\"summary\" \/>\n<meta name=\"twitter:label1\" value=\"Written by\">\n\t<meta name=\"twitter:data1\" value=\"advisor managers\">\n\t<meta name=\"twitter:label2\" value=\"Est. reading time\">\n\t<meta name=\"twitter:data2\" value=\"3 minutes\">\n<script type=\"application\/ld+json\" class=\"yoast-schema-graph\">{\"@context\":\"https:\/\/schema.org\",\"@graph\":[{\"@type\":\"WebSite\",\"@id\":\"https:\/\/app-fortunica.com\/#website\",\"url\":\"https:\/\/app-fortunica.com\/\",\"name\":\"fortunica\",\"description\":\"The #1 App for you to Connect with Spiritual Advisors\",\"potentialAction\":[{\"@type\":\"SearchAction\",\"target\":\"https:\/\/app-fortunica.com\/?s={search_term_string}\",\"query-input\":\"required name=search_term_string\"}],\"inLanguage\":\"br-BR\"},{\"@type\":\"WebPage\",\"@id\":\"https:\/\/app-fortunica.com\/support#webpage\",\"url\":\"https:\/\/app-fortunica.com\/support\",\"name\":\"Suporte - fortunica\",\"isPartOf\":{\"@id\":\"https:\/\/app-fortunica.com\/#website\"},\"datePublished\":\"2017-02-10T16:11:36+00:00\",\"dateModified\":\"2026-04-17T13:22:00+00:00\",\"inLanguage\":\"br-BR\",\"potentialAction\":[{\"@type\":\"ReadAction\",\"target\":[\"https:\/\/app-fortunica.com\/support\"]}]}]}<\/script>\n<!-- \/ Yoast SEO Premium plugin. -->","_links":{"self":[{"href":"https:\/\/app-fortunica.com\/br\/wp-json\/wp\/v2\/pages\/2336"}],"collection":[{"href":"https:\/\/app-fortunica.com\/br\/wp-json\/wp\/v2\/pages"}],"about":[{"href":"https:\/\/app-fortunica.com\/br\/wp-json\/wp\/v2\/types\/page"}],"author":[{"embeddable":true,"href":"https:\/\/app-fortunica.com\/br\/wp-json\/wp\/v2\/users\/34"}],"replies":[{"embeddable":true,"href":"https:\/\/app-fortunica.com\/br\/wp-json\/wp\/v2\/comments?post=2336"}],"version-history":[{"count":10,"href":"https:\/\/app-fortunica.com\/br\/wp-json\/wp\/v2\/pages\/2336\/revisions"}],"predecessor-version":[{"id":19749,"href":"https:\/\/app-fortunica.com\/br\/wp-json\/wp\/v2\/pages\/2336\/revisions\/19749"}],"wp:attachment":[{"href":"https:\/\/app-fortunica.com\/br\/wp-json\/wp\/v2\/media?parent=2336"}],"curies":[{"name":"wp","href":"https:\/\/api.w.org\/{rel}","templated":true}]}}