{"id":2359,"date":"2017-02-10T17:43:00","date_gmt":"2017-02-10T16:43:00","guid":{"rendered":"https:\/\/app-fortunica.com\/start\/"},"modified":"2023-04-25T09:36:34","modified_gmt":"2023-04-25T07:36:34","slug":"comeca-ja","status":"publish","type":"page","link":"https:\/\/app-fortunica.com\/br\/comeca-ja","title":{"rendered":"Comece j\u00e1!"},"content":{"rendered":"<div id=\"cs-content\" class=\"cs-content\" ><div id=\"x-section-1\" class=\"x-section cs-ta-center dark-section\" style=\"margin: 0px;padding: 10px 0px 0px; background-color: hsl(0, 0%, 100%);\"  ><div class=\"x-container max width\" style=\"margin: 50px auto;padding: 0px;\"  ><div  class=\"x-column x-sm x-1-3\" style=\"padding: 0px;\" ><h4  class=\"h-custom-headline h4\" style=\"color: hsl(0, 0%, 0%);\"><span>Passo 1<\/span><\/h4><div class=\"x-text\"  ><p>Acesse o Mural e toque no \u00edcone do l\u00e1pis para enviar uma Pergunta Express ou acesse Consultores, escolha o seu favorito, toque no bot\u00e3o &#8220;Conecte-se comigo&#8221; e selecione o servi\u00e7o que deseja adquirir com seu consultor, por exemplo, uma Pergunta Privada.<\/p>\n<\/div><hr  class=\"x-gap cs-hide-xl cs-hide-lg cs-hide-md\" style=\"margin: 50px 0 0 0;\"><\/div><div  class=\"x-column x-sm x-1-3\" style=\"padding: 0px;\" ><h4  class=\"h-custom-headline h4\" style=\"color: hsl(0, 0%, 0%);\"><span>Passo 2<\/span><\/h4><div class=\"x-text\"  ><p>Digite a sua pergunta. N\u00e3o esque\u00e7a de fornecer detalhes para uma leitura mais detalhada. Insira somente as iniciais dos nomes na Pergunta Express para manter o anonimato.<\/p>\n<\/div><hr  class=\"x-gap cs-hide-xl cs-hide-lg cs-hide-md\" style=\"margin: 50px 0 0 0;\"><\/div><div  class=\"x-column x-sm x-1-3\" style=\"padding: 0px;\" ><h4  class=\"h-custom-headline h4\" style=\"color: hsl(0, 0%, 0%);\"><span>1 Passo<\/span><\/h4><div class=\"x-text\"  ><p>Escolha o m\u00e9todo de pagamento &amp; envie a sua pergunta! Agora \u00e9 s\u00f3 aguardar sua resposta.<\/p>\n<\/div><hr  class=\"x-gap cs-hide-xl cs-hide-lg cs-hide-md\" style=\"margin: 50px 0 0 0;\"><\/div><\/div><\/div><div id=\"x-section-2\" class=\"x-section\" style=\"margin: 0px;padding: 25px 0px 5px; background-color: transparent;\"  ><div class=\"x-container max width\" style=\"margin: 0px auto;padding: 0px;\"  ><div  class=\"x-column x-sm x-1-1\" style=\"padding: 0px;\" ><div class=\"x-text cs-ta-center\"  ><h3>2 tipos de pergunta:<\/h3>\n<\/div><\/div><\/div><\/div><div id=\"x-section-3\" class=\"x-section\" style=\"margin: 0px;padding: 5px 0px 45px; background-color: transparent;\"  ><div class=\"x-container max width\" style=\"margin: 0px auto;padding: 0px;\"  ><div  class=\"x-column x-sm x-1-2\" style=\"padding: 0px;\" ><div class=\"x-text\"  ><h5 class=\"widget-title\">Pergunta Express<\/h5>\n<div class=\"siteorigin-widget-tinymce textwidget\">\n<ul>\n<li>R\u00e1pida: menor tempo de espera<\/li>\n<li>Mais barata<\/li>\n<li>Qualquer consultor <em>online<\/em> poder\u00e1 responder \u00e0 sua pergunta<\/li>\n<li>A sua pergunta e resposta aparecer\u00e3o de forma an\u00f4nima no Mural<\/li>\n<\/ul>\n<\/div>\n<\/div><\/div><div  class=\"x-column x-sm x-1-2\" style=\"padding: 0px;\" ><div class=\"x-text\"  ><h5 class=\"widget-title\">Pergunta Privada<\/h5>\n<div class=\"siteorigin-widget-tinymce textwidget\">\n<ul>\n<li>Tempo de resposta levemente superior<\/li>\n<li>Escolha o consultor que melhor combina com voc\u00ea<\/li>\n<li>Servi\u00e7o mais personalizado e possibilita um di\u00e1logo privado<\/li>\n<li>A sua pergunta e resposta aparecer\u00e3o apenas para voc\u00ea no seu celular<\/li>\n<\/ul>\n<\/div>\n<\/div><\/div><\/div><\/div><div id=\"x-section-4\" class=\"x-section cs-ta-center\" style=\"margin: 0px;padding: 55px 0px; background-color: hsl(0, 0%, 100%);\"  ><div class=\"x-container max width\" style=\"margin: 0px auto;padding: 0px 5%;\"  ><div  class=\"x-column x-sm x-1-1\" style=\"padding: 0px;\" ><h3  class=\"h-custom-headline man h3\" ><span>M\u00e9todos de Pagamento<\/span><\/h3><\/div><\/div><div class=\"x-container max width\" style=\"margin: 0px auto;padding: 0px;\"  ><div  class=\"x-column x-sm x-1-4\" style=\"padding: 0px;\" ><div class=\"x-text cs-ta-center\"  ><h5 class=\"widget-title\">App store<\/h5>\n<div class=\"siteorigin-widget-tinymce textwidget\">\n<ul>\n<li style=\"text-align: left;\">Pague com a sua conta iTunes ou Google Play.<\/li>\n<\/ul>\n<\/div>\n<\/div><\/div><div  class=\"x-column x-sm x-1-4\" style=\"padding: 0px;\" ><div class=\"x-text cs-ta-center\"  ><h5 class=\"widget-title\">Cart\u00e3o de cr\u00e9dito<\/h5>\n<div class=\"siteorigin-widget-tinymce textwidget\">\n<ul>\n<li style=\"text-align: left;\">Pague com seu cart\u00e3o de cr\u00e9dito VISA ou MasterCard.<\/li>\n<\/ul>\n<\/div>\n<\/div><\/div><div  class=\"x-column x-sm x-1-4\" style=\"padding: 0px;\" ><div class=\"x-text cs-ta-center\"  ><h5 class=\"widget-title\">Boleto banc\u00e1rio<\/h5>\n<div class=\"siteorigin-widget-tinymce textwidget\">\n<ul>\n<li style=\"text-align: left;\">Pague seu boleto pelo tradicional c\u00f3digo de barras ou via PIX. (Dispon\u00edvel no Brasil)<\/li>\n<\/ul>\n<\/div>\n<\/div><\/div><div  class=\"x-column x-sm x-1-4\" style=\"padding: 0px;\" ><div class=\"x-text cs-ta-center\"  ><h5 class=\"widget-title\">PayPal<\/h5>\n<div class=\"siteorigin-widget-tinymce textwidget\">\n<ul>\n<li style=\"text-align: left;\">Pague com sua conta PayPal. (Dispon\u00edvel em Portugal)<\/li>\n<\/ul>\n<\/div>\n<\/div><\/div><\/div><div class=\"x-container max width\" style=\"margin: 0px auto;padding: 0px;\"  ><div  class=\"x-column x-sm x-1-1\" style=\"padding: 0px;\" ><div class=\"x-text cs-ta-center\"  ><h5 class=\"widget-title\">Pacotes promocionais<\/h5>\n<div class=\"siteorigin-widget-tinymce textwidget\">\n<ul>\n<li style=\"text-align: left;\">Economize tempo e dinheiro adquirindo um pacote. Os cr\u00e9ditos s\u00e3o adicionados \u00e0 sua conta e voc\u00ea pode usar para falar com seus consultores favoritos. Conhe\u00e7a os nossos pacotes promocionais!<\/li>\n<\/ul>\n<\/div>\n<\/div><\/div><\/div><\/div><div id=\"x-section-5\" class=\"x-section cs-ta-center dark-section\" style=\"margin: 0px;padding: 0px; background-color: transparent;\"  ><div class=\"x-container marginless-columns\" style=\"margin: 0px;padding: 0px;\"  ><div  class=\"x-column x-sm x-1-1\" style=\"padding: 0px;\" ><h3  class=\"h-custom-headline man h3\" style=\"color: hsl(0, 0%, 0%);\"><span>\u00c1reas de Especializa\u00e7\u00e3o:<\/span><\/h3><\/div><\/div><div class=\"x-container marginless-columns\" style=\"margin: 0px;padding: 60px 0px 0px;\"  ><div  class=\"x-column x-sm x-1-4\" style=\"padding: 0px;\" ><div class=\"x-text\"  ><p><img decoding=\"async\" loading=\"lazy\" class=\"aligncenter wp-image-7527\" src=\"https:\/\/app-fortunica-content.s3.eu-central-1.amazonaws.com\/prod\/app\/uploads\/2018\/06\/heart.png\" alt=\"\" width=\"100\" height=\"90\" srcset=\"https:\/\/app-fortunica-content.s3.eu-central-1.amazonaws.com\/prod\/app\/uploads\/2018\/06\/heart.png 201w, https:\/\/app-fortunica-content.s3.eu-central-1.amazonaws.com\/prod\/app\/uploads\/2018\/06\/heart-100x90.png 100w\" sizes=\"(max-width: 100px) 100vw, 100px\" \/><\/p>\n<\/div><div class=\"x-text\"  ><p><span style=\"font-size: 22px; color: #272727; font-weight: bold;\">Amor<\/span><\/p>\n<\/div><\/div><div  class=\"x-column x-sm x-1-4\" style=\"padding: 0px;\" ><div class=\"x-text\"  ><p><img decoding=\"async\" loading=\"lazy\" class=\"aligncenter wp-image-7527\" src=\"https:\/\/app-fortunica-content.s3.eu-central-1.amazonaws.com\/prod\/app\/uploads\/2018\/06\/career_full.png\" alt=\"\" width=\"100\" height=\"90\" \/><\/p>\n<\/div><div class=\"x-text\"  ><p><span style=\"font-size: 22px; color: #272727; font-weight: bold;\">Carreira<\/span><\/p>\n<\/div><\/div><div  class=\"x-column x-sm x-1-4\" style=\"padding: 0px;\" ><div class=\"x-text\"  ><p><img decoding=\"async\" loading=\"lazy\" class=\"aligncenter wp-image-7527\" src=\"https:\/\/app-fortunica-content.s3.eu-central-1.amazonaws.com\/prod\/app\/uploads\/2018\/06\/wellness_what_to_ask.png\" alt=\"\" width=\"100\" height=\"90\" \/><\/p>\n<\/div><div class=\"x-text\"  ><p><span style=\"font-size: 22px; color: #272727; font-weight: bold;\">Destino<\/span><\/p>\n<\/div><\/div><div  class=\"x-column x-sm x-1-4\" style=\"padding: 0px;\" ><div class=\"x-text\"  ><p><img decoding=\"async\" loading=\"lazy\" class=\"aligncenter wp-image-7527\" src=\"https:\/\/app-fortunica-content.s3.eu-central-1.amazonaws.com\/prod\/app\/uploads\/2018\/06\/spirituality_what_to_ask.png\" alt=\"\" width=\"100\" height=\"90\" \/><\/p>\n<\/div><div class=\"x-text\"  ><p><span style=\"font-size: 22px; color: #272727; font-weight: bold;\">Espiritual<\/span><\/p>\n<\/div><\/div><\/div><\/div><div id=\"x-section-6\" class=\"x-section cs-ta-center dark-section\" style=\"margin: 0px;padding: 0px 0px 40px; background-color: transparent;\"  ><div class=\"x-container marginless-columns\" style=\"margin: 0px;padding: 40px 60px;\"  ><div  class=\"x-column x-sm x-1-1\" style=\"padding: 0px;\" >\n<div class=\"e2359-61 x-frame x-frame-video-embed\" >\n  <div class=\"x-frame-inner\">\n    \n<div class=\"e2359-61 x-video x-video-embed\" >\n  <iframe width=\"560\" height=\"315\" src=\"https:\/\/www.youtube.com\/embed\/8ZKLgvkAc-8\" title=\"YouTube video player\" frameborder=\"0\" allow=\"accelerometer; autoplay; clipboard-write; encrypted-media; gyroscope; picture-in-picture\" allowfullscreen><\/iframe><\/div>\n  <\/div>\n<\/div>\n<\/div><\/div><\/div><\/div>\n","protected":false},"excerpt":{"rendered":"<p>Passo 1Acesse o Mural e toque no \u00edcone do l\u00e1pis para enviar uma Pergunta Express ou acesse Consultores, escolha o seu favorito, toque no bot\u00e3o &#8220;Conecte-se comigo&#8221; e selecione o &#8230; <\/p>\n<div><a href=\"https:\/\/app-fortunica.com\/br\/comeca-ja\" class=\"more-link\">Read More<\/a><\/div>\n","protected":false},"author":34,"featured_media":0,"parent":0,"menu_order":0,"comment_status":"closed","ping_status":"closed","template":"template-blank-4.php","meta":[],"yoast_head":"<!-- This site is optimized with the Yoast SEO Premium plugin v15.2 - https:\/\/yoast.com\/wordpress\/plugins\/seo\/ -->\n<title>Comece j\u00e1! - fortunica<\/title>\n<meta name=\"robots\" content=\"index, follow, max-snippet:-1, max-image-preview:large, max-video-preview:-1\" \/>\n<link rel=\"canonical\" href=\"https:\/\/app-fortunica.com\/spiritual-journey\" \/>\n<meta property=\"og:locale\" content=\"en_US\" \/>\n<meta property=\"og:type\" content=\"article\" \/>\n<meta property=\"og:title\" content=\"Comece j\u00e1! - fortunica\" \/>\n<meta property=\"og:description\" content=\"Passo 1Acesse o Mural e toque no \u00edcone do l\u00e1pis para enviar uma Pergunta Express ou acesse Consultores, escolha o seu favorito, toque no bot\u00e3o &#8220;Conecte-se comigo&#8221; e selecione o ... Read More\" \/>\n<meta property=\"og:url\" content=\"https:\/\/app-fortunica.com\/spiritual-journey\" \/>\n<meta property=\"og:site_name\" content=\"fortunica\" \/>\n<meta property=\"article:publisher\" content=\"https:\/\/www.facebook.com\/app.fortunica\/\" \/>\n<meta property=\"article:modified_time\" content=\"2023-04-25T07:36:34+00:00\" \/>\n<meta property=\"og:image\" content=\"https:\/\/app-fortunica.com\/app\/uploads\/2018\/06\/heart.png\" \/>\n<meta name=\"twitter:card\" content=\"summary\" \/>\n<meta name=\"twitter:label1\" value=\"Written by\">\n\t<meta name=\"twitter:data1\" value=\"advisor managers\">\n\t<meta name=\"twitter:label2\" value=\"Est. reading time\">\n\t<meta name=\"twitter:data2\" value=\"6 minutes\">\n<script type=\"application\/ld+json\" class=\"yoast-schema-graph\">{\"@context\":\"https:\/\/schema.org\",\"@graph\":[{\"@type\":\"WebSite\",\"@id\":\"https:\/\/app-fortunica.com\/#website\",\"url\":\"https:\/\/app-fortunica.com\/\",\"name\":\"fortunica\",\"description\":\"The #1 App for you to Connect with Spiritual Advisors\",\"potentialAction\":[{\"@type\":\"SearchAction\",\"target\":\"https:\/\/app-fortunica.com\/?s={search_term_string}\",\"query-input\":\"required name=search_term_string\"}],\"inLanguage\":\"br-BR\"},{\"@type\":\"ImageObject\",\"@id\":\"https:\/\/app-fortunica.com\/spiritual-journey#primaryimage\",\"inLanguage\":\"br-BR\",\"url\":\"https:\/\/app-fortunica.com\/app\/uploads\/2018\/06\/heart.png\"},{\"@type\":\"WebPage\",\"@id\":\"https:\/\/app-fortunica.com\/spiritual-journey#webpage\",\"url\":\"https:\/\/app-fortunica.com\/spiritual-journey\",\"name\":\"Comece j\\u00e1! - fortunica\",\"isPartOf\":{\"@id\":\"https:\/\/app-fortunica.com\/#website\"},\"primaryImageOfPage\":{\"@id\":\"https:\/\/app-fortunica.com\/spiritual-journey#primaryimage\"},\"datePublished\":\"2017-02-10T16:43:00+00:00\",\"dateModified\":\"2023-04-25T07:36:34+00:00\",\"inLanguage\":\"br-BR\",\"potentialAction\":[{\"@type\":\"ReadAction\",\"target\":[\"https:\/\/app-fortunica.com\/spiritual-journey\"]}]}]}<\/script>\n<!-- \/ Yoast SEO Premium plugin. -->","_links":{"self":[{"href":"https:\/\/app-fortunica.com\/br\/wp-json\/wp\/v2\/pages\/2359"}],"collection":[{"href":"https:\/\/app-fortunica.com\/br\/wp-json\/wp\/v2\/pages"}],"about":[{"href":"https:\/\/app-fortunica.com\/br\/wp-json\/wp\/v2\/types\/page"}],"author":[{"embeddable":true,"href":"https:\/\/app-fortunica.com\/br\/wp-json\/wp\/v2\/users\/34"}],"replies":[{"embeddable":true,"href":"https:\/\/app-fortunica.com\/br\/wp-json\/wp\/v2\/comments?post=2359"}],"version-history":[{"count":11,"href":"https:\/\/app-fortunica.com\/br\/wp-json\/wp\/v2\/pages\/2359\/revisions"}],"predecessor-version":[{"id":15515,"href":"https:\/\/app-fortunica.com\/br\/wp-json\/wp\/v2\/pages\/2359\/revisions\/15515"}],"wp:attachment":[{"href":"https:\/\/app-fortunica.com\/br\/wp-json\/wp\/v2\/media?parent=2359"}],"curies":[{"name":"wp","href":"https:\/\/api.w.org\/{rel}","templated":true}]}}