{"id":2366,"date":"2015-04-08T18:38:57","date_gmt":"2015-04-08T23:38:57","guid":{"rendered":"https:\/\/app-fortunica.com\/what-to-ask\/"},"modified":"2017-04-06T17:35:01","modified_gmt":"2017-04-06T15:35:01","slug":"o-que-perguntar","status":"publish","type":"page","link":"https:\/\/app-fortunica.com\/br\/o-que-perguntar","title":{"rendered":"O que perguntar?"},"content":{"rendered":"<div id=\"cs-content\" class=\"cs-content\" ><div id=\"x-section-1\" class=\"x-section\" style=\"margin: 0px;padding: 0px; background-color: #24282b;\"  ><div class=\"x-container marginless-columns\" style=\"margin: 0px auto;padding: 0px;\"  ><div  class=\"x-column x-sm x-1-2\" style=\"padding: 8.5%; background-color:hsl(0, 0%, 100%);\" ><h3  class=\"h-custom-headline mvs h3\" style=\"color: #5d014a;\"><span>Amor<\/span><\/h3><div  class=\"x-raw-content\" style=\"color: #5d014a;\"><ul>\n \t<li>Quando vou conhecer o verdadeiro amor da minha vida?<\/li>\n \t<li>Algu\u00e9m me ama em segredo ou est\u00e1 interessado em mim?<\/li>\n \t<li>Eu e o meu parceiro somos compat\u00edveis?<\/li>\n \t<li>Ser\u00e1 que ele tamb\u00e9m me ama?<\/li>\n<\/ul>\n<\/div><a  class=\"x-btn x-btn-regular\"  href=\"\/br\/more\/#love\"     data-options=\"thumbnail: ''\">Mais<\/a><\/div><div  class=\"x-column x-sm cs-ta-left x-1-2\" style=\"padding: 8.5%; background-color:hsl(312, 98%, 18%);\" ><h3  class=\"h-custom-headline mvs h3\" style=\"color: #fff;\"><span>Profissional<\/span><\/h3><div  class=\"x-raw-content\" style=\"color: rgba(255, 255, 255, 255);\"><ul>\n \t<li>Ser\u00e1 que \u00e9 uma boa ideia aceitar essa nova proposta de trabalho?<\/li>\n \t<li>Eu tenho uma entrevista de emprego importante amanh\u00e3. Como posso ser bem-sucedida?<\/li>\n \t\n\n \t<li>Ser\u00e1 essa decis\u00e3o a melhor para mim\u2026?<\/li>\n \t<li>Eu recebi v\u00e1rias propostas de trabalho. Qual devo escolher?<\/li>\n \n<\/ul>\n<\/div><a  class=\"x-btn x-btn-regular\"  href=\"\/br\/more\/#work\"     data-options=\"thumbnail: ''\">Mais<\/a><\/div><\/div><\/div><div id=\"x-section-2\" class=\"x-section\" style=\"margin: 0px;padding: 0px; background-color: transparent;\"  ><div class=\"x-container marginless-columns\" style=\"margin: 0px auto;padding: 0px;\"  ><div  class=\"x-column x-sm cs-ta-left x-1-2\" style=\"padding: 8.5%; background-color:hsl(312, 98%, 18%);\" ><h3  class=\"h-custom-headline mvs h3\" style=\"color: #fff;\"><span>Espiritual<\/span><\/h3><div  class=\"x-raw-content\" style=\"color: rgba(255, 255, 255, 255);\"><ul>\n \t<li>O que o futuro tem reservado para mim?<\/li>\n \t<li>O que as estrelas dizem sobre o meu futuro?<\/li>\n \t<li>Que surpresas posso esperar num futuro pr\u00f3ximo?<\/li>\n \t<li> Quais s\u00e3o os meus dons espirituais?<\/li>\n<\/ul>\n<\/div><a  class=\"x-btn x-btn-regular\"  href=\"\/br\/more\/#self\"     data-options=\"thumbnail: ''\">Mais<\/a><\/div><div  class=\"x-column x-sm x-1-2\" style=\"padding: 8.5%; background-color:hsl(0, 0%, 100%);\" ><h3  class=\"h-custom-headline mvs h3\" style=\"color: #5d014a;\"><span>Animal<\/span><\/h3><div  class=\"x-raw-content\" style=\"color: #5d014a;\"><ul>\n \t<li> O que o meu animal de estima\u00e7\u00e3o est\u00e1 pensando?<\/li>\n \t<li>Qual o meu animal espiritual e o que isso significa para mim?<\/li>\n \n \t<li>Qual animal de estima\u00e7\u00e3o se adequa melhor ao meu estilo de vida e personalidade?<\/li>\n<li> O meu animal de estima\u00e7\u00e3o \u00e9 feliz ou falta algo para a sua felicidade?\n<\/li><\/ul>\n<\/div><a  class=\"x-btn x-btn-regular\"  href=\"\/br\/more\/#sex\"     data-options=\"thumbnail: ''\">Mais<\/a><\/div><\/div><\/div><div id=\"x-section-3\" class=\"x-section cs-ta-center\" style=\"margin: 0px;padding: 50px 0px 20px; background-color: transparent;\"  ><div class=\"x-container max width\" style=\"margin: 0px auto;padding: 0px 5%;\"  ><div  class=\"x-column x-sm cs-ta-left x-1-2\" style=\"padding: 00px;\" ><h1  class=\"h-custom-headline man h2\" ><span>Como perguntar:<\/span><\/h1><hr  class=\"x-gap\" style=\"margin: 10px 0 0 0;\"><div class=\"x-text cs-ta-left\"  ><p>Fa\u00e7a apenas <strong>UMA<\/strong> pergunta por mensagem e inclua as seguintes informa\u00e7\u00f5es: m\u00e9todo esot\u00e9rico (caso voc\u00ea tenha prefer\u00eancia por algum &#8211; ex.: Tar\u00f4), per\u00edodo em quest\u00e3o (se o que voc\u00ea quer saber est\u00e1 relacionado com um dia ou hora espec\u00edfico) e ao mencionar outras pessoas inclua tamb\u00e9m:<\/p>\n<ul>\n<li>Data de nascimento<\/li>\n<li>Sexo<\/li>\n<li>Tipo de relacionamento<\/li>\n<\/ul>\n<\/div><\/div><div  class=\"x-column x-sm cs-ta-left x-1-2\" style=\"padding: 00px;\" ><h2  class=\"h-custom-headline man h2\" ><span>Exemplo:<\/span><\/h2><hr  class=\"x-gap\" style=\"margin: 10px 0 0 0;\"><div class=\"x-text cs-ta-left\"  ><p>Ol\u00e1! Minha irm\u00e3 (nascida no dia 25\/01\/1996) est\u00e1 trabalhando como Jornalista para uma revista. Contudo, ela est\u00e1 considerando aceitar uma proposta de emprego que recebeu para trabalhar num jornal.<\/p>\n<p>Ser\u00e1 que esse m\u00eas \u00e9 uma boa altura para ela mudar de emprego? A chefe dela na revista \u00e9 uma mulher chamada Marta (Libriana). Ser\u00e1 que ela vai dificultar a vida da minha irm\u00e3?<\/p>\n<p>&nbsp;<\/p>\n<\/div><\/div><\/div><\/div><div id=\"x-section-4\" class=\"x-section cs-ta-left\" style=\"margin: 0px;padding: 25px 0px 10px; background-color: hsl(0, 0%, 100%);\"  ><div class=\"x-container max width\" style=\"margin: 0px auto;padding: 0px;\"  ><div  class=\"x-column x-sm cs-ta-left x-1-1\" style=\"padding: 0px;\" ><h2  class=\"h-custom-headline cs-ta-left h3\" ><span>O que N\u00c3O perguntar!<\/span><\/h2><\/div><\/div><\/div><div id=\"x-section-5\" class=\"x-section cs-ta-left\" style=\"margin: 0px;padding: 45px 0px; background-color: hsl(0, 0%, 100%);\"  ><div class=\"x-container cs-ta-left max width\" style=\"margin: 0px auto;padding: 0px;\"  ><div  class=\"x-column x-sm x-1-3\" style=\"padding: 0px;\" ><div  class=\"x-feature-box left-text top-text cf\" style=\" max-width: none;\" data-x-element=\"feature_box\" data-x-params=\"{&quot;child&quot;:false,&quot;graphicAnimation&quot;:&quot;none&quot;,&quot;graphicAnimationOffset&quot;:&quot;50&quot;,&quot;graphicAnimationDelay&quot;:&quot;0&quot;}\" ><div class=\"x-feature-box-graphic rounded \"><div class=\"x-feature-box-graphic-outer rounded\" style=\" margin-right: 20px;\"><div class=\"x-feature-box-graphic-inner rounded\" style=\"font-size: 1px;\"><i class=\"x-icon-wpforms rounded\" data-x-icon-b=\"&#xf298;\"  style=\"margin: 0 auto; color: #ffffff; background-color: #2ecc71;\"><\/i><\/div><\/div><\/div><div class=\"x-feature-box-content \"><h4 class=\"x-feature-box-title\">Quest\u00f5es de sa\u00fade<\/h4><p class=\"x-feature-box-text\">\n<ul>\n<li>Gravidez<\/li>\n<li>Doen\u00e7as Graves<\/li>\n<li>Data de morte <\/li>\n<\/ul>\n<\/p><\/div><\/div><\/div><div  class=\"x-column x-sm x-1-3\" style=\"padding: 0px;\" ><div  class=\"x-feature-box left-text top-text cf\" style=\" max-width: none;\" data-x-element=\"feature_box\" data-x-params=\"{&quot;child&quot;:false,&quot;graphicAnimation&quot;:&quot;none&quot;,&quot;graphicAnimationOffset&quot;:&quot;50&quot;,&quot;graphicAnimationDelay&quot;:&quot;0&quot;}\" ><div class=\"x-feature-box-graphic rounded \"><div class=\"x-feature-box-graphic-outer rounded\" style=\" margin-right: 20px;\"><div class=\"x-feature-box-graphic-inner rounded\" style=\"font-size: 1px;\"><i class=\"x-icon-wpforms rounded\" data-x-icon-b=\"&#xf298;\"  style=\"margin: 0 auto; color: #ffffff; background-color: #2ecc71;\"><\/i><\/div><\/div><\/div><div class=\"x-feature-box-content \"><h4 class=\"x-feature-box-title\">Situa\u00e7\u00e3o Financeira<\/h4><p class=\"x-feature-box-text\">\n<ul>\n<li>Loteria<\/li>\n<li>Seguro<\/li>\n<li>Inquieta\u00e7\u00f5es Financeiras<\/li>\n<\/ul>\n<\/p><\/div><\/div><\/div><div  class=\"x-column x-sm x-1-3\" style=\"padding: 0px;\" ><div  class=\"x-feature-box left-text top-text cf\" style=\" max-width: none;\" data-x-element=\"feature_box\" data-x-params=\"{&quot;child&quot;:false,&quot;graphicAnimation&quot;:&quot;none&quot;,&quot;graphicAnimationOffset&quot;:&quot;50&quot;,&quot;graphicAnimationDelay&quot;:&quot;0&quot;}\" ><div class=\"x-feature-box-graphic rounded \"><div class=\"x-feature-box-graphic-outer rounded\" style=\" margin-right: 20px;\"><div class=\"x-feature-box-graphic-inner rounded\" style=\"font-size: 1px;\"><i class=\"x-icon-wpforms rounded\" data-x-icon-b=\"&#xf298;\"  style=\"margin: 0 auto; color: #ffffff; background-color: #2ecc71;\"><\/i><\/div><\/div><\/div><div class=\"x-feature-box-content \"><h4 class=\"x-feature-box-title\">Outras:<\/h4><p class=\"x-feature-box-text\">\n<ul>\n<li>Casos na justi\u00e7a<\/li>\n<li>Nomes e datas exatas<\/li>\n<li>Magia Negra<\/li>\n<\/ul>\n<\/p><\/div><\/div><\/div><\/div><\/div><div id=\"x-section-6\" class=\"x-section\" style=\"margin: 0px;padding: 55px 0px 25px; background-color: hsl(0, 0%, 0%);\"  ><div class=\"x-container max width\" style=\"margin: 0px auto;padding: 0px;\"  ><div  class=\"x-column x-sm x-1-3\" style=\"padding: 0px;\" ><div  class=\"x-raw-content\" >Os Guias do fortunica est\u00e3o sempre dispostos e felizes em ajudar, bem como aconselh\u00e1-lo nos principais aspectos da sua vida. No entanto, voc\u00ea deve ter em mente que existem algumas perguntas que, infelizmente, os nossos consultores n\u00e3o s\u00e3o capazes de responder j\u00e1 que as consultas destinam-se apenas para fins espirituais.<\/div><\/div><div  class=\"x-column x-sm x-1-3\" style=\"padding: 0px;\" ><div  class=\"x-raw-content\" >Isso significa que a leitura fornecida por conselheiros esot\u00e9ricos e espirituais n\u00e3o pode substituir uma consulta m\u00e9dica, aconselhamento financeiro ou jur\u00eddico. Recomendamos n\u00e3o perguntar quaisquer perguntas relacionadas \u00e0 problemas m\u00e9dicos, tais como gravidez e doen\u00e7as graves, ou sugest\u00f5es para tratamentos de sa\u00fade. \n<br>\n<br><\/div><\/div><div  class=\"x-column x-sm x-1-3\" style=\"padding: 0px;\" ><div  class=\"x-raw-content\" >Ainda, recomendamos tamb\u00e9m n\u00e3o perguntar sobre datas de morte e quantos anos voc\u00ea ainda tem para viver, pois essas perguntas tamb\u00e9m n\u00e3o podem ser respondidas. Tenha em mente que a leitura do tar\u00f4 visa trazer mudan\u00e7as positivas para a sua vida, caso voc\u00ea deseje seguir os conselhos que s\u00e3o dados. Insultar ou amea\u00e7ar os Guias pode resultar em banimento da plataforma.<\/div><\/div><\/div><\/div><\/div>\n","protected":false},"excerpt":{"rendered":"","protected":false},"author":34,"featured_media":0,"parent":0,"menu_order":0,"comment_status":"closed","ping_status":"closed","template":"template-blank-4.php","meta":[],"yoast_head":"<!-- This site is optimized with the Yoast SEO Premium plugin v15.2 - https:\/\/yoast.com\/wordpress\/plugins\/seo\/ -->\n<title>O que perguntar? - fortunica<\/title>\n<meta name=\"robots\" content=\"index, follow, max-snippet:-1, max-image-preview:large, max-video-preview:-1\" \/>\n<link rel=\"canonical\" href=\"https:\/\/app-fortunica.com\/br\/o-que-perguntar\" \/>\n<meta property=\"og:locale\" content=\"en_US\" \/>\n<meta property=\"og:type\" content=\"article\" \/>\n<meta property=\"og:title\" content=\"O que perguntar? - fortunica\" \/>\n<meta property=\"og:url\" content=\"https:\/\/app-fortunica.com\/br\/o-que-perguntar\" \/>\n<meta property=\"og:site_name\" content=\"fortunica\" \/>\n<meta property=\"article:publisher\" content=\"https:\/\/www.facebook.com\/app.fortunica\/\" \/>\n<meta property=\"article:modified_time\" content=\"2017-04-06T15:35:01+00:00\" \/>\n<meta name=\"twitter:card\" content=\"summary\" \/>\n<meta name=\"twitter:label1\" value=\"Written by\">\n\t<meta name=\"twitter:data1\" value=\"advisor managers\">\n\t<meta name=\"twitter:label2\" value=\"Est. reading time\">\n\t<meta name=\"twitter:data2\" value=\"6 minutes\">\n<script type=\"application\/ld+json\" class=\"yoast-schema-graph\">{\"@context\":\"https:\/\/schema.org\",\"@graph\":[{\"@type\":\"WebSite\",\"@id\":\"https:\/\/app-fortunica.com\/#website\",\"url\":\"https:\/\/app-fortunica.com\/\",\"name\":\"fortunica\",\"description\":\"The #1 App for you to Connect with Spiritual Advisors\",\"potentialAction\":[{\"@type\":\"SearchAction\",\"target\":\"https:\/\/app-fortunica.com\/?s={search_term_string}\",\"query-input\":\"required name=search_term_string\"}],\"inLanguage\":\"br-BR\"},{\"@type\":\"WebPage\",\"@id\":\"https:\/\/app-fortunica.com\/br\/o-que-perguntar#webpage\",\"url\":\"https:\/\/app-fortunica.com\/br\/o-que-perguntar\",\"name\":\"O que perguntar? - fortunica\",\"isPartOf\":{\"@id\":\"https:\/\/app-fortunica.com\/#website\"},\"datePublished\":\"2015-04-08T23:38:57+00:00\",\"dateModified\":\"2017-04-06T15:35:01+00:00\",\"inLanguage\":\"br-BR\",\"potentialAction\":[{\"@type\":\"ReadAction\",\"target\":[\"https:\/\/app-fortunica.com\/br\/o-que-perguntar\"]}]}]}<\/script>\n<!-- \/ Yoast SEO Premium plugin. -->","_links":{"self":[{"href":"https:\/\/app-fortunica.com\/br\/wp-json\/wp\/v2\/pages\/2366"}],"collection":[{"href":"https:\/\/app-fortunica.com\/br\/wp-json\/wp\/v2\/pages"}],"about":[{"href":"https:\/\/app-fortunica.com\/br\/wp-json\/wp\/v2\/types\/page"}],"author":[{"embeddable":true,"href":"https:\/\/app-fortunica.com\/br\/wp-json\/wp\/v2\/users\/34"}],"replies":[{"embeddable":true,"href":"https:\/\/app-fortunica.com\/br\/wp-json\/wp\/v2\/comments?post=2366"}],"version-history":[{"count":30,"href":"https:\/\/app-fortunica.com\/br\/wp-json\/wp\/v2\/pages\/2366\/revisions"}],"predecessor-version":[{"id":3629,"href":"https:\/\/app-fortunica.com\/br\/wp-json\/wp\/v2\/pages\/2366\/revisions\/3629"}],"wp:attachment":[{"href":"https:\/\/app-fortunica.com\/br\/wp-json\/wp\/v2\/media?parent=2366"}],"curies":[{"name":"wp","href":"https:\/\/api.w.org\/{rel}","templated":true}]}}