{"id":2394,"date":"2017-02-23T14:13:34","date_gmt":"2017-02-23T13:13:34","guid":{"rendered":"https:\/\/app-fortunica.com\/affiliates\/"},"modified":"2020-02-18T16:12:17","modified_gmt":"2020-02-18T15:12:17","slug":"afiliados","status":"publish","type":"page","link":"https:\/\/app-fortunica.com\/br\/afiliados","title":{"rendered":"Afiliados"},"content":{"rendered":"<div id=\"cs-content\" class=\"cs-content\" ><div id=\"x-section-1\" class=\"x-section cs-ta-center\" style=\"margin: 0px;padding: 0px; background-color: transparent;\"  ><div class=\"x-container max width\" style=\"margin: 0px auto;padding: 0px;\"  ><div  class=\"x-column x-sm x-1-1\" style=\"padding: 0px;\" ><img  class=\"x-img x-img-none\"  src=\"https:\/\/app-fortunica-content.s3.eu-central-1.amazonaws.com\/prod\/app\/uploads\/2017\/06\/coverphoto-facebook.png\" ><\/div><\/div><\/div><div id=\"x-section-2\" class=\"x-section\" style=\"margin: 0px;padding: 0px 0px 45px; background-color: transparent;\"  ><div class=\"x-container max width\" style=\"margin: 0px auto;padding: 0px;\"  ><div  class=\"x-column x-sm x-1-1\" style=\"padding: 0px;\" ><h1  class=\"h-custom-headline cs-ta-center h2\" ><span>Por que se tornar um afiliado fortunica?<\/span><\/h1><\/div><\/div><\/div><div id=\"x-section-3\" class=\"x-section\" style=\"margin: 0px;padding: 0px 0px 15px; background-color: transparent;\"  ><div class=\"x-container max width\" style=\"margin: 0px auto;padding: 0px;\"  ><div  class=\"x-column x-sm x-1-1\" style=\"padding: 0px;\" ><div class=\"x-text\"  ><p>N\u00f3s oferecemos um programa de afiliado extremamente competitivo. Ajude a conectar os seus seguidores com guias de verdade. N\u00f3s vamos te entregar uma variedade de banners, e conte\u00fado, e um gerente exclusivo que ir\u00e1 trabalhar diretamente com voc\u00ea para te ajudar a ter os melhores resultados. <\/p>\n<\/div><\/div><\/div><\/div><div id=\"x-section-4\" class=\"x-section cs-ta-left\" style=\"margin: 0px;padding: 0px; background-color: transparent;\"  ><div class=\"x-container max width\" style=\"margin: 0px auto;padding: 0px;\"  ><div  class=\"x-column x-sm x-1-3\" style=\"padding: 0px;\" ><div  class=\"x-feature-box center-text top-text cf\" style=\" max-width: none;\" data-x-element=\"feature_box\" data-x-params=\"{&quot;child&quot;:false,&quot;graphicAnimation&quot;:&quot;none&quot;,&quot;graphicAnimationOffset&quot;:&quot;50&quot;,&quot;graphicAnimationDelay&quot;:&quot;0&quot;}\" ><div class=\"x-feature-box-graphic circle \"><div class=\"x-feature-box-graphic-outer circle\" style=\"\"><div class=\"x-feature-box-graphic-inner circle\" style=\"font-size: 100px;\"><i class=\"x-icon-image circle\" data-x-icon-s=\"&#xf03e;\"  style=\"margin: 0 auto; border-width: 5px 5px 5px 5px; border-style: solid; border-color: ; color: hsl(312, 98%, 18%); background-color: transparent;\"><\/i><\/div><\/div><\/div><div class=\"x-feature-box-content \"><h4 class=\"x-feature-box-title\" style=\"color: hsl(312, 98%, 18%);\">Conte\u00fado Criativo<\/h4><p class=\"x-feature-box-text\"><\/p><\/div><\/div><\/div><div  class=\"x-column x-sm x-1-3\" style=\"padding: 0px;\" ><div  class=\"x-feature-box center-text top-text cf\" style=\" max-width: none;\" data-x-element=\"feature_box\" data-x-params=\"{&quot;child&quot;:false,&quot;graphicAnimation&quot;:&quot;none&quot;,&quot;graphicAnimationOffset&quot;:&quot;50&quot;,&quot;graphicAnimationDelay&quot;:&quot;0&quot;}\" ><div class=\"x-feature-box-graphic circle \"><div class=\"x-feature-box-graphic-outer circle\" style=\"\"><div class=\"x-feature-box-graphic-inner circle\" style=\"font-size: 100px;\"><i class=\"x-icon-eur circle\" data-x-icon-s=\"&#xf153;\"  style=\"margin: 0 auto; border-width: 5px 5px 5px 5px; border-style: solid; border-color: ; color: hsl(312, 98%, 18%); background-color: transparent;\"><\/i><\/div><\/div><\/div><div class=\"x-feature-box-content \"><h4 class=\"x-feature-box-title\" style=\"color: hsl(312, 98%, 18%);\">Taxas competitivas<\/h4><p class=\"x-feature-box-text\"><\/p><\/div><\/div><\/div><div  class=\"x-column x-sm x-1-3\" style=\"padding: 0px;\" ><div  class=\"x-feature-box center-text top-text cf\" style=\" max-width: none;\" data-x-element=\"feature_box\" data-x-params=\"{&quot;child&quot;:false,&quot;graphicAnimation&quot;:&quot;none&quot;,&quot;graphicAnimationOffset&quot;:&quot;50&quot;,&quot;graphicAnimationDelay&quot;:&quot;0&quot;}\" ><div class=\"x-feature-box-graphic circle \"><div class=\"x-feature-box-graphic-outer circle\" style=\"\"><div class=\"x-feature-box-graphic-inner circle\" style=\"font-size: 100px;\"><i class=\"x-icon-user-o circle\" data-x-icon-o=\"&#xf007;\"  style=\"margin: 0 auto; border-width: 5px 5px 5px 5px; border-style: solid; border-color: ; color: hsl(312, 98%, 18%); background-color: transparent;\"><\/i><\/div><\/div><\/div><div class=\"x-feature-box-content \"><h4 class=\"x-feature-box-title\" style=\"color: hsl(312, 98%, 18%);\">Gerente exclusivo<\/h4><p class=\"x-feature-box-text\"><\/p><\/div><\/div><\/div><\/div><\/div><div id=\"x-section-5\" class=\"x-section\" style=\"margin: 0px;padding: 0px; background-color: transparent;\"  ><div class=\"x-container max width\" style=\"margin: 0px auto;padding: 0px;\"  ><div  class=\"x-column x-sm x-1-1\" style=\"padding: 0px;\" ><div class=\"x-text cs-ta-center\"  ><h3>Como posso promover o fortunica?<\/h3>\n<\/div><\/div><\/div><\/div><div id=\"x-section-6\" class=\"x-section\" style=\"margin: 0px;padding: 45px 0px; background-color: transparent;\"  ><div class=\"x-container max width\" style=\"margin: 0px auto;padding: 0px;\"  ><div  class=\"x-column x-sm x-1-1\" style=\"padding: 0px;\" ><ul class=\"x-ul-icons\"  ><li class=\"x-li-icon\"  ><i class=\"x-icon-check\" aria-hidden=\"true\" style=\"color: hsl(123, 98%, 34%);\" data-x-icon-s=\"&#xf00c;\"  ><\/i>Escreva um coment\u00e1rio ou um artigo sobre o fortunica em seu site.<\/li><li class=\"x-li-icon\"  ><i class=\"x-icon-check\" aria-hidden=\"true\" style=\"color: hsl(123, 98%, 34%);\" data-x-icon-s=\"&#xf00c;\"  ><\/i>Coloque um de nossos banners em seu site.<\/li><li class=\"x-li-icon\"  ><i class=\"x-icon-check\" aria-hidden=\"true\" style=\"color: hsl(123, 98%, 34%);\" data-x-icon-s=\"&#xf00c;\"  ><\/i>Converse com os outros sobre o fortunica em f\u00f3runs e redes sociais.<\/li><li class=\"x-li-icon\"  ><i class=\"x-icon-check\" aria-hidden=\"true\" style=\"color: hsl(123, 98%, 34%);\" data-x-icon-s=\"&#xf00c;\"  ><\/i>J\u00e1 possui assinantes? Envie um e-mail, e informe-os sobre fortunica.<\/li><\/ul><\/div><\/div><\/div><div id=\"x-section-7\" class=\"x-section cs-ta-center\" style=\"margin: 0px;padding: 45px 0px; background-color: transparent;\"  ><div class=\"x-container max width\" style=\"margin: 0px auto;padding: 0px;\"  ><div  class=\"x-column x-sm x-1-1\" style=\"padding: 0px;\" ><a  class=\"x-btn x-btn-global\"  href=\"mailto:partners@fortunica-app.com\"     data-options=\"thumbnail: ''\">Seja um afiliado<\/a><\/div><\/div><\/div><\/div>\n","protected":false},"excerpt":{"rendered":"","protected":false},"author":34,"featured_media":0,"parent":0,"menu_order":0,"comment_status":"closed","ping_status":"closed","template":"template-layout-full-width.php","meta":[],"yoast_head":"<!-- This site is optimized with the Yoast SEO Premium plugin v15.2 - https:\/\/yoast.com\/wordpress\/plugins\/seo\/ -->\n<title>Afiliados - fortunica<\/title>\n<meta name=\"robots\" content=\"index, follow, max-snippet:-1, max-image-preview:large, max-video-preview:-1\" \/>\n<link rel=\"canonical\" href=\"https:\/\/app-fortunica.com\/br\/afiliados\" \/>\n<meta property=\"og:locale\" content=\"en_US\" \/>\n<meta property=\"og:type\" content=\"article\" \/>\n<meta property=\"og:title\" content=\"Afiliados - fortunica\" \/>\n<meta property=\"og:url\" content=\"https:\/\/app-fortunica.com\/br\/afiliados\" \/>\n<meta property=\"og:site_name\" content=\"fortunica\" \/>\n<meta property=\"article:publisher\" content=\"https:\/\/www.facebook.com\/app.fortunica\/\" \/>\n<meta property=\"article:modified_time\" content=\"2020-02-18T15:12:17+00:00\" \/>\n<meta name=\"twitter:card\" content=\"summary\" \/>\n<meta name=\"twitter:label1\" value=\"Written by\">\n\t<meta name=\"twitter:data1\" value=\"advisor managers\">\n\t<meta name=\"twitter:label2\" value=\"Est. reading time\">\n\t<meta name=\"twitter:data2\" value=\"5 minutes\">\n<script type=\"application\/ld+json\" class=\"yoast-schema-graph\">{\"@context\":\"https:\/\/schema.org\",\"@graph\":[{\"@type\":\"WebSite\",\"@id\":\"https:\/\/app-fortunica.com\/#website\",\"url\":\"https:\/\/app-fortunica.com\/\",\"name\":\"fortunica\",\"description\":\"The #1 App for you to Connect with Spiritual Advisors\",\"potentialAction\":[{\"@type\":\"SearchAction\",\"target\":\"https:\/\/app-fortunica.com\/?s={search_term_string}\",\"query-input\":\"required name=search_term_string\"}],\"inLanguage\":\"br-BR\"},{\"@type\":\"WebPage\",\"@id\":\"https:\/\/app-fortunica.com\/br\/afiliados#webpage\",\"url\":\"https:\/\/app-fortunica.com\/br\/afiliados\",\"name\":\"Afiliados - fortunica\",\"isPartOf\":{\"@id\":\"https:\/\/app-fortunica.com\/#website\"},\"datePublished\":\"2017-02-23T13:13:34+00:00\",\"dateModified\":\"2020-02-18T15:12:17+00:00\",\"inLanguage\":\"br-BR\",\"potentialAction\":[{\"@type\":\"ReadAction\",\"target\":[\"https:\/\/app-fortunica.com\/br\/afiliados\"]}]}]}<\/script>\n<!-- \/ Yoast SEO Premium plugin. -->","_links":{"self":[{"href":"https:\/\/app-fortunica.com\/br\/wp-json\/wp\/v2\/pages\/2394"}],"collection":[{"href":"https:\/\/app-fortunica.com\/br\/wp-json\/wp\/v2\/pages"}],"about":[{"href":"https:\/\/app-fortunica.com\/br\/wp-json\/wp\/v2\/types\/page"}],"author":[{"embeddable":true,"href":"https:\/\/app-fortunica.com\/br\/wp-json\/wp\/v2\/users\/34"}],"replies":[{"embeddable":true,"href":"https:\/\/app-fortunica.com\/br\/wp-json\/wp\/v2\/comments?post=2394"}],"version-history":[{"count":15,"href":"https:\/\/app-fortunica.com\/br\/wp-json\/wp\/v2\/pages\/2394\/revisions"}],"predecessor-version":[{"id":9678,"href":"https:\/\/app-fortunica.com\/br\/wp-json\/wp\/v2\/pages\/2394\/revisions\/9678"}],"wp:attachment":[{"href":"https:\/\/app-fortunica.com\/br\/wp-json\/wp\/v2\/media?parent=2394"}],"curies":[{"name":"wp","href":"https:\/\/api.w.org\/{rel}","templated":true}]}}