{"id":2652,"date":"2017-03-01T16:07:53","date_gmt":"2017-03-01T15:07:53","guid":{"rendered":"https:\/\/app-fortunica.com\/?page_id=2652\/"},"modified":"2019-04-10T17:08:04","modified_gmt":"2019-04-10T15:08:04","slug":"termos-e-condicoes","status":"publish","type":"page","link":"https:\/\/app-fortunica.com\/br\/termos-e-condicoes","title":{"rendered":"Termos &#038; Condi\u00e7\u00f5es"},"content":{"rendered":"<h5><strong>Termos e Condi\u00e7\u00f5es para o uso do aplicativo Fortunica<\/strong><\/h5>\n<p><strong>1 &#8211; \u00c2mbito<\/strong><\/p>\n<p>1.1\u00a0&#8211; Estes Termos e Condi\u00e7\u00f5es se aplicam ao uso do aplicativo &#8220;Fortunica&#8221; (doravante denominado &#8220;aplicativo&#8221;), disponibilizado pela adviqo GmbH, Max-Dohrn-Stra\u00dfe 8-10, 10589 Berlin (doravante denominada &#8220;adviqo&#8221;). Adicionalmente, tamb\u00e9m se aplicam os Termos e Condi\u00e7\u00f5es do provedor da respectiva app store. No entanto, se o usu\u00e1rio residir no Brasil e usar os m\u00e9todos de pagamento \u201ccart\u00e3o de cr\u00e9dito\u201d ou \u201cboleto banc\u00e1rio\u201d, aplica-se, no lugar do disposto, um contrato de utiliza\u00e7\u00e3o direto entre o respectivo usu\u00e1rio e o prestador de servi\u00e7os de pagamento primeiroPay. Nesse caso, s\u00e3o aplicados complementarmente tamb\u00e9m os Termos e Condi\u00e7\u00f5es Gerais da empresa primeiroPay, acess\u00edveis em <a href=\"http:\/\/primeiropay.com\/pub\/tcs_br.html\">http:\/\/primeiropay.com\/pub\/tcs_br.html<\/a>.<\/p>\n<p>1.2 &#8211; Caso necess\u00e1rio, a adviqo tem o direito de modificar estes Termos e Condi\u00e7\u00f5es, com efeitos para o futuro. Neste caso, a adviqo informar\u00e1 as mudan\u00e7as ao usu\u00e1rio de forma adequada. As mudan\u00e7as ser\u00e3o consideradas aceitas se o usu\u00e1rio n\u00e3o apresentar uma obje\u00e7\u00e3o por escrito ou por e-mail ao endere\u00e7o info@adviqo.com dentro de um prazo de 14 (quatorze) dias a partir da comunica\u00e7\u00e3o. Junto com a comunica\u00e7\u00e3o, a adviqo informar\u00e1 o usu\u00e1rio sobre o direito de obje\u00e7\u00e3o e as consequ\u00eancias legais do descumprimento do prazo. A adviqo tem o direito de rescindir o contrato com o usu\u00e1rio no caso de uma obje\u00e7\u00e3o.<\/p>\n<p>1.3 &#8211; Termos e Condi\u00e7\u00f5es divergentes, conflitantes ou suplementares do usu\u00e1rio, mesmo se reconhecidos, n\u00e3o far\u00e3o parte do contrato, a menos que a adviqo tenha, por escrito, concordado explicitamente com a sua validade.<\/p>\n<p><strong>2 &#8211; Servi\u00e7os, celebra\u00e7\u00e3o de contrato<\/strong><\/p>\n<p>2.1 &#8211; A adviqo disponibiliza ao usu\u00e1rio o aplicativo para dispositivos m\u00f3veis com acesso \u00e0 internet, como smartphones e tablet-PCs (doravante denominados coletivamente \u201cdispositivos\u201d). Por meio deste aplicativo, os usu\u00e1rios podem solicitar servi\u00e7os de consultoria pagos e gratuitos.<\/p>\n<p>2.2 &#8211; Ao realizar um cadastro, o usu\u00e1rio pode solicitar uma consulta paga com os nossos consultores; sem um cadastro, o usu\u00e1rio pode acompanhar, an\u00f4nima e gratuitamente, consultas na chamada \u201cTimeline\u201d. A partir do aplicativo, o respectivo consultor tamb\u00e9m est\u00e1 dispon\u00edvel via telefone. Para a consultoria por telefone, \u00e9 poss\u00edvel que seja exigido um novo cadastro no call center da adviqo. A inscri\u00e7\u00e3o no aplicativo em si \u00e9 gratuita. \u00c9 poss\u00edvel que sejam cobradas tarifas telef\u00f4nicas pelo provedor de rede.<\/p>\n<p>2.3 &#8211; Como parte da oferta paga, o usu\u00e1rio pode fazer uma pergunta concreta a um consultor aleat\u00f3rio ou selecionado. O pre\u00e7o v\u00e1lido para a resposta \u00e0 pergunta individual ser\u00e1 informado ao usu\u00e1rio antes do envio da pergunta; ao enviar a pergunta, o usu\u00e1rio confirma o pre\u00e7o, ou seja, a confirma\u00e7\u00e3o vale como oferta do usu\u00e1rio para o fechamento de um contrato. No mais tardar, a resposta \u00e0 pergunta pelo consultor vale como aceita\u00e7\u00e3o da oferta do usu\u00e1rio, e resulta em um fechamento do contrato, assim como na resposta a uma pergunta individual. O usu\u00e1rio se obriga a pagar o pre\u00e7o combinado no caso do agendamento de uma pergunta individual.<\/p>\n<p>2.4 &#8211; Como parte dos servi\u00e7os pagos, o usu\u00e1rio pode ainda adquirir pacotes de perguntas que lhe permitem fazer certo n\u00famero de perguntas dentro de determinado per\u00edodo. O pre\u00e7o e o per\u00edodo ser\u00e3o definidos pela op\u00e7\u00e3o selecionada pelo usu\u00e1rio; estes ser\u00e3o exibidos ao usu\u00e1rio por meio de uma comunica\u00e7\u00e3o que aparecer\u00e1 na tela. Ao clicar na comunica\u00e7\u00e3o que aparece, o usu\u00e1rio confirma o pre\u00e7o e o per\u00edodo, ou seja, a confirma\u00e7\u00e3o vale como oferta do usu\u00e1rio. No mais tardar quando o pacote de perguntas \u00e9 creditado na conta do usu\u00e1rio, isso vale como aceita\u00e7\u00e3o da oferta do usu\u00e1rio, e resulta no fechamento do contrato, ou seja, na aquisi\u00e7\u00e3o do pacote de perguntas. O direito do usu\u00e1rio de fazer um certo n\u00famero de perguntas pelo pre\u00e7o de pacote combinado termina com o t\u00e9rmino do per\u00edodo combinado. O usu\u00e1rio se obriga a pagar o pre\u00e7o combinado do pacote no caso do agendamento de um pacote de perguntas. Antes do t\u00e9rmino do prazo definido, n\u00e3o \u00e9 poss\u00edvel realizar uma rescis\u00e3o regular do acordo sobre o uso de um pacote de perguntas.<\/p>\n<p>2.5 &#8211; Todos os pre\u00e7os e taxas da adviqo incluem o Imposto sobre o Valor Acrescentado aplic\u00e1vel.<\/p>\n<p>2.6 &#8211;\u00a0A cobran\u00e7a das tarifas ocorre por interm\u00e9dio do respectivo provedor da app store, de acordo com a forma de pagamento escolhida pelo usu\u00e1rio.<\/p>\n<p>2.7 &#8211; O conte\u00fado dos servi\u00e7os fornecidos pelo aplicativo n\u00e3o inclui o uso da internet necess\u00e1rio para seu funcionamento. O usu\u00e1rio \u00e9 respons\u00e1vel pelo acesso \u00e0 internet, pelos requisitos t\u00e9cnicos, pela configura\u00e7\u00e3o e desempenho do dispositivo e pela atualidade do software necess\u00e1rio para o uso do aplicativo, assim como pelos custos decorrentes.<\/p>\n<p>2.8 &#8211; A adviqo somente disponibiliza o aplicativo. O usu\u00e1rio tem responsabilidade exclusiva por todo o conte\u00fado que envia durante o uso do aplicativo. A adviqo n\u00e3o \u00e9 obrigada a verificar se as informa\u00e7\u00f5es enviadas por usu\u00e1rios constituem poss\u00edveis viola\u00e7\u00f5es de leis. No entanto, caso a adviqo observe que determinado conte\u00fado (texto, v\u00eddeo, logo, etc.) viola a lei ou os direitos de terceiros, ela tem o direito de apagar o conte\u00fado em quest\u00e3o e de bloquear o usu\u00e1rio respons\u00e1vel sem aviso pr\u00e9vio.<\/p>\n<p>2.9 &#8211; O usu\u00e1rio concorda que, durante o uso do aplicativo, podem ser exibidos banners, v\u00eddeos promocionais e\/ou outras formas de publicidade.<\/p>\n<p><strong>3 &#8211; Direito de uso<\/strong><\/p>\n<p>3.1 &#8211; Somente usu\u00e1rios com 16 anos ou mais t\u00eam o direito de usar o aplicativo. Com rela\u00e7\u00e3o ao uso pago do aplicativo, os usu\u00e1rios devem ter pelo menos 18 anos de idade.<\/p>\n<p>3.2 &#8211; A adviqo garante ao usu\u00e1rio o direito simples e intransfer\u00edvel de fazer uso dos servi\u00e7os da adviqo atrav\u00e9s do aplicativo, na extens\u00e3o acordada. Portanto, a adviqo concede ao usu\u00e1rio, por meio do aplicativo, o direito simples e intransfer\u00edvel de instalar e usar o software em dispositivos do pr\u00f3prio usu\u00e1rio. O usu\u00e1rio somente pode utilizar o aplicativo para fins privados, n\u00e3o sendo permitida a utiliza\u00e7\u00e3o comercial.<\/p>\n<p>3.3 &#8211; A adviqo tem o direito de, ocasionalmente, disponibilizar atualiza\u00e7\u00f5es de software (updates), mas n\u00e3o est\u00e1 obrigada a faz\u00ea-lo.<\/p>\n<p><strong>4 &#8211; Direito de rescis\u00e3o para consumidores para servi\u00e7os pagos<\/strong><\/p>\n<p>Caso o usu\u00e1rio tenha a sua resid\u00eancia habitual na Europa, \u00e9 aplicado o seguinte:<\/p>\n<p><strong>AVISO SOBRE O DIREITO DE RESCIS\u00c3O<\/strong><\/p>\n<p><strong>Direito de rescis\u00e3o<\/strong><\/p>\n<p>Voc\u00ea tem o direito de rescindir este contrato dentro de 14 (quatorze) dias sem informar nenhum motivo.<\/p>\n<p>O prazo de rescis\u00e3o \u00e9 de 14 (quatorze) dias a partir do dia de fechamento do contrato.<\/p>\n<p>Para exercer seu direito de rescis\u00e3o, voc\u00ea precisa informar a n\u00f3s (adviqo GmbH, Max-Dohrn-Stra\u00dfe 8-10, 10589 Berlin, Telefone: +49(0)30 2244550, fax: +49 (0) 30 224455-0100; e-mail: info@fortunica-app.com), atrav\u00e9s de uma declara\u00e7\u00e3o clara (por exemplo, uma carta enviada pelo correio, um fax ou um e-mail), sobre sua decis\u00e3o de rescindir este contrato. Para isso, voc\u00ea pode usar o modelo de formul\u00e1rio de rescis\u00e3o em anexo, mas n\u00e3o \u00e9 obrigado a us\u00e1-lo.<\/p>\n<p>Para cumprir o prazo de rescis\u00e3o, \u00e9 suficiente enviar-nos a comunica\u00e7\u00e3o sobre o uso do direito de rescis\u00e3o antes do t\u00e9rmino do prazo de rescis\u00e3o.<\/p>\n<p><strong>Consequ\u00eancias da rescis\u00e3o<\/strong><\/p>\n<p>Se voc\u00ea rescindir esse contrato, n\u00f3s devolveremos a voc\u00ea todos os pagamentos que tenhamos recebido de voc\u00ea, incluindo os custos de entrega (com exce\u00e7\u00e3o dos custos adicionais que resultarem de uma escolha sua por outro tipo de entrega que n\u00e3o a entrega padr\u00e3o, de custo mais baixo, oferecida por n\u00f3s), imediatamente, e no mais tardar dentro de 14 (quatorze) dias a partir do dia em que tivermos recebido a comunica\u00e7\u00e3o sobre sua rescis\u00e3o deste contrato. Para essa devolu\u00e7\u00e3o, usaremos a mesma forma de pagamento que voc\u00ea tenha usado na transa\u00e7\u00e3o original, salvo se outro acordo tiver sido feito expressamente com voc\u00ea; nenhuma tarifa ser\u00e1 cobrada de voc\u00ea devido a essa devolu\u00e7\u00e3o, em hip\u00f3tese alguma.<\/p>\n<p>Se voc\u00ea tiver solicitado que a presta\u00e7\u00e3o dos servi\u00e7os come\u00e7asse durante o prazo de rescis\u00e3o, voc\u00ea dever\u00e1 nos pagar um valor adequado, correspondente \u00e0 parcela do volume de servi\u00e7os previsto no contrato que j\u00e1 foi prestada at\u00e9 o momento no qual voc\u00ea tenha nos informado sobre o uso do direito de rescis\u00e3o em rela\u00e7\u00e3o a este contrato.<\/p>\n<p><strong>FIM DO AVISO SOBRE O DIREITO DE RESCIS\u00c3O<\/strong><br \/>\n(Se voc\u00ea quiser rescindir este contrato, preencha este formul\u00e1rio e envie-o de volta para n\u00f3s.)<br \/>\n<strong>Modelo de formul\u00e1rio de rescis\u00e3o<\/strong><\/p>\n<p>adviqo GmbH, Max-Dohrn-Stra\u00dfe 8-10, 10589 Berlin, fax: +49 (0) 30 224455-0100, e-mail: info@fortunica-app.com:<\/p>\n<p>Efetuo(amos) por meio desta a rescis\u00e3o do contrato fechado por mim\/n\u00f3s (*) sobre a venda dos seguintes bens (*)\/ a presta\u00e7\u00e3o do seguinte servi\u00e7o (*)<\/p>\n<p>Solicitado(s) em (*)\/recebido(s) em (*)<\/p>\n<p>Nome(s) do(s) consumidor(es)<\/p>\n<p>Endere\u00e7o do(s) consumidor(es)<\/p>\n<p>Assinatura do(s) consumidor(es) (somente em caso de comunica\u00e7\u00e3o em papel impresso)<\/p>\n<p>Data<\/p>\n<p>(*) Riscar o que n\u00e3o se aplicar<\/p>\n<p><strong>5 &#8211; Direitos e deveres do usu\u00e1rio<\/strong><\/p>\n<p>5.1 &#8211; A adviqo disponibiliza somente as funcionalidades do aplicativo. O usu\u00e1rio n\u00e3o tem o direito de determinar a maneira como as perguntas ser\u00e3o respondidas.<\/p>\n<p>5.2 &#8211; A adviqo esfor\u00e7a-se para manter o aplicativo e os servi\u00e7os do aplicativo dispon\u00edveis sem interrup\u00e7\u00e3o, o m\u00e1ximo poss\u00edvel, para acesso e utiliza\u00e7\u00e3o. No entanto, mesmo com todo o cuidado, n\u00e3o \u00e9 poss\u00edvel descartar a possibilidade de per\u00edodos de inatividade \u2013 por exemplo, devido a trabalhos de manuten\u00e7\u00e3o e atualiza\u00e7\u00e3o de software, al\u00e9m de problemas t\u00e9cnicos ou outros al\u00e9m do alcance da adviqo. Portanto, o servi\u00e7o da adviqo limita-se \u00e0 disponibiliza\u00e7\u00e3o do aplicativo no \u00e2mbito das suas capacidades t\u00e9cnicas e operacionais. O usu\u00e1rio n\u00e3o pode fazer reivindica\u00e7\u00f5es em rela\u00e7\u00e3o a per\u00edodos de inatividade. Ademais, a adviqo n\u00e3o assume responsabilidade pelo estabelecimento, a manuten\u00e7\u00e3o e a qualidade t\u00e9cnica da comunica\u00e7\u00e3o.<\/p>\n<p>5.3 &#8211; O usu\u00e1rio est\u00e1 proibido de, durante a utiliza\u00e7\u00e3o do aplicativo, usar e, em particular, armazenar, reproduzir, distribuir, publicar, exibir, enviar e\/ou disponibilizar publicamente qualquer conte\u00fado ilegal ou que viole a dec\u00eancia comum. Conte\u00fados ilegais incluem aqueles que ferem direitos intelectuais, comerciais ou outros de terceiros, em particular direitos autorais, marcas registradas e direitos de personalidade de terceiros. Al\u00e9m disso, ao executar o aplicativo, o usu\u00e1rio est\u00e1 proibido de utilizar, reproduzir, distribuir, publicar, exibir e\/ou disponibilizar publicamente qualquer v\u00eddeo\/filme com conte\u00fado que constitua conduta criminal, pornogr\u00e1fico, prejudicial a menores, racista e\/ou que fa\u00e7a apologia \u00e0 viol\u00eancia.<\/p>\n<p>5.4 &#8211; Nos casos do item 5.3, a adviqo reserva-se o direito de n\u00e3o transmitir nem responder a perguntas do usu\u00e1rio. A adviqo tamb\u00e9m se reserva os direitos relevantes caso a pergunta de um usu\u00e1rio n\u00e3o possa ser respondida por raz\u00f5es l\u00f3gicas, por exemplo, se ela n\u00e3o constituir uma pergunta. Por\u00e9m, nesses casos persiste o direito de cobran\u00e7a de taxas por parte da adviqo.<\/p>\n<p>5.5 &#8211; O usu\u00e1rio garante expressamente que \u00e9 propriet\u00e1rio de todos os direitos relativos ao conte\u00fado que ele disponibiliza com o aplicativo.<\/p>\n<p>5.6 &#8211; O usu\u00e1rio isenta a adviqo de quaisquer reivindica\u00e7\u00f5es de terceiros em rela\u00e7\u00e3o a uma viola\u00e7\u00e3o das disposi\u00e7\u00f5es destes Termos e Condi\u00e7\u00f5es, especialmente das regras do item 5.3. A isen\u00e7\u00e3o abrange tamb\u00e9m custos e despesas (incluindo honor\u00e1rios adequados de advogados) incorridos para a adviqo devido a tais reivindica\u00e7\u00f5es.<\/p>\n<p>5.7 &#8211; A adviqo reserva-se o direito de adaptar ou ajustar, de forma permanente ou tempor\u00e1ria, os servi\u00e7os oferecidos para a melhoria do aplicativo ou a adapta\u00e7\u00e3o \u00e0 evolu\u00e7\u00e3o t\u00e9cnica ou jur\u00eddica.<\/p>\n<p><strong>6 &#8211; Transfer\u00eancia de direitos<\/strong><\/p>\n<p>O usu\u00e1rio concede \u00e0 adviqo o direito n\u00e3o-exclusivo, gratuito e ilimitado geograficamente de usar e, em particular, armazenar, reproduzir, distribuir, publicar, exibir, enviar, disponibilizar publicamente ou usar de outra forma os conte\u00fados disponibilizados pelo usu\u00e1rio durante a utiliza\u00e7\u00e3o do aplicativo, desde que isso seja necess\u00e1rio para a presta\u00e7\u00e3o dos servi\u00e7os da adviqo para este aplicativo.<\/p>\n<p><strong>7 &#8211; Responsabilidade<\/strong><\/p>\n<p>7.1 &#8211; A adviqo avisa que o usu\u00e1rio usufrui de servi\u00e7os pagos cujos fundamentos e efeitos nem sempre podem ser comprovados pelas descobertas da ci\u00eancia e da tecnologia, podendo apenas satisfazer uma convic\u00e7\u00e3o interior, uma cren\u00e7a resultante desta ou uma postura irracional, incompreens\u00edvel para terceiros, do usu\u00e1rio ou do consultor. \u00c9 poss\u00edvel que a adequa\u00e7\u00e3o e a capacidade desses servi\u00e7os para atingir o sucesso desejado pelo usu\u00e1rio n\u00e3o possam ser explicadas racionalmente.<\/p>\n<p>7.2 &#8211; A adviqo, assim como seus representantes legais, executivos ou outros agentes indiretos e assistentes, est\u00e1 isenta de qualquer pedido de indeniza\u00e7\u00e3o, salvo se houver um ato intencional ou negligente, ou se uma das obriga\u00e7\u00f5es contratuais essenciais (as chamadas obriga\u00e7\u00f5es cardinais) tiver sido violada. Fazem parte das obriga\u00e7\u00f5es cardinais as obriga\u00e7\u00f5es cuja viola\u00e7\u00e3o poria em risco a finalidade do contrato e com cujo cumprimento, portanto, o parceiro contratual pode contar regularmente. No caso de viola\u00e7\u00e3o de uma obriga\u00e7\u00e3o cardinal, a adviqo ser\u00e1 respons\u00e1vel por qualquer comportamento culposo de seus representantes legais, executivos ou outros agentes indiretos ou assistentes.<\/p>\n<p>7.3 &#8211; Em particular, respostas de consultores n\u00e3o s\u00e3o adequadas para, nem destinadas a, substituir o aconselhamento profissional de membros das categorias profissionais relevantes. Por isso, os consultores s\u00e3o proibidos, em especial, de fornecer informa\u00e7\u00f5es m\u00e9dicas, jur\u00eddicas e fiscais. A observ\u00e2ncia de conselhos de uma informa\u00e7\u00e3o dada n\u00e3o \u00e9 de responsabilidade da adviqo. Cada usu\u00e1rio \u00e9, portanto, respons\u00e1vel por seus atos.<\/p>\n<p>7.4 &#8211; As exonera\u00e7\u00f5es e limita\u00e7\u00f5es de responsabilidade acima referidas n\u00e3o se aplicam a danos resultantes de perda de vidas, les\u00f5es corporais ou danos para a sa\u00fade, da aceita\u00e7\u00e3o de uma garantia de qualidade ou de uma oculta\u00e7\u00e3o fraudulenta de defeitos por parte da adviqo. A responsabilidade conforme a lei de responsabilidade por produtos tamb\u00e9m permanece inalterada.<\/p>\n<p><strong>8 &#8211; Privacidade de dados<\/strong><\/p>\n<p>8.1 &#8211; A adviqo coleta, armazena e processa dados do usu\u00e1rio de acordo com a Pol\u00edtica de Privacidade, dispon\u00edvel no seguinte link: https:\/\/app-fortunica.com\/de\/datenschutz\/.<\/p>\n<p>8.2 &#8211; O usu\u00e1rio concorda com a coleta, o armazenamento e o tratamento de dados reunidos sobre ele, na extens\u00e3o, forma e finalidade descritos na Pol\u00edtica de Privacidade.<\/p>\n<p><strong>9 &#8211; Resolu\u00e7\u00e3o de lit\u00edgios<\/strong><\/p>\n<p>9.1 &#8211;\u00a0A Comiss\u00e3o Europeia disponibiliza no endere\u00e7o http:\/\/ec.europa.eu\/consumers\/odr uma plataforma para a resolu\u00e7\u00e3o de lit\u00edgios online (plataforma OS). Os consumidores t\u00eam a possibilidade de usar essa plataforma para a resolu\u00e7\u00e3o de seus lit\u00edgios.<\/p>\n<p>9.2 &#8211;\u00a0A adviqo n\u00e3o \u00e9 obrigada a participar de um processo de resolu\u00e7\u00e3o de lit\u00edgio em um \u00f3rg\u00e3o de concilia\u00e7\u00e3o para consumidores, e n\u00e3o est\u00e1 disposta a participar voluntariamente de tal processo.<\/p>\n<p><strong>10 &#8211; Designa\u00e7\u00e3o do direito aplic\u00e1vel, local de execu\u00e7\u00e3o, jurisdi\u00e7\u00e3o, cl\u00e1usula de salvaguarda<\/strong><\/p>\n<p>10.1 &#8211;\u00a0O direito aplic\u00e1vel \u00e9 o direito da Rep\u00fablica Federal da Alemanha, excluindo-se o direito sobre vendas da ONU (CISG). Se o cliente for um consumidor, esta designa\u00e7\u00e3o de direito aplic\u00e1vel somente \u00e9 v\u00e1lida contanto que ela n\u00e3o signifique a perda da prote\u00e7\u00e3o garantida pelas disposi\u00e7\u00f5es obrigat\u00f3rias do direito do Estado de resid\u00eancia habitual do consumidor.<\/p>\n<p>10.2 &#8211;\u00a0Se o cliente n\u00e3o for um consumidor, o local de execu\u00e7\u00e3o e o local de jurisdi\u00e7\u00e3o ser\u00e3o a sede da adviqo. O mesmo se aplica se o usu\u00e1rio n\u00e3o estiver sujeito a nenhuma jurisdi\u00e7\u00e3o geral na Alemanha ou na Uni\u00e3o Europeia, ou caso seu domic\u00edlio ou resid\u00eancia habitual n\u00e3o seja conhecido no momento da a\u00e7\u00e3o legal. A adviqo se reserva o direito de acionar um tribunal que esteja em outra jurisdi\u00e7\u00e3o legal.<\/p>\n<p>10.3 &#8211;\u00a0Se alguma disposi\u00e7\u00e3o destes Termos e Condi\u00e7\u00f5es n\u00e3o for v\u00e1lida, isso n\u00e3o afetar\u00e1 a validade das demais disposi\u00e7\u00f5es.<\/p>\n<p>&nbsp;<\/p>\n<p>Data: 09\/05\/2017<\/p>\n","protected":false},"excerpt":{"rendered":"<p>Termos e Condi\u00e7\u00f5es para o uso do aplicativo Fortunica 1 &#8211; \u00c2mbito 1.1\u00a0&#8211; Estes Termos e Condi\u00e7\u00f5es se aplicam ao uso do aplicativo &#8220;Fortunica&#8221; (doravante denominado &#8220;aplicativo&#8221;), disponibilizado pela adviqo &#8230; <\/p>\n<div><a href=\"https:\/\/app-fortunica.com\/br\/termos-e-condicoes\" class=\"more-link\">Read More<\/a><\/div>\n","protected":false},"author":34,"featured_media":0,"parent":0,"menu_order":0,"comment_status":"closed","ping_status":"closed","template":"","meta":[],"yoast_head":"<!-- This site is optimized with the Yoast SEO Premium plugin v15.2 - https:\/\/yoast.com\/wordpress\/plugins\/seo\/ -->\n<title>Termos &amp; Condi\u00e7\u00f5es - fortunica<\/title>\n<meta name=\"robots\" content=\"index, follow, max-snippet:-1, max-image-preview:large, max-video-preview:-1\" \/>\n<link rel=\"canonical\" href=\"https:\/\/app-fortunica.com\/br\/termos-e-condicoes\" \/>\n<meta property=\"og:locale\" content=\"en_US\" \/>\n<meta property=\"og:type\" content=\"article\" \/>\n<meta property=\"og:title\" content=\"Termos &amp; Condi\u00e7\u00f5es - fortunica\" \/>\n<meta property=\"og:description\" content=\"Termos e Condi\u00e7\u00f5es para o uso do aplicativo Fortunica 1 &#8211; \u00c2mbito 1.1\u00a0&#8211; Estes Termos e Condi\u00e7\u00f5es se aplicam ao uso do aplicativo &#8220;Fortunica&#8221; (doravante denominado &#8220;aplicativo&#8221;), disponibilizado pela adviqo ... Read More\" \/>\n<meta property=\"og:url\" content=\"https:\/\/app-fortunica.com\/br\/termos-e-condicoes\" \/>\n<meta property=\"og:site_name\" content=\"fortunica\" \/>\n<meta property=\"article:publisher\" content=\"https:\/\/www.facebook.com\/app.fortunica\/\" \/>\n<meta property=\"article:modified_time\" content=\"2019-04-10T15:08:04+00:00\" \/>\n<meta name=\"twitter:card\" content=\"summary\" \/>\n<meta name=\"twitter:label1\" value=\"Written by\">\n\t<meta name=\"twitter:data1\" value=\"advisor managers\">\n\t<meta name=\"twitter:label2\" value=\"Est. reading time\">\n\t<meta name=\"twitter:data2\" value=\"11 minutes\">\n<script type=\"application\/ld+json\" class=\"yoast-schema-graph\">{\"@context\":\"https:\/\/schema.org\",\"@graph\":[{\"@type\":\"WebSite\",\"@id\":\"https:\/\/app-fortunica.com\/#website\",\"url\":\"https:\/\/app-fortunica.com\/\",\"name\":\"fortunica\",\"description\":\"The #1 App for you to Connect with Spiritual Advisors\",\"potentialAction\":[{\"@type\":\"SearchAction\",\"target\":\"https:\/\/app-fortunica.com\/?s={search_term_string}\",\"query-input\":\"required name=search_term_string\"}],\"inLanguage\":\"br-BR\"},{\"@type\":\"WebPage\",\"@id\":\"https:\/\/app-fortunica.com\/br\/termos-e-condicoes#webpage\",\"url\":\"https:\/\/app-fortunica.com\/br\/termos-e-condicoes\",\"name\":\"Termos & Condi\\u00e7\\u00f5es - fortunica\",\"isPartOf\":{\"@id\":\"https:\/\/app-fortunica.com\/#website\"},\"datePublished\":\"2017-03-01T15:07:53+00:00\",\"dateModified\":\"2019-04-10T15:08:04+00:00\",\"inLanguage\":\"br-BR\",\"potentialAction\":[{\"@type\":\"ReadAction\",\"target\":[\"https:\/\/app-fortunica.com\/br\/termos-e-condicoes\"]}]}]}<\/script>\n<!-- \/ Yoast SEO Premium plugin. -->","_links":{"self":[{"href":"https:\/\/app-fortunica.com\/br\/wp-json\/wp\/v2\/pages\/2652"}],"collection":[{"href":"https:\/\/app-fortunica.com\/br\/wp-json\/wp\/v2\/pages"}],"about":[{"href":"https:\/\/app-fortunica.com\/br\/wp-json\/wp\/v2\/types\/page"}],"author":[{"embeddable":true,"href":"https:\/\/app-fortunica.com\/br\/wp-json\/wp\/v2\/users\/34"}],"replies":[{"embeddable":true,"href":"https:\/\/app-fortunica.com\/br\/wp-json\/wp\/v2\/comments?post=2652"}],"version-history":[{"count":10,"href":"https:\/\/app-fortunica.com\/br\/wp-json\/wp\/v2\/pages\/2652\/revisions"}],"predecessor-version":[{"id":8727,"href":"https:\/\/app-fortunica.com\/br\/wp-json\/wp\/v2\/pages\/2652\/revisions\/8727"}],"wp:attachment":[{"href":"https:\/\/app-fortunica.com\/br\/wp-json\/wp\/v2\/media?parent=2652"}],"curies":[{"name":"wp","href":"https:\/\/api.w.org\/{rel}","templated":true}]}}