{"id":2674,"date":"2017-03-01T16:19:59","date_gmt":"2017-03-01T15:19:59","guid":{"rendered":"https:\/\/app-fortunica.com\/?page_id=2674\/"},"modified":"2025-01-14T09:27:20","modified_gmt":"2025-01-14T08:27:20","slug":"contato","status":"publish","type":"page","link":"https:\/\/app-fortunica.com\/br\/contato","title":{"rendered":"Contato"},"content":{"rendered":"<p><span lang=\"en-US\"><b>adviqo GmbH http:\/\/www.adviqo.com<\/b><\/span><\/p>\n<p>adviqo GmbH<br \/>\nMax-Dohrn-Stra\u00dfe 8-10<br \/>\n10589 Berlin<\/p>\n<p>E-Mail:\u00a0ola@fortunica-app.com<\/p>\n<p><span lang=\"en-US\"><b>Diretores executivos<\/b><\/span><br \/>\nKristen Gall<br \/>\nNicolas Grumbach<\/p>\n<p><strong>Registrado no tribunal local em Berlim \u2013 Chalottenburg<\/strong><br \/>\n<span lang=\"en-US\">Registro commercial\u00a0Nr. <\/span>HRB 76491<br \/>\nN\u00famero de identifica\u00e7\u00e3o fiscal: 27\/030\/38038<br \/>\nCNPJ: DE352976949 (OT Ingenio Europe GmbH).<\/p>\n<p><strong>Comit\u00ea de Arb\u00edtrio<\/strong><\/p>\n<div class=\"\">\n<div class=\"WordSection1\">\n<div class=\"\"><span class=\"\" lang=\"PT-BR\">A Comiss\u00e3o Europeia oferece a possibilidade de resolu\u00e7\u00e3o de lit\u00edgios em linha em sua pr\u00f3pria plataforma. Esta plataforma est\u00e1 dispon\u00edvel no seguinte link: <\/span><a class=\"\" href=\"http:\/\/ec.europa.eu\/consumers\/odr\/\"><span class=\"\" lang=\"PT-BR\">http:\/\/ec.europa.eu\/consumers\/odr\/<\/span><\/a><span class=\"\" lang=\"PT-BR\">. N\u00f3s n\u00e3o somos legalmente obrigados a participar de <\/span><span class=\"\" lang=\"PT-BR\">inst\u00e2ncias de arbitragem e infelizmente n\u00e3o podemos participar em procedimentos desta natureza.<\/span><\/div>\n<div class=\"\"><span class=\"\" lang=\"PT-BR\">\u00a0<\/span><\/div>\n<div class=\"\"><strong><span class=\"\" lang=\"PT-BR\">Prote\u00e7\u00e3o de Dados<\/span><\/strong><\/div>\n<div class=\"\"><span class=\"\" lang=\"PT-BR\">Se voc\u00ea tem qualquer pergunta sobre prote\u00e7\u00e3o de dados, por favor nos contate:<\/span><\/div>\n<div class=\"\"><a class=\"\" href=\"mailto:datenschutz@adviqo.com\"><span class=\"\">datenschutz@adviqo.com<\/span><\/a><\/div>\n<div class=\"\"><span class=\"\" lang=\"PT-BR\">\u00a0<\/span><\/div>\n<\/div>\n<\/div>\n","protected":false},"excerpt":{"rendered":"<p>adviqo GmbH http:\/\/www.adviqo.com adviqo GmbH Max-Dohrn-Stra\u00dfe 8-10 10589 Berlin E-Mail:\u00a0ola@fortunica-app.com Diretores executivos Kristen Gall Nicolas Grumbach Registrado no tribunal local em Berlim \u2013 Chalottenburg Registro commercial\u00a0Nr. HRB 76491 N\u00famero de &#8230; <\/p>\n<div><a href=\"https:\/\/app-fortunica.com\/br\/contato\" class=\"more-link\">Read More<\/a><\/div>\n","protected":false},"author":34,"featured_media":0,"parent":0,"menu_order":0,"comment_status":"closed","ping_status":"closed","template":"","meta":[],"yoast_head":"<!-- This site is optimized with the Yoast SEO Premium plugin v15.2 - https:\/\/yoast.com\/wordpress\/plugins\/seo\/ -->\n<title>Contato - fortunica<\/title>\n<meta name=\"robots\" content=\"index, follow, max-snippet:-1, max-image-preview:large, max-video-preview:-1\" \/>\n<link rel=\"canonical\" href=\"https:\/\/app-fortunica.com\/br\/contato\" \/>\n<meta property=\"og:locale\" content=\"en_US\" \/>\n<meta property=\"og:type\" content=\"article\" \/>\n<meta property=\"og:title\" content=\"Contato - fortunica\" \/>\n<meta property=\"og:description\" content=\"adviqo GmbH http:\/\/www.adviqo.com adviqo GmbH Max-Dohrn-Stra\u00dfe 8-10 10589 Berlin E-Mail:\u00a0ola@fortunica-app.com Diretores executivos Kristen Gall Nicolas Grumbach Registrado no tribunal local em Berlim \u2013 Chalottenburg Registro commercial\u00a0Nr. HRB 76491 N\u00famero de ... Read More\" \/>\n<meta property=\"og:url\" content=\"https:\/\/app-fortunica.com\/br\/contato\" \/>\n<meta property=\"og:site_name\" content=\"fortunica\" \/>\n<meta property=\"article:publisher\" content=\"https:\/\/www.facebook.com\/app.fortunica\/\" \/>\n<meta property=\"article:modified_time\" content=\"2025-01-14T08:27:20+00:00\" \/>\n<meta name=\"twitter:card\" content=\"summary\" \/>\n<meta name=\"twitter:label1\" value=\"Written by\">\n\t<meta name=\"twitter:data1\" value=\"advisor managers\">\n\t<meta name=\"twitter:label2\" value=\"Est. reading time\">\n\t<meta name=\"twitter:data2\" value=\"1 minute\">\n<script type=\"application\/ld+json\" class=\"yoast-schema-graph\">{\"@context\":\"https:\/\/schema.org\",\"@graph\":[{\"@type\":\"WebSite\",\"@id\":\"https:\/\/app-fortunica.com\/#website\",\"url\":\"https:\/\/app-fortunica.com\/\",\"name\":\"fortunica\",\"description\":\"The #1 App for you to Connect with Spiritual Advisors\",\"potentialAction\":[{\"@type\":\"SearchAction\",\"target\":\"https:\/\/app-fortunica.com\/?s={search_term_string}\",\"query-input\":\"required name=search_term_string\"}],\"inLanguage\":\"br-BR\"},{\"@type\":\"WebPage\",\"@id\":\"https:\/\/app-fortunica.com\/br\/contato#webpage\",\"url\":\"https:\/\/app-fortunica.com\/br\/contato\",\"name\":\"Contato - fortunica\",\"isPartOf\":{\"@id\":\"https:\/\/app-fortunica.com\/#website\"},\"datePublished\":\"2017-03-01T15:19:59+00:00\",\"dateModified\":\"2025-01-14T08:27:20+00:00\",\"inLanguage\":\"br-BR\",\"potentialAction\":[{\"@type\":\"ReadAction\",\"target\":[\"https:\/\/app-fortunica.com\/br\/contato\"]}]}]}<\/script>\n<!-- \/ Yoast SEO Premium plugin. -->","_links":{"self":[{"href":"https:\/\/app-fortunica.com\/br\/wp-json\/wp\/v2\/pages\/2674"}],"collection":[{"href":"https:\/\/app-fortunica.com\/br\/wp-json\/wp\/v2\/pages"}],"about":[{"href":"https:\/\/app-fortunica.com\/br\/wp-json\/wp\/v2\/types\/page"}],"author":[{"embeddable":true,"href":"https:\/\/app-fortunica.com\/br\/wp-json\/wp\/v2\/users\/34"}],"replies":[{"embeddable":true,"href":"https:\/\/app-fortunica.com\/br\/wp-json\/wp\/v2\/comments?post=2674"}],"version-history":[{"count":11,"href":"https:\/\/app-fortunica.com\/br\/wp-json\/wp\/v2\/pages\/2674\/revisions"}],"predecessor-version":[{"id":18734,"href":"https:\/\/app-fortunica.com\/br\/wp-json\/wp\/v2\/pages\/2674\/revisions\/18734"}],"wp:attachment":[{"href":"https:\/\/app-fortunica.com\/br\/wp-json\/wp\/v2\/media?parent=2674"}],"curies":[{"name":"wp","href":"https:\/\/api.w.org\/{rel}","templated":true}]}}