{"id":4372,"date":"2017-06-06T17:33:13","date_gmt":"2017-06-06T15:33:13","guid":{"rendered":"https:\/\/app-fortunica.com\/?page_id=4372\/"},"modified":"2023-04-06T13:16:55","modified_gmt":"2023-04-06T11:16:55","slug":"inspiracao","status":"publish","type":"page","link":"https:\/\/app-fortunica.com\/br\/inspiracao","title":{"rendered":"Psychic Inspiration"},"content":{"rendered":"<div id=\"cs-content\" class=\"cs-content\" ><div id=\"x-section-1\" class=\"x-section\" style=\"margin: 0px;padding: 0px; background-color: hsl(0, 0%, 100%);\"  ><div class=\"x-container max width\" style=\"margin: 0px auto;padding: 0px;\"  ><div  class=\"x-column x-sm x-1-1\" style=\"padding: 0px;\" ><h2  class=\"h-custom-headline cs-ta-center h3\" ><span>O que perguntar?<\/span><\/h2><div class=\"x-text a1\" style=\"line-height: 1.5;\"  ><p>Como posso escrever minha pergunta da melhor maneira poss\u00edvel para receber uma resposta poderosa? D\u00ea uma olhada em alguns exemplos e encontre sua inspira\u00e7\u00e3o.<\/p>\n<\/div><\/div><\/div><\/div><div id=\"x-section-2\" class=\"x-section\" style=\"margin: 0px;padding: 0px 0px 20px; background-color: hsl(0, 0%, 100%);\"  ><div class=\"x-container max width\" style=\"margin: 0px auto;padding: 0px;\"  ><div  class=\"x-column x-sm x-1-2\" style=\"padding: 0px;\" ><div class=\"x-text im1\"  ><p><img decoding=\"async\" loading=\"lazy\" class=\"aligncenter wp-image-7445 size-full\" src=\"https:\/\/app-fortunica-content.s3.eu-central-1.amazonaws.com\/prod\/app\/uploads\/2018\/06\/purple_heart_user_2.gif\" alt=\"\" width=\"490\" height=\"473\" \/><\/p>\n<\/div><\/div><div  class=\"x-column x-sm x-1-2\" style=\"padding: 0px;\" ><h3  class=\"h-custom-headline h4\" ><span>&#8220;Ele ainda me ama?&#8221;<\/span><\/h3><div class=\"x-text a1\" style=\"line-height: 1.5;\"  ><p>&#8220;Ol\u00e1, meu nome \u00e9 Carla Soares (20\/05\/1985, nascido em S\u00e3o Paulo). Meu namorado Ariel Gon\u00e7alves (18\/8\/1980) fala muito sobre essa nova colega (J\u00falia Santos). \u00c9 poss\u00edvel que eles estejam tendo um caso? Recentemente, ele se afastou de mim e muitas vezes voltou para casa tarde do escrit\u00f3rio. Voc\u00ea pode fazer uma leitura de tar\u00f4 sobre n\u00f3s e me dar alguns conselhos?&#8221;<\/p>\n<\/div><\/div><\/div><\/div><div id=\"x-section-3\" class=\"x-section\" style=\"margin: 0px;padding: 0px 0px 20px; background-color: hsl(0, 0%, 100%);\"  ><div class=\"x-container max width\" style=\"margin: 0px auto;padding: 0px;\"  ><div  class=\"x-column x-sm right x-1-2\" style=\"padding: 0px;\" ><div class=\"x-text im1\"  ><p><img decoding=\"async\" loading=\"lazy\" class=\"aligncenter wp-image-7464 size-full\" src=\"https:\/\/app-fortunica-content.s3.eu-central-1.amazonaws.com\/prod\/app\/uploads\/2018\/06\/purple_career_user_7.gif\" alt=\"\" width=\"496\" height=\"480\" \/><\/p>\n<\/div><\/div><div  class=\"x-column x-sm x-1-2\" style=\"padding: 0px;\" ><h3  class=\"h-custom-headline h4\" ><span>&#8220;Estou me sentindo preso na minha carreira..&#8221;<\/span><\/h3><div class=\"x-text a1\" style=\"line-height: 1.5;\"  ><p>&#8220;Ol\u00e1, meu nome completo \u00e9 Maria Pereira. Eu nasci em 15\/8\/1979, em Belo Horizonte. Eu trabalho como gerente de marketing em uma grande empresa nessa mesma cidade, mas me sinto presa em minha carreira. Qual \u00e9 a melhor maneira de escapar dessa rotina?&#8221;<\/p>\n<\/div><\/div><\/div><\/div><div id=\"x-section-4\" class=\"x-section\" style=\"margin: 0px;padding: 0px 0px 20px; background-color: hsl(0, 0%, 100%);\"  ><div class=\"x-container max width\" style=\"margin: 0px auto;padding: 0px;\"  ><div  class=\"x-column x-sm x-1-2\" style=\"padding: 0px;\" ><div class=\"x-text im1\"  ><p><img decoding=\"async\" loading=\"lazy\" class=\"aligncenter wp-image-7473 size-full\" src=\"https:\/\/app-fortunica-content.s3.eu-central-1.amazonaws.com\/prod\/app\/uploads\/2018\/06\/animation_new_love.gif\" alt=\"\" width=\"497\" height=\"481\" \/><\/p>\n<\/div><\/div><div  class=\"x-column x-sm x-1-2\" style=\"padding: 0px;\" ><h3  class=\"h-custom-headline h4\" ><span>&#8220;N\u00f3s vamos ficar juntos?&#8221;<\/span><\/h3><div class=\"x-text a1\" style=\"line-height: 1.5;\"  ><p>&#8220;Ol\u00e1, sou J.T.G. (11\/08\/1987, nascido em Porto Alegre) e eu queria saber se L.M. (09\/10\/1985, nascido em Caxias do Sul) est\u00e1 pensando em mim ultimamente. N\u00f3s tivemos algo no passado e agora estamos nos aproximando novamente. Eu gostaria de saber o que as estrelas e seus guias espirituais veem para n\u00f3s, devo seguir meus instintos e investir nesta coisa que temos?! Muito obrigado!&#8221;<\/p>\n<\/div><\/div><\/div><\/div><div id=\"x-section-5\" class=\"x-section\" style=\"margin: 0px;padding: 0px 0px 20px; background-color: hsla(311, 43%, 76%, 0.03);\"  ><div class=\"x-container max width\" style=\"margin: 0px auto;padding: 0px;\"  ><div  class=\"x-column x-sm x-1-1\" style=\"padding: 0px 0px 40px;\" ><h3  class=\"h-custom-headline cs-ta-center h4\" ><span>Pequenas dicas para uma excelente pergunta<\/span><\/h3><\/div><\/div><div class=\"x-container max width\" style=\"margin: 0px auto;padding: 0px;\"  ><div  class=\"x-column x-sm x-1-3\" style=\"padding: 0px;\" ><div class=\"x-text\"  ><p style=\"text-align: center;\"><img decoding=\"async\" loading=\"lazy\" class=\"aligncenter wp-image-7505\" src=\"https:\/\/app-fortunica-content.s3.eu-central-1.amazonaws.com\/prod\/app\/uploads\/2018\/06\/personal_info_what_to_ask.png\" alt=\"\" width=\"72\" height=\"68\" \/><\/p>\n<\/div><h4  class=\"h-custom-headline cs-ta-center h5\" ><span>1. Nome Completo<\/span><\/h4><div class=\"x-text a1\" style=\"line-height: 1.5;\"  ><p> Escreva seu nome completo ou suas iniciais, por exemplo, Maria Pereira ou M.P. Tenha em mente que \u00e9 bom fornecer aos seus Guias o nome da pessoa em quem voc\u00ea est\u00e1 interessado ou se relacionando..<\/p>\n<\/div><\/div><div  class=\"x-column x-sm x-1-3\" style=\"padding: 0px;\" ><div class=\"x-text\"  ><p><img decoding=\"async\" loading=\"lazy\" class=\"aligncenter wp-image-7500\" src=\"https:\/\/app-fortunica-content.s3.eu-central-1.amazonaws.com\/prod\/app\/uploads\/2018\/06\/birthday_place_what_to_ask.png\" alt=\"\" width=\"72\" height=\"71\" \/><\/p>\n<\/div><h4  class=\"h-custom-headline cs-ta-center h5\" ><span>2. Data de Nascimento<\/span><\/h4><div class=\"x-text a1\" style=\"line-height: 1.5;\"  ><p> Al\u00e9m de fornecer seu nome, enviando sua Data de Nascimento para seu Guia, eles poder\u00e3o realizar suas leituras com muito mais profundidade.<\/p>\n<\/div><\/div><div  class=\"x-column x-sm x-1-3\" style=\"padding: 0px;\" ><div class=\"x-text\"  ><p style=\"text-align: center;\"><img decoding=\"async\" loading=\"lazy\" class=\"aligncenter wp-image-7510\" src=\"https:\/\/app-fortunica-content.s3.eu-central-1.amazonaws.com\/prod\/app\/uploads\/2018\/06\/write_q_what_to_ask.png\" alt=\"\" width=\"72\" height=\"71\" \/><\/p>\n<\/div><h4  class=\"h-custom-headline cs-ta-center h5\" ><span>3. Escreva uma \u00f3tima pergunta<\/span><\/h4><div class=\"x-text a1\" style=\"line-height: 1.5;\"  ><p> Agora \u00e9 hora de voc\u00ea escrever sobre sua situa\u00e7\u00e3o e fazer sua pergunta. Al\u00e9m disso, se voc\u00ea quiser que seu Guia use um m\u00e9todo espec\u00edfico, informe-os.<\/p>\n<\/div><\/div><\/div><\/div><div id=\"x-section-6\" class=\"x-section\" style=\"margin: 0px;padding: 0px 0px 20px; background-color: hsl(0, 0%, 100%);\"  ><div class=\"x-container max width\" style=\"margin: 0px auto;padding: 0px;\"  ><div  class=\"x-column x-sm x-1-1\" style=\"padding: 0px;\" ><h3  class=\"h-custom-headline cs-ta-center h4\" ><span>Precisa de mais inspira\u00e7\u00e3o?<\/span><\/h3><div class=\"x-text a1\" style=\"line-height: 1.5;\"  ><p>Ainda n\u00e3o tem certeza sobre o que perguntar? Depois de conversar com nossos Guias, descobrimos que eles ajudam mais as pessoas com situa\u00e7\u00f5es no amor e relacionamentos, carreiras, sonhos e bem-estar. Por que n\u00e3o dar uma olhada em alguns dos exemplos abaixo dos tipos de perguntas com as quais nossos Guias ajudaram outras pessoas? Usando o conselho acima, e realmente pensando sobre a pergunta que voc\u00ea quer perguntar aos or\u00e1culos, voc\u00ea ser\u00e1 capaz de ver a melhora em sua vida que voc\u00ea merece.<\/p>\n<\/div><\/div><\/div><div class=\"x-container max width\" style=\"margin: 0px auto;padding: 20px 0px;\"  ><div  class=\"x-column x-sm x-1-3\" style=\"padding: 0px;\" ><div class=\"x-text\"  ><p><img decoding=\"async\" loading=\"lazy\" class=\"aligncenter wp-image-7527\" src=\"https:\/\/app-fortunica-content.s3.eu-central-1.amazonaws.com\/prod\/app\/uploads\/2018\/06\/heart.png\" alt=\"\" width=\"140\" height=\"125\" srcset=\"https:\/\/app-fortunica-content.s3.eu-central-1.amazonaws.com\/prod\/app\/uploads\/2018\/06\/heart.png 201w, https:\/\/app-fortunica-content.s3.eu-central-1.amazonaws.com\/prod\/app\/uploads\/2018\/06\/heart-100x90.png 100w\" sizes=\"(max-width: 140px) 100vw, 140px\" \/><\/p>\n<\/div><\/div><div  class=\"x-column x-sm x-2-3\" style=\"padding: 0px;\" ><div class=\"x-text a1\" style=\"line-height: 1.5;\"  ><p><span style=\"font-size: 22px; color: #272727; font-weight: bold;\">Amor e Relacionamentos <\/span><br \/>\n&#8211; Quando vou encontrar a minha alma g\u00eamea?<br \/>\n&#8211; Tem algu\u00e9m me amando em segredo?<br \/>\n&#8211; Ele me prometeu que me mandaria mensagem, mas ainda n\u00e3o mandou. Ele esqueceu ou n\u00e3o est\u00e1 interessado?<br \/>\n&#8211; Foi s\u00f3 amor de uma noite, ou n\u00f3s ficaremos juntos para sempre?<br \/>\n&#8211; Meu marido est\u00e1 ficando sempre at\u00e9 tarde no trabalho, eu acho que ele est\u00e1 com outra pessoa, o que voc\u00ea v\u00ea?<br \/>\n&#8211; Eu e minha esposa somos realmente compat\u00edveis?<\/p>\n<\/div><\/div><\/div><div class=\"x-container max width\" style=\"margin: 0px auto;padding: 20px 0px;\"  ><div  class=\"x-column x-sm x-1-3\" style=\"padding: 0px;\" ><div class=\"x-text\"  ><p><img decoding=\"async\" loading=\"lazy\" class=\"aligncenter wp-image-7532\" src=\"https:\/\/app-fortunica-content.s3.eu-central-1.amazonaws.com\/prod\/app\/uploads\/2018\/06\/career_full.png\" alt=\"\" width=\"140\" height=\"128\" srcset=\"https:\/\/app-fortunica-content.s3.eu-central-1.amazonaws.com\/prod\/app\/uploads\/2018\/06\/career_full.png 230w, https:\/\/app-fortunica-content.s3.eu-central-1.amazonaws.com\/prod\/app\/uploads\/2018\/06\/career_full-100x92.png 100w\" sizes=\"(max-width: 140px) 100vw, 140px\" \/><\/p>\n<\/div><\/div><div  class=\"x-column x-sm x-2-3\" style=\"padding: 0px;\" ><div class=\"x-text a1\" style=\"line-height: 1.5;\"  ><p><span style=\"font-size: 22px; color: #272727; font-weight: bold;\">Carreira e Educa\u00e7\u00e3o<\/span><br \/>\n&#8211; Eu j\u00e1 tentei v\u00e1rias vezes come\u00e7ar o meu pr\u00f3prio neg\u00f3cio, mas nunca deu certo. devo continuar tentando?<br \/>\n&#8211; Eu estou tendo um problema com o meu chefe. Voc\u00ea acha que vai melhorar ou eu devo me demitir?<br \/>\n&#8211; Eu n\u00e3o acho que meu colegas de trabalho gostam de mim, o que eu devo fazer?<br \/>\n&#8211; Eu recebi uma nova proposta de trabalho, seria essa a hora certa de aceitar?<br \/>\n&#8211; Eu deveria terminar a minha faculdade, ou eu deveria come\u00e7ar a procurar um trabalho?<br \/>\n&#8211; Qual carreira eu devo escolher, minha fam\u00edlia quer que eu seja m\u00e9dico , mas eu deveria seguir minhas paix\u00f5es?<\/p>\n<\/div><\/div><\/div><div class=\"x-container max width\" style=\"margin: 0px auto;padding: 20px 0px;\"  ><div  class=\"x-column x-sm x-1-3\" style=\"padding: 0px;\" ><div class=\"x-text\"  ><p><img decoding=\"async\" loading=\"lazy\" class=\"wp-image-7538 aligncenter\" src=\"https:\/\/app-fortunica-content.s3.eu-central-1.amazonaws.com\/prod\/app\/uploads\/2018\/06\/spirituality_what_to_ask.png\" alt=\"\" width=\"140\" height=\"147\" srcset=\"https:\/\/app-fortunica-content.s3.eu-central-1.amazonaws.com\/prod\/app\/uploads\/2018\/06\/spirituality_what_to_ask.png 230w, https:\/\/app-fortunica-content.s3.eu-central-1.amazonaws.com\/prod\/app\/uploads\/2018\/06\/spirituality_what_to_ask-100x105.png 100w\" sizes=\"(max-width: 140px) 100vw, 140px\" \/><\/p>\n<\/div><\/div><div  class=\"x-column x-sm x-2-3\" style=\"padding: 0px;\" ><div class=\"x-text a1\" style=\"line-height: 1.5;\"  ><p><span style=\"font-size: 22px; color: #272727; font-weight: bold;\">Espiritualidade e Sonhos<\/span><br \/>\n&#8211; Qual \u00e9 o meu prop\u00f3sito na vida?<br \/>\n&#8211; Eu tenho algum dom espiritual, se sim, qual seria?<br \/>\n&#8211; O que o universo quer que eu saiba agora?<br \/>\n&#8211; Eu tenho um sonho recorrente de que estou correndo, mas n\u00e3o chego a lugar algum, qual \u00e9 o significado?<br \/>\n&#8211; Eu sinto que estou perdendo alguma coisa, o que seria?<br \/>\n&#8211; Existe alguma coisa que eu estou fazendo agora que prejudicar\u00e1 o meu futuro?<\/p>\n<\/div><\/div><\/div><div class=\"x-container max width\" style=\"margin: 0px auto;padding: 20px 0px;\"  ><div  class=\"x-column x-sm x-1-3\" style=\"padding: 0px;\" ><div class=\"x-text\"  ><p><img decoding=\"async\" loading=\"lazy\" class=\"wp-image-7543 aligncenter\" src=\"https:\/\/app-fortunica-content.s3.eu-central-1.amazonaws.com\/prod\/app\/uploads\/2018\/06\/wellness_what_to_ask.png\" alt=\"\" width=\"140\" height=\"150\" srcset=\"https:\/\/app-fortunica-content.s3.eu-central-1.amazonaws.com\/prod\/app\/uploads\/2018\/06\/wellness_what_to_ask.png 230w, https:\/\/app-fortunica-content.s3.eu-central-1.amazonaws.com\/prod\/app\/uploads\/2018\/06\/wellness_what_to_ask-100x107.png 100w\" sizes=\"(max-width: 140px) 100vw, 140px\" \/><\/p>\n<\/div><\/div><div  class=\"x-column x-sm x-2-3\" style=\"padding: 0px;\" ><div class=\"x-text a1\" style=\"line-height: 1.5;\"  ><p><span style=\"font-size: 22px; color: #272727; font-weight: bold;\">Bem estar e Destino<\/span><br \/>\n&#8211; Qual colar eu deveria usar que me deixar\u00e1 confiante?<br \/>\n&#8211; O que eu preciso fazer para come\u00e7ar a ser mais feliz?<br \/>\n&#8211; Eu estou com m\u00e1 sorte nessas \u00faltimas semanas, o que est\u00e1 acontecendo?<br \/>\n&#8211; O que est\u00e1 influenciando minha vida negativamente?<br \/>\n&#8211; Por que eu continuo enfrentando os mesmos problemas sempre?<br \/>\n&#8211; O que eu devo fazer para melhorar o meu n\u00edvel de estress?<\/p>\n<\/div><\/div><\/div><\/div><div id=\"x-section-7\" class=\"x-section\" style=\"margin: 0px;padding: 0px 0px 20px; background-color: hsla(311, 43%, 76%, 0.03);\"  ><div class=\"x-container max width\" style=\"margin: 0px auto;padding: 0px;\"  ><div  class=\"x-column x-sm x-1-1\" style=\"padding: 0px;\" ><h3  class=\"h-custom-headline cs-ta-center h4\" ><span>O que n\u00e3o perguntar<\/span><\/h3><div class=\"x-text a1\" style=\"line-height: 1.5;\"  ><p>Os guias no fortunica est\u00e3o sempre felizes, e prontos para te ajudar a tomar as melhores decis\u00f5es. No entanto, para que todos tenham uma experi\u00eancia segura e divertida ao usar o fortunica, voc\u00ea n\u00e3o pode perguntar a um guia sobre as categorias abaixo. Lembre-se de que, se voc\u00ea perguntar a um guia sobre esses t\u00f3picos, eles n\u00e3o poder\u00e3o responder e, em vez disso, fornecer\u00e3o uma leitura geral. <\/p>\n<\/div><\/div><\/div><div class=\"x-container max width\" style=\"margin: 0px auto;padding: 0px;\"  ><div  class=\"x-column x-sm x-1-3\" style=\"padding: 0px;\" ><div class=\"x-text a1\" style=\"line-height: 1.5;\"  ><p><span style=\"font-size: 22px; color: #272727; font-weight: bold;\"><span style=\"color: #ff0000;\">x<\/span> Sa\u00fade<\/span><br \/>\n&#8211; Gravidez<br \/>\n&#8211; Doen\u00e7as\/ sa\u00fade<br \/>\n&#8211; Morte<\/p>\n<\/div><\/div><div  class=\"x-column x-sm x-1-3\" style=\"padding: 0px;\" ><div class=\"x-text a1\" style=\"line-height: 1.5;\"  ><p><span style=\"font-size: 22px; color: #272727; font-weight: bold;\"><span style=\"color: #ff0000;\">x<\/span> Finan\u00e7as<\/span><br \/>\n&#8211; Loteria<br \/>\n&#8211; Seguros em geral<br \/>\n&#8211; Regulamenta\u00e7\u00f5es<\/p>\n<\/div><\/div><div  class=\"x-column x-sm x-1-3\" style=\"padding: 0px;\" ><div class=\"x-text a1\" style=\"line-height: 1.5;\"  ><p><span style=\"font-size: 22px; color: #272727; font-weight: bold;\"><span style=\"color: #ff0000;\">x<\/span> Diversos<\/span><br \/>\n&#8211; Casos jur\u00eddicos<br \/>\n&#8211; Magia negra<br \/>\n&#8211; Maldi\u00e7\u00f5es<\/p>\n<\/div><\/div><\/div><\/div><\/div>\n","protected":false},"excerpt":{"rendered":"<p>O que perguntar?Como posso escrever minha pergunta da melhor maneira poss\u00edvel para receber uma resposta poderosa? D\u00ea uma olhada em alguns exemplos e encontre sua inspira\u00e7\u00e3o. &#8220;Ele ainda me ama?&#8221;&#8221;Ol\u00e1, &#8230; <\/p>\n<div><a href=\"https:\/\/app-fortunica.com\/br\/inspiracao\" class=\"more-link\">Read More<\/a><\/div>\n","protected":false},"author":34,"featured_media":0,"parent":0,"menu_order":0,"comment_status":"closed","ping_status":"closed","template":"template-blank-4.php","meta":[],"yoast_head":"<!-- This site is optimized with the Yoast SEO Premium plugin v15.2 - https:\/\/yoast.com\/wordpress\/plugins\/seo\/ -->\n<title>Inspira\u00e7\u00e3o Ps\u00edquica - Inspira-te e Torna-te uma fortunica Pro!<\/title>\n<meta name=\"description\" content=\"Quer o melhor conselho ps\u00edquico? Verifique aqui para se inspirar e aprender a fazer as melhores perguntas sobre a aplica\u00e7\u00e3o fortunica.\" \/>\n<meta name=\"robots\" content=\"index, follow, max-snippet:-1, max-image-preview:large, max-video-preview:-1\" \/>\n<link rel=\"canonical\" href=\"https:\/\/app-fortunica.com\/br\/inspiracao\" \/>\n<meta property=\"og:locale\" content=\"en_US\" \/>\n<meta property=\"og:type\" content=\"article\" \/>\n<meta property=\"og:title\" content=\"Inspira\u00e7\u00e3o Ps\u00edquica - Inspira-te e Torna-te uma fortunica Pro!\" \/>\n<meta property=\"og:description\" content=\"Quer o melhor conselho ps\u00edquico? Verifique aqui para se inspirar e aprender a fazer as melhores perguntas sobre a aplica\u00e7\u00e3o fortunica.\" \/>\n<meta property=\"og:url\" content=\"https:\/\/app-fortunica.com\/br\/inspiracao\" \/>\n<meta property=\"og:site_name\" content=\"fortunica\" \/>\n<meta property=\"article:publisher\" content=\"https:\/\/www.facebook.com\/app.fortunica\/\" \/>\n<meta property=\"article:modified_time\" content=\"2023-04-06T11:16:55+00:00\" \/>\n<meta property=\"og:image\" content=\"https:\/\/app-fortunica.com\/app\/uploads\/2018\/06\/purple_heart_user_2.gif\" \/>\n<meta name=\"twitter:card\" content=\"summary\" \/>\n<meta name=\"twitter:label1\" value=\"Written by\">\n\t<meta name=\"twitter:data1\" value=\"advisor managers\">\n\t<meta name=\"twitter:label2\" value=\"Est. reading time\">\n\t<meta name=\"twitter:data2\" value=\"12 minutes\">\n<script type=\"application\/ld+json\" class=\"yoast-schema-graph\">{\"@context\":\"https:\/\/schema.org\",\"@graph\":[{\"@type\":\"WebSite\",\"@id\":\"https:\/\/app-fortunica.com\/#website\",\"url\":\"https:\/\/app-fortunica.com\/\",\"name\":\"fortunica\",\"description\":\"The #1 App for you to Connect with Spiritual Advisors\",\"potentialAction\":[{\"@type\":\"SearchAction\",\"target\":\"https:\/\/app-fortunica.com\/?s={search_term_string}\",\"query-input\":\"required name=search_term_string\"}],\"inLanguage\":\"br-BR\"},{\"@type\":\"ImageObject\",\"@id\":\"https:\/\/app-fortunica.com\/br\/inspiracao#primaryimage\",\"inLanguage\":\"br-BR\",\"url\":\"https:\/\/app-fortunica.com\/app\/uploads\/2018\/06\/purple_heart_user_2.gif\"},{\"@type\":\"WebPage\",\"@id\":\"https:\/\/app-fortunica.com\/br\/inspiracao#webpage\",\"url\":\"https:\/\/app-fortunica.com\/br\/inspiracao\",\"name\":\"Inspira\\u00e7\\u00e3o Ps\\u00edquica - Inspira-te e Torna-te uma fortunica Pro!\",\"isPartOf\":{\"@id\":\"https:\/\/app-fortunica.com\/#website\"},\"primaryImageOfPage\":{\"@id\":\"https:\/\/app-fortunica.com\/br\/inspiracao#primaryimage\"},\"datePublished\":\"2017-06-06T15:33:13+00:00\",\"dateModified\":\"2023-04-06T11:16:55+00:00\",\"description\":\"Quer o melhor conselho ps\\u00edquico? Verifique aqui para se inspirar e aprender a fazer as melhores perguntas sobre a aplica\\u00e7\\u00e3o fortunica.\",\"inLanguage\":\"br-BR\",\"potentialAction\":[{\"@type\":\"ReadAction\",\"target\":[\"https:\/\/app-fortunica.com\/br\/inspiracao\"]}]}]}<\/script>\n<!-- \/ Yoast SEO Premium plugin. -->","_links":{"self":[{"href":"https:\/\/app-fortunica.com\/br\/wp-json\/wp\/v2\/pages\/4372"}],"collection":[{"href":"https:\/\/app-fortunica.com\/br\/wp-json\/wp\/v2\/pages"}],"about":[{"href":"https:\/\/app-fortunica.com\/br\/wp-json\/wp\/v2\/types\/page"}],"author":[{"embeddable":true,"href":"https:\/\/app-fortunica.com\/br\/wp-json\/wp\/v2\/users\/34"}],"replies":[{"embeddable":true,"href":"https:\/\/app-fortunica.com\/br\/wp-json\/wp\/v2\/comments?post=4372"}],"version-history":[{"count":31,"href":"https:\/\/app-fortunica.com\/br\/wp-json\/wp\/v2\/pages\/4372\/revisions"}],"predecessor-version":[{"id":11820,"href":"https:\/\/app-fortunica.com\/br\/wp-json\/wp\/v2\/pages\/4372\/revisions\/11820"}],"wp:attachment":[{"href":"https:\/\/app-fortunica.com\/br\/wp-json\/wp\/v2\/media?parent=4372"}],"curies":[{"name":"wp","href":"https:\/\/api.w.org\/{rel}","templated":true}]}}