{"id":7639,"date":"2018-07-19T16:19:57","date_gmt":"2018-07-19T14:19:57","guid":{"rendered":"https:\/\/app-fortunica.com\/?page_id=7639"},"modified":"2023-08-14T12:47:16","modified_gmt":"2023-08-14T10:47:16","slug":"dlink_fortunica","status":"publish","type":"page","link":"https:\/\/app-fortunica.com\/br\/dlink_fortunica","title":{"rendered":"dlink_fortunica"},"content":{"rendered":"<div id=\"cs-content\" class=\"cs-content\" ><div id=\"x-section-1\" class=\"x-section\" style=\"margin: 0px;padding: 45px 0px; background-color: hsl(0, 0%, 100%);\"  ><div class=\"x-container max width\" style=\"margin: 0px auto;padding: 0px;\"  ><\/div><\/div>\n<div class=\"e7639-3 x-section\" >\n      \n<div class=\"e7639-4 x-row x-container max width\" >\n  <div class=\"x-row-inner\">\n    \n<div class=\"e7639-5 x-col\" >\n    <div class=\"x-text\"  ><p><strong>O conte\u00fado desta p\u00e1gina s\u00f3 \u00e9 vis\u00edvel quando o aplicativo fortunica \u00e9 instalado no seu telefone.<\/strong><\/p>\n<p>&#8211; Se voc\u00ea tem um dispositivo Android, por favor, volte para o seu e-mail e opte por abrir o link com o aplicativo fortunica.<br \/>\n&#8211; Se voc\u00ea ainda n\u00e3o baixou o aplicativo do fortunica, pode faz\u00ea-lo <a style=\"color: #0000ff;\" href=\"https:\/\/app.adjust.com\/m7zlnl_9udq41\">aqui<\/a>.<\/p>\n<p>Se voc\u00ea ainda tiver problemas com este e-mail, por favor, avise-nos enviando um e-mail para ola@fortunica-app.com &#8211; estamos sempre felizes em ajudar \ud83d\ude42<\/p>\n<p>Sua equipe fortunica<\/p>\n<\/div><\/div>\n\n<div class=\"e7639-7 x-col\" >\n    \n<span class=\"e7639-8 x-image\" >\n  <img alt=\"Image\" src=\"https:\/\/app-fortunica-content.s3.eu-central-1.amazonaws.com\/prod\/app\/uploads\/2021\/01\/content_only_in_app.gif\" width=\"379\" height=\"395\" >\n<\/span>\n<\/div>\n  <\/div>\n  <\/div>\n  <\/div>\n<\/div>\n","protected":false},"excerpt":{"rendered":"<p>O conte\u00fado desta p\u00e1gina s\u00f3 \u00e9 vis\u00edvel quando o aplicativo fortunica \u00e9 instalado no seu telefone. &#8211; Se voc\u00ea tem um dispositivo Android, por favor, volte para o seu e-mail &#8230; <\/p>\n<div><a href=\"https:\/\/app-fortunica.com\/br\/dlink_fortunica\" class=\"more-link\">Read More<\/a><\/div>\n","protected":false},"author":28,"featured_media":0,"parent":0,"menu_order":0,"comment_status":"closed","ping_status":"closed","template":"template-blank-4.php","meta":[],"yoast_head":"<!-- This site is optimized with the Yoast SEO Premium plugin v15.2 - https:\/\/yoast.com\/wordpress\/plugins\/seo\/ -->\n<title>dlink - fortunica<\/title>\n<meta name=\"description\" content=\"O conte\u00fado desta p\u00e1gina s\u00f3 \u00e9 vis\u00edvel quando o aplicativo fortunica \u00e9 instalado no seu telefone. \u2013 Se voc\u00ea tem um dispositivo Android, por favor, volte para o seu e-mail ... Read More\" \/>\n<meta name=\"robots\" content=\"index, follow, max-snippet:-1, max-image-preview:large, max-video-preview:-1\" \/>\n<link rel=\"canonical\" href=\"https:\/\/app-fortunica.com\/br\/dlink_fortunica\" \/>\n<meta property=\"og:locale\" content=\"en_US\" \/>\n<meta property=\"og:type\" content=\"article\" \/>\n<meta property=\"og:title\" content=\"dlink - fortunica\" \/>\n<meta property=\"og:description\" content=\"O conte\u00fado desta p\u00e1gina s\u00f3 \u00e9 vis\u00edvel quando o aplicativo fortunica \u00e9 instalado no seu telefone. \u2013 Se voc\u00ea tem um dispositivo Android, por favor, volte para o seu e-mail ... Read More\" \/>\n<meta property=\"og:url\" content=\"https:\/\/app-fortunica.com\/br\/dlink_fortunica\" \/>\n<meta property=\"og:site_name\" content=\"fortunica\" \/>\n<meta property=\"article:publisher\" content=\"https:\/\/www.facebook.com\/app.fortunica\/\" \/>\n<meta property=\"article:modified_time\" content=\"2023-08-14T10:47:16+00:00\" \/>\n<meta property=\"og:image\" content=\"https:\/\/app-fortunica.com\/app\/uploads\/2021\/01\/content_only_in_app.gif\" \/>\n<meta name=\"twitter:card\" content=\"summary\" \/>\n<meta name=\"twitter:label1\" value=\"Written by\">\n\t<meta name=\"twitter:data1\" value=\"Maria\">\n\t<meta name=\"twitter:label2\" value=\"Est. reading time\">\n\t<meta name=\"twitter:data2\" value=\"1 minute\">\n<script type=\"application\/ld+json\" class=\"yoast-schema-graph\">{\"@context\":\"https:\/\/schema.org\",\"@graph\":[{\"@type\":\"WebSite\",\"@id\":\"https:\/\/app-fortunica.com\/#website\",\"url\":\"https:\/\/app-fortunica.com\/\",\"name\":\"fortunica\",\"description\":\"The #1 App for you to Connect with Spiritual Advisors\",\"potentialAction\":[{\"@type\":\"SearchAction\",\"target\":\"https:\/\/app-fortunica.com\/?s={search_term_string}\",\"query-input\":\"required name=search_term_string\"}],\"inLanguage\":\"br-BR\"},{\"@type\":\"ImageObject\",\"@id\":\"https:\/\/app-fortunica.com\/br\/dlink_fortunica#primaryimage\",\"inLanguage\":\"br-BR\",\"url\":\"https:\/\/app-fortunica.com\/app\/uploads\/2021\/01\/content_only_in_app.gif\"},{\"@type\":\"WebPage\",\"@id\":\"https:\/\/app-fortunica.com\/br\/dlink_fortunica#webpage\",\"url\":\"https:\/\/app-fortunica.com\/br\/dlink_fortunica\",\"name\":\"dlink - fortunica\",\"isPartOf\":{\"@id\":\"https:\/\/app-fortunica.com\/#website\"},\"primaryImageOfPage\":{\"@id\":\"https:\/\/app-fortunica.com\/br\/dlink_fortunica#primaryimage\"},\"datePublished\":\"2018-07-19T14:19:57+00:00\",\"dateModified\":\"2023-08-14T10:47:16+00:00\",\"description\":\"O conte\\u00fado desta p\\u00e1gina s\\u00f3 \\u00e9 vis\\u00edvel quando o aplicativo fortunica \\u00e9 instalado no seu telefone. \\u2013 Se voc\\u00ea tem um dispositivo Android, por favor, volte para o seu e-mail ... Read More\",\"inLanguage\":\"br-BR\",\"potentialAction\":[{\"@type\":\"ReadAction\",\"target\":[\"https:\/\/app-fortunica.com\/br\/dlink_fortunica\"]}]}]}<\/script>\n<!-- \/ Yoast SEO Premium plugin. -->","_links":{"self":[{"href":"https:\/\/app-fortunica.com\/br\/wp-json\/wp\/v2\/pages\/7639"}],"collection":[{"href":"https:\/\/app-fortunica.com\/br\/wp-json\/wp\/v2\/pages"}],"about":[{"href":"https:\/\/app-fortunica.com\/br\/wp-json\/wp\/v2\/types\/page"}],"author":[{"embeddable":true,"href":"https:\/\/app-fortunica.com\/br\/wp-json\/wp\/v2\/users\/28"}],"replies":[{"embeddable":true,"href":"https:\/\/app-fortunica.com\/br\/wp-json\/wp\/v2\/comments?post=7639"}],"version-history":[{"count":3,"href":"https:\/\/app-fortunica.com\/br\/wp-json\/wp\/v2\/pages\/7639\/revisions"}],"predecessor-version":[{"id":10036,"href":"https:\/\/app-fortunica.com\/br\/wp-json\/wp\/v2\/pages\/7639\/revisions\/10036"}],"wp:attachment":[{"href":"https:\/\/app-fortunica.com\/br\/wp-json\/wp\/v2\/media?parent=7639"}],"curies":[{"name":"wp","href":"https:\/\/api.w.org\/{rel}","templated":true}]}}