{"id":11810,"date":"2021-09-07T10:47:02","date_gmt":"2021-09-07T08:47:02","guid":{"rendered":"https:\/\/app-fortunica.com?page_id=11810"},"modified":"2024-05-01T13:39:43","modified_gmt":"2024-05-01T11:39:43","slug":"horoskope","status":"publish","type":"page","link":"https:\/\/app-fortunica.com\/de\/horoskope","title":{"rendered":"Horoskope"},"content":{"rendered":"<div id=\"cs-content\" class=\"cs-content\" >\n<div class=\"e11810-1 x-section\" >\n      \n<div class=\"e11810-2 x-row x-container max width\" >\n  <div class=\"x-row-inner\">\n    \n<div class=\"e11810-3 x-col\" >\n    \n<a class=\"e11810-4 x-image\" href=\"https:\/\/app-fortunica.com\/de\/tageshoroskop\" target=\"_blank\" >\n  <img alt=\"Tageshoroskop\" src=\"https:\/\/app-fortunica-content.s3.eu-central-1.amazonaws.com\/prod\/app\/uploads\/2023\/08\/Horoscopes-Design-6-2.png\" width=\"1049\" height=\"397\" >\n<\/a>\n\n<hr class=\"e11810-5 x-line\" >\n\n<a class=\"e11810-6 x-image\" href=\"https:\/\/app-fortunica.com\/de\/wochenhoroskop\" target=\"_blank\" >\n  <img alt=\"Wochenhoroskop\" src=\"https:\/\/app-fortunica-content.s3.eu-central-1.amazonaws.com\/prod\/app\/uploads\/2023\/08\/Horoscopes-Design-11.png\" width=\"1049\" height=\"397\" >\n<\/a>\n\n<hr class=\"e11810-7 x-line\" >\n\n<a class=\"e11810-8 x-image\" href=\"https:\/\/app-fortunica.com\/de\/monatshoroskop\" target=\"_blank\" >\n  <img alt=\"Monatshoroskop\" src=\"https:\/\/app-fortunica-content.s3.eu-central-1.amazonaws.com\/prod\/app\/uploads\/2023\/08\/Horoscopes-Design-8.png\" width=\"1049\" height=\"397\" >\n<\/a>\n<\/div>\n\n<div class=\"e11810-9 x-col\" >\n    \n<a class=\"e11810-10 x-image\" href=\"https:\/\/app-fortunica.com\/de\/jahreshoroskop\" target=\"_blank\" >\n  <img alt=\"Jahreshoroskop\" src=\"https:\/\/app-fortunica-content.s3.eu-central-1.amazonaws.com\/prod\/app\/uploads\/2023\/08\/Horoscopes-Design-14.png\" width=\"1049\" height=\"397\" >\n<\/a>\n\n<hr class=\"e11810-11 x-line\" >\n\n<a class=\"e11810-12 x-image\" href=\"https:\/\/app-fortunica.com\/de\/lenormand-monatsorakel\" target=\"_blank\" >\n  <img alt=\"Lenormand Monatsorakel\" src=\"https:\/\/app-fortunica-content.s3.eu-central-1.amazonaws.com\/prod\/app\/uploads\/2024\/02\/Horoscopes-Design-2.png\" width=\"1199\" height=\"454\" >\n<\/a>\n\n<hr class=\"e11810-13 x-line\" >\n\n<a class=\"e11810-14 x-image\" href=\"https:\/\/app-fortunica.com\/de\/energie-orakel\" target=\"_blank\" >\n  <img alt=\"Energie Orakel\" src=\"https:\/\/app-fortunica-content.s3.eu-central-1.amazonaws.com\/prod\/app\/uploads\/2023\/08\/Horoscopes-Design-16-1-1.png\" width=\"1199\" height=\"454\" >\n<\/a>\n<\/div>\n\n<div class=\"e11810-15 x-col\" >\n    \n<a class=\"e11810-16 x-image\" href=\"https:\/\/app-fortunica.com\/de\/tarotskop\" target=\"_blank\" >\n  <img alt=\"Tarotskop\" src=\"https:\/\/app-fortunica-content.s3.eu-central-1.amazonaws.com\/prod\/app\/uploads\/2023\/10\/Horoscopes-Design-24.png\" width=\"1199\" height=\"454\" >\n<\/a>\n\n<hr class=\"e11810-17 x-line\" >\n\n<a class=\"e11810-18 x-image\" href=\"https:\/\/app-fortunica.com\/de\/tageskarte\" target=\"_blank\" >\n  <img alt=\"Tarot-Tageskarte\" src=\"https:\/\/app-fortunica-content.s3.eu-central-1.amazonaws.com\/prod\/app\/uploads\/2023\/08\/Horoscopes-Design-9.png\" width=\"1199\" height=\"454\" >\n<\/a>\n\n<hr class=\"e11810-19 x-line\" >\n<\/div>\n  <\/div>\n  <\/div>\n\n<div class=\"e11810-20 x-row x-container max width\" >\n  <div class=\"x-row-inner\">\n    \n<div class=\"e11810-21 x-col\" >\n    \n<hr class=\"e11810-22 x-line\" >\n\n<div class=\"e11810-23 x-text\" >\n  <p>Erfahre mehr \u00fcber dich selbst durch dein Sternzeichen. Erhalte einen \u00dcberblick \u00fcber die allgemeinen Aussichten in deinem Tages-, Wochen- und Monatshoroskop. Entdecke, was die Sterne f\u00fcr dich bereithalten und wie sie deine Zukunft beeinflussen k\u00f6nnen. Lerne mehr \u00fcber Astrologie und finde heraus, wie sie dein Leben positiv beeinflussen kann.<\/p>\n<p><strong>Bist du bereit, deine Lebensqualit\u00e4t zu verbessern und deine St\u00e4rken zu nutzen, um innere Harmonie zu erreichen und dein volles Potenzial zu entfalten? Erfahre, wie du deine pers\u00f6nliche Entwicklung vorantreiben kannst und finde deine innere Balance f\u00fcr ein erf\u00fclltes Leben.<\/strong><\/p>\n<p>Unser hochwertiges Premium-Produkt Astrologie ist genau das Richtige f\u00fcr dich.<\/p><\/div>\n<\/div>\n  <\/div>\n  <\/div>\n  <\/div>\n\n<div class=\"e11810-24 x-section\" >\n      \n<div class=\"e11810-25 x-row x-container max width\" >\n  <div class=\"x-row-inner\">\n    \n<div class=\"e11810-26 x-col\" >\n    \n<span class=\"e11810-27 x-image\" >\n  <img alt=\"App-Layout: Card Reading, Astrology Chart, Ritual Session\" src=\"https:\/\/app-fortunica-content.s3.eu-central-1.amazonaws.com\/prod\/app\/uploads\/2017\/12\/phone_fortunica_app-05.png\" width=\"494\" height=\"699\" >\n<\/span>\n<\/div>\n\n<div class=\"e11810-28 x-col\" >\n    <div class=\"x-text\"  ><p><strong>GEEIGNET, UM:<\/strong><\/p>\n<ul>\n<li>Die Auswirkungen der Sterne auf dein Leben zu erkunden<\/li>\n<li>Die Zukunftsvorhersage f\u00fcr dich zu ermitteln<\/li>\n<li>Das Verst\u00e4ndnis f\u00fcr kosmische Energien zu vertiefen<\/li>\n<li>Deine Beziehungen detailliert zu analysieren<\/li>\n<li>Unterst\u00fctzung beim Bew\u00e4ltigen von Problemen zu erhalten<\/li>\n<li>Deine Lebensaufgabe zu entdecken und dein Schicksal zu erf\u00fcllen<\/li>\n<li>Ein besseres Selbstverst\u00e4ndnis zu erlangen<\/li>\n<li>Deine Talente optimal zu nutzen und dein volles Potenzial zu entfalten<\/li>\n<\/ul>\n<p><strong>SO GEHT\u2019S:<\/strong><\/p>\n<p>Um ein umfassendes und verl\u00e4ssliches Horoskop zu erhalten, ben\u00f6tigt dein ausgew\u00e4hlter Berater deinen vollst\u00e4ndigen Namen, dein Geburtsdatum und deine genaue Geburtszeit. Mithilfe dieser Informationen werden die Positionen von Sonne, Mond und den Planeten analysiert, um Einfl\u00fcsse seit deiner Geburt zu erkennen und Einblicke in deine zuk\u00fcnftige Entwicklung zu gewinnen. Ein Horoskop bietet nicht nur Selbsterkenntnis, sondern st\u00e4rkt auch dein Selbstvertrauen. Du kannst auch Fragen stellen, um Unklarheiten zu beseitigen und mit deinem Berater dar\u00fcber zu diskutieren.<\/p>\n<p>Lasse dich von den Sternen f\u00fchren und erfahre, was das Schicksal f\u00fcr dich bereith\u00e4lt!<\/p>\n<\/div><\/div>\n  <\/div>\n  <\/div>\n  <\/div>\n<\/div>\n","protected":false},"excerpt":{"rendered":"<p>Erfahre mehr \u00fcber dich selbst durch dein Sternzeichen. Erhalte einen \u00dcberblick \u00fcber die allgemeinen Aussichten in deinem Tages-, Wochen- und Monatshoroskop. Entdecke, was die Sterne f\u00fcr dich bereithalten und wie &#8230; <\/p>\n<div><a href=\"https:\/\/app-fortunica.com\/de\/horoskope\" class=\"more-link\">Weiterlesen<\/a><\/div>\n","protected":false},"author":34,"featured_media":0,"parent":0,"menu_order":0,"comment_status":"closed","ping_status":"closed","template":"","meta":[],"yoast_head":"<!-- This site is optimized with the Yoast SEO Premium plugin v15.2 - https:\/\/yoast.com\/wordpress\/plugins\/seo\/ -->\n<title>Horoskope - fortunica<\/title>\n<meta name=\"description\" content=\"Dein Sternzeichen verr\u00e4t mehr \u00fcber dich, als du vermutest. In deinem Wochen- und Monatshoroskop erf\u00e4hrst du die allgemeine Aussicht f\u00fcr dein Sternzeichen.\" \/>\n<meta name=\"robots\" content=\"index, follow, max-snippet:-1, max-image-preview:large, max-video-preview:-1\" \/>\n<link rel=\"canonical\" href=\"https:\/\/app-fortunica.com\/horoscopes-page\" \/>\n<meta property=\"og:locale\" content=\"de_DE\" \/>\n<meta property=\"og:type\" content=\"article\" \/>\n<meta property=\"og:title\" content=\"Horoskope - fortunica\" \/>\n<meta property=\"og:description\" content=\"Dein Sternzeichen verr\u00e4t mehr \u00fcber dich, als du vermutest. In deinem Wochen- und Monatshoroskop erf\u00e4hrst du die allgemeine Aussicht f\u00fcr dein Sternzeichen.\" \/>\n<meta property=\"og:url\" content=\"https:\/\/app-fortunica.com\/horoscopes-page\" \/>\n<meta property=\"og:site_name\" content=\"fortunica\" \/>\n<meta property=\"article:publisher\" content=\"https:\/\/www.facebook.com\/app.fortunica\/\" \/>\n<meta property=\"article:modified_time\" content=\"2024-05-01T11:39:43+00:00\" \/>\n<meta property=\"og:image\" content=\"https:\/\/app-fortunica.com\/app\/uploads\/2023\/08\/Horoscopes-Design-6-2.png\" \/>\n<meta name=\"twitter:card\" content=\"summary\" \/>\n<meta name=\"twitter:label1\" value=\"Verfasst von\">\n\t<meta name=\"twitter:data1\" value=\"advisor managers\">\n\t<meta name=\"twitter:label2\" value=\"Gesch\u00e4tzte Lesezeit\">\n\t<meta name=\"twitter:data2\" value=\"3 Minuten\">\n<script type=\"application\/ld+json\" class=\"yoast-schema-graph\">{\"@context\":\"https:\/\/schema.org\",\"@graph\":[{\"@type\":\"WebSite\",\"@id\":\"https:\/\/app-fortunica.com\/#website\",\"url\":\"https:\/\/app-fortunica.com\/\",\"name\":\"fortunica\",\"description\":\"The #1 App for you to Connect with Spiritual Advisors\",\"potentialAction\":[{\"@type\":\"SearchAction\",\"target\":\"https:\/\/app-fortunica.com\/?s={search_term_string}\",\"query-input\":\"required name=search_term_string\"}],\"inLanguage\":\"de-DE\"},{\"@type\":\"ImageObject\",\"@id\":\"https:\/\/app-fortunica.com\/horoscopes-page#primaryimage\",\"inLanguage\":\"de-DE\",\"url\":\"https:\/\/app-fortunica.com\/app\/uploads\/2023\/08\/Horoscopes-Design-6-2.png\"},{\"@type\":\"WebPage\",\"@id\":\"https:\/\/app-fortunica.com\/horoscopes-page#webpage\",\"url\":\"https:\/\/app-fortunica.com\/horoscopes-page\",\"name\":\"Horoskope - fortunica\",\"isPartOf\":{\"@id\":\"https:\/\/app-fortunica.com\/#website\"},\"primaryImageOfPage\":{\"@id\":\"https:\/\/app-fortunica.com\/horoscopes-page#primaryimage\"},\"datePublished\":\"2021-09-07T08:47:02+00:00\",\"dateModified\":\"2024-05-01T11:39:43+00:00\",\"description\":\"Dein Sternzeichen verr\\u00e4t mehr \\u00fcber dich, als du vermutest. In deinem Wochen- und Monatshoroskop erf\\u00e4hrst du die allgemeine Aussicht f\\u00fcr dein Sternzeichen.\",\"inLanguage\":\"de-DE\",\"potentialAction\":[{\"@type\":\"ReadAction\",\"target\":[\"https:\/\/app-fortunica.com\/horoscopes-page\"]}]}]}<\/script>\n<!-- \/ Yoast SEO Premium plugin. -->","_links":{"self":[{"href":"https:\/\/app-fortunica.com\/de\/wp-json\/wp\/v2\/pages\/11810"}],"collection":[{"href":"https:\/\/app-fortunica.com\/de\/wp-json\/wp\/v2\/pages"}],"about":[{"href":"https:\/\/app-fortunica.com\/de\/wp-json\/wp\/v2\/types\/page"}],"author":[{"embeddable":true,"href":"https:\/\/app-fortunica.com\/de\/wp-json\/wp\/v2\/users\/34"}],"replies":[{"embeddable":true,"href":"https:\/\/app-fortunica.com\/de\/wp-json\/wp\/v2\/comments?post=11810"}],"version-history":[{"count":10,"href":"https:\/\/app-fortunica.com\/de\/wp-json\/wp\/v2\/pages\/11810\/revisions"}],"predecessor-version":[{"id":17576,"href":"https:\/\/app-fortunica.com\/de\/wp-json\/wp\/v2\/pages\/11810\/revisions\/17576"}],"wp:attachment":[{"href":"https:\/\/app-fortunica.com\/de\/wp-json\/wp\/v2\/media?parent=11810"}],"curies":[{"name":"wp","href":"https:\/\/api.w.org\/{rel}","templated":true}]}}