{"id":11831,"date":"2021-09-07T14:15:17","date_gmt":"2021-09-07T12:15:17","guid":{"rendered":"https:\/\/app-fortunica.com?page_id=11831"},"modified":"2026-04-01T17:09:54","modified_gmt":"2026-04-01T15:09:54","slug":"monatshoroskop","status":"publish","type":"page","link":"https:\/\/app-fortunica.com\/de\/monatshoroskop","title":{"rendered":"Monatshoroskop"},"content":{"rendered":"<div id=\"cs-content\" class=\"cs-content\" >\n<div class=\"e11831-1 x-section\" >\n      \n<div class=\"e11831-2 x-row x-container max width\" >\n  <div class=\"x-row-inner\">\n    \n<div class=\"e11831-3 x-col\" >\n    \n<span class=\"e11831-4 x-image\" >\n  <img alt=\"Image\" src=\"https:\/\/app-fortunica-content.s3.eu-central-1.amazonaws.com\/prod\/app\/uploads\/2023\/08\/Horoscopes-Design-8.png\" width=\"1049\" height=\"397\" >\n<\/span>\n\n<div class=\"e11831-5 x-text x-text-headline\" >\n  <div class=\"x-text-content\"><div class=\"x-text-content-text\"><h2 class=\"x-text-content-text-primary\"><h1><strong>April 2026<\/strong><\/h1><\/h2><\/div><\/div><\/div>\n\n<div class=\"e11831-6 x-text\" >\n  <h2 data-section-id=\"1vw0kmc\" data-start=\"339\" data-end=\"352\">\u2648 Widder<\/h2>\n<p data-start=\"354\" data-end=\"543\"><strong data-start=\"354\" data-end=\"383\">Die psychologische Reise:<\/strong><br data-start=\"383\" data-end=\"386\" \/>Du stehst vor einer inneren Neuausrichtung. Alte Rollenbilder verlieren an Bedeutung, w\u00e4hrend du klarer erkennst, wer du wirklich bist und wohin du willst.<\/p>\n<p data-start=\"545\" data-end=\"703\"><strong data-start=\"545\" data-end=\"572\">Beruflicher Masterplan:<\/strong><br data-start=\"572\" data-end=\"575\" \/>Neue Impulse bringen Bewegung in stagnierende Themen. Mit Geduld und klarem Fokus kannst du Projekte erfolgreich voranbringen.<\/p>\n<p data-start=\"705\" data-end=\"852\"><strong data-start=\"705\" data-end=\"733\">Beziehungskonstellation:<\/strong><br data-start=\"733\" data-end=\"736\" \/>Ehrlichkeit wird zum Schl\u00fcssel. Beziehungen vertiefen sich oder kl\u00e4ren sich, wenn sie nicht mehr im Einklang sind.<\/p>\n<p data-start=\"854\" data-end=\"987\"><strong data-start=\"854\" data-end=\"877\">K\u00f6rper &amp; Vitalit\u00e4t:<\/strong><br data-start=\"877\" data-end=\"880\" \/>Dein Energielevel schwankt leicht. Bewegung und bewusste Pausen helfen dir, deine Kraft stabil zu halten.<\/p>\n<p data-start=\"989\" data-end=\"1096\">\ud83d\udcc5 <strong data-start=\"992\" data-end=\"1013\">Schl\u00fcsselmomente:<\/strong> 09.04., 22.04.<br data-start=\"1028\" data-end=\"1031\" \/><strong data-start=\"1031\" data-end=\"1048\">Kraft-Mantra:<\/strong> \u201eIch handle aus Klarheit und innerer St\u00e4rke.\u201c<\/p>\n\n<h2 data-section-id=\"1lxey1h\" data-start=\"1103\" data-end=\"1115\">\u2649 Stier<\/h2>\n<p data-start=\"1117\" data-end=\"1273\"><strong data-start=\"1117\" data-end=\"1146\">Die psychologische Reise:<\/strong><br data-start=\"1146\" data-end=\"1149\" \/>Du hinterfragst dein Umfeld und suchst nach echter Zugeh\u00f6rigkeit. Beziehungen werden nach Tiefe und Echtheit neu bewertet.<\/p>\n<p data-start=\"1275\" data-end=\"1420\"><strong data-start=\"1275\" data-end=\"1302\">Beruflicher Masterplan:<\/strong><br data-start=\"1302\" data-end=\"1305\" \/>Kontakte und Zusammenarbeit bringen Fortschritt. Ein Thema entwickelt sich weiter, wenn du dich aktiv einbringst.<\/p>\n<p data-start=\"1422\" data-end=\"1546\"><strong data-start=\"1422\" data-end=\"1450\">Beziehungskonstellation:<\/strong><br data-start=\"1450\" data-end=\"1453\" \/>Verl\u00e4sslichkeit wird wichtiger als Spannung. Du ziehst Menschen an, die deine Werte teilen.<\/p>\n<p data-start=\"1548\" data-end=\"1659\"><strong data-start=\"1548\" data-end=\"1571\">K\u00f6rper &amp; Vitalit\u00e4t:<\/strong><br data-start=\"1571\" data-end=\"1574\" \/>Dein Ausdruck steht im Fokus. Gespr\u00e4che oder kreative T\u00e4tigkeiten wirken befreiend.<\/p>\n<p data-start=\"1661\" data-end=\"1763\">\ud83d\udcc5 <strong data-start=\"1664\" data-end=\"1685\">Schl\u00fcsselmomente:<\/strong> 14.04., 27.04.<br data-start=\"1700\" data-end=\"1703\" \/><strong data-start=\"1703\" data-end=\"1720\">Kraft-Mantra:<\/strong> \u201eIch \u00f6ffne mich f\u00fcr echte Verbindungen.\u201c<\/p>\n\n<h2 data-section-id=\"xnraxa\" data-start=\"1770\" data-end=\"1786\">\u264a Zwillinge<\/h2>\n<p data-start=\"1788\" data-end=\"1918\"><strong data-start=\"1788\" data-end=\"1817\">Die psychologische Reise:<\/strong><br data-start=\"1817\" data-end=\"1820\" \/>Dein Denken ver\u00e4ndert sich. Du erkennst neue Perspektiven und l\u00f6st dich von alten \u00dcberzeugungen.<\/p>\n<p data-start=\"1920\" data-end=\"2044\"><strong data-start=\"1920\" data-end=\"1947\">Beruflicher Masterplan:<\/strong><br data-start=\"1947\" data-end=\"1950\" \/>Fokus entscheidet \u00fcber Erfolg. Wenn du deine Energie b\u00fcndelst, entstehen klare Fortschritte.<\/p>\n<p data-start=\"2046\" data-end=\"2158\"><strong data-start=\"2046\" data-end=\"2074\">Beziehungskonstellation:<\/strong><br data-start=\"2074\" data-end=\"2077\" \/>Offene Gespr\u00e4che schaffen N\u00e4he. Ehrlichkeit hilft, Missverst\u00e4ndnisse zu kl\u00e4ren.<\/p>\n<p data-start=\"2160\" data-end=\"2276\"><strong data-start=\"2160\" data-end=\"2183\">K\u00f6rper &amp; Vitalit\u00e4t:<\/strong><br data-start=\"2183\" data-end=\"2186\" \/>Dein Nervensystem braucht Ausgleich. Ruhephasen und frische Luft sind besonders wichtig.<\/p>\n<p data-start=\"2278\" data-end=\"2376\">\ud83d\udcc5 <strong data-start=\"2281\" data-end=\"2302\">Schl\u00fcsselmomente:<\/strong> 11.04., 25.04.<br data-start=\"2317\" data-end=\"2320\" \/><strong data-start=\"2320\" data-end=\"2337\">Kraft-Mantra:<\/strong> \u201eIch denke klar und handle bewusst.\u201c<\/p>\n\n<h2 data-section-id=\"1jn7sdf\" data-start=\"2383\" data-end=\"2395\">\u264b Krebs<\/h2>\n<p data-start=\"2397\" data-end=\"2529\"><strong data-start=\"2397\" data-end=\"2426\">Die psychologische Reise:<\/strong><br data-start=\"2426\" data-end=\"2429\" \/>Emotionale Tiefe pr\u00e4gt den Monat. Du erkennst, was du wirklich brauchst, um dich sicher zu f\u00fchlen.<\/p>\n<p data-start=\"2531\" data-end=\"2665\"><strong data-start=\"2531\" data-end=\"2558\">Beruflicher Masterplan:<\/strong><br data-start=\"2558\" data-end=\"2561\" \/>Deine Intuition zeigt dir die richtigen Schritte. Vertraue deinem Gef\u00fchl bei wichtigen Entscheidungen.<\/p>\n<p data-start=\"2667\" data-end=\"2775\"><strong data-start=\"2667\" data-end=\"2695\">Beziehungskonstellation:<\/strong><br data-start=\"2695\" data-end=\"2698\" \/>N\u00e4he und Vertrauen wachsen. Du \u00f6ffnest dich und ziehst \u00e4hnliche Energie an.<\/p>\n<p data-start=\"2777\" data-end=\"2882\"><strong data-start=\"2777\" data-end=\"2800\">K\u00f6rper &amp; Vitalit\u00e4t:<\/strong><br data-start=\"2800\" data-end=\"2803\" \/>R\u00fcckzug und Ruhe sind essenziell. Zeit f\u00fcr dich bringt innere Balance zur\u00fcck.<\/p>\n<p data-start=\"2884\" data-end=\"2977\">\ud83d\udcc5 <strong data-start=\"2887\" data-end=\"2908\">Schl\u00fcsselmomente:<\/strong> 08.04., 21.04.<br data-start=\"2923\" data-end=\"2926\" \/><strong data-start=\"2926\" data-end=\"2943\">Kraft-Mantra:<\/strong> \u201eIch vertraue meinen Gef\u00fchlen.\u201c<\/p>\n\n<h2 data-section-id=\"3r2341\" data-start=\"2984\" data-end=\"2995\">\u264c L\u00f6we<\/h2>\n<p data-start=\"2997\" data-end=\"3139\"><strong data-start=\"2997\" data-end=\"3026\">Die psychologische Reise:<\/strong><br data-start=\"3026\" data-end=\"3029\" \/>Du erkennst deinen eigenen Wert unabh\u00e4ngig von \u00e4u\u00dferer Best\u00e4tigung. Selbstvertrauen w\u00e4chst von innen heraus.<\/p>\n<p data-start=\"3141\" data-end=\"3255\"><strong data-start=\"3141\" data-end=\"3168\">Beruflicher Masterplan:<\/strong><br data-start=\"3168\" data-end=\"3171\" \/>Du wirst wahrgenommen. Eine Chance erm\u00f6glicht es dir, Verantwortung zu \u00fcbernehmen.<\/p>\n<p data-start=\"3257\" data-end=\"3369\"><strong data-start=\"3257\" data-end=\"3285\">Beziehungskonstellation:<\/strong><br data-start=\"3285\" data-end=\"3288\" \/>Klarheit bringt Stabilit\u00e4t. Du wei\u00dft, was du willst, und handelst entsprechend.<\/p>\n<p data-start=\"3371\" data-end=\"3462\"><strong data-start=\"3371\" data-end=\"3394\">K\u00f6rper &amp; Vitalit\u00e4t:<\/strong><br data-start=\"3394\" data-end=\"3397\" \/>Deine Energie steigt, wenn du kreativ bist und dich ausdr\u00fcckst.<\/p>\n<p data-start=\"3464\" data-end=\"3563\">\ud83d\udcc5 <strong data-start=\"3467\" data-end=\"3488\">Schl\u00fcsselmomente:<\/strong> 12.04., 26.04.<br data-start=\"3503\" data-end=\"3506\" \/><strong data-start=\"3506\" data-end=\"3523\">Kraft-Mantra:<\/strong> \u201eIch vertraue meiner inneren St\u00e4rke.\u201c<\/p>\n\n<h2 data-section-id=\"oz7sji\" data-start=\"3570\" data-end=\"3585\">\u264d Jungfrau<\/h2>\n<p data-start=\"3587\" data-end=\"3709\"><strong data-start=\"3587\" data-end=\"3616\">Die psychologische Reise:<\/strong><br data-start=\"3616\" data-end=\"3619\" \/>Du ordnest dein Leben neu. Klarheit entsteht durch Struktur und bewusste Entscheidungen.<\/p>\n<p data-start=\"3711\" data-end=\"3821\"><strong data-start=\"3711\" data-end=\"3738\">Beruflicher Masterplan:<\/strong><br data-start=\"3738\" data-end=\"3741\" \/>Planung zahlt sich aus. Schritt f\u00fcr Schritt entwickelst du stabile Ergebnisse.<\/p>\n<p data-start=\"3823\" data-end=\"3940\"><strong data-start=\"3823\" data-end=\"3851\">Beziehungskonstellation:<\/strong><br data-start=\"3851\" data-end=\"3854\" \/>Zuverl\u00e4ssigkeit steht im Fokus. Ehrliche, ruhige Verbindungen gewinnen an Bedeutung.<\/p>\n<p data-start=\"3942\" data-end=\"4049\"><strong data-start=\"3942\" data-end=\"3965\">K\u00f6rper &amp; Vitalit\u00e4t:<\/strong><br data-start=\"3965\" data-end=\"3968\" \/>Routinen st\u00e4rken dein Wohlbefinden. Kleine Gewohnheiten machen den Unterschied.<\/p>\n<p data-start=\"4051\" data-end=\"4144\">\ud83d\udcc5 <strong data-start=\"4054\" data-end=\"4075\">Schl\u00fcsselmomente:<\/strong> 10.04., 28.04.<br data-start=\"4090\" data-end=\"4093\" \/><strong data-start=\"4093\" data-end=\"4110\">Kraft-Mantra:<\/strong> \u201eIch finde St\u00e4rke in Klarheit.\u201c<\/p>\n\n<h2 data-section-id=\"kdv1fi\" data-start=\"4151\" data-end=\"4163\">\u264e Waage<\/h2>\n<p data-start=\"4165\" data-end=\"4296\"><strong data-start=\"4165\" data-end=\"4194\">Die psychologische Reise:<\/strong><br data-start=\"4194\" data-end=\"4197\" \/>Du lernst, deine Balance neu zu definieren. Eigene Bed\u00fcrfnisse r\u00fccken st\u00e4rker in den Vordergrund.<\/p>\n<p data-start=\"4298\" data-end=\"4410\"><strong data-start=\"4298\" data-end=\"4325\">Beruflicher Masterplan:<\/strong><br data-start=\"4325\" data-end=\"4328\" \/>Diplomatie bringt dich weiter. Du kannst Konflikte l\u00f6sen und Vertrauen aufbauen.<\/p>\n<p data-start=\"4412\" data-end=\"4530\"><strong data-start=\"4412\" data-end=\"4440\">Beziehungskonstellation:<\/strong><br data-start=\"4440\" data-end=\"4443\" \/>Ehrlichkeit schafft Harmonie. Du findest ein Gleichgewicht zwischen Geben und Nehmen.<\/p>\n<p data-start=\"4532\" data-end=\"4618\"><strong data-start=\"4532\" data-end=\"4555\">K\u00f6rper &amp; Vitalit\u00e4t:<\/strong><br data-start=\"4555\" data-end=\"4558\" \/>Innere Ruhe ist entscheidend. Achte bewusst auf Ausgleich.<\/p>\n<p data-start=\"4620\" data-end=\"4708\">\ud83d\udcc5 <strong data-start=\"4623\" data-end=\"4644\">Schl\u00fcsselmomente:<\/strong> 15.04., 24.04.<br data-start=\"4659\" data-end=\"4662\" \/><strong data-start=\"4662\" data-end=\"4679\">Kraft-Mantra:<\/strong> \u201eIch wahre meine Balance.\u201c<\/p>\n\n<h2 data-section-id=\"1855z5j\" data-start=\"4715\" data-end=\"4730\">\u264f Skorpion<\/h2>\n<p data-start=\"4732\" data-end=\"4865\"><strong data-start=\"4732\" data-end=\"4761\">Die psychologische Reise:<\/strong><br data-start=\"4761\" data-end=\"4764\" \/>Transformation steht im Mittelpunkt. Du l\u00e4sst los, was dich zur\u00fcckh\u00e4lt, und gewinnst neue Klarheit.<\/p>\n<p data-start=\"4867\" data-end=\"4963\"><strong data-start=\"4867\" data-end=\"4894\">Beruflicher Masterplan:<\/strong><br data-start=\"4894\" data-end=\"4897\" \/>Strategisches Denken hilft dir, langfristige Ziele zu verfolgen.<\/p>\n<p data-start=\"4965\" data-end=\"5075\"><strong data-start=\"4965\" data-end=\"4993\">Beziehungskonstellation:<\/strong><br data-start=\"4993\" data-end=\"4996\" \/>Tiefe Verbindungen intensivieren sich. Oberfl\u00e4chliches verliert an Bedeutung.<\/p>\n<p data-start=\"5077\" data-end=\"5163\"><strong data-start=\"5077\" data-end=\"5100\">K\u00f6rper &amp; Vitalit\u00e4t:<\/strong><br data-start=\"5100\" data-end=\"5103\" \/>Regeneration ist wichtig. Ruhephasen geben dir neue Kraft.<\/p>\n<p data-start=\"5165\" data-end=\"5258\">\ud83d\udcc5 <strong data-start=\"5168\" data-end=\"5189\">Schl\u00fcsselmomente:<\/strong> 13.04., 29.04.<br data-start=\"5204\" data-end=\"5207\" \/><strong data-start=\"5207\" data-end=\"5224\">Kraft-Mantra:<\/strong> \u201eIch wachse durch Ver\u00e4nderung.\u201c<\/p>\n\n<h2 data-section-id=\"62wdi2\" data-start=\"5265\" data-end=\"5279\">\u2650 Sch\u00fctze<\/h2>\n<p data-start=\"5281\" data-end=\"5397\"><strong data-start=\"5281\" data-end=\"5310\">Die psychologische Reise:<\/strong><br data-start=\"5310\" data-end=\"5313\" \/>Du suchst neue Horizonte. Deine Perspektive erweitert sich durch neue Erfahrungen.<\/p>\n<p data-start=\"5399\" data-end=\"5493\"><strong data-start=\"5399\" data-end=\"5426\">Beruflicher Masterplan:<\/strong><br data-start=\"5426\" data-end=\"5429\" \/>Chancen entstehen durch Offenheit. Neue Wege bringen Wachstum.<\/p>\n<p data-start=\"5495\" data-end=\"5606\"><strong data-start=\"5495\" data-end=\"5523\">Beziehungskonstellation:<\/strong><br data-start=\"5523\" data-end=\"5526\" \/>Freiheit und N\u00e4he wollen in Balance sein. Ehrliche Gespr\u00e4che helfen dir dabei.<\/p>\n<p data-start=\"5608\" data-end=\"5712\"><strong data-start=\"5608\" data-end=\"5631\">K\u00f6rper &amp; Vitalit\u00e4t:<\/strong><br data-start=\"5631\" data-end=\"5634\" \/>Bewegung gibt dir Energie. Aktivit\u00e4t hilft dir, dich ausgeglichen zu f\u00fchlen.<\/p>\n<p data-start=\"5714\" data-end=\"5812\">\ud83d\udcc5 <strong data-start=\"5717\" data-end=\"5738\">Schl\u00fcsselmomente:<\/strong> 07.04., 23.04.<br data-start=\"5753\" data-end=\"5756\" \/><strong data-start=\"5756\" data-end=\"5773\">Kraft-Mantra:<\/strong> \u201eIch folge meinem inneren Wachstum.\u201c<\/p>\n\n<h2 data-section-id=\"1d3a5kk\" data-start=\"5819\" data-end=\"5835\">\u2651 Steinbock<\/h2>\n<p data-start=\"5837\" data-end=\"5966\"><strong data-start=\"5837\" data-end=\"5866\">Die psychologische Reise:<\/strong><br data-start=\"5866\" data-end=\"5869\" \/>Du konzentrierst dich auf Stabilit\u00e4t und langfristige Ziele. Klarheit w\u00e4chst mit jedem Schritt.<\/p>\n<p data-start=\"5968\" data-end=\"6069\"><strong data-start=\"5968\" data-end=\"5995\">Beruflicher Masterplan:<\/strong><br data-start=\"5995\" data-end=\"5998\" \/>Struktur bringt Erfolg. Du legst wichtige Grundlagen f\u00fcr die Zukunft.<\/p>\n<p data-start=\"6071\" data-end=\"6178\"><strong data-start=\"6071\" data-end=\"6099\">Beziehungskonstellation:<\/strong><br data-start=\"6099\" data-end=\"6102\" \/>Best\u00e4ndigkeit wird wichtiger. Du suchst Tiefe statt kurzfristiger Dynamik.<\/p>\n<p data-start=\"6180\" data-end=\"6278\"><strong data-start=\"6180\" data-end=\"6203\">K\u00f6rper &amp; Vitalit\u00e4t:<\/strong><br data-start=\"6203\" data-end=\"6206\" \/>Achte auf deine Grenzen. Pausen helfen dir, leistungsf\u00e4hig zu bleiben.<\/p>\n<p data-start=\"6280\" data-end=\"6375\">\ud83d\udcc5 <strong data-start=\"6283\" data-end=\"6304\">Schl\u00fcsselmomente:<\/strong> 16.04., 30.04.<br data-start=\"6319\" data-end=\"6322\" \/><strong data-start=\"6322\" data-end=\"6339\">Kraft-Mantra:<\/strong> \u201eIch baue bewusst meine Zukunft.\u201c<\/p>\n\n<h2 data-section-id=\"kflzcq\" data-start=\"6382\" data-end=\"6399\">\u2652 Wassermann<\/h2>\n<p data-start=\"6401\" data-end=\"6516\"><strong data-start=\"6401\" data-end=\"6430\">Die psychologische Reise:<\/strong><br data-start=\"6430\" data-end=\"6433\" \/>Du erkennst deine Individualit\u00e4t neu. Dein eigener Weg wird klarer und wichtiger.<\/p>\n<p data-start=\"6518\" data-end=\"6620\"><strong data-start=\"6518\" data-end=\"6545\">Beruflicher Masterplan:<\/strong><br data-start=\"6545\" data-end=\"6548\" \/>Neue Ideen bringen Fortschritt. Unkonventionelle Wege zahlen sich aus.<\/p>\n<p data-start=\"6622\" data-end=\"6726\"><strong data-start=\"6622\" data-end=\"6650\">Beziehungskonstellation:<\/strong><br data-start=\"6650\" data-end=\"6653\" \/>Ehrlichkeit schafft Verbindung. Du brauchst Freiheit und N\u00e4he zugleich.<\/p>\n<p data-start=\"6728\" data-end=\"6818\"><strong data-start=\"6728\" data-end=\"6751\">K\u00f6rper &amp; Vitalit\u00e4t:<\/strong><br data-start=\"6751\" data-end=\"6754\" \/>Mentale Aktivit\u00e4t ist hoch \u2013 achte auf k\u00f6rperlichen Ausgleich.<\/p>\n<p data-start=\"6820\" data-end=\"6915\">\ud83d\udcc5 <strong data-start=\"6823\" data-end=\"6844\">Schl\u00fcsselmomente:<\/strong> 11.04., 27.04.<br data-start=\"6859\" data-end=\"6862\" \/><strong data-start=\"6862\" data-end=\"6879\">Kraft-Mantra:<\/strong> \u201eIch lebe meine Einzigartigkeit.\u201c<\/p>\n\n<h2 data-start=\"6820\" data-end=\"6915\">\u2653 Fische<\/h2>\n<p data-start=\"6937\" data-end=\"7052\"><strong data-start=\"6937\" data-end=\"6966\">Die psychologische Reise:<\/strong><br data-start=\"6966\" data-end=\"6969\" \/>Du tauchst in deine innere Welt ein. Intuition und Gef\u00fchl geben dir Orientierung.<\/p>\n<p data-start=\"7054\" data-end=\"7160\"><strong data-start=\"7054\" data-end=\"7081\">Beruflicher Masterplan:<\/strong><br data-start=\"7081\" data-end=\"7084\" \/>Kreativit\u00e4t bringt Fortschritt. Vertraue deinem Gef\u00fchl bei Entscheidungen.<\/p>\n<p data-start=\"7162\" data-end=\"7244\"><strong data-start=\"7162\" data-end=\"7190\">Beziehungskonstellation:<\/strong><br data-start=\"7190\" data-end=\"7193\" \/>Tiefe und Sensibilit\u00e4t pr\u00e4gen deine Verbindungen.<\/p>\n<p data-start=\"7246\" data-end=\"7331\"><strong data-start=\"7246\" data-end=\"7269\">K\u00f6rper &amp; Vitalit\u00e4t:<\/strong><br data-start=\"7269\" data-end=\"7272\" \/>R\u00fcckzug st\u00e4rkt dich. Ruhephasen bringen dir neue Energie.<\/p>\n<p data-start=\"7333\" data-end=\"7432\">\ud83d\udcc5 <strong data-start=\"7336\" data-end=\"7357\">Schl\u00fcsselmomente:<\/strong> 09.04., 25.04.<br data-start=\"7372\" data-end=\"7375\" \/><strong data-start=\"7375\" data-end=\"7392\">Kraft-Mantra:<\/strong> \u201eIch vertraue meiner inneren Stimme.\u201c<\/p><\/div>\n\n<hr class=\"e11831-7 x-line\" >\n\n<div class=\"e11831-8 x-text x-text-headline\" >\n  <div class=\"x-text-content\"><div class=\"x-text-content-text\"><h1 class=\"x-text-content-text-primary\"><h4>Unsere Top-Astrologen<\/h4><\/h1><\/div><\/div><\/div>\n\n<span class=\"e11831-9 x-image\" >\n  <img alt=\"Image\" src=\"https:\/\/app-fortunica-content.s3.eu-central-1.amazonaws.com\/prod\/app\/uploads\/2021\/09\/Copy-of-Copy-of-Capture-image-Newsfeed.png\" width=\"1028\" height=\"390\" >\n<\/span>\n<\/div>\n  <\/div>\n  <\/div>\n  <\/div>\n<\/div>\n","protected":false},"excerpt":{"rendered":"<p>April 2026 \u2648 Widder Die psychologische Reise:Du stehst vor einer inneren Neuausrichtung. Alte Rollenbilder verlieren an Bedeutung, w\u00e4hrend du klarer erkennst, wer du wirklich bist und wohin du willst. Beruflicher &#8230; <\/p>\n<div><a href=\"https:\/\/app-fortunica.com\/de\/monatshoroskop\" class=\"more-link\">Weiterlesen<\/a><\/div>\n","protected":false},"author":34,"featured_media":0,"parent":0,"menu_order":0,"comment_status":"closed","ping_status":"closed","template":"","meta":[],"yoast_head":"<!-- This site is optimized with the Yoast SEO Premium plugin v15.2 - https:\/\/yoast.com\/wordpress\/plugins\/seo\/ -->\n<title>Monatshoroskop - fortunica<\/title>\n<meta name=\"description\" content=\"Entdecke, was die Sterne in diesem Monat f\u00fcr dich bereithalten mit unserem detaillierten Monatshoroskop. Jedes Sternzeichen erh\u00e4lt eine umfassende Vorausschau, die Liebe, Karriere, Gesundheit und pers\u00f6nliche Entwicklung umfasst. Unsere astrologischen Vorhersagen bieten dir die Weisheit und Orientierung, die du brauchst, um die Herausforderungen und Chancen des kommenden Monats optimal zu nutzen. Bleib mit den neuesten astrologischen Trends auf dem Laufenden und r\u00fcste dich mit dem Wissen aus, um deine Entscheidungen weise zu treffen. Erfahre jetzt mehr \u00fcber dein Monatshoroskop\" \/>\n<meta name=\"robots\" content=\"index, follow, max-snippet:-1, max-image-preview:large, max-video-preview:-1\" \/>\n<link rel=\"canonical\" href=\"https:\/\/app-fortunica.com\/de\/monatshoroskop\" \/>\n<meta property=\"og:locale\" content=\"de_DE\" \/>\n<meta property=\"og:type\" content=\"article\" \/>\n<meta property=\"og:title\" content=\"Monatshoroskop - fortunica\" \/>\n<meta property=\"og:description\" content=\"Entdecke, was die Sterne in diesem Monat f\u00fcr dich bereithalten mit unserem detaillierten Monatshoroskop. Jedes Sternzeichen erh\u00e4lt eine umfassende Vorausschau, die Liebe, Karriere, Gesundheit und pers\u00f6nliche Entwicklung umfasst. Unsere astrologischen Vorhersagen bieten dir die Weisheit und Orientierung, die du brauchst, um die Herausforderungen und Chancen des kommenden Monats optimal zu nutzen. Bleib mit den neuesten astrologischen Trends auf dem Laufenden und r\u00fcste dich mit dem Wissen aus, um deine Entscheidungen weise zu treffen. Erfahre jetzt mehr \u00fcber dein Monatshoroskop\" \/>\n<meta property=\"og:url\" content=\"https:\/\/app-fortunica.com\/de\/monatshoroskop\" \/>\n<meta property=\"og:site_name\" content=\"fortunica\" \/>\n<meta property=\"article:publisher\" content=\"https:\/\/www.facebook.com\/app.fortunica\/\" \/>\n<meta property=\"article:modified_time\" content=\"2026-04-01T15:09:54+00:00\" \/>\n<meta property=\"og:image\" content=\"https:\/\/app-fortunica.com\/app\/uploads\/2023\/08\/Horoscopes-Design-8.png\" \/>\n<meta name=\"twitter:card\" content=\"summary\" \/>\n<meta name=\"twitter:label1\" value=\"Verfasst von\">\n\t<meta name=\"twitter:data1\" value=\"advisor managers\">\n\t<meta name=\"twitter:label2\" value=\"Gesch\u00e4tzte Lesezeit\">\n\t<meta name=\"twitter:data2\" value=\"4 Minuten\">\n<script type=\"application\/ld+json\" class=\"yoast-schema-graph\">{\"@context\":\"https:\/\/schema.org\",\"@graph\":[{\"@type\":\"WebSite\",\"@id\":\"https:\/\/app-fortunica.com\/#website\",\"url\":\"https:\/\/app-fortunica.com\/\",\"name\":\"fortunica\",\"description\":\"The #1 App for you to Connect with Spiritual Advisors\",\"potentialAction\":[{\"@type\":\"SearchAction\",\"target\":\"https:\/\/app-fortunica.com\/?s={search_term_string}\",\"query-input\":\"required name=search_term_string\"}],\"inLanguage\":\"de-DE\"},{\"@type\":\"ImageObject\",\"@id\":\"https:\/\/app-fortunica.com\/de\/monatshoroskop#primaryimage\",\"inLanguage\":\"de-DE\",\"url\":\"https:\/\/app-fortunica.com\/app\/uploads\/2023\/08\/Horoscopes-Design-8.png\"},{\"@type\":\"WebPage\",\"@id\":\"https:\/\/app-fortunica.com\/de\/monatshoroskop#webpage\",\"url\":\"https:\/\/app-fortunica.com\/de\/monatshoroskop\",\"name\":\"Monatshoroskop - fortunica\",\"isPartOf\":{\"@id\":\"https:\/\/app-fortunica.com\/#website\"},\"primaryImageOfPage\":{\"@id\":\"https:\/\/app-fortunica.com\/de\/monatshoroskop#primaryimage\"},\"datePublished\":\"2021-09-07T12:15:17+00:00\",\"dateModified\":\"2026-04-01T15:09:54+00:00\",\"description\":\"Entdecke, was die Sterne in diesem Monat f\\u00fcr dich bereithalten mit unserem detaillierten Monatshoroskop. Jedes Sternzeichen erh\\u00e4lt eine umfassende Vorausschau, die Liebe, Karriere, Gesundheit und pers\\u00f6nliche Entwicklung umfasst. Unsere astrologischen Vorhersagen bieten dir die Weisheit und Orientierung, die du brauchst, um die Herausforderungen und Chancen des kommenden Monats optimal zu nutzen. Bleib mit den neuesten astrologischen Trends auf dem Laufenden und r\\u00fcste dich mit dem Wissen aus, um deine Entscheidungen weise zu treffen. Erfahre jetzt mehr \\u00fcber dein Monatshoroskop\",\"inLanguage\":\"de-DE\",\"potentialAction\":[{\"@type\":\"ReadAction\",\"target\":[\"https:\/\/app-fortunica.com\/de\/monatshoroskop\"]}]}]}<\/script>\n<!-- \/ Yoast SEO Premium plugin. -->","_links":{"self":[{"href":"https:\/\/app-fortunica.com\/de\/wp-json\/wp\/v2\/pages\/11831"}],"collection":[{"href":"https:\/\/app-fortunica.com\/de\/wp-json\/wp\/v2\/pages"}],"about":[{"href":"https:\/\/app-fortunica.com\/de\/wp-json\/wp\/v2\/types\/page"}],"author":[{"embeddable":true,"href":"https:\/\/app-fortunica.com\/de\/wp-json\/wp\/v2\/users\/34"}],"replies":[{"embeddable":true,"href":"https:\/\/app-fortunica.com\/de\/wp-json\/wp\/v2\/comments?post=11831"}],"version-history":[{"count":11,"href":"https:\/\/app-fortunica.com\/de\/wp-json\/wp\/v2\/pages\/11831\/revisions"}],"predecessor-version":[{"id":19731,"href":"https:\/\/app-fortunica.com\/de\/wp-json\/wp\/v2\/pages\/11831\/revisions\/19731"}],"wp:attachment":[{"href":"https:\/\/app-fortunica.com\/de\/wp-json\/wp\/v2\/media?parent=11831"}],"curies":[{"name":"wp","href":"https:\/\/api.w.org\/{rel}","templated":true}]}}