{"id":12879,"date":"2021-08-19T11:04:57","date_gmt":"2021-08-19T09:04:57","guid":{"rendered":"https:\/\/app-fortunica.com?page_id=12879"},"modified":"2021-11-17T10:01:19","modified_gmt":"2021-11-17T09:01:19","slug":"beispielsfragen","status":"publish","type":"page","link":"https:\/\/app-fortunica.com\/de\/beispielsfragen","title":{"rendered":"Beispielsfragen"},"content":{"rendered":"<div id=\"cs-content\" class=\"cs-content\" >\n<div class=\"e12879-1 x-section\" >\n      \n<div class=\"e12879-2 x-row x-container max width\" >\n  <div class=\"x-row-inner\">\n    \n<div class=\"e12879-3 x-col\" >\n    <div class=\"x-text\"  ><h3><span style=\"color: #721c70;\">Was kann ich fragen?<\/span><\/h3>\n<\/div><div class=\"x-text\"  ><h5><span style=\"color: #26264e;\"><span>50 Fragen, die du einem spirituellen Berater stellen kannst\u00a0<\/span><\/span><\/h5>\n<\/div><img  class=\"x-img x-img-none\"  src=\"https:\/\/app-fortunica-content.s3.eu-central-1.amazonaws.com\/prod\/app\/uploads\/2021\/09\/Untitled-design.gif\" ><div class=\"x-text\"  ><p>Bevor wir anfangen&#8230; Viele Menschen gehen zum Kartenleger und sagen einfach NICHTS, als ob sie die F\u00e4higkeiten des Kartenlegers testen wollen, um zu sehen, ob er die Frage erraten kann, auf die sie die Antwort wissen wollen.<\/p>\n<p>W\u00fcrdest du zu einem Arzt oder einem anderen Fachmann gehen und ihm Geld daf\u00fcr geben, dass er versucht, dein Problem zu erraten, ohne dass du ihm irgendwelche Informationen \u00fcber deine Symptome oder Sorgen gibst? Das ist pure Zeit- und Geldverschwendung.<\/p>\n<p>Fass kurz deine Situation zusammen, damit der Berater eine auf dich zugeschnittene Prognose erstellen kann.\u00a0Behandle deinen Berater wie einen Fachmann &#8211; sag ihm, was du brauchst und was deine Erwartungen sind. Auf diese Weise erh\u00e4ltst du eine genauere Antwort &#8211; und dein Geld ist es wert!<\/p>\n<\/div><div class=\"x-text\"  ><h5><span style=\"color: #26264e;\">Tipps, wie du deine Frage am besten formulierst<\/span><\/h5>\n<\/div><div  class=\"x-accordion\" ><div  class=\"x-accordion-group\" ><div class=\"x-accordion-heading\"><a id=\"tab-69d08554320f2\" class=\"x-accordion-toggle\" role=\"tab\" data-x-toggle=\"collapse-b\" data-x-toggleable=\"69d08554320f2\" aria-selected=\"true\" aria-expanded=\"true\" aria-controls=\"panel-69d08554320f2\">Lieber eine klare Frage als mehrere zusammen<\/a><\/div><div id=\"panel-69d08554320f2\" class=\"x-accordion-body\" role=\"tabpanel\" data-x-toggle-collapse=\"1\" data-x-toggleable=\"69d08554320f2\" aria-hidden=\"false\" aria-labelledby=\"tab-69d08554320f2\"><div class=\"x-accordion-inner\">Vermeide es, mehrere Themenkreise oder Alternativen miteinander in einer Frage zu verbinden. Befrage die Karten lieber einzeln zu den verschiedenen Bereichen.<\/div><\/div><\/div><div  class=\"x-accordion-group\" ><div class=\"x-accordion-heading\"><a id=\"tab-69d0855432116\" class=\"x-accordion-toggle\" role=\"tab\" data-x-toggle=\"collapse-b\" data-x-toggleable=\"69d0855432116\" aria-selected=\"true\" aria-expanded=\"true\" aria-controls=\"panel-69d0855432116\">Gib genaue Details an, wenn du dich auf eine andere Person beziehst<\/a><\/div><div id=\"panel-69d0855432116\" class=\"x-accordion-body\" role=\"tabpanel\" data-x-toggle-collapse=\"1\" data-x-toggleable=\"69d0855432116\" aria-hidden=\"false\" aria-labelledby=\"tab-69d0855432116\"><div class=\"x-accordion-inner\">Geburtsdatum, vielleicht auch ein Foto. Alles, was dem Berater helfen kann, sich in die Situation einzuf\u00fchlen, kann n\u00fctzlich sein.<\/div><\/div><\/div><div  class=\"x-accordion-group\" ><div class=\"x-accordion-heading\"><a id=\"tab-69d0855432120\" class=\"x-accordion-toggle collapsed\" role=\"tab\" data-x-toggle=\"collapse-b\" data-x-toggleable=\"69d0855432120\" aria-selected=\"false\" aria-expanded=\"false\" aria-controls=\"panel-69d0855432120\">Stelle spezifische Fragen<\/a><\/div><div id=\"panel-69d0855432120\" class=\"x-accordion-body x-collapsed\" role=\"tabpanel\" data-x-toggle-collapse=\"1\" data-x-toggleable=\"69d0855432120\" aria-hidden=\"true\" aria-labelledby=\"tab-69d0855432120\"><div class=\"x-accordion-inner\">Man muss sich eine Frage wie einen kleinen Weg vorstellen, bis ein neuer Weg kommt. Jeder Weg steht f\u00fcr eine kleine Entscheidung. Deshalb f\u00fchren allgemeine Fragen wie &#8222;Werde ich Gl\u00fcck im Leben haben?&#8220; zu keinen Antworten, die du in deinem Leben gebrauchen kannst.<\/div><\/div><\/div><\/div><\/div>\n  <\/div>\n  <\/div>\n  <\/div>\n\n<div class=\"e12879-13 x-section\" >\n      \n<div class=\"e12879-14 x-row x-container max width\" >\n  <div class=\"x-row-inner\">\n    \n<div class=\"e12879-15 x-col\" >\n    <div class=\"x-text\"  ><h4><span style=\"color: #26264e;\">Beispielsfragen<\/span><\/h4>\n<\/div><\/div>\n  <\/div>\n  <\/div>\n  <\/div>\n\n<div class=\"e12879-17 x-section\" >\n      \n<div class=\"e12879-18 x-row x-container max width\" >\n  <div class=\"x-row-inner\">\n    \n<div class=\"e12879-19 x-col\" >\n    <div class=\"x-text\"  ><h5>Fragen zum Thema Beziehung<\/h5>\n<\/div><\/div>\n  <\/div>\n  <\/div>\n  <\/div>\n\n<div class=\"e12879-21 x-section\" >\n      \n<div class=\"e12879-22 x-row x-container max width\" >\n  <div class=\"x-row-inner\">\n    \n<div class=\"e12879-23 x-col\" >\n    \n<span class=\"e12879-24 x-image\" >\n  <img alt=\"Image\" src=\"https:\/\/app-fortunica-content.s3.eu-central-1.amazonaws.com\/prod\/app\/uploads\/2021\/09\/Relationship-Advice-3.png\" width=\"600\" height=\"400\" >\n<\/span>\n<\/div>\n\n<div class=\"e12879-25 x-col\" >\n    <div class=\"x-text\"  ><ul>\n<li>Ich habe Angst, dass er\/sie mich eines Tages verlassen wird. Wie kann ich mit diesen \u00c4ngsten umgehen?<\/li>\n<li><span>Wie wird sich unsere Beziehung weiterentwickeln, wenn wir so weitermachen wie bisher?<\/span><\/li>\n<li>Was kann ich tun, damit meine Bed\u00fcrfnisse in der Beziehung befriedigt werden?<\/li>\n<li><span>Was passiert, wenn ich mich nach einem neuen Partner umschaue?<\/span><\/li>\n<li>Wir haben uns in letzter Zeit oft gestritten. Wie gehe ich mit Stress in meiner Beziehung am besten um?<\/li>\n<li><span>Was kann ich tun, um meine Beziehung zu retten?<\/span><\/li>\n<li>Was h\u00e4lt die Zukunft f\u00fcr mich und meinen Partner bereit?<\/li>\n<li>Wie soll ich weitermachen? Welche Entscheidung w\u00e4re die beste?<\/li>\n<li>Ich f\u00fchle mich \u00fcberfordert. Soll ich diese Beziehung beenden oder liegt das Problem woanders?<\/li>\n<li>Online-Dating &#8211; was mache ich falsch? Alle verschwinden einfach.<\/li>\n<li>Wo liegt die Ursache f\u00fcr meine Beziehungsprobleme?<\/li>\n<li>Wie kann ich meine Eifersucht z\u00e4hmen. Ich habe Angst, dass ich meine Beziehung ruinieren k\u00f6nnte.<\/li>\n<li>Kann eine Freundschaft Plus zwischen uns funktionieren?<\/li>\n<\/ul>\n<\/div><\/div>\n  <\/div>\n  <\/div>\n  <\/div>\n\n<div class=\"e12879-27 x-section\" >\n      \n<div class=\"e12879-28 x-row x-container max width\" >\n  <div class=\"x-row-inner\">\n    \n<div class=\"e12879-29 x-col\" >\n    <div class=\"x-text\"  ><h5><strong data-renderer-mark=\"true\">Fragen zum Thema LGBT<\/strong><\/h5>\n<\/div><\/div>\n  <\/div>\n  <\/div>\n  <\/div>\n\n<div class=\"e12879-31 x-section\" >\n      \n<div class=\"e12879-32 x-row x-container max width\" >\n  <div class=\"x-row-inner\">\n    \n<div class=\"e12879-33 x-col\" >\n    \n<span class=\"e12879-34 x-image\" >\n  <img alt=\"Image\" src=\"https:\/\/app-fortunica-content.s3.eu-central-1.amazonaws.com\/prod\/app\/uploads\/2021\/09\/lgbt-7.png\" width=\"600\" height=\"400\" >\n<\/span>\n<\/div>\n\n<div class=\"e12879-35 x-col\" >\n    <div class=\"x-text\"  ><ul>\n<li>Wie ist die derzeitige Energie in der Beziehung?<\/li>\n<li>Meine Familie akzeptiert meine sexuelle Orientierung nicht. Wird unsere Beziehung bald besser werden?<\/li>\n<li>Ich f\u00fchle mich ausgegrenzt. Wie kann ich dieses Gef\u00fchl \u00fcberwinden?<\/li>\n<li>Die Frage, ob ich mich &#8222;outen&#8220; soll, ist eine Belastung f\u00fcr mich. Werden die Leute mich akzeptieren, wenn ich mich oute?<\/li>\n<li>Ich glaube, ich k\u00f6nnte lesbisch, schwul oder bisexuell sein. Woher wei\u00df ich das mit Sicherheit?<\/li>\n<li>Ich bin in meinen gleichgeschlechtlichen besten Freund verknallt. Bedeutet das, dass ich LGB bin?<\/li>\n<\/ul>\n<\/div><\/div>\n  <\/div>\n  <\/div>\n  <\/div>\n\n<div class=\"e12879-37 x-section\" >\n      \n<div class=\"e12879-38 x-row x-container max width\" >\n  <div class=\"x-row-inner\">\n    \n<div class=\"e12879-39 x-col\" >\n    <div class=\"x-text\"  ><h5><strong data-renderer-mark=\"true\">Astrologie &amp; Horoskop<\/strong><\/h5>\n<\/div><\/div>\n  <\/div>\n  <\/div>\n  <\/div>\n\n<div class=\"e12879-41 x-section\" >\n      \n<div class=\"e12879-42 x-row x-container max width\" >\n  <div class=\"x-row-inner\">\n    \n<div class=\"e12879-43 x-col\" >\n    \n<span class=\"e12879-44 x-image\" >\n  <img alt=\"Image\" src=\"https:\/\/app-fortunica-content.s3.eu-central-1.amazonaws.com\/prod\/app\/uploads\/2021\/09\/Astrology-Horoscope-1-1.png\" width=\"600\" height=\"400\" >\n<\/span>\n<\/div>\n\n<div class=\"e12879-45 x-col\" >\n    <div class=\"x-text\"  ><ul>\n<li>Was sind laut meinem Geburtshoroskop meine Gaben und Talente? Auf welche Aspekte meines Lebens muss ich mich mehr konzentrieren und aufpassen?<\/li>\n<li>Was ist meine Lebensaufgabe?<\/li>\n<li>Was sagt mein Horoskop aus in Bezug darauf, wie ich Liebe gebe und empfange?<\/li>\n<li>Wie kann ich laut Horoskop am besten Geld verdienen?<\/li>\n<li>Was f\u00fcr Menschen w\u00e4ren gute Partner und Freunde f\u00fcr mich?<\/li>\n<li>Wie kompatibel bin ich mit meinem Partner?<\/li>\n<li>Wann ist der beste Zeitpunkt f\u00fcr einen Karrieresprung\/ die Gr\u00fcndung einer Familie usw.?<\/li>\n<li>Er\/sie ist Stier &#8211; wie ist er\/sie in der Liebe?<\/li>\n<\/ul>\n<\/div><\/div>\n  <\/div>\n  <\/div>\n  <\/div>\n\n<div class=\"e12879-47 x-section\" >\n      \n<div class=\"e12879-48 x-row x-container max width\" >\n  <div class=\"x-row-inner\">\n    \n<div class=\"e12879-49 x-col\" >\n    <div class=\"x-text\"  ><h5><strong data-renderer-mark=\"true\">Life Coaching und New Age Spiritualit\u00e4t<\/strong><\/h5>\n<\/div><\/div>\n  <\/div>\n  <\/div>\n  <\/div>\n\n<div class=\"e12879-51 x-section\" >\n      \n<div class=\"e12879-52 x-row x-container max width\" >\n  <div class=\"x-row-inner\">\n    \n<div class=\"e12879-53 x-col\" >\n    \n<span class=\"e12879-54 x-image\" >\n  <img alt=\"Image\" src=\"https:\/\/app-fortunica-content.s3.eu-central-1.amazonaws.com\/prod\/app\/uploads\/2021\/09\/Life-Coaching_-New-Age-Spirituality-.png\" width=\"600\" height=\"400\" >\n<\/span>\n<\/div>\n\n<div class=\"e12879-55 x-col\" >\n    <div class=\"x-text\"  ><ul>\n<li>Wie kann ich das Gesetz der Anziehung richtig f\u00fcr mich arbeiten lassen?<\/li>\n<li>Wie kann ich Liebe und Reichtum in meinem Leben manifestieren?<\/li>\n<li>Wie funktioniert Visualisierung und was kann ich dadurch in meinem Leben verbessern?<\/li>\n<li>Ist Meditation eine gute Wahl f\u00fcr meine geistige Gesundheit oder gibt es etwas, was besser zu mir passt?<\/li>\n<li>Kann ich mit Energieheilung Gl\u00fcck anziehen und wie?<\/li>\n<li>Wie kann ich meine Intuition entwickeln?<\/li>\n<li>Wie kann ich positiver und optimistischer sein?<\/li>\n<\/ul>\n<\/div><\/div>\n  <\/div>\n  <\/div>\n  <\/div>\n\n<div class=\"e12879-57 x-section\" >\n      \n<div class=\"e12879-58 x-row x-container max width\" >\n  <div class=\"x-row-inner\">\n    \n<div class=\"e12879-59 x-col\" >\n    <div class=\"x-text\"  ><h5>Fragen zum Thema Liebe &amp; Sex<\/h5>\n<\/div><\/div>\n  <\/div>\n  <\/div>\n  <\/div>\n\n<div class=\"e12879-61 x-section\" >\n      \n<div class=\"e12879-62 x-row x-container max width\" >\n  <div class=\"x-row-inner\">\n    \n<div class=\"e12879-63 x-col\" >\n    \n<span class=\"e12879-64 x-image\" >\n  <img alt=\"Image\" src=\"https:\/\/app-fortunica-content.s3.eu-central-1.amazonaws.com\/prod\/app\/uploads\/2021\/09\/love_sex-1.gif\" width=\"1199\" height=\"800\" >\n<\/span>\n<\/div>\n\n<div class=\"e12879-65 x-col\" >\n    <div class=\"x-text\"  ><ul>\n<li>Wie kann ich mein Sexleben verbessern?<\/li>\n<li>Ich kann keine Intimit\u00e4t zulassen. Wie kann ich damit umgehen?<\/li>\n<li>Wie kann ich mein Selbstbewusstsein in Sachen Sex und Intimit\u00e4t steigern?<\/li>\n<li>Fehlt meinem Partner etwas in Bezug auf unser Sexleben?<\/li>\n<\/ul>\n<\/div><\/div>\n  <\/div>\n  <\/div>\n  <\/div>\n\n<div class=\"e12879-67 x-section\" >\n      \n<div class=\"e12879-68 x-row x-container max width\" >\n  <div class=\"x-row-inner\">\n    \n<div class=\"e12879-69 x-col\" >\n    <div class=\"x-text\"  ><h5><strong data-renderer-mark=\"true\">Fragen zum Thema Freundschaft<\/strong><\/h5>\n<\/div><\/div>\n  <\/div>\n  <\/div>\n  <\/div>\n\n<div class=\"e12879-71 x-section\" >\n      \n<div class=\"e12879-72 x-row x-container max width\" >\n  <div class=\"x-row-inner\">\n    \n<div class=\"e12879-73 x-col\" >\n    \n<span class=\"e12879-74 x-image\" >\n  <img alt=\"Image\" src=\"https:\/\/app-fortunica-content.s3.eu-central-1.amazonaws.com\/prod\/app\/uploads\/2021\/09\/Friendship-Advice-3.png\" width=\"600\" height=\"400\" >\n<\/span>\n<\/div>\n\n<div class=\"e12879-75 x-col\" >\n    <div class=\"x-text\"  ><ul>\n<li>Wie kann ich die Freundschaft wieder festigen?<\/li>\n<li>Ich f\u00fchle mich einsam. Wie kann ich neue Freunde finden?<\/li>\n<li>Soziale Kontakte sind nicht meine St\u00e4rke. Was kann mir helfen, extrovertierter zu werden?<\/li>\n<li><span>Was f\u00fcr Auswirkungen hat es auf unsere Freundschaft, wenn ich dieses oder jenes tue?<\/span><\/li>\n<\/ul>\n<\/div><\/div>\n  <\/div>\n  <\/div>\n  <\/div>\n\n<div class=\"e12879-77 x-section\" >\n      \n<div class=\"e12879-78 x-row x-container max width\" >\n  <div class=\"x-row-inner\">\n    \n<div class=\"e12879-79 x-col\" >\n    <div class=\"x-text\"  ><h5>Fragen zum Thema Karriere<\/h5>\n<\/div><\/div>\n  <\/div>\n  <\/div>\n  <\/div>\n\n<div class=\"e12879-81 x-section\" >\n      \n<div class=\"e12879-82 x-row x-container max width\" >\n  <div class=\"x-row-inner\">\n    \n<div class=\"e12879-83 x-col\" >\n    \n<span class=\"e12879-84 x-image\" >\n  <img alt=\"Image\" src=\"https:\/\/app-fortunica-content.s3.eu-central-1.amazonaws.com\/prod\/app\/uploads\/2021\/09\/landing-page-1.png\" width=\"600\" height=\"400\" >\n<\/span>\n<\/div>\n\n<div class=\"e12879-85 x-col\" >\n    <div class=\"x-text\"  ><ul>\n<li>Mobbing-Beratung: Wie kann ich mit einem schlechten Chef\/Kollegen umgehen?<\/li>\n<li>Was sind meine pers\u00f6nlichen St\u00e4rken, die mir helfen k\u00f6nnen, in meiner Karriere zu wachsen?<\/li>\n<li>Welches ist der richtige Job f\u00fcr mich?<\/li>\n<li>Was kann mir helfen, meine Work-Life-Balance zu verbessern?<\/li>\n<li>Wie kann ich mit Stress in meinem Job umgehen?<\/li>\n<li>Bin ich auf dem richtigen Karriereweg?<\/li>\n<li>Ich f\u00fchle mich ziemlich unwohl, wenn ich vor vielen Leuten spreche. Wie kann ich diese Angst \u00fcberwinden?<\/li>\n<li>Wie stehen die Chancen, dass ich erfolgreich sein werde, wenn ich mich selbstst\u00e4ndig mache?<\/li>\n<li>Soll ich mit meiner beruflichen Ver\u00e4nderung noch warten oder sollte ich jetzt aktiv werden?<\/li>\n<li>Soll ich versuchen mich innerhalb meiner jetzigen Firma bef\u00f6rdert zu werden oder sollte ich das Unternehmen wechseln?<\/li>\n<li><span>Wie sehen mich meine Kollegen und Vorgesetzten?<\/span><\/li>\n<\/ul>\n<\/div><\/div>\n  <\/div>\n  <\/div>\n  <\/div>\n\n<div class=\"e12879-87 x-section\" >\n      \n<div class=\"e12879-88 x-row x-container max width\" >\n  <div class=\"x-row-inner\">\n    \n<div class=\"e12879-89 x-col\" >\n    <div class=\"x-text\"  ><h5>Traumdeutung<\/h5>\n<\/div><\/div>\n  <\/div>\n  <\/div>\n  <\/div>\n\n<div class=\"e12879-91 x-section\" >\n      \n<div class=\"e12879-92 x-row x-container max width\" >\n  <div class=\"x-row-inner\">\n    \n<div class=\"e12879-93 x-col\" >\n    \n<span class=\"e12879-94 x-image\" >\n  <img alt=\"Image\" src=\"https:\/\/app-fortunica-content.s3.eu-central-1.amazonaws.com\/prod\/app\/uploads\/2021\/09\/landing-page-2.png\" width=\"600\" height=\"400\" >\n<\/span>\n<\/div>\n\n<div class=\"e12879-95 x-col\" >\n    <div class=\"x-text\"  ><ul>\n<li>Ich tr\u00e4ume oft davon, den Zug zu verpassen. Was hat das zu bedeuten?<\/li>\n<li>Zeigen meine Tr\u00e4ume verborgene Gef\u00fchle von mir?<\/li>\n<li>Ein Traumtagebuch zu f\u00fchren &#8211; w\u00e4re das sinnvoll und wie kann ich es tun?<\/li>\n<li>Wie kann ich meine Alptr\u00e4ume loswerden?<\/li>\n<\/ul>\n<\/div><\/div>\n  <\/div>\n  <\/div>\n  <\/div>\n<\/div>\n","protected":false},"excerpt":{"rendered":"<p>Was kann ich fragen? 50 Fragen, die du einem spirituellen Berater stellen kannst\u00a0 Bevor wir anfangen&#8230; Viele Menschen gehen zum Kartenleger und sagen einfach NICHTS, als ob sie die F\u00e4higkeiten &#8230; <\/p>\n<div><a href=\"https:\/\/app-fortunica.com\/de\/beispielsfragen\" class=\"more-link\">Weiterlesen<\/a><\/div>\n","protected":false},"author":28,"featured_media":0,"parent":0,"menu_order":0,"comment_status":"closed","ping_status":"closed","template":"template-blank-8.php","meta":[],"yoast_head":"<!-- This site is optimized with the Yoast SEO Premium plugin v15.2 - https:\/\/yoast.com\/wordpress\/plugins\/seo\/ -->\n<title>Beispielsfragen - fortunica<\/title>\n<meta name=\"robots\" content=\"index, follow, max-snippet:-1, max-image-preview:large, max-video-preview:-1\" \/>\n<link rel=\"canonical\" href=\"https:\/\/app-fortunica.com\/de\/beispielsfragen\" \/>\n<meta property=\"og:locale\" content=\"de_DE\" \/>\n<meta property=\"og:type\" content=\"article\" \/>\n<meta property=\"og:title\" content=\"Beispielsfragen - fortunica\" \/>\n<meta property=\"og:description\" content=\"Was kann ich fragen? 50 Fragen, die du einem spirituellen Berater stellen kannst\u00a0 Bevor wir anfangen&#8230; Viele Menschen gehen zum Kartenleger und sagen einfach NICHTS, als ob sie die F\u00e4higkeiten ... Weiterlesen\" \/>\n<meta property=\"og:url\" content=\"https:\/\/app-fortunica.com\/de\/beispielsfragen\" \/>\n<meta property=\"og:site_name\" content=\"fortunica\" \/>\n<meta property=\"article:publisher\" content=\"https:\/\/www.facebook.com\/app.fortunica\/\" \/>\n<meta property=\"article:modified_time\" content=\"2021-11-17T09:01:19+00:00\" \/>\n<meta property=\"og:image\" content=\"https:\/\/app-fortunica.com\/app\/uploads\/2021\/09\/Untitled-design.gif\" \/>\n<meta name=\"twitter:card\" content=\"summary\" \/>\n<meta name=\"twitter:label1\" value=\"Verfasst von\">\n\t<meta name=\"twitter:data1\" value=\"Maria\">\n\t<meta name=\"twitter:label2\" value=\"Gesch\u00e4tzte Lesezeit\">\n\t<meta name=\"twitter:data2\" value=\"11 Minuten\">\n<script type=\"application\/ld+json\" class=\"yoast-schema-graph\">{\"@context\":\"https:\/\/schema.org\",\"@graph\":[{\"@type\":\"WebSite\",\"@id\":\"https:\/\/app-fortunica.com\/#website\",\"url\":\"https:\/\/app-fortunica.com\/\",\"name\":\"fortunica\",\"description\":\"The #1 App for you to Connect with Spiritual Advisors\",\"potentialAction\":[{\"@type\":\"SearchAction\",\"target\":\"https:\/\/app-fortunica.com\/?s={search_term_string}\",\"query-input\":\"required name=search_term_string\"}],\"inLanguage\":\"de-DE\"},{\"@type\":\"ImageObject\",\"@id\":\"https:\/\/app-fortunica.com\/de\/beispielsfragen#primaryimage\",\"inLanguage\":\"de-DE\",\"url\":\"https:\/\/app-fortunica.com\/app\/uploads\/2021\/09\/Untitled-design.gif\"},{\"@type\":\"WebPage\",\"@id\":\"https:\/\/app-fortunica.com\/de\/beispielsfragen#webpage\",\"url\":\"https:\/\/app-fortunica.com\/de\/beispielsfragen\",\"name\":\"Beispielsfragen - fortunica\",\"isPartOf\":{\"@id\":\"https:\/\/app-fortunica.com\/#website\"},\"primaryImageOfPage\":{\"@id\":\"https:\/\/app-fortunica.com\/de\/beispielsfragen#primaryimage\"},\"datePublished\":\"2021-08-19T09:04:57+00:00\",\"dateModified\":\"2021-11-17T09:01:19+00:00\",\"inLanguage\":\"de-DE\",\"potentialAction\":[{\"@type\":\"ReadAction\",\"target\":[\"https:\/\/app-fortunica.com\/de\/beispielsfragen\"]}]}]}<\/script>\n<!-- \/ Yoast SEO Premium plugin. -->","_links":{"self":[{"href":"https:\/\/app-fortunica.com\/de\/wp-json\/wp\/v2\/pages\/12879"}],"collection":[{"href":"https:\/\/app-fortunica.com\/de\/wp-json\/wp\/v2\/pages"}],"about":[{"href":"https:\/\/app-fortunica.com\/de\/wp-json\/wp\/v2\/types\/page"}],"author":[{"embeddable":true,"href":"https:\/\/app-fortunica.com\/de\/wp-json\/wp\/v2\/users\/28"}],"replies":[{"embeddable":true,"href":"https:\/\/app-fortunica.com\/de\/wp-json\/wp\/v2\/comments?post=12879"}],"version-history":[{"count":7,"href":"https:\/\/app-fortunica.com\/de\/wp-json\/wp\/v2\/pages\/12879\/revisions"}],"predecessor-version":[{"id":12888,"href":"https:\/\/app-fortunica.com\/de\/wp-json\/wp\/v2\/pages\/12879\/revisions\/12888"}],"wp:attachment":[{"href":"https:\/\/app-fortunica.com\/de\/wp-json\/wp\/v2\/media?parent=12879"}],"curies":[{"name":"wp","href":"https:\/\/api.w.org\/{rel}","templated":true}]}}