{"id":15024,"date":"2023-03-15T14:42:28","date_gmt":"2023-03-15T13:42:28","guid":{"rendered":"https:\/\/app-fortunica.com?page_id=15024"},"modified":"2026-04-20T10:39:24","modified_gmt":"2026-04-20T08:39:24","slug":"wochenhoroskop","status":"publish","type":"page","link":"https:\/\/app-fortunica.com\/de\/wochenhoroskop","title":{"rendered":"Wochenhoroskop"},"content":{"rendered":"<div id=\"cs-content\" class=\"cs-content\" >\n<div class=\"e15024-1 x-section\" >\n      \n<div class=\"e15024-2 x-row x-container max width\" >\n  <div class=\"x-row-inner\">\n    \n<div class=\"e15024-3 x-col\" >\n    \n<span class=\"e15024-4 x-image\" >\n  <img alt=\"Image\" src=\"https:\/\/app-fortunica-content.s3.eu-central-1.amazonaws.com\/prod\/app\/uploads\/2023\/08\/Horoscopes-Design-11.png\" width=\"1049\" height=\"397\" >\n<\/span>\n<h1  class=\"h-custom-headline h4\" ><span><strong> 20.04 &#8211; 26.04.2026<\/strong><\/span><\/h1>\n<hr class=\"e15024-6 x-line\" >\n\n<div class=\"e15024-7 x-text\" >\n  <div _ngcontent-ng-c3483783130=\"\" inline-copy-host=\"\" class=\"markdown markdown-main-panel enable-updated-hr-color\" id=\"model-response-message-contentr_4e18eba42025af66\" aria-live=\"polite\" aria-busy=\"false\" dir=\"ltr\">\n<h2 data-section-id=\"161r0r4\" data-start=\"584\" data-end=\"620\">\u2648 Widder (21. M\u00e4rz \u2013 20. April)<\/h2>\n<p data-start=\"621\" data-end=\"1016\">\ud83d\udcbc <strong data-start=\"624\" data-end=\"643\">Job &amp; Finanzen:<\/strong><br data-start=\"643\" data-end=\"646\" \/>Du startest mit viel Energie, doch \u00e4u\u00dfere Verz\u00f6gerungen fordern dich heraus, geduldig zu bleiben. Diese Woche l\u00e4dt dich ein, bestehende Pl\u00e4ne zu \u00fcberdenken und strategischer zu handeln. Ab Wochenmitte bringen Gespr\u00e4che oder Feedback neue Klarheit und m\u00f6gliche Wendepunkte. Finanziell ist Vorsicht wichtig \u2013 keine spontanen Entscheidungen, sondern Struktur und Planung.<\/p>\n<p data-start=\"1018\" data-end=\"1256\">\u2764\ufe0f <strong data-start=\"1021\" data-end=\"1045\">Liebe &amp; Beziehungen:<\/strong><br data-start=\"1045\" data-end=\"1048\" \/>Du m\u00f6chtest Klarheit und ehrliche Antworten. Unausgesprochene Themen k\u00f6nnen jetzt sichtbar werden und helfen, Beziehungen zu st\u00e4rken. Singles ziehen Menschen an, die emotional stabil und authentisch wirken.<\/p>\n<p data-start=\"1258\" data-end=\"1395\">\u26a1 <strong data-start=\"1260\" data-end=\"1285\">Energie &amp; Gesundheit:<\/strong><br data-start=\"1285\" data-end=\"1288\" \/>Deine Energie schwankt zwischen Aktivit\u00e4t und Ersch\u00f6pfung. Balance und bewusste Pausen sind entscheidend.<\/p>\n<p data-start=\"1397\" data-end=\"1479\">\ud83d\udcc5 <strong data-start=\"1400\" data-end=\"1415\">Gl\u00fcckstage:<\/strong> Mittwoch &amp; Samstag<br data-start=\"1434\" data-end=\"1437\" \/>\ud83c\udfa8 <strong data-start=\"1440\" data-end=\"1450\">Farbe:<\/strong> Rot \u2013 St\u00e4rke und Klarheit.<\/p>\n\n<h2 data-section-id=\"1jawput\" data-start=\"1486\" data-end=\"1520\">\u2649 Stier (21. April \u2013 20. Mai)<\/h2>\n<p data-start=\"1521\" data-end=\"1727\">\ud83d\udcbc <strong data-start=\"1524\" data-end=\"1543\">Job &amp; Finanzen:<\/strong><br data-start=\"1543\" data-end=\"1546\" \/>Du bist in einer stabilen Aufbauphase. Fortschritte sind langsam, aber nachhaltig. Jetzt ist der ideale Zeitpunkt, Strukturen zu verbessern und langfristige Sicherheit aufzubauen.<\/p>\n<p data-start=\"1729\" data-end=\"1862\">\u2764\ufe0f <strong data-start=\"1732\" data-end=\"1756\">Liebe &amp; Beziehungen:<\/strong><br data-start=\"1756\" data-end=\"1759\" \/>Du suchst Best\u00e4ndigkeit und Vertrauen. Beziehungen vertiefen sich durch Routine und gemeinsame Werte.<\/p>\n<p data-start=\"1864\" data-end=\"1954\">\u26a1 <strong data-start=\"1866\" data-end=\"1891\">Energie &amp; Gesundheit:<\/strong><br data-start=\"1891\" data-end=\"1894\" \/>Ruhe und Stabilit\u00e4t sind essenziell f\u00fcr dein Wohlbefinden.<\/p>\n<p data-start=\"1956\" data-end=\"2041\">\ud83d\udcc5 <strong data-start=\"1959\" data-end=\"1974\">Gl\u00fcckstage:<\/strong> Dienstag &amp; Freitag<br data-start=\"1993\" data-end=\"1996\" \/>\ud83c\udfa8 <strong data-start=\"1999\" data-end=\"2009\">Farbe:<\/strong> Gr\u00fcn \u2013 Erdung und Stabilit\u00e4t.<\/p>\n\n<h2 data-section-id=\"166nabk\" data-start=\"2048\" data-end=\"2085\">\u264a Zwillinge (21. Mai \u2013 20. Juni)<\/h2>\n<p data-start=\"2086\" data-end=\"2229\">\ud83d\udcbc <strong data-start=\"2089\" data-end=\"2108\">Job &amp; Finanzen:<\/strong><br data-start=\"2108\" data-end=\"2111\" \/>Viele Gespr\u00e4che und Ideen bringen neue Impulse. Wichtig ist, den Fokus nicht zu verlieren und Priorit\u00e4ten zu setzen.<\/p>\n<p data-start=\"2231\" data-end=\"2335\">\u2764\ufe0f <strong data-start=\"2234\" data-end=\"2258\">Liebe &amp; Beziehungen:<\/strong><br data-start=\"2258\" data-end=\"2261\" \/>Kommunikation steht im Mittelpunkt. Ehrliche Gespr\u00e4che bringen Klarheit.<\/p>\n<p data-start=\"2337\" data-end=\"2420\">\u26a1 <strong data-start=\"2339\" data-end=\"2364\">Energie &amp; Gesundheit:<\/strong><br data-start=\"2364\" data-end=\"2367\" \/>Mentale Aktivit\u00e4t ist hoch \u2013 Pausen sind notwendig.<\/p>\n<p data-start=\"2422\" data-end=\"2505\">\ud83d\udcc5 <strong data-start=\"2425\" data-end=\"2440\">Gl\u00fcckstage:<\/strong> Montag &amp; Donnerstag<br data-start=\"2460\" data-end=\"2463\" \/>\ud83c\udfa8 <strong data-start=\"2466\" data-end=\"2476\">Farbe:<\/strong> Gelb \u2013 Fokus und Klarheit.<\/p>\n\n<h2 data-section-id=\"1fe9bio\" data-start=\"2512\" data-end=\"2546\">\u264b Krebs (21. Juni \u2013 22. Juli)<\/h2>\n<p data-start=\"2547\" data-end=\"2692\">\ud83d\udcbc <strong data-start=\"2550\" data-end=\"2569\">Job &amp; Finanzen:<\/strong><br data-start=\"2569\" data-end=\"2572\" \/>Du arbeitest im Hintergrund, aber sehr effektiv. Deine Intuition ist stark und f\u00fchrt dich sicher durch Entscheidungen.<\/p>\n<p data-start=\"2694\" data-end=\"2797\">\u2764\ufe0f <strong data-start=\"2697\" data-end=\"2721\">Liebe &amp; Beziehungen:<\/strong><br data-start=\"2721\" data-end=\"2724\" \/>Emotionale Tiefe nimmt zu. Beziehungen werden intensiver und ehrlicher.<\/p>\n<p data-start=\"2799\" data-end=\"2884\">\u26a1 <strong data-start=\"2801\" data-end=\"2826\">Energie &amp; Gesundheit:<\/strong><br data-start=\"2826\" data-end=\"2829\" \/>R\u00fcckzug und Ruhe sind wichtig f\u00fcr dein Gleichgewicht.<\/p>\n<p data-start=\"2886\" data-end=\"2974\">\ud83d\udcc5 <strong data-start=\"2889\" data-end=\"2904\">Gl\u00fcckstage:<\/strong> Mittwoch &amp; Sonntag<br data-start=\"2923\" data-end=\"2926\" \/>\ud83c\udfa8 <strong data-start=\"2929\" data-end=\"2939\">Farbe:<\/strong> Silber \u2013 Schutz und innere Ruhe.<\/p>\n\n<h2 data-section-id=\"1dqb2g9\" data-start=\"2981\" data-end=\"3016\">\u264c L\u00f6we (23. Juli \u2013 22. August)<\/h2>\n<p data-start=\"3017\" data-end=\"3153\">\ud83d\udcbc <strong data-start=\"3020\" data-end=\"3039\">Job &amp; Finanzen:<\/strong><br data-start=\"3039\" data-end=\"3042\" \/>Du wirst wahrgenommen und kannst dich gut pr\u00e4sentieren. Achte auf Balance zwischen Verantwortung und Energie.<\/p>\n<p data-start=\"3155\" data-end=\"3253\">\u2764\ufe0f <strong data-start=\"3158\" data-end=\"3182\">Liebe &amp; Beziehungen:<\/strong><br data-start=\"3182\" data-end=\"3185\" \/>Du wirkst offen und charismatisch. Ehrlichkeit st\u00e4rkt Beziehungen.<\/p>\n<p data-start=\"3255\" data-end=\"3346\">\u26a1 <strong data-start=\"3257\" data-end=\"3282\">Energie &amp; Gesundheit:<\/strong><br data-start=\"3282\" data-end=\"3285\" \/>Kreativit\u00e4t gibt dir Kraft, aber du brauchst auch Erholung.<\/p>\n<p data-start=\"3348\" data-end=\"3444\">\ud83d\udcc5 <strong data-start=\"3351\" data-end=\"3366\">Gl\u00fcckstage:<\/strong> Dienstag &amp; Samstag<br data-start=\"3385\" data-end=\"3388\" \/>\ud83c\udfa8 <strong data-start=\"3391\" data-end=\"3401\">Farbe:<\/strong> Gold \u2013 Selbstvertrauen und Ausstrahlung.<\/p>\n\n<h2 data-section-id=\"78jq77\" data-start=\"3451\" data-end=\"3495\">\u264d Jungfrau (23. August \u2013 22. September)<\/h2>\n<p data-start=\"3496\" data-end=\"3632\">\ud83d\udcbc <strong data-start=\"3499\" data-end=\"3518\">Job &amp; Finanzen:<\/strong><br data-start=\"3518\" data-end=\"3521\" \/>Struktur, Planung und Organisation bringen dich weiter. Du erkennst wichtige Details und optimierst Prozesse.<\/p>\n<p data-start=\"3634\" data-end=\"3718\">\u2764\ufe0f <strong data-start=\"3637\" data-end=\"3661\">Liebe &amp; Beziehungen:<\/strong><br data-start=\"3661\" data-end=\"3664\" \/>Zuverl\u00e4ssigkeit und kleine Gesten sind entscheidend.<\/p>\n<p data-start=\"3720\" data-end=\"3792\">\u26a1 <strong data-start=\"3722\" data-end=\"3747\">Energie &amp; Gesundheit:<\/strong><br data-start=\"3747\" data-end=\"3750\" \/>Ein geordneter Alltag stabilisiert dich.<\/p>\n<p data-start=\"3794\" data-end=\"3874\">\ud83d\udcc5 <strong data-start=\"3797\" data-end=\"3812\">Gl\u00fcckstage:<\/strong> Montag &amp; Freitag<br data-start=\"3829\" data-end=\"3832\" \/>\ud83c\udfa8 <strong data-start=\"3835\" data-end=\"3845\">Farbe:<\/strong> Beige \u2013 Ruhe und Klarheit.<\/p>\n\n<h2 data-section-id=\"k4izk8\" data-start=\"3881\" data-end=\"3923\">\u264e Waage (23. September \u2013 22. Oktober)<\/h2>\n<p data-start=\"3924\" data-end=\"4025\">\ud83d\udcbc <strong data-start=\"3927\" data-end=\"3946\">Job &amp; Finanzen:<\/strong><br data-start=\"3946\" data-end=\"3949\" \/>Du vermittelst zwischen verschiedenen Sichtweisen und sorgst f\u00fcr Harmonie.<\/p>\n<p data-start=\"4027\" data-end=\"4113\">\u2764\ufe0f <strong data-start=\"4030\" data-end=\"4054\">Liebe &amp; Beziehungen:<\/strong><br data-start=\"4054\" data-end=\"4057\" \/>Du lernst, deine eigenen Bed\u00fcrfnisse klarer zu \u00e4u\u00dfern.<\/p>\n<p data-start=\"4115\" data-end=\"4194\">\u26a1 <strong data-start=\"4117\" data-end=\"4142\">Energie &amp; Gesundheit:<\/strong><br data-start=\"4142\" data-end=\"4145\" \/>Balance ist entscheidend f\u00fcr dein Wohlbefinden.<\/p>\n<p data-start=\"4196\" data-end=\"4289\">\ud83d\udcc5 <strong data-start=\"4199\" data-end=\"4214\">Gl\u00fcckstage:<\/strong> Mittwoch &amp; Samstag<br data-start=\"4233\" data-end=\"4236\" \/>\ud83c\udfa8 <strong data-start=\"4239\" data-end=\"4249\">Farbe:<\/strong> Hellblau \u2013 Harmonie und Leichtigkeit.<\/p>\n\n<h2 data-section-id=\"1ozo7fr\" data-start=\"4296\" data-end=\"4340\">\u264f Skorpion (23. Oktober \u2013 21. November)<\/h2>\n<p data-start=\"4341\" data-end=\"4445\">\ud83d\udcbc <strong data-start=\"4344\" data-end=\"4363\">Job &amp; Finanzen:<\/strong><br data-start=\"4363\" data-end=\"4366\" \/>Du erkennst verborgene Zusammenh\u00e4nge und triffst strategische Entscheidungen.<\/p>\n<p data-start=\"4447\" data-end=\"4529\">\u2764\ufe0f <strong data-start=\"4450\" data-end=\"4474\">Liebe &amp; Beziehungen:<\/strong><br data-start=\"4474\" data-end=\"4477\" \/>Tiefe Gespr\u00e4che bringen emotionale Transformation.<\/p>\n<p data-start=\"4531\" data-end=\"4606\">\u26a1 <strong data-start=\"4533\" data-end=\"4558\">Energie &amp; Gesundheit:<\/strong><br data-start=\"4558\" data-end=\"4561\" \/>Alleinzeit hilft dir, dich zu regenerieren.<\/p>\n<p data-start=\"4608\" data-end=\"4701\">\ud83d\udcc5 <strong data-start=\"4611\" data-end=\"4626\">Gl\u00fcckstage:<\/strong> Donnerstag &amp; Sonntag<br data-start=\"4647\" data-end=\"4650\" \/>\ud83c\udfa8 <strong data-start=\"4653\" data-end=\"4663\">Farbe:<\/strong> Violett \u2013 Tiefe und Transformation.<\/p>\n\n<h2 data-section-id=\"l5v2o7\" data-start=\"4708\" data-end=\"4752\">\u2650 Sch\u00fctze (22. November \u2013 21. Dezember)<\/h2>\n<p data-start=\"4753\" data-end=\"4862\">\ud83d\udcbc <strong data-start=\"4756\" data-end=\"4775\">Job &amp; Finanzen:<\/strong><br data-start=\"4775\" data-end=\"4778\" \/>Neue Ideen und Perspektiven entstehen, aber du solltest sie strukturiert umsetzen.<\/p>\n<p data-start=\"4864\" data-end=\"4981\">\u2764\ufe0f <strong data-start=\"4867\" data-end=\"4891\">Liebe &amp; Beziehungen:<\/strong><br data-start=\"4891\" data-end=\"4894\" \/>Freiheit und Ehrlichkeit sind zentral. Beziehungen wachsen durch gemeinsame Visionen.<\/p>\n<p data-start=\"4983\" data-end=\"5051\">\u26a1 <strong data-start=\"4985\" data-end=\"5010\">Energie &amp; Gesundheit:<\/strong><br data-start=\"5010\" data-end=\"5013\" \/>Bewegung h\u00e4lt dich im Gleichgewicht.<\/p>\n<p data-start=\"5053\" data-end=\"5143\">\ud83d\udcc5 <strong data-start=\"5056\" data-end=\"5071\">Gl\u00fcckstage:<\/strong> Montag &amp; Freitag<br data-start=\"5088\" data-end=\"5091\" \/>\ud83c\udfa8 <strong data-start=\"5094\" data-end=\"5104\">Farbe:<\/strong> Violett \u2013 Inspiration und Expansion.<\/p>\n\n<h2 data-section-id=\"1qr01z5\" data-start=\"5150\" data-end=\"5194\">\u2651 Steinbock (22. Dezember \u2013 20. Januar)<\/h2>\n<p data-start=\"5195\" data-end=\"5295\">\ud83d\udcbc <strong data-start=\"5198\" data-end=\"5217\">Job &amp; Finanzen:<\/strong><br data-start=\"5217\" data-end=\"5220\" \/>Verantwortung steigt, aber du meisterst sie mit Stabilit\u00e4t und Disziplin.<\/p>\n<p data-start=\"5297\" data-end=\"5375\">\u2764\ufe0f <strong data-start=\"5300\" data-end=\"5324\">Liebe &amp; Beziehungen:<\/strong><br data-start=\"5324\" data-end=\"5327\" \/>Du zeigst Liebe durch Handlungen, nicht Worte.<\/p>\n<p data-start=\"5377\" data-end=\"5455\">\u26a1 <strong data-start=\"5379\" data-end=\"5404\">Energie &amp; Gesundheit:<\/strong><br data-start=\"5404\" data-end=\"5407\" \/>Achte auf k\u00f6rperliche Anspannung und Erholung.<\/p>\n<p data-start=\"5457\" data-end=\"5542\">\ud83d\udcc5 <strong data-start=\"5460\" data-end=\"5475\">Gl\u00fcckstage:<\/strong> Mittwoch &amp; Samstag<br data-start=\"5494\" data-end=\"5497\" \/>\ud83c\udfa8 <strong data-start=\"5500\" data-end=\"5510\">Farbe:<\/strong> Braun \u2013 Stabilit\u00e4t und Kraft.<\/p>\n\n<h2 data-section-id=\"xdgfsl\" data-start=\"5549\" data-end=\"5593\">\u2652 Wassermann (21. Januar \u2013 19. Februar)<\/h2>\n<p data-start=\"5594\" data-end=\"5665\">\ud83d\udcbc <strong data-start=\"5597\" data-end=\"5616\">Job &amp; Finanzen:<\/strong><br data-start=\"5616\" data-end=\"5619\" \/>Innovative Ideen bringen neue M\u00f6glichkeiten.<\/p>\n<p data-start=\"5667\" data-end=\"5752\">\u2764\ufe0f <strong data-start=\"5670\" data-end=\"5694\">Liebe &amp; Beziehungen:<\/strong><br data-start=\"5694\" data-end=\"5697\" \/>Freiheit und Verbindung m\u00fcssen im Gleichgewicht sein.<\/p>\n<p data-start=\"5754\" data-end=\"5834\">\u26a1 <strong data-start=\"5756\" data-end=\"5781\">Energie &amp; Gesundheit:<\/strong><br data-start=\"5781\" data-end=\"5784\" \/>Mentale Aktivit\u00e4t ist hoch \u2013 Erdung ist wichtig.<\/p>\n<p data-start=\"5836\" data-end=\"5927\">\ud83d\udcc5 <strong data-start=\"5839\" data-end=\"5854\">Gl\u00fcckstage:<\/strong> Donnerstag &amp; Sonntag<br data-start=\"5875\" data-end=\"5878\" \/>\ud83c\udfa8 <strong data-start=\"5881\" data-end=\"5891\">Farbe:<\/strong> T\u00fcrkis \u2013 Klarheit und Innovation.<\/p>\n\n<h2 data-section-id=\"1w2xnmq\" data-start=\"5934\" data-end=\"5972\">\u2653 Fische (20. Februar \u2013 20. M\u00e4rz)<\/h2>\n<p data-start=\"5973\" data-end=\"6101\">\ud83d\udcbc <strong data-start=\"5976\" data-end=\"5995\">Job &amp; Finanzen:<\/strong><br data-start=\"5995\" data-end=\"5998\" \/>Deine Intuition f\u00fchrt dich sicher durch berufliche Entscheidungen. Kreative Projekte sind beg\u00fcnstigt.<\/p>\n<p data-start=\"6103\" data-end=\"6213\">\u2764\ufe0f <strong data-start=\"6106\" data-end=\"6130\">Liebe &amp; Beziehungen:<\/strong><br data-start=\"6130\" data-end=\"6133\" \/>Emotionale Tiefe und Heilung stehen im Fokus. Alte Gef\u00fchle k\u00f6nnen sich zeigen.<\/p>\n<p data-start=\"6215\" data-end=\"6299\">\u26a1 <strong data-start=\"6217\" data-end=\"6242\">Energie &amp; Gesundheit:<\/strong><br data-start=\"6242\" data-end=\"6245\" \/>Du brauchst R\u00fcckzug, Ruhe und emotionale Stabilit\u00e4t.<\/p>\n<p data-start=\"6301\" data-end=\"6390\">\ud83d\udcc5 <strong data-start=\"6304\" data-end=\"6319\">Gl\u00fcckstage:<\/strong> Dienstag &amp; Freitag<br data-start=\"6338\" data-end=\"6341\" \/>\ud83c\udfa8 <strong data-start=\"6344\" data-end=\"6354\">Farbe:<\/strong> Aquamarin \u2013 Heilung und Klarheit.<\/p>\n\n<\/div><\/div>\n\n<div class=\"e15024-8 x-text x-text-headline\" >\n  <div class=\"x-text-content\"><div class=\"x-text-content-text\"><h1 class=\"x-text-content-text-primary\"><h4>Unsere Top-Astrologen<\/h4><\/h1><\/div><\/div><\/div>\n\n<span class=\"e15024-9 x-image\" >\n  <img alt=\"Image\" src=\"https:\/\/app-fortunica-content.s3.eu-central-1.amazonaws.com\/prod\/app\/uploads\/2021\/09\/Copy-of-Copy-of-Capture-image-Newsfeed.png\" width=\"1028\" height=\"390\" >\n<\/span>\n<\/div>\n  <\/div>\n  <\/div>\n  <\/div>\n<\/div>\n","protected":false},"excerpt":{"rendered":"<p>20.04 &#8211; 26.04.2026 \u2648 Widder (21. M\u00e4rz \u2013 20. April) \ud83d\udcbc Job &amp; Finanzen:Du startest mit viel Energie, doch \u00e4u\u00dfere Verz\u00f6gerungen fordern dich heraus, geduldig zu bleiben. Diese Woche l\u00e4dt &#8230; <\/p>\n<div><a href=\"https:\/\/app-fortunica.com\/de\/wochenhoroskop\" class=\"more-link\">Weiterlesen<\/a><\/div>\n","protected":false},"author":34,"featured_media":0,"parent":0,"menu_order":0,"comment_status":"closed","ping_status":"closed","template":"","meta":[],"yoast_head":"<!-- This site is optimized with the Yoast SEO Premium plugin v15.2 - https:\/\/yoast.com\/wordpress\/plugins\/seo\/ -->\n<title>Wochenhoroskop - fortunica<\/title>\n<meta name=\"description\" content=\"Entdecke dein w\u00f6chentliches Horoskop und finde heraus, was die Sterne f\u00fcr dich bereithalten. Mit genauen Vorhersagen f\u00fcr jede Sternzeichen, bietet unser Horoskop praktische Tipps und tiefgreifende Einblicke, um dir zu helfen, deine Woche optimal zu gestalten. Bleib auf dem Laufenden mit unseren aktuellen astrologischen Analysen. Jetzt lesen und inspirieren lassen!\" \/>\n<meta name=\"robots\" content=\"index, follow, max-snippet:-1, max-image-preview:large, max-video-preview:-1\" \/>\n<link rel=\"canonical\" href=\"https:\/\/app-fortunica.com\/de\/wochenhoroskop\" \/>\n<meta property=\"og:locale\" content=\"de_DE\" \/>\n<meta property=\"og:type\" content=\"article\" \/>\n<meta property=\"og:title\" content=\"Wochenhoroskop - fortunica\" \/>\n<meta property=\"og:description\" content=\"Entdecke dein w\u00f6chentliches Horoskop und finde heraus, was die Sterne f\u00fcr dich bereithalten. Mit genauen Vorhersagen f\u00fcr jede Sternzeichen, bietet unser Horoskop praktische Tipps und tiefgreifende Einblicke, um dir zu helfen, deine Woche optimal zu gestalten. Bleib auf dem Laufenden mit unseren aktuellen astrologischen Analysen. Jetzt lesen und inspirieren lassen!\" \/>\n<meta property=\"og:url\" content=\"https:\/\/app-fortunica.com\/de\/wochenhoroskop\" \/>\n<meta property=\"og:site_name\" content=\"fortunica\" \/>\n<meta property=\"article:publisher\" content=\"https:\/\/www.facebook.com\/app.fortunica\/\" \/>\n<meta property=\"article:modified_time\" content=\"2026-04-20T08:39:24+00:00\" \/>\n<meta property=\"og:image\" content=\"https:\/\/app-fortunica.com\/app\/uploads\/2023\/08\/Horoscopes-Design-11.png\" \/>\n<meta name=\"twitter:card\" content=\"summary\" \/>\n<meta name=\"twitter:label1\" value=\"Verfasst von\">\n\t<meta name=\"twitter:data1\" value=\"advisor managers\">\n\t<meta name=\"twitter:label2\" value=\"Gesch\u00e4tzte Lesezeit\">\n\t<meta name=\"twitter:data2\" value=\"3 Minuten\">\n<script type=\"application\/ld+json\" class=\"yoast-schema-graph\">{\"@context\":\"https:\/\/schema.org\",\"@graph\":[{\"@type\":\"WebSite\",\"@id\":\"https:\/\/app-fortunica.com\/#website\",\"url\":\"https:\/\/app-fortunica.com\/\",\"name\":\"fortunica\",\"description\":\"The #1 App for you to Connect with Spiritual Advisors\",\"potentialAction\":[{\"@type\":\"SearchAction\",\"target\":\"https:\/\/app-fortunica.com\/?s={search_term_string}\",\"query-input\":\"required name=search_term_string\"}],\"inLanguage\":\"de-DE\"},{\"@type\":\"ImageObject\",\"@id\":\"https:\/\/app-fortunica.com\/de\/wochenhoroskop#primaryimage\",\"inLanguage\":\"de-DE\",\"url\":\"https:\/\/app-fortunica.com\/app\/uploads\/2023\/08\/Horoscopes-Design-11.png\"},{\"@type\":\"WebPage\",\"@id\":\"https:\/\/app-fortunica.com\/de\/wochenhoroskop#webpage\",\"url\":\"https:\/\/app-fortunica.com\/de\/wochenhoroskop\",\"name\":\"Wochenhoroskop - fortunica\",\"isPartOf\":{\"@id\":\"https:\/\/app-fortunica.com\/#website\"},\"primaryImageOfPage\":{\"@id\":\"https:\/\/app-fortunica.com\/de\/wochenhoroskop#primaryimage\"},\"datePublished\":\"2023-03-15T13:42:28+00:00\",\"dateModified\":\"2026-04-20T08:39:24+00:00\",\"description\":\"Entdecke dein w\\u00f6chentliches Horoskop und finde heraus, was die Sterne f\\u00fcr dich bereithalten. Mit genauen Vorhersagen f\\u00fcr jede Sternzeichen, bietet unser Horoskop praktische Tipps und tiefgreifende Einblicke, um dir zu helfen, deine Woche optimal zu gestalten. Bleib auf dem Laufenden mit unseren aktuellen astrologischen Analysen. Jetzt lesen und inspirieren lassen!\",\"inLanguage\":\"de-DE\",\"potentialAction\":[{\"@type\":\"ReadAction\",\"target\":[\"https:\/\/app-fortunica.com\/de\/wochenhoroskop\"]}]}]}<\/script>\n<!-- \/ Yoast SEO Premium plugin. -->","_links":{"self":[{"href":"https:\/\/app-fortunica.com\/de\/wp-json\/wp\/v2\/pages\/15024"}],"collection":[{"href":"https:\/\/app-fortunica.com\/de\/wp-json\/wp\/v2\/pages"}],"about":[{"href":"https:\/\/app-fortunica.com\/de\/wp-json\/wp\/v2\/types\/page"}],"author":[{"embeddable":true,"href":"https:\/\/app-fortunica.com\/de\/wp-json\/wp\/v2\/users\/34"}],"replies":[{"embeddable":true,"href":"https:\/\/app-fortunica.com\/de\/wp-json\/wp\/v2\/comments?post=15024"}],"version-history":[{"count":11,"href":"https:\/\/app-fortunica.com\/de\/wp-json\/wp\/v2\/pages\/15024\/revisions"}],"predecessor-version":[{"id":19750,"href":"https:\/\/app-fortunica.com\/de\/wp-json\/wp\/v2\/pages\/15024\/revisions\/19750"}],"wp:attachment":[{"href":"https:\/\/app-fortunica.com\/de\/wp-json\/wp\/v2\/media?parent=15024"}],"curies":[{"name":"wp","href":"https:\/\/api.w.org\/{rel}","templated":true}]}}