{"id":17408,"date":"2024-01-17T12:56:20","date_gmt":"2024-01-17T11:56:20","guid":{"rendered":"https:\/\/app-fortunica.com?page_id=17408"},"modified":"2024-06-23T11:29:04","modified_gmt":"2024-06-23T09:29:04","slug":"seelenpartner_kartenlegen","status":"publish","type":"page","link":"https:\/\/app-fortunica.com\/de\/seelenpartner_kartenlegen","title":{"rendered":"Seelenpartner Reading"},"content":{"rendered":"<div id=\"cs-content\" class=\"cs-content\" ><div id=\"x-section-1\" class=\"x-section\" style=\"margin: 0px;padding: 45px 0px; background-color: hsl(0, 0%, 100%);\"  ><div class=\"x-container max width\" style=\"margin: 0px auto;padding: 0px;\"  ><\/div><\/div>\n<div class=\"e17408-3 x-section\" >\n      \n<div class=\"e17408-4 x-row x-container max width\" >\n  <div class=\"x-row-inner\">\n    \n<div class=\"e17408-5 x-col\" >\n    <div class=\"x-text\"  ><p style=\"text-align: left;\"><strong><span style=\"color: #000000;\"><span style=\"font-size: 24px;\">Seelenpartner Reading<\/span><\/span><\/strong><\/p>\n<p style=\"text-align: left;\">Die Verbindung zwischen Seelenpartnern zeichnet sich durch tiefe Vertrautheit und unersch\u00fctterliches Vertrauen aus, als ob man sich schon ewig kennt. Doch auch au\u00dferhalb solcher Dualseele-Beziehungen k\u00f6nnen starke Gef\u00fchle entstehen. Wie erkennt man also den wahren Seelenpartner? Es ist an der Zeit, dies mit einem Seelenpartner Reading zu entdecken.<\/p>\n<p style=\"text-align: left;\"><strong><span style=\"color: #000000;\"><span style=\"font-size: 24px;\">Was ist ein Seelenpartner Reading?<\/span><\/span><\/strong><\/p>\n<p style=\"text-align: left;\">G\u00f6nn dir diesen Premium-Service, um:<\/p>\n<ul>\n<li style=\"text-align: left;\">dein Beziehungspotenzial mit einer bestimmten Person zu entdecken<\/li>\n<li style=\"text-align: left;\">deinen Seelenpartner und eure gemeinsamen Lernaufgaben zu erkennen<\/li>\n<li style=\"text-align: left;\">aufzudecken, was dich daran hindert, deinen Seelenpartner zu treffen<\/li>\n<li style=\"text-align: left;\">dir den h\u00f6heren Zweck einer Seelenpartnerschaft in deinem Leben aufzeigen zu lassen<\/li>\n<li style=\"text-align: left;\">die bedingungslose und innige Liebe zu finden, die f\u00fcr deine Seele bestimmt ist<\/li>\n<\/ul>\n<p style=\"text-align: left;\"><strong><span style=\"color: #000000;\"><span style=\"font-size: 24px;\">Wie funktioniert ein Seelenpartner Reading?<\/span><\/span><\/strong><\/p>\n<p style=\"text-align: left;\">Um ein Seelenpartner Reading zu beginnen, w\u00e4hle zun\u00e4chst eine*n Berater*in und klicke auf &#8222;Zur Beratung&#8220;. W\u00e4hle anschlie\u00dfend \u201eSeelenpartner Reading\u201c aus der Liste der verf\u00fcgbaren Premium-Produkte.<\/p>\n<p style=\"text-align: left;\">Teile dem*r Berater*in wichtige Details mit, um ein m\u00f6glichst genaues Reading zu erhalten. F\u00fcge dem Reading zwei Fotos hinzu: von dir und von deinem*r potenziellen Seelenpartner*in. Solltest du glauben, deinen Seelenverwandten noch nicht gefunden zu haben, sende stattdessen zwei Fotos von dir.<\/p>\n<p style=\"text-align: left;\">Beachte bitte, dass ein Seelenpartner nicht notwendigerweise eine romantische Beziehung impliziert; es kann auch eine platonische oder spirituelle Verbindung sein.<\/p>\n<p style=\"text-align: left;\">In deiner Nachricht an den*die Berater*in solltest du Folgendes angeben:<\/p>\n<ul>\n<li style=\"text-align: left;\">deinen Namen und Geburtsdatum<\/li>\n<li style=\"text-align: left;\">den Namen und das Geburtsdatum des*der potenziellen Seelenpartners*in, wenn du auf eine bestimmte Person schaust<\/li>\n<li style=\"text-align: left;\">eine kurze Beschreibung der Beziehung zwischen euch (oder deine Situation im Allgemeinen)<\/li>\n<li style=\"text-align: left;\">Fragen oder Bedenken zu deinem Liebesleben<\/li>\n<\/ul>\n<p style=\"text-align: left;\">Das Universum kennt deinen wahren Seelenpartner. Ein Seelenpartner Reading kann dir den Weg weisen, diese besondere Person zu finden. Entdecke, welche Schritte dich noch von der ewigen Liebe trennen.<\/p>\n<p style=\"text-align: left;\">Lade die App herunter und entdecke unsere Beratungsm\u00f6glichkeiten!<\/p>\n<p><a href=\"https:\/\/app.adjust.com\/qpwvg5_mcop4l\"><img decoding=\"async\" loading=\"lazy\" class=\"aligncenter wp-image-6710\" src=\"https:\/\/app-fortunica-content.s3.eu-central-1.amazonaws.com\/prod\/app\/uploads\/2018\/03\/button_gratis_herunterladen_9.jpg\" alt=\"\" width=\"240\" height=\"42\" srcset=\"https:\/\/app-fortunica-content.s3.eu-central-1.amazonaws.com\/prod\/app\/uploads\/2018\/03\/button_gratis_herunterladen_9.jpg 900w, https:\/\/app-fortunica-content.s3.eu-central-1.amazonaws.com\/prod\/app\/uploads\/2018\/03\/button_gratis_herunterladen_9-300x52.jpg 300w, https:\/\/app-fortunica-content.s3.eu-central-1.amazonaws.com\/prod\/app\/uploads\/2018\/03\/button_gratis_herunterladen_9-768x133.jpg 768w, https:\/\/app-fortunica-content.s3.eu-central-1.amazonaws.com\/prod\/app\/uploads\/2018\/03\/button_gratis_herunterladen_9-100x17.jpg 100w\" sizes=\"(max-width: 240px) 100vw, 240px\" \/><\/a><a href=\"https:\/\/app-fortunica.com\/de\/so-funktionierts\/\"><img decoding=\"async\" loading=\"lazy\" class=\"aligncenter wp-image-6718\" src=\"https:\/\/app-fortunica-content.s3.eu-central-1.amazonaws.com\/prod\/app\/uploads\/2018\/03\/button_So-funktioniert_9.jpg\" alt=\"\" width=\"240\" height=\"42\" srcset=\"https:\/\/app-fortunica-content.s3.eu-central-1.amazonaws.com\/prod\/app\/uploads\/2018\/03\/button_So-funktioniert_9.jpg 900w, https:\/\/app-fortunica-content.s3.eu-central-1.amazonaws.com\/prod\/app\/uploads\/2018\/03\/button_So-funktioniert_9-300x52.jpg 300w, https:\/\/app-fortunica-content.s3.eu-central-1.amazonaws.com\/prod\/app\/uploads\/2018\/03\/button_So-funktioniert_9-768x133.jpg 768w, https:\/\/app-fortunica-content.s3.eu-central-1.amazonaws.com\/prod\/app\/uploads\/2018\/03\/button_So-funktioniert_9-100x17.jpg 100w\" sizes=\"(max-width: 240px) 100vw, 240px\" \/><\/a><\/p>\n<\/div><\/div>\n\n<div class=\"e17408-7 x-col\" >\n    \n<span class=\"e17408-8 x-image\" >\n  <img alt=\"Image\" src=\"https:\/\/app-fortunica-content.s3.eu-central-1.amazonaws.com\/prod\/app\/uploads\/2024\/01\/Tarot-_Karte_Liebhaber-1.png\" width=\"552\" height=\"863\" >\n<\/span>\n<\/div>\n  <\/div>\n  <\/div>\n  <\/div>\n<\/div>\n","protected":false},"excerpt":{"rendered":"<p>Seelenpartner Reading Die Verbindung zwischen Seelenpartnern zeichnet sich durch tiefe Vertrautheit und unersch\u00fctterliches Vertrauen aus, als ob man sich schon ewig kennt. Doch auch au\u00dferhalb solcher Dualseele-Beziehungen k\u00f6nnen starke Gef\u00fchle &#8230; <\/p>\n<div><a href=\"https:\/\/app-fortunica.com\/de\/seelenpartner_kartenlegen\" class=\"more-link\">Weiterlesen<\/a><\/div>\n","protected":false},"author":34,"featured_media":0,"parent":0,"menu_order":0,"comment_status":"closed","ping_status":"closed","template":"template-blank-4.php","meta":[],"yoast_head":"<!-- This site is optimized with the Yoast SEO Premium plugin v15.2 - https:\/\/yoast.com\/wordpress\/plugins\/seo\/ -->\n<title>Kartenlegen Online<\/title>\n<meta name=\"description\" content=\"M\u00f6chtest du mehr \u00fcber deinen Seelenpartner erfahren? Mit dem Kartenlegen hast du die M\u00f6glichkeit, Klarheit bez\u00fcglich deiner Beziehung zu erhalten.\" \/>\n<meta name=\"robots\" content=\"index, follow, max-snippet:-1, max-image-preview:large, max-video-preview:-1\" \/>\n<link rel=\"canonical\" href=\"https:\/\/app-fortunica.com\/de\/seelenpartner_kartenlegen\" \/>\n<meta property=\"og:locale\" content=\"de_DE\" \/>\n<meta property=\"og:type\" content=\"article\" \/>\n<meta property=\"og:title\" content=\"Kartenlegen Online\" \/>\n<meta property=\"og:description\" content=\"M\u00f6chtest du mehr \u00fcber deinen Seelenpartner erfahren? Mit dem Kartenlegen hast du die M\u00f6glichkeit, Klarheit bez\u00fcglich deiner Beziehung zu erhalten.\" \/>\n<meta property=\"og:url\" content=\"https:\/\/app-fortunica.com\/de\/seelenpartner_kartenlegen\" \/>\n<meta property=\"og:site_name\" content=\"fortunica\" \/>\n<meta property=\"article:publisher\" content=\"https:\/\/www.facebook.com\/app.fortunica\/\" \/>\n<meta property=\"article:modified_time\" content=\"2024-06-23T09:29:04+00:00\" \/>\n<meta property=\"og:image\" content=\"https:\/\/app-fortunica.com\/app\/uploads\/2018\/03\/button_gratis_herunterladen_9.jpg\" \/>\n<meta name=\"twitter:card\" content=\"summary\" \/>\n<meta name=\"twitter:label1\" value=\"Verfasst von\">\n\t<meta name=\"twitter:data1\" value=\"advisor managers\">\n\t<meta name=\"twitter:label2\" value=\"Gesch\u00e4tzte Lesezeit\">\n\t<meta name=\"twitter:data2\" value=\"3 Minuten\">\n<script type=\"application\/ld+json\" class=\"yoast-schema-graph\">{\"@context\":\"https:\/\/schema.org\",\"@graph\":[{\"@type\":\"WebSite\",\"@id\":\"https:\/\/app-fortunica.com\/#website\",\"url\":\"https:\/\/app-fortunica.com\/\",\"name\":\"fortunica\",\"description\":\"The #1 App for you to Connect with Spiritual Advisors\",\"potentialAction\":[{\"@type\":\"SearchAction\",\"target\":\"https:\/\/app-fortunica.com\/?s={search_term_string}\",\"query-input\":\"required name=search_term_string\"}],\"inLanguage\":\"de-DE\"},{\"@type\":\"ImageObject\",\"@id\":\"https:\/\/app-fortunica.com\/de\/seelenpartner_kartenlegen#primaryimage\",\"inLanguage\":\"de-DE\",\"url\":\"https:\/\/app-fortunica.com\/app\/uploads\/2018\/03\/button_gratis_herunterladen_9.jpg\"},{\"@type\":\"WebPage\",\"@id\":\"https:\/\/app-fortunica.com\/de\/seelenpartner_kartenlegen#webpage\",\"url\":\"https:\/\/app-fortunica.com\/de\/seelenpartner_kartenlegen\",\"name\":\"Kartenlegen Online\",\"isPartOf\":{\"@id\":\"https:\/\/app-fortunica.com\/#website\"},\"primaryImageOfPage\":{\"@id\":\"https:\/\/app-fortunica.com\/de\/seelenpartner_kartenlegen#primaryimage\"},\"datePublished\":\"2024-01-17T11:56:20+00:00\",\"dateModified\":\"2024-06-23T09:29:04+00:00\",\"description\":\"M\\u00f6chtest du mehr \\u00fcber deinen Seelenpartner erfahren? Mit dem Kartenlegen hast du die M\\u00f6glichkeit, Klarheit bez\\u00fcglich deiner Beziehung zu erhalten.\",\"inLanguage\":\"de-DE\",\"potentialAction\":[{\"@type\":\"ReadAction\",\"target\":[\"https:\/\/app-fortunica.com\/de\/seelenpartner_kartenlegen\"]}]}]}<\/script>\n<!-- \/ Yoast SEO Premium plugin. -->","_links":{"self":[{"href":"https:\/\/app-fortunica.com\/de\/wp-json\/wp\/v2\/pages\/17408"}],"collection":[{"href":"https:\/\/app-fortunica.com\/de\/wp-json\/wp\/v2\/pages"}],"about":[{"href":"https:\/\/app-fortunica.com\/de\/wp-json\/wp\/v2\/types\/page"}],"author":[{"embeddable":true,"href":"https:\/\/app-fortunica.com\/de\/wp-json\/wp\/v2\/users\/34"}],"replies":[{"embeddable":true,"href":"https:\/\/app-fortunica.com\/de\/wp-json\/wp\/v2\/comments?post=17408"}],"version-history":[{"count":9,"href":"https:\/\/app-fortunica.com\/de\/wp-json\/wp\/v2\/pages\/17408\/revisions"}],"predecessor-version":[{"id":18104,"href":"https:\/\/app-fortunica.com\/de\/wp-json\/wp\/v2\/pages\/17408\/revisions\/18104"}],"wp:attachment":[{"href":"https:\/\/app-fortunica.com\/de\/wp-json\/wp\/v2\/media?parent=17408"}],"curies":[{"name":"wp","href":"https:\/\/api.w.org\/{rel}","templated":true}]}}