{"id":17429,"date":"2024-01-17T16:11:01","date_gmt":"2024-01-17T15:11:01","guid":{"rendered":"https:\/\/app-fortunica.com?page_id=17429"},"modified":"2024-01-17T16:11:01","modified_gmt":"2024-01-17T15:11:01","slug":"astrologie","status":"publish","type":"page","link":"https:\/\/app-fortunica.com\/de\/astrologie","title":{"rendered":"Astrologie"},"content":{"rendered":"<div id=\"cs-content\" class=\"cs-content\" ><div id=\"x-section-1\" class=\"x-section\" style=\"margin: 0px;padding: 45px 0px; background-color: hsl(0, 0%, 100%);\"  ><div class=\"x-container max width\" style=\"margin: 0px auto;padding: 0px;\"  ><\/div><\/div>\n<div class=\"e17429-3 x-section\" >\n      \n<div class=\"e17429-4 x-row x-container max width\" >\n  <div class=\"x-row-inner\">\n    \n<div class=\"e17429-5 x-col\" >\n    \n<span class=\"e17429-6 x-image\" >\n  <img alt=\"Image\" src=\"https:\/\/app-fortunica-content.s3.eu-central-1.amazonaws.com\/prod\/app\/uploads\/2024\/01\/Home-1.png\" width=\"1366\" height=\"768\" >\n<\/span>\n<\/div>\n\n<div class=\"e17429-7 x-col\" >\n    <div class=\"x-text\"  ><p style=\"text-align: left;\"><strong><span style=\"color: #000000;\"><span style=\"font-size: 24px;\">Astrologie<\/span><\/span><\/strong><\/p>\n<p style=\"text-align: left;\">Seit der Antike untersucht die Astrologie, welche Wirkung die Himmelsk\u00f6rper auf unser Leben haben. Deren Position bei deiner Geburt und im Hier und Jetzt beeinflusst deine Gef\u00fchle und Einstellungen. Wer das Universum versteht, versteht auch sich selbst besser. Zudem helfen dir unsere Experten, deine Chancen im Leben zu erkennen. So zeigt die Position von Venus zu deinem Zeichen beispielsweise, was die Liebe f\u00fcr dich bereith\u00e4lt.<\/p>\n<p style=\"text-align: left;\"><strong><span style=\"color: #000000;\"><span style=\"font-size: 24px;\">Geeignet, um<\/span><\/span><\/strong><\/p>\n<ul>\n<li>Zu erfahren, wie die Sterne dein Leben beeinflussen<\/li>\n<li>Festzustellen, was dir die Zukunft bringt<\/li>\n<li>Die kosmischen Energien zu verstehen<\/li>\n<li>Deine Beziehungen eingehend zu analysieren<\/li>\n<li>Dir beim \u00dcberwinden deiner Probleme zu helfen<\/li>\n<\/ul>\n<p style=\"text-align: left;\"><strong><span style=\"color: #000000;\"><span style=\"font-size: 24px;\">So geht\u2019s<\/span><\/span><\/strong><\/p>\n<p style=\"text-align: left;\">Dein*e ausgew\u00e4hlte*r Berater*in braucht deinen vollen Namen, dein Geburtsdatum und deine Geburtszeit, um f\u00fcr dich ein vollst\u00e4ndiges und verl\u00e4ssliches Horoskop zu erstellen. Deine Daten werden mit der Position von Sonne, Mond und den Planeten in Beziehung gesetzt, um herauszufinden, wie deren Konstellation dein Leben seit deiner Geburt beeinflusst und wie sich deine Zukunft entwickeln wird. Dein Horoskop wird die Selbsterkenntnis erleichtern und dein Selbstvertrauen st\u00e4rken. Du wirst eine letzte Frage haben, um dar\u00fcber mit deinem Berater zu diskutieren und letzte Zweifel bez\u00fcglich des Horoskops zu kl\u00e4ren.<\/p>\n<p>Lade die App herunter und finde deine*n ideale*n Beratern*in!<\/p>\n<p><a href=\"https:\/\/app.adjust.com\/qpwvg5_mcop4l\"><img decoding=\"async\" loading=\"lazy\" class=\"aligncenter wp-image-6710\" src=\"https:\/\/app-fortunica-content.s3.eu-central-1.amazonaws.com\/prod\/app\/uploads\/2018\/03\/button_gratis_herunterladen_9.jpg\" alt=\"\" width=\"400\" height=\"69\" srcset=\"https:\/\/app-fortunica-content.s3.eu-central-1.amazonaws.com\/prod\/app\/uploads\/2018\/03\/button_gratis_herunterladen_9.jpg 900w, https:\/\/app-fortunica-content.s3.eu-central-1.amazonaws.com\/prod\/app\/uploads\/2018\/03\/button_gratis_herunterladen_9-300x52.jpg 300w, https:\/\/app-fortunica-content.s3.eu-central-1.amazonaws.com\/prod\/app\/uploads\/2018\/03\/button_gratis_herunterladen_9-768x133.jpg 768w, https:\/\/app-fortunica-content.s3.eu-central-1.amazonaws.com\/prod\/app\/uploads\/2018\/03\/button_gratis_herunterladen_9-100x17.jpg 100w\" sizes=\"(max-width: 400px) 100vw, 400px\" \/><\/a><a href=\"https:\/\/app-fortunica.com\/de\/so-funktionierts\/\"><img decoding=\"async\" loading=\"lazy\" class=\"aligncenter wp-image-6718\" src=\"https:\/\/app-fortunica-content.s3.eu-central-1.amazonaws.com\/prod\/app\/uploads\/2018\/03\/button_So-funktioniert_9.jpg\" alt=\"\" width=\"400\" height=\"69\" srcset=\"https:\/\/app-fortunica-content.s3.eu-central-1.amazonaws.com\/prod\/app\/uploads\/2018\/03\/button_So-funktioniert_9.jpg 900w, https:\/\/app-fortunica-content.s3.eu-central-1.amazonaws.com\/prod\/app\/uploads\/2018\/03\/button_So-funktioniert_9-300x52.jpg 300w, https:\/\/app-fortunica-content.s3.eu-central-1.amazonaws.com\/prod\/app\/uploads\/2018\/03\/button_So-funktioniert_9-768x133.jpg 768w, https:\/\/app-fortunica-content.s3.eu-central-1.amazonaws.com\/prod\/app\/uploads\/2018\/03\/button_So-funktioniert_9-100x17.jpg 100w\" sizes=\"(max-width: 400px) 100vw, 400px\" \/><\/a><\/p>\n<\/div><\/div>\n  <\/div>\n  <\/div>\n  <\/div>\n<\/div>\n","protected":false},"excerpt":{"rendered":"<p>Astrologie Seit der Antike untersucht die Astrologie, welche Wirkung die Himmelsk\u00f6rper auf unser Leben haben. Deren Position bei deiner Geburt und im Hier und Jetzt beeinflusst deine Gef\u00fchle und Einstellungen. &#8230; <\/p>\n<div><a href=\"https:\/\/app-fortunica.com\/de\/astrologie\" class=\"more-link\">Weiterlesen<\/a><\/div>\n","protected":false},"author":34,"featured_media":0,"parent":0,"menu_order":0,"comment_status":"closed","ping_status":"closed","template":"template-blank-4.php","meta":[],"yoast_head":"<!-- This site is optimized with the Yoast SEO Premium plugin v15.2 - https:\/\/yoast.com\/wordpress\/plugins\/seo\/ -->\n<title>Astrologie<\/title>\n<meta name=\"description\" content=\"Erfahre mehr dar\u00fcber, wie die Sterne dein Leben beeinflussen. Buche eine astrologische Beratung und lasse dir ein Geburtshoroskop erstellen!\" \/>\n<meta name=\"robots\" content=\"index, follow, max-snippet:-1, max-image-preview:large, max-video-preview:-1\" \/>\n<link rel=\"canonical\" href=\"https:\/\/app-fortunica.com\/de\/astrologie\" \/>\n<meta property=\"og:locale\" content=\"de_DE\" \/>\n<meta property=\"og:type\" content=\"article\" \/>\n<meta property=\"og:title\" content=\"Astrologie\" \/>\n<meta property=\"og:description\" content=\"Erfahre mehr dar\u00fcber, wie die Sterne dein Leben beeinflussen. Buche eine astrologische Beratung und lasse dir ein Geburtshoroskop erstellen!\" \/>\n<meta property=\"og:url\" content=\"https:\/\/app-fortunica.com\/de\/astrologie\" \/>\n<meta property=\"og:site_name\" content=\"fortunica\" \/>\n<meta property=\"article:publisher\" content=\"https:\/\/www.facebook.com\/app.fortunica\/\" \/>\n<meta property=\"og:image\" content=\"https:\/\/app-fortunica.com\/app\/uploads\/2018\/03\/button_gratis_herunterladen_9.jpg\" \/>\n<meta name=\"twitter:card\" content=\"summary\" \/>\n<meta name=\"twitter:label1\" value=\"Verfasst von\">\n\t<meta name=\"twitter:data1\" value=\"advisor managers\">\n\t<meta name=\"twitter:label2\" value=\"Gesch\u00e4tzte Lesezeit\">\n\t<meta name=\"twitter:data2\" value=\"2 Minuten\">\n<script type=\"application\/ld+json\" class=\"yoast-schema-graph\">{\"@context\":\"https:\/\/schema.org\",\"@graph\":[{\"@type\":\"WebSite\",\"@id\":\"https:\/\/app-fortunica.com\/#website\",\"url\":\"https:\/\/app-fortunica.com\/\",\"name\":\"fortunica\",\"description\":\"The #1 App for you to Connect with Spiritual Advisors\",\"potentialAction\":[{\"@type\":\"SearchAction\",\"target\":\"https:\/\/app-fortunica.com\/?s={search_term_string}\",\"query-input\":\"required name=search_term_string\"}],\"inLanguage\":\"de-DE\"},{\"@type\":\"ImageObject\",\"@id\":\"https:\/\/app-fortunica.com\/de\/astrologie#primaryimage\",\"inLanguage\":\"de-DE\",\"url\":\"https:\/\/app-fortunica.com\/app\/uploads\/2018\/03\/button_gratis_herunterladen_9.jpg\"},{\"@type\":\"WebPage\",\"@id\":\"https:\/\/app-fortunica.com\/de\/astrologie#webpage\",\"url\":\"https:\/\/app-fortunica.com\/de\/astrologie\",\"name\":\"Astrologie\",\"isPartOf\":{\"@id\":\"https:\/\/app-fortunica.com\/#website\"},\"primaryImageOfPage\":{\"@id\":\"https:\/\/app-fortunica.com\/de\/astrologie#primaryimage\"},\"datePublished\":\"2024-01-17T15:11:01+00:00\",\"dateModified\":\"2024-01-17T15:11:01+00:00\",\"description\":\"Erfahre mehr dar\\u00fcber, wie die Sterne dein Leben beeinflussen. Buche eine astrologische Beratung und lasse dir ein Geburtshoroskop erstellen!\",\"inLanguage\":\"de-DE\",\"potentialAction\":[{\"@type\":\"ReadAction\",\"target\":[\"https:\/\/app-fortunica.com\/de\/astrologie\"]}]}]}<\/script>\n<!-- \/ Yoast SEO Premium plugin. -->","_links":{"self":[{"href":"https:\/\/app-fortunica.com\/de\/wp-json\/wp\/v2\/pages\/17429"}],"collection":[{"href":"https:\/\/app-fortunica.com\/de\/wp-json\/wp\/v2\/pages"}],"about":[{"href":"https:\/\/app-fortunica.com\/de\/wp-json\/wp\/v2\/types\/page"}],"author":[{"embeddable":true,"href":"https:\/\/app-fortunica.com\/de\/wp-json\/wp\/v2\/users\/34"}],"replies":[{"embeddable":true,"href":"https:\/\/app-fortunica.com\/de\/wp-json\/wp\/v2\/comments?post=17429"}],"version-history":[{"count":4,"href":"https:\/\/app-fortunica.com\/de\/wp-json\/wp\/v2\/pages\/17429\/revisions"}],"predecessor-version":[{"id":17443,"href":"https:\/\/app-fortunica.com\/de\/wp-json\/wp\/v2\/pages\/17429\/revisions\/17443"}],"wp:attachment":[{"href":"https:\/\/app-fortunica.com\/de\/wp-json\/wp\/v2\/media?parent=17429"}],"curies":[{"name":"wp","href":"https:\/\/api.w.org\/{rel}","templated":true}]}}