{"id":17786,"date":"2024-04-09T16:13:00","date_gmt":"2024-04-09T14:13:00","guid":{"rendered":"https:\/\/app-fortunica.com?page_id=17786"},"modified":"2024-04-09T16:13:00","modified_gmt":"2024-04-09T14:13:00","slug":"handlesen","status":"publish","type":"page","link":"https:\/\/app-fortunica.com\/de\/handlesen","title":{"rendered":"Handlesen"},"content":{"rendered":"<div id=\"cs-content\" class=\"cs-content\" ><div id=\"x-section-1\" class=\"x-section\" style=\"margin: 0px;padding: 45px 0px; background-color: hsl(0, 0%, 100%);\"  ><div class=\"x-container max width\" style=\"margin: 0px auto;padding: 0px;\"  ><\/div><\/div>\n<div class=\"e17786-3 x-section\" >\n      \n<div class=\"e17786-4 x-row x-container max width\" >\n  <div class=\"x-row-inner\">\n    \n<div class=\"e17786-5 x-col\" >\n    <div class=\"x-text\"  ><p style=\"text-align: left;\"><span style=\"font-size: 28px; color: black; font-weight: 900;\">Handlesen<\/span><br \/>\nHandlesen ist eine sehr beliebte Praxis, die ihren Ursprung in Asien hat. Beim Handlesen werden die Vergangenheit, Gegenwart und Zukunft einer Person durch das Verst\u00e4ndnis der Linien, Form und Gr\u00f6\u00dfe ihrer H\u00e4nde und Handfl\u00e4chen offenbart. Wenn du auf der Suche nach Antworten bist und innere F\u00fchrung ben\u00f6tigst, um dir selbst zu helfen, wird dich diese traditionelle Technik dabei unterst\u00fctzen, deinen Lebensweg wirklich zu verstehen.<\/p>\n<p><strong> So funktioniert es:<\/strong><\/p>\n<p>Zun\u00e4chst sendest du ein Bild von beiden H\u00e4nden, entweder von dir selbst oder von einem Freund, an den\/die Berater*in deiner Wahl. Zweitens sendest du ihm\/ihr Informationen \u00fcber dich, wie dein Geburtsdatum und deinen Geburtsort.<\/p>\n<p>Achte darauf, dass dein*e Berater*in eine klare Sicht auf deine H\u00e4nde hat, damit alle Linien auf dem Bild deutlich zu erkennen sind. Jede Linie steht f\u00fcr einen Bereich deines Lebens, und f\u00fcr eine vollst\u00e4ndige Analyse m\u00fcssen alle Linien sichtbar sein.<\/p>\n<p>Die L\u00e4nge und die Linien deiner Finger geben Aufschluss \u00fcber deinen Charakter, deine St\u00e4rken und \u00c4ngste. Es gibt auch drei Hauptlinien, die entlang deines Handgelenks verlaufen. Diese Linien zeigen sowohl deine Gesundheit als auch deinen Reichtum in drei Lebensabschnitten an: in der Jugend, im mittleren Alter und im hohen Alter. Dein Berater wird diese Linien lesen und dir einen tiefen Einblick in deine Lebensperspektiven in diesen Bereichen geben.<\/p>\n<p><strong>Sie hilft dir dabei:<\/strong><\/p>\n<ul>\n<li>Deine Zukunft zu entdecken<\/li>\n<li>Fragen \u00fcber das Leben zu beantworten<\/li>\n<li>Anstehende Herausforderungen zu verstehen<\/li>\n<li>Auf der Reise der Selbstentdeckung Unterst\u00fctzung zu finden<\/li>\n<\/ul>\n<p>Lade die App herunter und finde deinen idealen Berater*in!<\/p>\n<p><a href=\"https:\/\/app.adjust.com\/qpwvg5_mcop4l\"><img decoding=\"async\" loading=\"lazy\" class=\"aligncenter wp-image-6710\" src=\"https:\/\/app-fortunica-content.s3.eu-central-1.amazonaws.com\/prod\/app\/uploads\/2018\/03\/button_gratis_herunterladen_9.jpg\" alt=\"\" width=\"400\" height=\"69\" srcset=\"https:\/\/app-fortunica-content.s3.eu-central-1.amazonaws.com\/prod\/app\/uploads\/2018\/03\/button_gratis_herunterladen_9.jpg 900w, https:\/\/app-fortunica-content.s3.eu-central-1.amazonaws.com\/prod\/app\/uploads\/2018\/03\/button_gratis_herunterladen_9-300x52.jpg 300w, https:\/\/app-fortunica-content.s3.eu-central-1.amazonaws.com\/prod\/app\/uploads\/2018\/03\/button_gratis_herunterladen_9-768x133.jpg 768w, https:\/\/app-fortunica-content.s3.eu-central-1.amazonaws.com\/prod\/app\/uploads\/2018\/03\/button_gratis_herunterladen_9-100x17.jpg 100w\" sizes=\"(max-width: 400px) 100vw, 400px\" \/><\/a><a href=\"https:\/\/app-fortunica.com\/de\/so-funktionierts\/\"><img decoding=\"async\" loading=\"lazy\" class=\"aligncenter wp-image-6718\" src=\"https:\/\/app-fortunica-content.s3.eu-central-1.amazonaws.com\/prod\/app\/uploads\/2018\/03\/button_So-funktioniert_9.jpg\" alt=\"\" width=\"400\" height=\"69\" srcset=\"https:\/\/app-fortunica-content.s3.eu-central-1.amazonaws.com\/prod\/app\/uploads\/2018\/03\/button_So-funktioniert_9.jpg 900w, https:\/\/app-fortunica-content.s3.eu-central-1.amazonaws.com\/prod\/app\/uploads\/2018\/03\/button_So-funktioniert_9-300x52.jpg 300w, https:\/\/app-fortunica-content.s3.eu-central-1.amazonaws.com\/prod\/app\/uploads\/2018\/03\/button_So-funktioniert_9-768x133.jpg 768w, https:\/\/app-fortunica-content.s3.eu-central-1.amazonaws.com\/prod\/app\/uploads\/2018\/03\/button_So-funktioniert_9-100x17.jpg 100w\" sizes=\"(max-width: 400px) 100vw, 400px\" \/><\/a><\/p>\n<\/div><\/div>\n\n<div class=\"e17786-7 x-col\" >\n    \n<span class=\"e17786-8 x-image\" >\n  <img alt=\"Ein Bild von einer rechten Hand, die von einem Handleser analysiert wird, um Einblicke in die Vergangenheit, Gegenwart und Zukunft einer Person zu gewinnen.\" src=\"https:\/\/app-fortunica-content.s3.eu-central-1.amazonaws.com\/prod\/app\/uploads\/2024\/04\/Tarot-_Karte_Liebhaber-2.png\" width=\"552\" height=\"863\" >\n<\/span>\n<\/div>\n  <\/div>\n  <\/div>\n  <\/div>\n<\/div>\n","protected":false},"excerpt":{"rendered":"<p>Handlesen Handlesen ist eine sehr beliebte Praxis, die ihren Ursprung in Asien hat. Beim Handlesen werden die Vergangenheit, Gegenwart und Zukunft einer Person durch das Verst\u00e4ndnis der Linien, Form und &#8230; <\/p>\n<div><a href=\"https:\/\/app-fortunica.com\/de\/handlesen\" class=\"more-link\">Weiterlesen<\/a><\/div>\n","protected":false},"author":34,"featured_media":0,"parent":0,"menu_order":0,"comment_status":"closed","ping_status":"closed","template":"template-blank-4.php","meta":[],"yoast_head":"<!-- This site is optimized with the Yoast SEO Premium plugin v15.2 - https:\/\/yoast.com\/wordpress\/plugins\/seo\/ -->\n<title>Kartenlegen Online<\/title>\n<meta name=\"description\" content=\"Entdecke deine Zukunft und kl\u00e4re deine Vergangenheit mit einer Handlesung bei fortunica. Sende ein Bild deiner Hand und entdecke mehr \u00fcber dich selbst.\" \/>\n<meta name=\"robots\" content=\"index, follow, max-snippet:-1, max-image-preview:large, max-video-preview:-1\" \/>\n<link rel=\"canonical\" href=\"https:\/\/app-fortunica.com\/de\/handlesen\" \/>\n<meta property=\"og:locale\" content=\"de_DE\" \/>\n<meta property=\"og:type\" content=\"article\" \/>\n<meta property=\"og:title\" content=\"Kartenlegen Online\" \/>\n<meta property=\"og:description\" content=\"Entdecke deine Zukunft und kl\u00e4re deine Vergangenheit mit einer Handlesung bei fortunica. Sende ein Bild deiner Hand und entdecke mehr \u00fcber dich selbst.\" \/>\n<meta property=\"og:url\" content=\"https:\/\/app-fortunica.com\/de\/handlesen\" \/>\n<meta property=\"og:site_name\" content=\"fortunica\" \/>\n<meta property=\"article:publisher\" content=\"https:\/\/www.facebook.com\/app.fortunica\/\" \/>\n<meta property=\"og:image\" content=\"https:\/\/app-fortunica.com\/app\/uploads\/2018\/03\/button_gratis_herunterladen_9.jpg\" \/>\n<meta name=\"twitter:card\" content=\"summary\" \/>\n<meta name=\"twitter:label1\" value=\"Verfasst von\">\n\t<meta name=\"twitter:data1\" value=\"advisor managers\">\n\t<meta name=\"twitter:label2\" value=\"Gesch\u00e4tzte Lesezeit\">\n\t<meta name=\"twitter:data2\" value=\"3 Minuten\">\n<script type=\"application\/ld+json\" class=\"yoast-schema-graph\">{\"@context\":\"https:\/\/schema.org\",\"@graph\":[{\"@type\":\"WebSite\",\"@id\":\"https:\/\/app-fortunica.com\/#website\",\"url\":\"https:\/\/app-fortunica.com\/\",\"name\":\"fortunica\",\"description\":\"The #1 App for you to Connect with Spiritual Advisors\",\"potentialAction\":[{\"@type\":\"SearchAction\",\"target\":\"https:\/\/app-fortunica.com\/?s={search_term_string}\",\"query-input\":\"required name=search_term_string\"}],\"inLanguage\":\"de-DE\"},{\"@type\":\"ImageObject\",\"@id\":\"https:\/\/app-fortunica.com\/de\/handlesen#primaryimage\",\"inLanguage\":\"de-DE\",\"url\":\"https:\/\/app-fortunica.com\/app\/uploads\/2018\/03\/button_gratis_herunterladen_9.jpg\"},{\"@type\":\"WebPage\",\"@id\":\"https:\/\/app-fortunica.com\/de\/handlesen#webpage\",\"url\":\"https:\/\/app-fortunica.com\/de\/handlesen\",\"name\":\"Kartenlegen Online\",\"isPartOf\":{\"@id\":\"https:\/\/app-fortunica.com\/#website\"},\"primaryImageOfPage\":{\"@id\":\"https:\/\/app-fortunica.com\/de\/handlesen#primaryimage\"},\"datePublished\":\"2024-04-09T14:13:00+00:00\",\"dateModified\":\"2024-04-09T14:13:00+00:00\",\"description\":\"Entdecke deine Zukunft und kl\\u00e4re deine Vergangenheit mit einer Handlesung bei fortunica. Sende ein Bild deiner Hand und entdecke mehr \\u00fcber dich selbst.\",\"inLanguage\":\"de-DE\",\"potentialAction\":[{\"@type\":\"ReadAction\",\"target\":[\"https:\/\/app-fortunica.com\/de\/handlesen\"]}]}]}<\/script>\n<!-- \/ Yoast SEO Premium plugin. -->","_links":{"self":[{"href":"https:\/\/app-fortunica.com\/de\/wp-json\/wp\/v2\/pages\/17786"}],"collection":[{"href":"https:\/\/app-fortunica.com\/de\/wp-json\/wp\/v2\/pages"}],"about":[{"href":"https:\/\/app-fortunica.com\/de\/wp-json\/wp\/v2\/types\/page"}],"author":[{"embeddable":true,"href":"https:\/\/app-fortunica.com\/de\/wp-json\/wp\/v2\/users\/34"}],"replies":[{"embeddable":true,"href":"https:\/\/app-fortunica.com\/de\/wp-json\/wp\/v2\/comments?post=17786"}],"version-history":[{"count":3,"href":"https:\/\/app-fortunica.com\/de\/wp-json\/wp\/v2\/pages\/17786\/revisions"}],"predecessor-version":[{"id":17794,"href":"https:\/\/app-fortunica.com\/de\/wp-json\/wp\/v2\/pages\/17786\/revisions\/17794"}],"wp:attachment":[{"href":"https:\/\/app-fortunica.com\/de\/wp-json\/wp\/v2\/media?parent=17786"}],"curies":[{"name":"wp","href":"https:\/\/api.w.org\/{rel}","templated":true}]}}