{"id":2084,"date":"2017-01-13T11:23:58","date_gmt":"2017-01-13T10:23:58","guid":{"rendered":"https:\/\/app-fortunica.com\/work-with-us\/"},"modified":"2023-04-05T16:27:17","modified_gmt":"2023-04-05T14:27:17","slug":"werden-sie-berater","status":"publish","type":"page","link":"https:\/\/app-fortunica.com\/de\/werden-sie-berater","title":{"rendered":"Arbeite mit uns"},"content":{"rendered":"<div id=\"cs-content\" class=\"cs-content\" ><div id=\"x-section-1\" class=\"x-section\" style=\"margin: 0px;padding: 20px 0px; background-color: transparent;\"  ><div class=\"x-container max width\" style=\"margin: 0px auto;padding: 0px;\"  ><div  class=\"x-column x-sm x-1-1\" style=\"padding: 0px;\" ><div class=\"x-text\"  ><p><img decoding=\"async\" loading=\"lazy\" class=\"aligncenter wp-image-8272 size-large\" src=\"https:\/\/app-fortunica-content.s3.eu-central-1.amazonaws.com\/prod\/app\/uploads\/2019\/03\/DE_work_with_us.jpg\" alt=\"\" width=\"1024\" height=\"346\" \/><\/p>\n<\/div><\/div><\/div><div class=\"x-container max width\" style=\"margin: 0px auto;padding: 0px;\"  ><div  class=\"x-column x-sm x-1-1\" style=\"padding: 0px;\" ><div class=\"x-text cs-ta-right\"  ><p>* keine Listungsgeb\u00fchren<\/p>\n<\/div><\/div><\/div><\/div><div id=\"x-section-2\" class=\"x-section\" style=\"margin: 0px;padding: 0px; background-color: transparent;\"  ><div class=\"x-container marginless-columns\" style=\"margin: 0px;padding: 0px 60px;\"  ><div  class=\"x-column x-sm x-1-1\" style=\"padding: 0px;\" ><h3  class=\"h-custom-headline cs-ta-center h3\" ><span>fortunica sucht:<\/span><\/h3><div class=\"x-text a1\" style=\"line-height: 1.5;\"  ><p style=\"text-align: center;\">Berater, die eigeninitiativ, einf\u00fchlsam und zuverl\u00e4ssig sind. Premium Beratung ist nur mit Premium Beratern m\u00f6glich.<\/p>\n<\/div><\/div><\/div><\/div><div id=\"x-section-3\" class=\"x-section\" style=\"margin: 0px;padding: 0px 60px; background-color: transparent;\"  ><div class=\"x-container marginless-columns\" style=\"margin: 0px;padding: 0px;\"  ><div  class=\"x-column x-sm x-1-1\" style=\"padding: 0px;\" ><h3  class=\"h-custom-headline cs-ta-center h3\" ><span>fortunica bietet:<\/span><\/h3><div class=\"x-text a1\" style=\"line-height: 1.5;\"  ><p><span style=\"color: #272727; font-weight: bold;\">Sichtbarkeit, Reichweite, Marketing <\/span> <br \/>\nWir \u00fcbernehmen deine Vermarktung zu 100 Prozent! Wir bewerben dein Profil und investieren in Werbung, damit mehr Menschen die notwendige Unterst\u00fctzung bekommen. Das Potenzial ist nahezu unbegrenzt &#8211; Hunderte von Nutzern t\u00e4glich aus der ganzen Welt. <\/p>\n<p><span style=\"color: #272727; font-weight: bold;\">Einfache Preisgestaltung und Abrechnung <\/span> <br \/>\nWas das Geld angeht, sind wir absolut transparent: Es gibt keine versteckten Geb\u00fchren. Die Auszahlung kann auf Wunsch per Bank\u00fcberweisung, Western Union oder Paypal erfolgen. Dank eines Live-Tracking-Tools hat man stets einen \u00dcberblick \u00fcber sein Einkommen. <\/p>\n<p><span style=\"color: #272727; font-weight: bold;\">Community <\/span> <br \/>\nSelbst\u00e4ndig arbeiten bedeutet nicht unbedingt allein sein. Eine Community von esoterischen Beratern steht dir zum Ideen- und Wissensaustausch zur Seite.<\/p>\n<p><span style=\"color: #272727; font-weight: bold;\">Flexibilit\u00e4t <\/span> <br \/>\nNachteule oder fr\u00fcher Vogel? Das ist egal, fortunica gibt Dir die Freiheit zu arbeiten, wann Du es willst!<\/p>\n<\/div><\/div><\/div><\/div><div id=\"x-section-4\" class=\"x-section\" style=\"margin: 40px 0px;padding: 0px 60px; background-color: transparent;\"  ><div class=\"x-container cs-ta-center max width\" style=\"margin: 0px auto;padding: 0px;\"  ><div  class=\"x-column x-sm x-1-1\" style=\"padding: 0px;\" ><a  class=\"x-btn x-btn-rounded x-btn-jumbo\"  href=\"https:\/\/adviqo.typeform.com\/to\/bHCYdzIV\"     data-options=\"thumbnail: ''\">Hier bewerben<\/a><\/div><\/div><\/div><div id=\"x-section-5\" class=\"x-section\" style=\"margin: 40px 0px;padding: 0px 20px; background-color: transparent;\"  ><div class=\"x-container cs-ta-center max width\" style=\"margin: 0px auto;padding: 0px;\"  ><div  class=\"x-column x-sm x-1-3\" style=\"padding: 0px;\" ><div class=\"x-text\"  ><p><img decoding=\"async\" loading=\"lazy\" class=\"aligncenter wp-image-8278 size-full\" src=\"https:\/\/app-fortunica-content.s3.eu-central-1.amazonaws.com\/prod\/app\/uploads\/2018\/11\/do_for_advisors_1.jpg\" alt=\"\" width=\"500\" height=\"370\" srcset=\"https:\/\/app-fortunica-content.s3.eu-central-1.amazonaws.com\/prod\/app\/uploads\/2018\/11\/do_for_advisors_1.jpg 500w, https:\/\/app-fortunica-content.s3.eu-central-1.amazonaws.com\/prod\/app\/uploads\/2018\/11\/do_for_advisors_1-300x222.jpg 300w, https:\/\/app-fortunica-content.s3.eu-central-1.amazonaws.com\/prod\/app\/uploads\/2018\/11\/do_for_advisors_1-100x74.jpg 100w\" sizes=\"(max-width: 500px) 100vw, 500px\" \/><\/p>\n<\/div><\/div><div  class=\"x-column x-sm x-1-3\" style=\"padding: 0px;\" ><div class=\"x-text\"  ><p><img decoding=\"async\" loading=\"lazy\" class=\"aligncenter wp-image-3269 size-full\" src=\"https:\/\/app-fortunica-content.s3.eu-central-1.amazonaws.com\/prod\/app\/uploads\/2017\/03\/sunset_advisor-lowres.jpg\" alt=\"\" width=\"500\" height=\"370\" srcset=\"https:\/\/app-fortunica-content.s3.eu-central-1.amazonaws.com\/prod\/app\/uploads\/2017\/03\/sunset_advisor-lowres.jpg 500w, https:\/\/app-fortunica-content.s3.eu-central-1.amazonaws.com\/prod\/app\/uploads\/2017\/03\/sunset_advisor-lowres-300x222.jpg 300w, https:\/\/app-fortunica-content.s3.eu-central-1.amazonaws.com\/prod\/app\/uploads\/2017\/03\/sunset_advisor-lowres-100x74.jpg 100w\" sizes=\"(max-width: 500px) 100vw, 500px\" \/><\/p>\n<\/div><\/div><div  class=\"x-column x-sm x-1-3\" style=\"padding: 0px;\" ><div class=\"x-text\"  ><p><img decoding=\"async\" loading=\"lazy\" class=\"aligncenter wp-image-8288 size-full\" src=\"https:\/\/app-fortunica-content.s3.eu-central-1.amazonaws.com\/prod\/app\/uploads\/2018\/11\/explore_advisors_2.png\" alt=\"\" width=\"500\" height=\"370\" srcset=\"https:\/\/app-fortunica-content.s3.eu-central-1.amazonaws.com\/prod\/app\/uploads\/2018\/11\/explore_advisors_2.png 500w, https:\/\/app-fortunica-content.s3.eu-central-1.amazonaws.com\/prod\/app\/uploads\/2018\/11\/explore_advisors_2-300x222.png 300w, https:\/\/app-fortunica-content.s3.eu-central-1.amazonaws.com\/prod\/app\/uploads\/2018\/11\/explore_advisors_2-100x74.png 100w\" sizes=\"(max-width: 500px) 100vw, 500px\" \/><\/p>\n<\/div><\/div><\/div><\/div><div id=\"x-section-6\" class=\"x-section\" style=\"margin: 0px;padding: 40px 0px; background-color: hsl(0, 0%, 100%);\"  ><div class=\"x-container max width\" style=\"margin: 0px auto;padding: 0px;\"  ><div  class=\"x-column x-sm x-1-4\" style=\"padding: 0px;\" ><div  class=\"x-counter\" data-x-element=\"counter\" data-x-params=\"{&quot;numEnd&quot;:5000,&quot;numSpeed&quot;:1500}\"  ><div class=\"number-wrap w-h\" style=\"color: hsl(311, 100%, 1%);\"><span class=\"number\">0<\/span><span class=\"suffix\">+<\/span><\/div><span class=\"text-below\" >KUNDEN pro Woche<\/span><\/div><hr  class=\"x-gap cs-hide-xl cs-hide-lg cs-hide-md\" style=\"margin: 45px 0 0 0;\"><\/div><div  class=\"x-column x-sm x-1-4\" style=\"padding: 0px;\" ><div  class=\"x-counter\" data-x-element=\"counter\" data-x-params=\"{&quot;numEnd&quot;:1,&quot;numSpeed&quot;:1500}\"  ><div class=\"number-wrap w-h\" style=\"color: hsl(0, 0%, 0%);\"><span class=\"prefix\">+<\/span><span class=\"number\">0<\/span><span class=\"suffix\">.5<\/span><\/div><span class=\"text-below\" >Millionen Fragen<\/span><\/div><hr  class=\"x-gap cs-hide-xl cs-hide-lg cs-hide-md\" style=\"margin: 45px 0 0 0;\"><\/div><div  class=\"x-column x-sm x-1-4\" style=\"padding: 0px;\" ><div  class=\"x-counter\" data-x-element=\"counter\" data-x-params=\"{&quot;numEnd&quot;:190,&quot;numSpeed&quot;:1500}\"  ><div class=\"number-wrap w-h\" style=\"color: hsl(0, 0%, 0%);\"><span class=\"prefix\">+<\/span><span class=\"number\">0<\/span><\/div><span class=\"text-below\" >L\u00e4nder<\/span><\/div><\/div><div  class=\"x-column x-sm x-1-4\" style=\"padding: 0px;\" ><div  class=\"x-counter\" data-x-element=\"counter\" data-x-params=\"{&quot;numEnd&quot;:4,&quot;numSpeed&quot;:1500}\"  ><div class=\"number-wrap w-h\" style=\"color: hsl(311, 100%, 1%);\"><span class=\"number\">0<\/span><\/div><span class=\"text-below\" >Sprachen: EN, ES, DE, PT<\/span><\/div><\/div><\/div><\/div><\/div>\n","protected":false},"excerpt":{"rendered":"<p>* keine Listungsgeb\u00fchren fortunica sucht:Berater, die eigeninitiativ, einf\u00fchlsam und zuverl\u00e4ssig sind. Premium Beratung ist nur mit Premium Beratern m\u00f6glich. fortunica bietet:Sichtbarkeit, Reichweite, Marketing Wir \u00fcbernehmen deine Vermarktung zu 100 Prozent! &#8230; <\/p>\n<div><a href=\"https:\/\/app-fortunica.com\/de\/werden-sie-berater\" class=\"more-link\">Weiterlesen<\/a><\/div>\n","protected":false},"author":34,"featured_media":0,"parent":0,"menu_order":0,"comment_status":"closed","ping_status":"closed","template":"template-blank-4.php","meta":[],"yoast_head":"<!-- This site is optimized with the Yoast SEO Premium plugin v15.2 - https:\/\/yoast.com\/wordpress\/plugins\/seo\/ -->\n<title>Arbeite mit uns - fortunica<\/title>\n<meta name=\"description\" content=\"Bewirb dich und werde Teil von fortunica. Wir suchen Berater, die eigeninitiativ, einf\u00fchlsam und zuverl\u00e4ssig sind.\" \/>\n<meta name=\"robots\" content=\"index, follow, max-snippet:-1, max-image-preview:large, max-video-preview:-1\" \/>\n<link rel=\"canonical\" href=\"https:\/\/app-fortunica.com\/de\/werden-sie-berater\" \/>\n<meta property=\"og:locale\" content=\"de_DE\" \/>\n<meta property=\"og:type\" content=\"article\" \/>\n<meta property=\"og:title\" content=\"Arbeite mit uns - fortunica\" \/>\n<meta property=\"og:description\" content=\"Bewirb dich und werde Teil von fortunica. Wir suchen Berater, die eigeninitiativ, einf\u00fchlsam und zuverl\u00e4ssig sind.\" \/>\n<meta property=\"og:url\" content=\"https:\/\/app-fortunica.com\/de\/werden-sie-berater\" \/>\n<meta property=\"og:site_name\" content=\"fortunica\" \/>\n<meta property=\"article:publisher\" content=\"https:\/\/www.facebook.com\/app.fortunica\/\" \/>\n<meta property=\"article:modified_time\" content=\"2023-04-05T14:27:17+00:00\" \/>\n<meta property=\"og:image\" content=\"https:\/\/app-fortunica.com\/app\/uploads\/2019\/03\/DE_work_with_us.jpg\" \/>\n<meta name=\"twitter:card\" content=\"summary\" \/>\n<meta name=\"twitter:label1\" value=\"Verfasst von\">\n\t<meta name=\"twitter:data1\" value=\"advisor managers\">\n\t<meta name=\"twitter:label2\" value=\"Gesch\u00e4tzte Lesezeit\">\n\t<meta name=\"twitter:data2\" value=\"5 Minuten\">\n<script type=\"application\/ld+json\" class=\"yoast-schema-graph\">{\"@context\":\"https:\/\/schema.org\",\"@graph\":[{\"@type\":\"WebSite\",\"@id\":\"https:\/\/app-fortunica.com\/#website\",\"url\":\"https:\/\/app-fortunica.com\/\",\"name\":\"fortunica\",\"description\":\"The #1 App for you to Connect with Spiritual Advisors\",\"potentialAction\":[{\"@type\":\"SearchAction\",\"target\":\"https:\/\/app-fortunica.com\/?s={search_term_string}\",\"query-input\":\"required name=search_term_string\"}],\"inLanguage\":\"de-DE\"},{\"@type\":\"ImageObject\",\"@id\":\"https:\/\/app-fortunica.com\/de\/werden-sie-berater#primaryimage\",\"inLanguage\":\"de-DE\",\"url\":\"https:\/\/app-fortunica.com\/app\/uploads\/2019\/03\/DE_work_with_us.jpg\"},{\"@type\":\"WebPage\",\"@id\":\"https:\/\/app-fortunica.com\/de\/werden-sie-berater#webpage\",\"url\":\"https:\/\/app-fortunica.com\/de\/werden-sie-berater\",\"name\":\"Arbeite mit uns - fortunica\",\"isPartOf\":{\"@id\":\"https:\/\/app-fortunica.com\/#website\"},\"primaryImageOfPage\":{\"@id\":\"https:\/\/app-fortunica.com\/de\/werden-sie-berater#primaryimage\"},\"datePublished\":\"2017-01-13T10:23:58+00:00\",\"dateModified\":\"2023-04-05T14:27:17+00:00\",\"description\":\"Bewirb dich und werde Teil von fortunica. Wir suchen Berater, die eigeninitiativ, einf\\u00fchlsam und zuverl\\u00e4ssig sind.\",\"inLanguage\":\"de-DE\",\"potentialAction\":[{\"@type\":\"ReadAction\",\"target\":[\"https:\/\/app-fortunica.com\/de\/werden-sie-berater\"]}]}]}<\/script>\n<!-- \/ Yoast SEO Premium plugin. -->","_links":{"self":[{"href":"https:\/\/app-fortunica.com\/de\/wp-json\/wp\/v2\/pages\/2084"}],"collection":[{"href":"https:\/\/app-fortunica.com\/de\/wp-json\/wp\/v2\/pages"}],"about":[{"href":"https:\/\/app-fortunica.com\/de\/wp-json\/wp\/v2\/types\/page"}],"author":[{"embeddable":true,"href":"https:\/\/app-fortunica.com\/de\/wp-json\/wp\/v2\/users\/34"}],"replies":[{"embeddable":true,"href":"https:\/\/app-fortunica.com\/de\/wp-json\/wp\/v2\/comments?post=2084"}],"version-history":[{"count":35,"href":"https:\/\/app-fortunica.com\/de\/wp-json\/wp\/v2\/pages\/2084\/revisions"}],"predecessor-version":[{"id":13994,"href":"https:\/\/app-fortunica.com\/de\/wp-json\/wp\/v2\/pages\/2084\/revisions\/13994"}],"wp:attachment":[{"href":"https:\/\/app-fortunica.com\/de\/wp-json\/wp\/v2\/media?parent=2084"}],"curies":[{"name":"wp","href":"https:\/\/api.w.org\/{rel}","templated":true}]}}