{"id":2313,"date":"2017-02-10T17:11:36","date_gmt":"2017-02-10T16:11:36","guid":{"rendered":"https:\/\/app-fortunica.com\/support\/"},"modified":"2022-08-02T13:36:49","modified_gmt":"2022-08-02T11:36:49","slug":"ueberuns","status":"publish","type":"page","link":"https:\/\/app-fortunica.com\/de\/ueberuns","title":{"rendered":"\u00dcber uns"},"content":{"rendered":"<div id=\"cs-content\" class=\"cs-content\" ><div id=\"x-section-1\" class=\"x-section bg-image parallax\" style=\"margin: 0px;padding: 0px; background-image: url(https:\/\/app-fortunica-content.s3.eu-central-1.amazonaws.com\/prod\/app\/uploads\/2017\/03\/SKY_SILUETTE.jpeg); background-color: #24282b;\"  data-x-element=\"section\" data-x-params=\"{&quot;type&quot;:&quot;image&quot;,&quot;parallax&quot;:true}\" ><div class=\"x-container marginless-columns\" style=\"margin: 0px auto;padding: 0px;\"  ><div  class=\"x-column x-sm cs-ta-center x-1-2\" style=\"padding: 6.5%; background-color:hsla(0, 0%, 0%, 0.36);\" ><h3  class=\"h-custom-headline mvs h3\" style=\"color: #fff;\"><span>Beispielfragen<\/span><\/h3><div  class=\"x-raw-content\" style=\"color: rgba(255, 255, 255, 255);\">Du wei\u00dft nicht, welche Frage du stellen sollst oder kannst? Hier sind einige Beispiele f\u00fcr dich.<\/div><hr  class=\"x-gap\" style=\"margin: 50px 0 0 0;\"><a  class=\"x-btn x-btn-global\"  href=\"\/de\/frage-stellen\/\"     data-options=\"thumbnail: ''\">Jetzt inspirieren lassen<\/a><\/div><div  class=\"x-column x-sm cs-ta-center x-1-2\" style=\"padding: 6.5%; background-color:hsla(0, 0%, 100%, 0.81);\" ><h3  class=\"h-custom-headline mvs h3\" style=\"color: hsl(312, 98%, 18%);color: #5d014a;\"><span>FAQ<\/span><\/h3><div  class=\"x-raw-content\" style=\"color: #5d014a;\">Du brauchst Hilfe? In unseren FAQ findest du Antworten zu den am h\u00e4ufigsten gestellten Fragen.<\/div><hr  class=\"x-gap\" style=\"margin: 50px 0 0 0;\"><a  class=\"x-btn x-btn-global\"  href=\"\/de\/faq-2\/\"     data-options=\"thumbnail: ''\">Jetzt lesen<\/a><\/div><\/div><\/div><div id=\"x-section-2\" class=\"x-section bg-image parallax\" style=\"margin: 0px;padding: 0px; background-image: url(https:\/\/app-fortunica-content.s3.eu-central-1.amazonaws.com\/prod\/app\/uploads\/2017\/03\/COUPLE.jpg); background-color: #24282b;\"  data-x-element=\"section\" data-x-params=\"{&quot;type&quot;:&quot;image&quot;,&quot;parallax&quot;:true}\" ><div class=\"x-container marginless-columns\" style=\"margin: 0px auto;padding: 0px;\"  ><div  class=\"x-column x-sm cs-ta-center x-1-2\" style=\"padding: 6.5%; background-color:hsla(0, 0%, 100%, 0.81);\" ><h3  class=\"h-custom-headline mvs h3\" style=\"color: #5d014a;\"><span>So funktioniert&#8217;s<\/span><\/h3><div  class=\"x-raw-content\" style=\"color: #5d014a;\">Hier erkl\u00e4ren wir dir, wie die fortunica-App funktioniert \u2013 inklusive einem kurzem Produktvideo. <\/div><hr  class=\"x-gap\" style=\"margin: 50px 0 0 0;\"><a  class=\"x-btn x-btn-global\"  href=\"https:\/\/app-fortunica.com\/de\/so-funktionierts\/\"     data-options=\"thumbnail: ''\">Jetzt ansehen<\/a><\/div><div  class=\"x-column x-sm cs-ta-center x-1-2\" style=\"padding: 6.5%; background-color:hsla(0, 0%, 0%, 0.64);\" ><h3  class=\"h-custom-headline mvs h3\" style=\"color: #fff;\"><span>Methoden<\/span><\/h3><div  class=\"x-raw-content\" style=\"color: #fff;\">Unsere Life-Coaches stehen die mit einer gro\u00dfen Auswahl esoterischer Methoden beratend zur Seite.<\/div><hr  class=\"x-gap\" style=\"margin: 50px 0 0 0;\"><a  class=\"x-btn x-btn-global\"  href=\"https:\/\/app-fortunica.com\/de\/methods\/\"     data-options=\"thumbnail: ''\">Jetzt entdecken<\/a><hr  class=\"x-gap\" style=\"margin: 50px 0 0 0;\"><\/div><\/div><\/div><\/div>\n","protected":false},"excerpt":{"rendered":"<p>BeispielfragenDu wei\u00dft nicht, welche Frage du stellen sollst oder kannst? Hier sind einige Beispiele f\u00fcr dich.Jetzt inspirieren lassenFAQDu brauchst Hilfe? In unseren FAQ findest du Antworten zu den am h\u00e4ufigsten &#8230; <\/p>\n<div><a href=\"https:\/\/app-fortunica.com\/de\/ueberuns\" class=\"more-link\">Weiterlesen<\/a><\/div>\n","protected":false},"author":34,"featured_media":0,"parent":0,"menu_order":0,"comment_status":"closed","ping_status":"closed","template":"template-blank-4.php","meta":[],"yoast_head":"<!-- This site is optimized with the Yoast SEO Premium plugin v15.2 - https:\/\/yoast.com\/wordpress\/plugins\/seo\/ -->\n<title>\u00dcber uns - fortunica<\/title>\n<meta name=\"robots\" content=\"index, follow, max-snippet:-1, max-image-preview:large, max-video-preview:-1\" \/>\n<link rel=\"canonical\" href=\"https:\/\/app-fortunica.com\/support\" \/>\n<meta property=\"og:locale\" content=\"de_DE\" \/>\n<meta property=\"og:type\" content=\"article\" \/>\n<meta property=\"og:title\" content=\"\u00dcber uns - fortunica\" \/>\n<meta property=\"og:description\" content=\"BeispielfragenDu wei\u00dft nicht, welche Frage du stellen sollst oder kannst? Hier sind einige Beispiele f\u00fcr dich.Jetzt inspirieren lassenFAQDu brauchst Hilfe? In unseren FAQ findest du Antworten zu den am h\u00e4ufigsten ... Weiterlesen\" \/>\n<meta property=\"og:url\" content=\"https:\/\/app-fortunica.com\/support\" \/>\n<meta property=\"og:site_name\" content=\"fortunica\" \/>\n<meta property=\"article:publisher\" content=\"https:\/\/www.facebook.com\/app.fortunica\/\" \/>\n<meta property=\"article:modified_time\" content=\"2022-08-02T11:36:49+00:00\" \/>\n<meta name=\"twitter:card\" content=\"summary\" \/>\n<meta name=\"twitter:label1\" value=\"Verfasst von\">\n\t<meta name=\"twitter:data1\" value=\"advisor managers\">\n\t<meta name=\"twitter:label2\" value=\"Gesch\u00e4tzte Lesezeit\">\n\t<meta name=\"twitter:data2\" value=\"3 Minuten\">\n<script type=\"application\/ld+json\" class=\"yoast-schema-graph\">{\"@context\":\"https:\/\/schema.org\",\"@graph\":[{\"@type\":\"WebSite\",\"@id\":\"https:\/\/app-fortunica.com\/#website\",\"url\":\"https:\/\/app-fortunica.com\/\",\"name\":\"fortunica\",\"description\":\"The #1 App for you to Connect with Spiritual Advisors\",\"potentialAction\":[{\"@type\":\"SearchAction\",\"target\":\"https:\/\/app-fortunica.com\/?s={search_term_string}\",\"query-input\":\"required name=search_term_string\"}],\"inLanguage\":\"de-DE\"},{\"@type\":\"WebPage\",\"@id\":\"https:\/\/app-fortunica.com\/support#webpage\",\"url\":\"https:\/\/app-fortunica.com\/support\",\"name\":\"\\u00dcber uns - fortunica\",\"isPartOf\":{\"@id\":\"https:\/\/app-fortunica.com\/#website\"},\"datePublished\":\"2017-02-10T16:11:36+00:00\",\"dateModified\":\"2022-08-02T11:36:49+00:00\",\"inLanguage\":\"de-DE\",\"potentialAction\":[{\"@type\":\"ReadAction\",\"target\":[\"https:\/\/app-fortunica.com\/support\"]}]}]}<\/script>\n<!-- \/ Yoast SEO Premium plugin. -->","_links":{"self":[{"href":"https:\/\/app-fortunica.com\/de\/wp-json\/wp\/v2\/pages\/2313"}],"collection":[{"href":"https:\/\/app-fortunica.com\/de\/wp-json\/wp\/v2\/pages"}],"about":[{"href":"https:\/\/app-fortunica.com\/de\/wp-json\/wp\/v2\/types\/page"}],"author":[{"embeddable":true,"href":"https:\/\/app-fortunica.com\/de\/wp-json\/wp\/v2\/users\/34"}],"replies":[{"embeddable":true,"href":"https:\/\/app-fortunica.com\/de\/wp-json\/wp\/v2\/comments?post=2313"}],"version-history":[{"count":33,"href":"https:\/\/app-fortunica.com\/de\/wp-json\/wp\/v2\/pages\/2313\/revisions"}],"predecessor-version":[{"id":14218,"href":"https:\/\/app-fortunica.com\/de\/wp-json\/wp\/v2\/pages\/2313\/revisions\/14218"}],"wp:attachment":[{"href":"https:\/\/app-fortunica.com\/de\/wp-json\/wp\/v2\/media?parent=2313"}],"curies":[{"name":"wp","href":"https:\/\/api.w.org\/{rel}","templated":true}]}}