{"id":2328,"date":"2015-04-08T18:38:57","date_gmt":"2015-04-08T23:38:57","guid":{"rendered":"https:\/\/app-fortunica.com\/what-to-ask\/"},"modified":"2017-04-06T17:28:36","modified_gmt":"2017-04-06T15:28:36","slug":"frage-stellen","status":"publish","type":"page","link":"https:\/\/app-fortunica.com\/de\/frage-stellen","title":{"rendered":"Top Fragen"},"content":{"rendered":"<div id=\"cs-content\" class=\"cs-content\" ><div id=\"x-section-1\" class=\"x-section\" style=\"margin: 0px;padding: 0px; background-color: #24282b;\"  ><div class=\"x-container marginless-columns\" style=\"margin: 0px auto;padding: 0px;\"  ><div  class=\"x-column x-sm x-1-2\" style=\"padding: 8.5%; background-color:hsl(0, 0%, 100%);\" ><h3  class=\"h-custom-headline mvs h3\" style=\"color: #5d014a;\"><span>Liebe<\/span><\/h3><div  class=\"x-raw-content\" style=\"color: #5d014a;\"><ul>\n \t<li>Wann werde ich meiner wahren Liebe begegnen?<\/li>\n \t<li>Wie oft werde ich einem potenziellen Liebespartner begegnen?<\/li>\n \t<li>Gibt es irgendjemanden, der an mir interessiert ist oder gar heimlich verliebt ist?<\/li>\n \t<li> Ist mein jetziger Partner f\u00e4hig, ein guter Partner zu sein und mich auch wirklich zu lieben?<\/li>\n<\/ul>\n<\/div><a  class=\"x-btn x-btn-small\"  href=\"\/de\/mehr\/\"     data-options=\"thumbnail: ''\">Mehr&#8230;<\/a><\/div><div  class=\"x-column x-sm cs-ta-left x-1-2\" style=\"padding: 8.5%; background-color:hsl(312, 98%, 18%);\" ><h3  class=\"h-custom-headline mvs h3\" style=\"color: #fff;\"><span>Job<\/span><\/h3><div  class=\"x-raw-content\" style=\"color: rgba(255, 255, 255, 255);\"><ul>\n \t<li>Ist es eine gute Idee jetzt das Jobangebot anzunehmen?<\/li>\n \t<li>Ich habe einige Jobangebote erhalten. Wie soll ich mich entscheiden?<\/li>\n \t\n\n \t<li>Erhalte ich dieses Jahr eine Gehaltserh\u00f6hung?<\/li>\n \t<li>Ich mag meinen Job \u00fcberhaupt nicht. Wie gelange ich zu meinem Traumjob?<\/li>\n \n<\/ul>\n<\/div><a  class=\"x-btn x-btn-small\"  href=\"\/de\/mehr\/\"     data-options=\"thumbnail: ''\">Mehr&#8230;<\/a><\/div><\/div><\/div><div id=\"x-section-2\" class=\"x-section\" style=\"margin: 0px;padding: 0px; background-color: hsl(312, 98%, 18%);\"  ><div class=\"x-container marginless-columns\" style=\"margin: 0px auto;padding: 0px;\"  ><div  class=\"x-column x-sm cs-ta-left x-1-2\" style=\"padding: 8.5%; background-color:hsl(312, 98%, 18%);\" ><h3  class=\"h-custom-headline mvs h3\" style=\"color: #fff;\"><span>Spiritualit\u00e4t<\/span><\/h3><div  class=\"x-raw-content\" style=\"color: rgba(255, 255, 255, 255);\"><ul>\n \t<li>Was sind meine spirituellen Gaben?<\/li>\n \t<li>Was will mir das Universum gerade mitteilen?<\/li>\n \t<li>Welches ist mein Totemtier und was bedeutet es f\u00fcr mich?<\/li>\n \t<li>Was bedeuten Tr\u00e4ume \u00fcber Wasser, Sonne oder Mond?<\/li>\n<\/ul>\n<\/div><a  class=\"x-btn x-btn-small\"  href=\"\/de\/mehr\/\"     data-options=\"thumbnail: ''\">Mehr&#8230;<\/a><\/div><div  class=\"x-column x-sm x-1-2\" style=\"padding: 8.5%; background-color:hsl(0, 0%, 100%);\" ><h3  class=\"h-custom-headline mvs h3\" style=\"color: #5d014a;\"><span>Tiere<\/span><\/h3><div  class=\"x-raw-content\" style=\"color: #5d014a;\"><ul>\n \t<li>Ist mein Haustier gl\u00fccklich oder vermisst er\/sie irgendwas?<\/li>\n \t<li>M\u00f6chte mein Haustier mir etwas mitteilen?<\/li>\n \n \t<li>Welches Haustier passt zu meinem Leben und meiner Pers\u00f6nlichkeit?<\/li>\n<li>Liebt mich mein Haustier?\n<\/li><\/ul>\n<\/div><a  class=\"x-btn x-btn-small\"  href=\"\/de\/mehr\/\"     data-options=\"thumbnail: ''\">Mehr&#8230;<\/a><\/div><\/div><\/div><div id=\"x-section-3\" class=\"x-section cs-ta-center\" style=\"margin: 0px;padding: 50px 0px 20px; background-color: transparent;\"  ><div class=\"x-container max width\" style=\"margin: 0px auto;padding: 0px 5%;\"  ><div  class=\"x-column x-sm x-1-2\" style=\"padding: 00px;\" ><h1  class=\"h-custom-headline cs-ta-left man h3\" ><span>Wie stelle ich ein Frage:<\/span><\/h1><hr  class=\"x-gap\" style=\"margin: 10px 0 0 0;\"><div class=\"x-text cs-ta-left\"  ><p>Versuche immer zus\u00e4tzliche Informationen beizuf\u00fcgen um eine genaue Beratung zu erm\u00f6glichen:<\/p>\n<ul>\n<li>Geburtsdatum &#038; Ort<\/li>\n<li>Sternzeichen<\/li>\n<li>Zeitraum (Fokus der Beratung)<\/li>\n<\/ul>\n<\/div><\/div><div  class=\"x-column x-sm x-1-2\" style=\"padding: 00px;\" ><h2  class=\"h-custom-headline cs-ta-left man h3\" ><span>Beispiel:<\/span><\/h2><hr  class=\"x-gap\" style=\"margin: 10px 0 0 0;\"><div class=\"x-text cs-ta-left\"  ><p>Hallo, mein Schwester (<strong>Wassermann, 31 Jahre<\/strong>) hat sich von ihrem langj\u00e4hrigen Freund getrennt. Und ist nun sehr Antriebslos.<br \/>\nKannst du mir sagen, wie sich <strong>der n\u00e4chste Monat<\/strong> f\u00fcr sie entwickelt und welche Highlights sie erwarten?<\/p>\n<\/div><\/div><\/div><\/div><div id=\"x-section-4\" class=\"x-section\" style=\"margin: 0px;padding: 25px 0px 10px; background-color: hsl(0, 0%, 100%);\"  ><div class=\"x-container max width\" style=\"margin: 0px auto;padding: 0px;\"  ><div  class=\"x-column x-sm x-1-1\" style=\"padding: 0px;\" ><h2  class=\"h-custom-headline cs-ta-left h3\" ><span>Bitte stelle zu folgenden Bereichen keine Frage:<\/span><\/h2><\/div><\/div><\/div><div id=\"x-section-5\" class=\"x-section\" style=\"margin: 0px;padding: 45px 0px; background-color: hsl(0, 0%, 100%);\"  ><div class=\"x-container max width\" style=\"margin: 0px auto;padding: 0px;\"  ><div  class=\"x-column x-sm x-1-3\" style=\"padding: 0px;\" ><div  class=\"x-feature-box left-text top-text cf\" style=\" max-width: none;\" data-x-element=\"feature_box\" data-x-params=\"{&quot;child&quot;:false,&quot;graphicAnimation&quot;:&quot;none&quot;,&quot;graphicAnimationOffset&quot;:&quot;50&quot;,&quot;graphicAnimationDelay&quot;:&quot;0&quot;}\" ><div class=\"x-feature-box-graphic rounded \"><div class=\"x-feature-box-graphic-outer rounded\" style=\" margin-right: 20px;\"><div class=\"x-feature-box-graphic-inner rounded\" style=\"font-size: 1px;\"><i class=\"x-icon-wpforms rounded\" data-x-icon-b=\"&#xf298;\"  style=\"margin: 0 auto; color: #ffffff; background-color: #2ecc71;\"><\/i><\/div><\/div><\/div><div class=\"x-feature-box-content \"><h4 class=\"x-feature-box-title\">Gesundheitliche Fragen:<\/h4><p class=\"x-feature-box-text\">\n<ul>\n<li>Schwangerschaft<\/li>\n<li>Gesundheitliche Verbesserung<\/li>\n<li>Todeszeitpunkt <\/li>\n<\/ul>\n<\/p><\/div><\/div><\/div><div  class=\"x-column x-sm x-1-3\" style=\"padding: 0px;\" ><div  class=\"x-feature-box left-text top-text cf\" style=\" max-width: none;\" data-x-element=\"feature_box\" data-x-params=\"{&quot;child&quot;:false,&quot;graphicAnimation&quot;:&quot;none&quot;,&quot;graphicAnimationOffset&quot;:&quot;50&quot;,&quot;graphicAnimationDelay&quot;:&quot;0&quot;}\" ><div class=\"x-feature-box-graphic rounded \"><div class=\"x-feature-box-graphic-outer rounded\" style=\" margin-right: 20px;\"><div class=\"x-feature-box-graphic-inner rounded\" style=\"font-size: 1px;\"><i class=\"x-icon-wpforms rounded\" data-x-icon-b=\"&#xf298;\"  style=\"margin: 0 auto; color: #ffffff; background-color: #2ecc71;\"><\/i><\/div><\/div><\/div><div class=\"x-feature-box-content \"><h4 class=\"x-feature-box-title\">Finanzielle Fragen:<\/h4><p class=\"x-feature-box-text\">\n<ul>\n<li>Wetten<\/li>\n<li>Versicherungen<\/li>\n<li>Regulationen<\/li>\n<\/ul>\n<\/p><\/div><\/div><\/div><div  class=\"x-column x-sm x-1-3\" style=\"padding: 0px;\" ><div  class=\"x-feature-box left-text top-text cf\" style=\" max-width: none;\" data-x-element=\"feature_box\" data-x-params=\"{&quot;child&quot;:false,&quot;graphicAnimation&quot;:&quot;none&quot;,&quot;graphicAnimationOffset&quot;:&quot;50&quot;,&quot;graphicAnimationDelay&quot;:&quot;0&quot;}\" ><div class=\"x-feature-box-graphic rounded \"><div class=\"x-feature-box-graphic-outer rounded\" style=\" margin-right: 20px;\"><div class=\"x-feature-box-graphic-inner rounded\" style=\"font-size: 1px;\"><i class=\"x-icon-wpforms rounded\" data-x-icon-b=\"&#xf298;\"  style=\"margin: 0 auto; color: #ffffff; background-color: #2ecc71;\"><\/i><\/div><\/div><\/div><div class=\"x-feature-box-content \"><h4 class=\"x-feature-box-title\">Sonstiges:<\/h4><p class=\"x-feature-box-text\">\n<ul>\n<li>Gerichtsf\u00e4lle<\/li>\n<li>Exakte Namen oder Daten<\/li>\n<li>Schwarze Magie<\/li>\n<\/ul>\n<\/p><\/div><\/div><\/div><\/div><\/div><div id=\"x-section-6\" class=\"x-section\" style=\"margin: 0px;padding: 55px 0px 25px; background-color: hsl(0, 0%, 0%);\"  ><div class=\"x-container max width\" style=\"margin: 0px auto;padding: 0px;\"  ><div  class=\"x-column x-sm x-1-3\" style=\"padding: 0px;\" ><div  class=\"x-raw-content\" >Die Berater von Fortunica sind immer bereit zu helfen und sie freuen sich, Sie in wichtigen Lebensbereichen zu beraten. Allerdings sollten Sie beachten, dass es einige Fragen gibt, die unsere Berater leider nicht berechtigt sind zu beantworten, weil ihre F\u00e4higkeiten und Ratschl\u00e4ge nur f\u00fcr spirituelle Zwecke vorgesehen sind.\nDies bedeutet, dass die angebotene Beratung eine medizinische, finanzielle oder eine Rechtsberatung nicht ersetzen kann.  Wir empfehlen Ihnen, unseren Beratern keine Fragen zu medizinischen Themen, wie zum <\/div><\/div><div  class=\"x-column x-sm x-1-3\" style=\"padding: 0px;\" ><div  class=\"x-raw-content\" >Beispiel zu einer m\u00f6glichen Schwangerschaft, \nKrebsr\u00fcckf\u00e4llen oder  einer notwendigen medizinischen Behandlung zu stellen, weil sie weder Diagnosen stellen, noch die genaue Prognose, die Sie erwarten, machen k\u00f6nnen. Wir empfehlen auch, keine Fragen nach dem Datum Ihres Todes oder der restlichen Lebensjahren zu stellen, weil die Berater keine Ratschl\u00e4ge diesbez\u00fcglich bieten k\u00f6nnen. Beachten Sie, dass das Ziel des Kartenlegens mit Tarot ist, Ver\u00e4nderungen in Ihr Leben zu bringen, wenn Sie die Ratschl\u00e4ge befolgen, die Ihnen gegeben worden sind.  <\/div><\/div><div  class=\"x-column x-sm x-1-3\" style=\"padding: 0px;\" ><div  class=\"x-raw-content\" >Um aufschlussreiche Antworten auf Ihre Fragen zu erhalten, die Ihnen helfen, Wege zu einem gl\u00fccklicheren Leben zu finden, sollten Sie darauf achten, Ihre Fragen richtig zu formulieren. Stellen Sie detaillierte und spezifische Fragen, die Ihnen eine M\u00f6glichkeit geben, aktiv zu handeln und den richtigen Weg in Ihrem Leben zu finden. In den meisten F\u00e4llen k\u00f6nnen unsere Berater Ihre Fragen schnell beantworten. Es gibt aber auch Fragen, die ein erkenntnisreicheres und aufwendigeres Lesen der Karten erfordern. Vertrauen Sie dabei unserer Berater und lassen Sie sich f\u00fchren!<\/div><\/div><\/div><\/div><\/div>\n","protected":false},"excerpt":{"rendered":"","protected":false},"author":34,"featured_media":0,"parent":0,"menu_order":0,"comment_status":"closed","ping_status":"closed","template":"template-blank-4.php","meta":[],"yoast_head":"<!-- This site is optimized with the Yoast SEO Premium plugin v15.2 - https:\/\/yoast.com\/wordpress\/plugins\/seo\/ -->\n<title>Top Fragen - fortunica<\/title>\n<meta name=\"robots\" content=\"index, follow, max-snippet:-1, max-image-preview:large, max-video-preview:-1\" \/>\n<link rel=\"canonical\" href=\"https:\/\/app-fortunica.com\/de\/frage-stellen\" \/>\n<meta property=\"og:locale\" content=\"de_DE\" \/>\n<meta property=\"og:type\" content=\"article\" \/>\n<meta property=\"og:title\" content=\"Top Fragen - fortunica\" \/>\n<meta property=\"og:url\" content=\"https:\/\/app-fortunica.com\/de\/frage-stellen\" \/>\n<meta property=\"og:site_name\" content=\"fortunica\" \/>\n<meta property=\"article:publisher\" content=\"https:\/\/www.facebook.com\/app.fortunica\/\" \/>\n<meta property=\"article:modified_time\" content=\"2017-04-06T15:28:36+00:00\" \/>\n<meta name=\"twitter:card\" content=\"summary\" \/>\n<meta name=\"twitter:label1\" value=\"Verfasst von\">\n\t<meta name=\"twitter:data1\" value=\"advisor managers\">\n\t<meta name=\"twitter:label2\" value=\"Gesch\u00e4tzte Lesezeit\">\n\t<meta name=\"twitter:data2\" value=\"6 Minuten\">\n<script type=\"application\/ld+json\" class=\"yoast-schema-graph\">{\"@context\":\"https:\/\/schema.org\",\"@graph\":[{\"@type\":\"WebSite\",\"@id\":\"https:\/\/app-fortunica.com\/#website\",\"url\":\"https:\/\/app-fortunica.com\/\",\"name\":\"fortunica\",\"description\":\"The #1 App for you to Connect with Spiritual Advisors\",\"potentialAction\":[{\"@type\":\"SearchAction\",\"target\":\"https:\/\/app-fortunica.com\/?s={search_term_string}\",\"query-input\":\"required name=search_term_string\"}],\"inLanguage\":\"de-DE\"},{\"@type\":\"WebPage\",\"@id\":\"https:\/\/app-fortunica.com\/de\/frage-stellen#webpage\",\"url\":\"https:\/\/app-fortunica.com\/de\/frage-stellen\",\"name\":\"Top Fragen - fortunica\",\"isPartOf\":{\"@id\":\"https:\/\/app-fortunica.com\/#website\"},\"datePublished\":\"2015-04-08T23:38:57+00:00\",\"dateModified\":\"2017-04-06T15:28:36+00:00\",\"inLanguage\":\"de-DE\",\"potentialAction\":[{\"@type\":\"ReadAction\",\"target\":[\"https:\/\/app-fortunica.com\/de\/frage-stellen\"]}]}]}<\/script>\n<!-- \/ Yoast SEO Premium plugin. -->","_links":{"self":[{"href":"https:\/\/app-fortunica.com\/de\/wp-json\/wp\/v2\/pages\/2328"}],"collection":[{"href":"https:\/\/app-fortunica.com\/de\/wp-json\/wp\/v2\/pages"}],"about":[{"href":"https:\/\/app-fortunica.com\/de\/wp-json\/wp\/v2\/types\/page"}],"author":[{"embeddable":true,"href":"https:\/\/app-fortunica.com\/de\/wp-json\/wp\/v2\/users\/34"}],"replies":[{"embeddable":true,"href":"https:\/\/app-fortunica.com\/de\/wp-json\/wp\/v2\/comments?post=2328"}],"version-history":[{"count":25,"href":"https:\/\/app-fortunica.com\/de\/wp-json\/wp\/v2\/pages\/2328\/revisions"}],"predecessor-version":[{"id":4672,"href":"https:\/\/app-fortunica.com\/de\/wp-json\/wp\/v2\/pages\/2328\/revisions\/4672"}],"wp:attachment":[{"href":"https:\/\/app-fortunica.com\/de\/wp-json\/wp\/v2\/media?parent=2328"}],"curies":[{"name":"wp","href":"https:\/\/api.w.org\/{rel}","templated":true}]}}