{"id":2349,"date":"2017-02-10T17:43:00","date_gmt":"2017-02-10T16:43:00","guid":{"rendered":"https:\/\/app-fortunica.com\/start\/"},"modified":"2023-04-25T09:33:14","modified_gmt":"2023-04-25T07:33:14","slug":"so-funktionierts","status":"publish","type":"page","link":"https:\/\/app-fortunica.com\/de\/so-funktionierts","title":{"rendered":"So funktioniert&#8217;s"},"content":{"rendered":"<div id=\"cs-content\" class=\"cs-content\" ><div id=\"x-section-1\" class=\"x-section\" style=\"margin: 0px;padding: 25px 0px 5px; background-color: transparent;\"  ><div class=\"x-container max width\" style=\"margin: 0px auto;padding: 0px;\"  ><div  class=\"x-column x-sm x-1-1\" style=\"padding: 0px;\" ><div class=\"x-text cs-ta-center\"  ><h3><span style=\"color: #721c70;\">So funktioniert&#8217;s:<\/span><\/h3>\n<\/div><\/div><\/div><\/div><div id=\"x-section-2\" class=\"x-section cs-ta-center dark-section\" style=\"margin: 0px;padding: 10px 0px 0px; background-color: hsl(0, 0%, 100%);\"  ><div class=\"x-container max width\" style=\"margin: 0px auto;padding: 0px;\"  ><div  class=\"x-column x-sm x-1-3\" style=\"padding: 0px;\" ><h4  class=\"h-custom-headline h4\" style=\"color: hsl(0, 0%, 0%);\"><span>Schritt 1<\/span><\/h4><div class=\"x-text\"  ><p>Dr\u00fccke das Stift-Icon und w\u00e4hle zwischen der anonymen Live-Frage, privater Frage oder unseren Premium Sitzungen.<\/p>\n<\/div><\/div><div  class=\"x-column x-sm x-1-3\" style=\"padding: 0px;\" ><h4  class=\"h-custom-headline h4\" style=\"color: hsl(0, 0%, 0%);\"><span>Schritt 2<\/span><\/h4><div class=\"x-text\"  ><p>Formuliere deine Frage und dr\u00fccke auf \u201eSenden\u201c.<\/p>\n<\/div><\/div><div  class=\"x-column x-sm x-1-3\" style=\"padding: 0px;\" ><h4  class=\"h-custom-headline h4\" style=\"color: hsl(0, 0%, 0%);\"><span>Schritt 3<\/span><\/h4><div class=\"x-text\"  ><p>W\u00e4hle eine Zahlungsmethode und erhalte schnellstm\u00f6glich kompetente und einf\u00fchlsame Antworten.<\/p>\n<\/div><\/div><\/div><\/div><div id=\"x-section-3\" class=\"x-section\" style=\"margin: 0px;padding: 25px 0px 5px; background-color: transparent;\"  ><div class=\"x-container max width\" style=\"margin: 0px auto;padding: 0px;\"  ><div  class=\"x-column x-sm x-1-1\" style=\"padding: 0px;\" ><div class=\"x-text cs-ta-center\"  ><h3><span style=\"color: #721c70;\">Du kannst zwischen 2 Arten von Fragen w\u00e4hlen:<\/span><\/h3>\n<\/div><\/div><\/div><\/div><div id=\"x-section-4\" class=\"x-section\" style=\"margin: 0px;padding: 5px 0px 0px; background-color: transparent;\"  ><div class=\"x-container max width\" style=\"margin: 0px auto;padding: 0px;\"  ><div  class=\"x-column x-sm x-1-2\" style=\"padding: 0px;\" ><div class=\"x-text\"  ><h4 class=\"widget-title\">Live- Frage<\/h4>\n<div class=\"siteorigin-widget-tinymce textwidget\">\n<ul>\n<li>Schnellere Antwortzeit<\/li>\n<li>G\u00fcnstiger<\/li>\n<li>Jeder Berater der online ist, kann deine Frage beantworten.<\/li>\n<li>Live-Fragen erscheinen anonymisiert auf dem Zeitstrahl.<\/li>\n<\/ul>\n<\/div>\n<\/div><\/div><div  class=\"x-column x-sm x-1-2\" style=\"padding: 0px;\" ><div class=\"x-text\"  ><h4 class=\"widget-title\">Private Frage<\/h4>\n<div class=\"siteorigin-widget-tinymce textwidget\">\n<ul>\n<li>M\u00f6glicherweise l\u00e4ngere Wartezeit<\/li>\n<li>Du kannst den Berater deiner Wahl aussuchen.<\/li>\n<li>Private Fragen sind ausschlie\u00dflich f\u00fcr dich sichtbar.<\/li>\n<\/ul>\n<\/div>\n<\/div><\/div><\/div><\/div><div id=\"x-section-5\" class=\"x-section cs-ta-center\" style=\"margin: 0px;padding: 55px 0px; background-color: hsl(0, 0%, 100%);\"  ><div class=\"x-container max width\" style=\"margin: 0px auto;padding: 0px 5%;\"  ><div  class=\"x-column x-sm x-1-1\" style=\"padding: 0px;\" ><h3  class=\"h-custom-headline man h3\" style=\"color: hsl(298, 48%, 33%);\"><span>Zahlungsm\u00f6glichkeiten \u2013 schnell &#038; einfach<\/span><\/h3>\n<hr class=\"e2349-30 x-line\" >\n<\/div><\/div><div class=\"x-container max width\" style=\"margin: 0px auto;padding: 0px;\"  ><div  class=\"x-column x-sm x-1-1\" style=\"padding: 0px;\" ><div class=\"x-text cs-ta-center\"  ><div class=\"siteorigin-widget-tinymce textwidget\">\n<li>Bezahle bequem \u00fcber deinen Apple oder Google Play Account, per PayPal oder Kreditkarte.<\/li>\n<\/ul>\n<\/div>\n<\/div><\/div><\/div><\/div><div id=\"x-section-6\" class=\"x-section cs-ta-center dark-section\" style=\"margin: 0px;padding: 0px; background-color: transparent;\"  ><div class=\"x-container marginless-columns\" style=\"margin: 0px;padding: 0px;\"  ><div  class=\"x-column x-sm x-1-1\" style=\"padding: 0px;\" ><h3  class=\"h-custom-headline man h3\" style=\"color: hsl(0, 0%, 0%);\"><span>Unsere Beratungsthemen:<\/span><\/h3><\/div><\/div><div class=\"x-container marginless-columns\" style=\"margin: 0px;padding: 60px 0px 0px;\"  ><div  class=\"x-column x-sm x-1-4\" style=\"padding: 0px;\" ><div class=\"x-text\"  ><p><img decoding=\"async\" loading=\"lazy\" class=\"aligncenter wp-image-7527\" src=\"https:\/\/app-fortunica-content.s3.eu-central-1.amazonaws.com\/prod\/app\/uploads\/2018\/06\/heart.png\" alt=\"\" width=\"100\" height=\"90\" srcset=\"https:\/\/app-fortunica-content.s3.eu-central-1.amazonaws.com\/prod\/app\/uploads\/2018\/06\/heart.png 201w, https:\/\/app-fortunica-content.s3.eu-central-1.amazonaws.com\/prod\/app\/uploads\/2018\/06\/heart-100x90.png 100w\" sizes=\"(max-width: 100px) 100vw, 100px\" \/><\/p>\n<\/div><div class=\"x-text\"  ><p><span style=\"font-size: 22px; color: #272727; font-weight: bold;\">Liebe<\/span><\/p>\n<\/div><\/div><div  class=\"x-column x-sm x-1-4\" style=\"padding: 0px;\" ><div class=\"x-text\"  ><p><img decoding=\"async\" loading=\"lazy\" class=\"aligncenter wp-image-7527\" src=\"https:\/\/app-fortunica-content.s3.eu-central-1.amazonaws.com\/prod\/app\/uploads\/2018\/06\/career_full.png\" alt=\"\" width=\"100\" height=\"90\" \/><\/p>\n<\/div><div class=\"x-text\"  ><p><span style=\"font-size: 22px; color: #272727; font-weight: bold;\">Karriere<\/span><\/p>\n<\/div><\/div><div  class=\"x-column x-sm x-1-4\" style=\"padding: 0px;\" ><div class=\"x-text\"  ><p><img decoding=\"async\" loading=\"lazy\" class=\"aligncenter wp-image-7527\" src=\"https:\/\/app-fortunica-content.s3.eu-central-1.amazonaws.com\/prod\/app\/uploads\/2018\/06\/wellness_what_to_ask.png\" alt=\"\" width=\"100\" height=\"90\" \/><\/p>\n<\/div><div class=\"x-text\"  ><p><span style=\"font-size: 22px; color: #272727; font-weight: bold;\">Schicksal<\/span><\/p>\n<\/div><\/div><div  class=\"x-column x-sm x-1-4\" style=\"padding: 0px;\" ><div class=\"x-text\"  ><p><img decoding=\"async\" loading=\"lazy\" class=\"aligncenter wp-image-7527\" src=\"https:\/\/app-fortunica-content.s3.eu-central-1.amazonaws.com\/prod\/app\/uploads\/2018\/06\/spirituality_what_to_ask.png\" alt=\"\" width=\"100\" height=\"90\" \/><\/p>\n<\/div><div class=\"x-text\"  ><p><span style=\"font-size: 22px; color: #272727; font-weight: bold;\">Spirituell<\/span><\/p>\n<\/div><\/div><\/div><\/div><div id=\"x-section-7\" class=\"x-section cs-ta-center dark-section\" style=\"margin: 0px;padding: 0px; background-color: transparent;\"  ><div class=\"x-container marginless-columns\" style=\"margin: 0px;padding: 40px 60px;\"  ><div  class=\"x-column x-sm x-1-1\" style=\"padding: 0px;\" >\n<div class=\"e2349-54 x-frame x-frame-video-embed\" >\n  <div class=\"x-frame-inner\">\n    \n<div class=\"e2349-54 x-video x-video-embed\" >\n  <iframe width=\"560\" height=\"315\" src=\"https:\/\/www.youtube.com\/embed\/CxI6MhGJ8QM\" title=\"YouTube video player\" frameborder=\"0\" allow=\"accelerometer; autoplay; clipboard-write; encrypted-media; gyroscope; picture-in-picture; web-share\" allowfullscreen><\/iframe><\/div>\n  <\/div>\n<\/div>\n<\/div><\/div><\/div><\/div>\n","protected":false},"excerpt":{"rendered":"<p>So funktioniert&#8217;s: Schritt 1Dr\u00fccke das Stift-Icon und w\u00e4hle zwischen der anonymen Live-Frage, privater Frage oder unseren Premium Sitzungen. Schritt 2Formuliere deine Frage und dr\u00fccke auf \u201eSenden\u201c. Schritt 3W\u00e4hle eine Zahlungsmethode &#8230; <\/p>\n<div><a href=\"https:\/\/app-fortunica.com\/de\/so-funktionierts\" class=\"more-link\">Weiterlesen<\/a><\/div>\n","protected":false},"author":34,"featured_media":0,"parent":0,"menu_order":0,"comment_status":"closed","ping_status":"closed","template":"template-blank-4.php","meta":[],"yoast_head":"<!-- This site is optimized with the Yoast SEO Premium plugin v15.2 - https:\/\/yoast.com\/wordpress\/plugins\/seo\/ -->\n<title>So funktioniert&#039;s - fortunica<\/title>\n<meta name=\"robots\" content=\"index, follow, max-snippet:-1, max-image-preview:large, max-video-preview:-1\" \/>\n<link rel=\"canonical\" href=\"https:\/\/app-fortunica.com\/spiritual-journey\" \/>\n<meta property=\"og:locale\" content=\"de_DE\" \/>\n<meta property=\"og:type\" content=\"article\" \/>\n<meta property=\"og:title\" content=\"So funktioniert&#039;s - fortunica\" \/>\n<meta property=\"og:description\" content=\"So funktioniert&#8217;s: Schritt 1Dr\u00fccke das Stift-Icon und w\u00e4hle zwischen der anonymen Live-Frage, privater Frage oder unseren Premium Sitzungen. Schritt 2Formuliere deine Frage und dr\u00fccke auf \u201eSenden\u201c. Schritt 3W\u00e4hle eine Zahlungsmethode ... Weiterlesen\" \/>\n<meta property=\"og:url\" content=\"https:\/\/app-fortunica.com\/spiritual-journey\" \/>\n<meta property=\"og:site_name\" content=\"fortunica\" \/>\n<meta property=\"article:publisher\" content=\"https:\/\/www.facebook.com\/app.fortunica\/\" \/>\n<meta property=\"article:modified_time\" content=\"2023-04-25T07:33:14+00:00\" \/>\n<meta property=\"og:image\" content=\"https:\/\/app-fortunica.com\/app\/uploads\/2018\/06\/heart.png\" \/>\n<meta name=\"twitter:card\" content=\"summary\" \/>\n<meta name=\"twitter:label1\" value=\"Verfasst von\">\n\t<meta name=\"twitter:data1\" value=\"advisor managers\">\n\t<meta name=\"twitter:label2\" value=\"Gesch\u00e4tzte Lesezeit\">\n\t<meta name=\"twitter:data2\" value=\"5 Minuten\">\n<script type=\"application\/ld+json\" class=\"yoast-schema-graph\">{\"@context\":\"https:\/\/schema.org\",\"@graph\":[{\"@type\":\"WebSite\",\"@id\":\"https:\/\/app-fortunica.com\/#website\",\"url\":\"https:\/\/app-fortunica.com\/\",\"name\":\"fortunica\",\"description\":\"The #1 App for you to Connect with Spiritual Advisors\",\"potentialAction\":[{\"@type\":\"SearchAction\",\"target\":\"https:\/\/app-fortunica.com\/?s={search_term_string}\",\"query-input\":\"required name=search_term_string\"}],\"inLanguage\":\"de-DE\"},{\"@type\":\"ImageObject\",\"@id\":\"https:\/\/app-fortunica.com\/spiritual-journey#primaryimage\",\"inLanguage\":\"de-DE\",\"url\":\"https:\/\/app-fortunica.com\/app\/uploads\/2018\/06\/heart.png\"},{\"@type\":\"WebPage\",\"@id\":\"https:\/\/app-fortunica.com\/spiritual-journey#webpage\",\"url\":\"https:\/\/app-fortunica.com\/spiritual-journey\",\"name\":\"So funktioniert's - fortunica\",\"isPartOf\":{\"@id\":\"https:\/\/app-fortunica.com\/#website\"},\"primaryImageOfPage\":{\"@id\":\"https:\/\/app-fortunica.com\/spiritual-journey#primaryimage\"},\"datePublished\":\"2017-02-10T16:43:00+00:00\",\"dateModified\":\"2023-04-25T07:33:14+00:00\",\"inLanguage\":\"de-DE\",\"potentialAction\":[{\"@type\":\"ReadAction\",\"target\":[\"https:\/\/app-fortunica.com\/spiritual-journey\"]}]}]}<\/script>\n<!-- \/ Yoast SEO Premium plugin. -->","_links":{"self":[{"href":"https:\/\/app-fortunica.com\/de\/wp-json\/wp\/v2\/pages\/2349"}],"collection":[{"href":"https:\/\/app-fortunica.com\/de\/wp-json\/wp\/v2\/pages"}],"about":[{"href":"https:\/\/app-fortunica.com\/de\/wp-json\/wp\/v2\/types\/page"}],"author":[{"embeddable":true,"href":"https:\/\/app-fortunica.com\/de\/wp-json\/wp\/v2\/users\/34"}],"replies":[{"embeddable":true,"href":"https:\/\/app-fortunica.com\/de\/wp-json\/wp\/v2\/comments?post=2349"}],"version-history":[{"count":11,"href":"https:\/\/app-fortunica.com\/de\/wp-json\/wp\/v2\/pages\/2349\/revisions"}],"predecessor-version":[{"id":15513,"href":"https:\/\/app-fortunica.com\/de\/wp-json\/wp\/v2\/pages\/2349\/revisions\/15513"}],"wp:attachment":[{"href":"https:\/\/app-fortunica.com\/de\/wp-json\/wp\/v2\/media?parent=2349"}],"curies":[{"name":"wp","href":"https:\/\/api.w.org\/{rel}","templated":true}]}}