{"id":2401,"date":"2017-02-23T14:13:34","date_gmt":"2017-02-23T13:13:34","guid":{"rendered":"https:\/\/app-fortunica.com\/affiliates\/"},"modified":"2020-02-25T13:55:23","modified_gmt":"2020-02-25T12:55:23","slug":"affiliates","status":"publish","type":"page","link":"https:\/\/app-fortunica.com\/de\/affiliates","title":{"rendered":"Affiliate"},"content":{"rendered":"<div id=\"cs-content\" class=\"cs-content\" ><div id=\"x-section-1\" class=\"x-section\" style=\"margin: 0px;padding: 45px 0px 0px; background-color: transparent;\"  ><div class=\"x-container max width\" style=\"margin: 0px auto;padding: 0px;\"  ><\/div><\/div><div id=\"x-section-2\" class=\"x-section cs-ta-center\" style=\"margin: 0px;padding: 0px; background-color: transparent;\"  ><div class=\"x-container max width\" style=\"margin: 0px auto;padding: 0px;\"  ><div  class=\"x-column x-sm x-1-1\" style=\"padding: 0px;\" ><img  class=\"x-img x-img-none\"  src=\"https:\/\/app-fortunica-content.s3.eu-central-1.amazonaws.com\/prod\/app\/uploads\/2017\/06\/coverphoto-facebook.png\" ><h2  class=\"h-custom-headline h4\" ><span>Sichern Sie sich zus\u00e4tzliche Einnahmen mit unserem Affiliate-Programm!<\/span><\/h2><\/div><\/div><\/div><div id=\"x-section-3\" class=\"x-section\" style=\"margin: 0px;padding: 0px 0px 45px; background-color: transparent;\"  ><div class=\"x-container max width\" style=\"margin: 0px auto;padding: 0px;\"  ><\/div><\/div><div id=\"x-section-4\" class=\"x-section cs-ta-left\" style=\"margin: 0px;padding: 45px 0px 0px; background-color: transparent;\"  ><div class=\"x-container max width\" style=\"margin: 0px auto;padding: 0px;\"  ><div  class=\"x-column x-sm x-1-1\" style=\"padding: 0px;\" ><div class=\"x-text\"  ><p>Aktivieren Sie Ihr Affiliate-Konto und fangen Sie noch heute an, Geld zu verdienen.<\/p>\n<ul>\n<li>Im Affiliate-Programm von fortunica wird Ihnen jede App-Installation verg\u00fctet, welche von Ihnen generiert wird.<\/li>\n<li>Durch Cookies k\u00f6nnen Sie alle Klicks und Installationen nachverfolgen. So lassen sich Klicks und damit einhergehende Installationen bis zu 7 Tage nach dem Klick verfolgen.<\/li>\n<li>Wenn Sie mehr \u00fcber unser Programm erfahren m\u00f6chten, schreiben Sie uns einfach an: <a href=\"mailto:partners@fortunica-app.com\">partners@fortunica-app.com<\/a>\u00a0. Wir informieren Sie gern und beantworten Ihre Fragen zum Affiliate-Programm von fortunica.<\/li>\n<\/ul>\n<\/div><\/div><\/div><\/div><div id=\"x-section-5\" class=\"x-section\" style=\"margin: 0px;padding: 0px 0px 15px; background-color: transparent;\"  ><div class=\"x-container max width\" style=\"margin: 0px auto;padding: 0px;\"  ><div  class=\"x-column x-sm x-1-1\" style=\"padding: 0px;\" ><div class=\"x-text\"  ><p>Wir bieten ein \u00e4u\u00dferst wettbewerbsf\u00e4higes Partnerprogramm. Helfen Sie uns dabei, Ihre Followers mit esoterischen Beratern zu verbinden. Wir stellen Ihnen eine Vielzahl von Bannern und Inhalten sowie einen engagierten Affiliate-Manager zur Verf\u00fcgung, der mit Ihnen zusammenarbeitet, um sicherzustellen, dass Sie unser Programm optimal nutzen.<\/p>\n<\/div><\/div><\/div><\/div><div id=\"x-section-6\" class=\"x-section cs-ta-left\" style=\"margin: 0px;padding: 0px; background-color: transparent;\"  ><div class=\"x-container max width\" style=\"margin: 0px auto;padding: 0px;\"  ><div  class=\"x-column x-sm x-1-3\" style=\"padding: 0px;\" ><div  class=\"x-feature-box center-text top-text cf\" style=\" max-width: none;\" data-x-element=\"feature_box\" data-x-params=\"{&quot;child&quot;:false,&quot;graphicAnimation&quot;:&quot;none&quot;,&quot;graphicAnimationOffset&quot;:&quot;50&quot;,&quot;graphicAnimationDelay&quot;:&quot;0&quot;}\" ><div class=\"x-feature-box-graphic circle \"><div class=\"x-feature-box-graphic-outer circle\" style=\"\"><div class=\"x-feature-box-graphic-inner circle\" style=\"font-size: 100px;\"><i class=\"x-icon-image circle\" data-x-icon-s=\"&#xf03e;\"  style=\"margin: 0 auto; border-width: 5px 5px 5px 5px; border-style: solid; border-color: ; color: hsl(312, 98%, 18%); background-color: transparent;\"><\/i><\/div><\/div><\/div><div class=\"x-feature-box-content \"><h4 class=\"x-feature-box-title\" style=\"color: hsl(312, 98%, 18%);\">Kreativer Content<\/h4><p class=\"x-feature-box-text\"><\/p><\/div><\/div><\/div><div  class=\"x-column x-sm x-1-3\" style=\"padding: 0px;\" ><div  class=\"x-feature-box center-text top-text cf\" style=\" max-width: none;\" data-x-element=\"feature_box\" data-x-params=\"{&quot;child&quot;:false,&quot;graphicAnimation&quot;:&quot;none&quot;,&quot;graphicAnimationOffset&quot;:&quot;50&quot;,&quot;graphicAnimationDelay&quot;:&quot;0&quot;}\" ><div class=\"x-feature-box-graphic circle \"><div class=\"x-feature-box-graphic-outer circle\" style=\"\"><div class=\"x-feature-box-graphic-inner circle\" style=\"font-size: 100px;\"><i class=\"x-icon-eur circle\" data-x-icon-s=\"&#xf153;\"  style=\"margin: 0 auto; border-width: 5px 5px 5px 5px; border-style: solid; border-color: ; color: hsl(312, 98%, 18%); background-color: transparent;\"><\/i><\/div><\/div><\/div><div class=\"x-feature-box-content \"><h4 class=\"x-feature-box-title\" style=\"color: hsl(312, 98%, 18%);\">Attraktive Bezahlung<\/h4><p class=\"x-feature-box-text\"><\/p><\/div><\/div><\/div><div  class=\"x-column x-sm x-1-3\" style=\"padding: 0px;\" ><div  class=\"x-feature-box center-text top-text cf\" style=\" max-width: none;\" data-x-element=\"feature_box\" data-x-params=\"{&quot;child&quot;:false,&quot;graphicAnimation&quot;:&quot;none&quot;,&quot;graphicAnimationOffset&quot;:&quot;50&quot;,&quot;graphicAnimationDelay&quot;:&quot;0&quot;}\" ><div class=\"x-feature-box-graphic circle \"><div class=\"x-feature-box-graphic-outer circle\" style=\"\"><div class=\"x-feature-box-graphic-inner circle\" style=\"font-size: 100px;\"><i class=\"x-icon-user-o circle\" data-x-icon-o=\"&#xf007;\"  style=\"margin: 0 auto; border-width: 5px 5px 5px 5px; border-style: solid; border-color: ; color: hsl(312, 98%, 18%); background-color: transparent;\"><\/i><\/div><\/div><\/div><div class=\"x-feature-box-content \"><h4 class=\"x-feature-box-title\" style=\"color: hsl(312, 98%, 18%);\">Professionelles Team<\/h4><p class=\"x-feature-box-text\"><\/p><\/div><\/div><\/div><\/div><\/div><div id=\"x-section-7\" class=\"x-section\" style=\"margin: 0px;padding: 0px; background-color: transparent;\"  ><div class=\"x-container max width\" style=\"margin: 0px auto;padding: 0px;\"  ><div  class=\"x-column x-sm x-1-1\" style=\"padding: 0px;\" ><div class=\"x-text cs-ta-center\"  ><h3>How can I promote fortunica?<\/h3>\n<\/div><\/div><\/div><\/div><div id=\"x-section-8\" class=\"x-section\" style=\"margin: 0px;padding: 45px 0px; background-color: transparent;\"  ><div class=\"x-container max width\" style=\"margin: 0px auto;padding: 0px;\"  ><div  class=\"x-column x-sm x-1-1\" style=\"padding: 0px;\" ><ul class=\"x-ul-icons\"  ><li class=\"x-li-icon\"  ><i class=\"x-icon-check\" aria-hidden=\"true\" style=\"color: hsl(123, 98%, 34%);\" data-x-icon-s=\"&#xf00c;\"  ><\/i>Schreiben Sie ein Review oder einen Artikel \u00fcber fortunica auf Ihrer Website.<\/li><li class=\"x-li-icon\"  ><i class=\"x-icon-check\" aria-hidden=\"true\" style=\"color: hsl(123, 98%, 34%);\" data-x-icon-s=\"&#xf00c;\"  ><\/i>Laden Sie eines der von uns bereitgestellten Banner-Bilder auf Ihre Website hoch.<\/li><li class=\"x-li-icon\"  ><i class=\"x-icon-check\" aria-hidden=\"true\" style=\"color: hsl(123, 98%, 34%);\" data-x-icon-s=\"&#xf00c;\"  ><\/i>Tauschen Sie sich mit anderen \u00fcber die fortunica-App in Foren und sozialen Medien aus.<\/li><li class=\"x-li-icon\"  ><i class=\"x-icon-check\" aria-hidden=\"true\" style=\"color: hsl(123, 98%, 34%);\" data-x-icon-s=\"&#xf00c;\"  ><\/i>Haben Sie bereits Abonnenten? Schicken Sie ihnen eine E-Mail und informieren Sie sie \u00fcber fortunica.<\/li><\/ul><\/div><\/div><\/div><div id=\"x-section-9\" class=\"x-section cs-ta-center\" style=\"margin: 0px;padding: 45px 0px; background-color: transparent;\"  ><div class=\"x-container max width\" style=\"margin: 0px auto;padding: 0px;\"  ><div  class=\"x-column x-sm x-1-1\" style=\"padding: 0px;\" ><a  class=\"x-btn x-btn-global\"  href=\"mailto:partners@fortunica-app.com\"     data-options=\"thumbnail: ''\">Werden Sie Affiliate!<\/a><\/div><\/div><\/div><\/div>\n","protected":false},"excerpt":{"rendered":"","protected":false},"author":34,"featured_media":0,"parent":0,"menu_order":0,"comment_status":"closed","ping_status":"closed","template":"template-layout-full-width.php","meta":[],"yoast_head":"<!-- This site is optimized with the Yoast SEO Premium plugin v15.2 - https:\/\/yoast.com\/wordpress\/plugins\/seo\/ -->\n<title>Affiliate - fortunica<\/title>\n<meta name=\"robots\" content=\"index, follow, max-snippet:-1, max-image-preview:large, max-video-preview:-1\" \/>\n<link rel=\"canonical\" href=\"https:\/\/app-fortunica.com\/de\/affiliates\" \/>\n<meta property=\"og:locale\" content=\"de_DE\" \/>\n<meta property=\"og:type\" content=\"article\" \/>\n<meta property=\"og:title\" content=\"Affiliate - fortunica\" \/>\n<meta property=\"og:url\" content=\"https:\/\/app-fortunica.com\/de\/affiliates\" \/>\n<meta property=\"og:site_name\" content=\"fortunica\" \/>\n<meta property=\"article:publisher\" content=\"https:\/\/www.facebook.com\/app.fortunica\/\" \/>\n<meta property=\"article:modified_time\" content=\"2020-02-25T12:55:23+00:00\" \/>\n<meta name=\"twitter:card\" content=\"summary\" \/>\n<meta name=\"twitter:label1\" value=\"Verfasst von\">\n\t<meta name=\"twitter:data1\" value=\"advisor managers\">\n\t<meta name=\"twitter:label2\" value=\"Gesch\u00e4tzte Lesezeit\">\n\t<meta name=\"twitter:data2\" value=\"6 Minuten\">\n<script type=\"application\/ld+json\" class=\"yoast-schema-graph\">{\"@context\":\"https:\/\/schema.org\",\"@graph\":[{\"@type\":\"WebSite\",\"@id\":\"https:\/\/app-fortunica.com\/#website\",\"url\":\"https:\/\/app-fortunica.com\/\",\"name\":\"fortunica\",\"description\":\"The #1 App for you to Connect with Spiritual Advisors\",\"potentialAction\":[{\"@type\":\"SearchAction\",\"target\":\"https:\/\/app-fortunica.com\/?s={search_term_string}\",\"query-input\":\"required name=search_term_string\"}],\"inLanguage\":\"de-DE\"},{\"@type\":\"WebPage\",\"@id\":\"https:\/\/app-fortunica.com\/de\/affiliates#webpage\",\"url\":\"https:\/\/app-fortunica.com\/de\/affiliates\",\"name\":\"Affiliate - fortunica\",\"isPartOf\":{\"@id\":\"https:\/\/app-fortunica.com\/#website\"},\"datePublished\":\"2017-02-23T13:13:34+00:00\",\"dateModified\":\"2020-02-25T12:55:23+00:00\",\"inLanguage\":\"de-DE\",\"potentialAction\":[{\"@type\":\"ReadAction\",\"target\":[\"https:\/\/app-fortunica.com\/de\/affiliates\"]}]}]}<\/script>\n<!-- \/ Yoast SEO Premium plugin. -->","_links":{"self":[{"href":"https:\/\/app-fortunica.com\/de\/wp-json\/wp\/v2\/pages\/2401"}],"collection":[{"href":"https:\/\/app-fortunica.com\/de\/wp-json\/wp\/v2\/pages"}],"about":[{"href":"https:\/\/app-fortunica.com\/de\/wp-json\/wp\/v2\/types\/page"}],"author":[{"embeddable":true,"href":"https:\/\/app-fortunica.com\/de\/wp-json\/wp\/v2\/users\/34"}],"replies":[{"embeddable":true,"href":"https:\/\/app-fortunica.com\/de\/wp-json\/wp\/v2\/comments?post=2401"}],"version-history":[{"count":13,"href":"https:\/\/app-fortunica.com\/de\/wp-json\/wp\/v2\/pages\/2401\/revisions"}],"predecessor-version":[{"id":9683,"href":"https:\/\/app-fortunica.com\/de\/wp-json\/wp\/v2\/pages\/2401\/revisions\/9683"}],"wp:attachment":[{"href":"https:\/\/app-fortunica.com\/de\/wp-json\/wp\/v2\/media?parent=2401"}],"curies":[{"name":"wp","href":"https:\/\/api.w.org\/{rel}","templated":true}]}}