{"id":2650,"date":"2017-03-01T16:07:11","date_gmt":"2017-03-01T15:07:11","guid":{"rendered":"https:\/\/app-fortunica.com\/?page_id=2650\/"},"modified":"2020-07-13T12:56:18","modified_gmt":"2020-07-13T10:56:18","slug":"allgemeine-nutzungsbedingungen","status":"publish","type":"page","link":"https:\/\/app-fortunica.com\/de\/allgemeine-nutzungsbedingungen","title":{"rendered":"Allgemeine Nutzungsbedingungen"},"content":{"rendered":"<p><strong>Allgemeine Nutzungsbedingungen f\u00fcr die Verwendung der App fortunica<\/strong><\/p>\n<p>&nbsp;<\/p>\n<ol>\n<li><strong> Geltungsbereich<\/strong><\/li>\n<\/ol>\n<p>1.1\u00a0Diese Allgemeinen Nutzungsbedingungen gelten f\u00fcr die Verwendung der App \u201efortunica\u201c (nachfolgend: \u201e<strong>App<\/strong>\u201c). Anbieter der App ist die adviqo GmbH (nachfolgend: \u201e<strong>adviqo<\/strong>\u201c). Daneben gelten die Nutzungsbedingungen des jeweiligen Anbieters des App-Stores.<\/p>\n<p>1.2 Sofern der Nutzer seinen Sitz in Brasilien hat und die Zahlungsmethoden \u201eKreditkarte\u201c und\/oder \u201eBoleto Bancario\u201c nutzt, kommt abweichend hiervon ein direkter Nutzungsvertrag zwischen dem jeweiligen Nutzer und dem Zahlungsdienstleister PrimeiroPay zustande. In diesem Falle gelten erg\u00e4nzend die Allgemeinen Gesch\u00e4ftsbedingungen der Firma PrimeiroPay, abrufbar unter <a href=\"http:\/\/primeiropay.com\/pub\/tcs_br.html\">http:\/\/primeiropay.com\/pub\/tcs_br.html<\/a>.<\/p>\n<p><strong>\u00a0<\/strong><\/p>\n<ol start=\"2\">\n<li><strong> Vertragsgegenst\u00e4nde<\/strong><\/li>\n<\/ol>\n<p>2.1\u00a0adviqo stellt dem Nutzer die App f\u00fcr internetf\u00e4hige mobile Endger\u00e4te, z.\u00a0B. Smartphones und Tablet-PCs (nachfolgend zusammen: \u201e<strong>Endger\u00e4te<\/strong>\u201c) zur Verf\u00fcgung.<\/p>\n<p>2.2 Nutzer k\u00f6nnen in der App kostenpflichtige Leistungen (Beratungen) und kostenfreie Leistungen (z. B. News, Gratis-Horoskope) in Anspruch nehmen. Die Inanspruchnahme kostenpflichtiger Leistungen und bestimmter kostenfreier Leistungen ist eine Registrierung des Nutzers erforderlich. Auf die Kostenpflichtigkeit von Leistungen wird in der App hingewiesen.<\/p>\n<p>&nbsp;<\/p>\n<p><strong>Besondere Hinweise<\/strong><\/p>\n<p>Es wird darauf hingewiesen, dass Nutzer Leistungen in Anspruch nehmen, deren Grundlagen und Wirkungen nach den Erkenntnissen der Wissenschaft und Technik nicht erweislich sind, sondern nur einer inneren \u00dcberzeugung, einem dahingehenden Glauben oder einer irrationalen, f\u00fcr Dritte nicht nachvollziehbaren Haltung des Nutzers und des Beraters entsprechen. Die Geeignetheit und Tauglichkeit der Beratungen zur Erreichung eines vom Nutzer gew\u00fcnschten Erfolgs sind daher rational nicht erkl\u00e4rbar.<\/p>\n<p>adviqo w\u00e4hlt die Berater sorgf\u00e4ltig aus und verpflichtet diese auf die Einhaltung bestimmter kontinuierlich verbesserter Qualit\u00e4tsrichtlinien. Hierdurch soll eine hohe Qualit\u00e4t der Beratungen gew\u00e4hrleistet werden.<\/p>\n<p>Von Beratern erteilte Ausk\u00fcnfte und Ratschl\u00e4ge sind weder dazu geeignet noch bestimmt, professionellen Rat von Angeh\u00f6rigen bestimmter Berufsgruppen zu ersetzen. Den Beratern ist es daher u.\u00a0a. untersagt, medizinische, rechtliche und steuerliche Informationen zu erteilen.<\/p>\n<p><strong>\u00a0<\/strong><\/p>\n<ol start=\"3\">\n<li><strong> Vertragsschluss, Vertragssprache, Speicherung Vertragstext<\/strong><\/li>\n<\/ol>\n<p>3.1 Ein Vertragsschluss kann in Deutsch, Englisch, Spanisch und Portugiesisch erfolgen. Der Vertragstext wird nicht gespeichert.<\/p>\n<p>3.2 Der Vertrag bez\u00fcglich der kostenlosen Nutzung der App kommt mit Download der App auf dem vom Nutzer genutzten Endger\u00e4t zustande.<\/p>\n<p>3.3 Registrierte Nutzer haben die M\u00f6glichkeit, \u00fcber die App kostenpflichtige Beratungen in Anspruch zu nehmen. Jede Beratung f\u00fchrt zum Abschluss eines separaten Beratungsvertrags.<\/p>\n<ol>\n<li>a) <strong>Chat-Beratung<\/strong>: Registrierte Nutzer k\u00f6nnen anonymisiert mit Beratern einen kostenpflichtigen Frage-Antwort-Dialog per Chat im \u201eZeitstrahl\u201c f\u00fchren, der f\u00fcr alle Berater und Nutzer in der App sichtbar ist (nachfolgend: \u201e<strong>Live-Frage<\/strong>\u201c). Die Beantwortung der Live-Frage erfolgt durch den n\u00e4chstfreien Berater. Der Beratungsvertrag kommt mit Stellung der Frage, sp\u00e4testens mit deren Beantwortung durch einen Berater zustande.<\/li>\n<li>b) <strong>Chat-Beratung<\/strong>: Registrierte Nutzer k\u00f6nnen mit Beratern einen kostenpflichtigen Frage-Antwort-Dialog per Chat f\u00fchren, der nur f\u00fcr den jeweiligen Berater und Nutzer in der App sichtbar ist (nachfolgend: \u201e<strong>Private Frage<\/strong>\u201c). Die Beantwortung der Privaten Frage erfolgt durch den vom Nutzer ausgew\u00e4hlten Wunschberater. Der Beratungsvertrag kommt mit Stellung der Frage, sp\u00e4testens mit Beantwortung dieser durch den Wunschberater zustande.<\/li>\n<li>c) <strong>Chat-Beratung<\/strong>: Registrierte Nutzer k\u00f6nnen in der App besondere Beratungsleistungen (nachfolgend: \u201e<strong>Premium-Produkte<\/strong>\u201c) kostenpflichtig in Anspruch nehmen. Der Vertrag \u00fcber das jeweils vom Nutzer ausgew\u00e4hlte Premium-Produkt kommt mit Best\u00e4tigung des den Bestellprozess abschlie\u00dfenden Buttons zustande.<\/li>\n<li>d) <strong>Telefonberatung<\/strong>: Registrierte Nutzer k\u00f6nnen aus der App heraus kostenpflichtige Beratungen per Telefon mit einem Wunschberater f\u00fchren, sofern sie mit diesem Berater bereits in einem Frage-Antwort-Dialog standen. Der Beratungsvertrag kommt mit Herstellung einer direkten telefonischen Verbindung zum Berater zustande.<\/li>\n<li><strong> Preise f\u00fcr Beratungen und Abrechnung<\/strong><\/li>\n<\/ol>\n<p>4.1 <strong>Chat-Beratung<\/strong>: Nutzer k\u00f6nnen Chat-Beratungen im Wege des Erwerbs von Einzelfragen oder Sparpaketen in Anspruch nehmen. Der jeweilige Preis wird dem Nutzer in der App angezeigt. Mit Best\u00e4tigung des den Bestellprozess abschlie\u00dfenden Buttons gibt der Nutzer ein entsprechendes Angebot zum Erwerb einer Einzelfrage oder eines Sparpakets zu dem jeweils angegebenen Preis ab. Die Gutschrift des jeweiligen Betrags im virtuellen Guthabenkonto des Nutzers gilt als Annahme des Angebots des Nutzers. adviqo bucht nach Stellen einer Frage die insoweit angefallenen Beratungsgeb\u00fchren vom virtuellen Guthabenkonto ab. Die R\u00fcckzahlung eines bestehenden Guthabens erfolgt auf Anforderung des Nutzers auf das vom Nutzer hierf\u00fcr benannte Konto.<\/p>\n<p>4.2 <strong>Telefonberatung<\/strong>: Der jeweilige Minutenpreis f\u00fcr eine telefonische Beratung durch einen Berater wird dem Nutzer in der App im Profil des jeweiligen Beraters angezeigt. Mit F\u00fchrung des Telefonats akzeptiert der Nutzer diesen Minutenpreis. Die Abrechnung erfolgt im Minutentakt; die Berechnung beginnt ab erfolgreicher Vermittlung zum Berater. Die Beratungsgeb\u00fchren sind umgehend nach der Beratung zur Zahlung f\u00e4llig.<\/p>\n<p>4.3\u00a0S\u00e4mtliche Preise verstehen sich inklusive der jeweils g\u00fcltigen Umsatzsteuer.<\/p>\n<p>4.4\u00a0Abh\u00e4ngig von der ausgew\u00e4hlten Beratungsleistung kann der Nutzer Zahlungen entweder per PayPal, Kreditkarte oder \u00fcber sein Konto bei dem jeweiligen Anbieter des App-Stores gem\u00e4\u00df der vom Nutzer gew\u00e4hlten Zahlungsweise vornehmen.<\/p>\n<p><strong>\u00a0<\/strong><\/p>\n<ol start=\"5\">\n<li><strong> Leistungen von adviqo<\/strong><\/li>\n<\/ol>\n<p>5.1 adviqo \u00fcbernimmt keine Garantien hinsichtlich Verf\u00fcgbarkeit, Zuverl\u00e4ssigkeit, Funktionalit\u00e4t oder Eignung der App f\u00fcr Zwecke von Nutzern. adviqo bem\u00fcht sich, die App unterbrechungsfrei bereit zu halten. Jedoch k\u00f6nnen auch bei aller Sorgfalt Ausfallzeiten (z.\u00a0B. aufgrund von Wartungsarbeiten, Software-Updates, technischer oder sonstiger Probleme, die nicht im Einflussbereich von adviqo liegen) nicht ausgeschlossen werden. Anspr\u00fcche des Nutzers wegen Ausfallzeiten bestehen nicht. F\u00fcr den Internetzugang, die technischen Voraussetzungen und die Konfiguration und Leistungsf\u00e4higkeit des vom Nutzer genutzten Endger\u00e4ts ist der Nutzer verantwortlich.<\/p>\n<p>5.2 adviqo beh\u00e4lt sich das Recht vor, die App von Zeit zu Zeit zu aktualisieren und entsprechende Updates zur Verf\u00fcgung zu stellen, ohne dazu jedoch verpflichtet zu sein. adviqo beh\u00e4lt sich ferner das Recht vor, bestimmte Funktionalit\u00e4ten der App oder das gesamte App Angebot, zeitweise oder endg\u00fcltig, einzustellen.<strong>\u00a0<\/strong><\/p>\n<ol start=\"6\">\n<li><strong> Widerrufsrecht f\u00fcr Verbraucher f\u00fcr kostenpflichtige Angebote<\/strong><\/li>\n<\/ol>\n<p>F\u00fcr den Fall, dass der Nutzer seinen gew\u00f6hnlichen Aufenthalt in der Europ\u00e4ischen Union hat, steht ihm ein Widerrufsrecht zu.<\/p>\n<p>&nbsp;<\/p>\n<p><strong>Hinweis: Sofern der Nutzer Beratungen \u00fcber eine einzelne von ihm hergestellte Telefon- oder Internetverbindung in Anspruch nimmt, steht ihm gem\u00e4\u00df \u00a7 312 Abs. 2 Nr. 11 BGB hinsichtlich dieser Beratungen kein Widerrufsrecht zu.<\/strong><\/p>\n<p><strong>WIDERRUFSBELEHRUNG<\/strong><\/p>\n<p><strong>Widerrufsrecht<\/strong><\/p>\n<p>Sie haben das Recht, binnen vierzehn Tagen ohne Angabe von Gr\u00fcnden diesen Vertrag zu widerrufen.<\/p>\n<p>Die Widerrufsfrist betr\u00e4gt vierzehn Tage ab dem Tag des Vertragsabschlusses.<\/p>\n<p>Um Ihr Widerrufsrecht auszu\u00fcben, m\u00fcssen Sie uns (adviqo GmbH, Max-Dohrn-Stra\u00dfe 8-10, 10589 Berlin, Telefon: +49(0)30 2244550, Telefax: +49(0)30 2244559100, E-Mail: info@fortunica-app.com) mittels einer eindeutigen Erkl\u00e4rung (z.\u00a0B. ein mit der Post versandter Brief, Telefax oder E-Mail) \u00fcber Ihren Entschluss, diesen Vertrag zu widerrufen, informieren. Sie k\u00f6nnen daf\u00fcr das beigef\u00fcgte Muster-Widerrufsformular verwenden, das jedoch nicht vorgeschrieben ist.<\/p>\n<p>Zur Wahrung der Widerrufsfrist reicht es aus, dass Sie die Mitteilung \u00fcber die Aus\u00fcbung des Widerrufsrechts vor Ablauf der Widerrufsfrist absenden.<\/p>\n<p><strong>\u00a0<\/strong><\/p>\n<p><strong>Folgen des Widerrufs<\/strong><\/p>\n<p>Wenn Sie diesen Vertrag widerrufen, haben wir Ihnen alle Zahlungen, die wir von Ihnen erhalten haben, einschlie\u00dflich der Lieferkosten (mit Ausnahme der zus\u00e4tzlichen Kosten, die sich daraus ergeben, dass Sie eine andere Art der Lieferung als die von uns angebotene, g\u00fcnstigste Standardlieferung gew\u00e4hlt haben), unverz\u00fcglich und sp\u00e4testens binnen vierzehn Tagen ab dem Tag zur\u00fcckzuzahlen, an dem die Mitteilung \u00fcber Ihren Widerruf dieses Vertrags bei uns eingegangen ist. F\u00fcr diese R\u00fcckzahlung verwenden wir dasselbe Zahlungsmittel, das Sie bei der urspr\u00fcnglichen Transaktion eingesetzt haben, es sei denn, mit Ihnen wurde ausdr\u00fccklich etwas anderes vereinbart; in keinem Fall werden Ihnen wegen dieser R\u00fcckzahlung Entgelte berechnet.<\/p>\n<p>Haben Sie verlangt, dass die Dienstleistungen w\u00e4hrend der Widerrufsfrist beginnen sollen, so haben Sie uns einen angemessenen Betrag zu zahlen, der dem Anteil der bis zu dem Zeitpunkt, zu dem Sie uns von der Aus\u00fcbung des Widerrufsrechts hinsichtlich dieses Vertrags unterrichten, bereits erbrachten Dienstleistungen im Vergleich zum Gesamtumfang der im Vertrag vorgesehenen Dienstleistungen entspricht.<\/p>\n<p>&nbsp;<\/p>\n<p><strong>Muster-Widerrufsformular<\/strong><\/p>\n<p>(Wenn Sie den Vertrag widerrufen wollen, dann f\u00fcllen Sie bitte dieses Formular aus und senden Sie es zur\u00fcck.)<\/p>\n<p>An die adviqo GmbH, Max-Dohrn-Stra\u00dfe 8-10, 10589 Berlin, Telefax: +49(0)30 2244559100, E-Mail: info@fortunica-app.com:<\/p>\n<p>Hiermit widerrufe(n) ich\/wir (*) den von mir\/uns (*) abgeschlossenen Vertrag \u00fcber den Kauf der folgenden Waren (*)\/die Erbringung der folgenden Dienstleistung (*):<\/p>\n<p>&nbsp;<\/p>\n<p>&nbsp;<\/p>\n<p>__________________________________________________________________________<\/p>\n<p>&nbsp;<\/p>\n<p>Bestellt am (*)\/erhalten am (*):<\/p>\n<p>&nbsp;<\/p>\n<p>&nbsp;<\/p>\n<p>__________________________________________________________________________<\/p>\n<p>&nbsp;<\/p>\n<p>Name des\/der Verbraucher(s):<\/p>\n<p>&nbsp;<\/p>\n<p>&nbsp;<\/p>\n<p>__________________________________________________________________________<\/p>\n<p>&nbsp;<\/p>\n<p>Anschrift des\/der Verbraucher(s):<\/p>\n<p>&nbsp;<\/p>\n<p>&nbsp;<\/p>\n<p>__________________________________________________________________________<\/p>\n<p>&nbsp;<\/p>\n<p>Unterschrift des\/der Verbraucher(s) (nur bei Mitteilung auf Papier):<\/p>\n<p>&nbsp;<\/p>\n<p>&nbsp;<\/p>\n<p>&nbsp;<\/p>\n<p>__________________________________________________________________________<\/p>\n<p>&nbsp;<\/p>\n<p>Datum:<\/p>\n<p>&nbsp;<\/p>\n<p>&nbsp;<\/p>\n<p>__________________________________________________________________________<\/p>\n<p>&nbsp;<\/p>\n<p>&nbsp;<\/p>\n<p>(*) Unzutreffendes streichen<\/p>\n<p>&nbsp;<\/p>\n<p><strong>\u00a0<\/strong><\/p>\n<ol start=\"7\">\n<li><strong> Nutzungsregeln<\/strong><\/li>\n<\/ol>\n<p>&nbsp;<\/p>\n<p>7.1 Die in der App enthaltenen Inhalte bzw. angebotenen Leistungen sind auf den pers\u00f6nlichen Gebrauch von Nutzern beschr\u00e4nkt; jede gewerbliche oder kommerzielle Nutzung ist untersagt. Kostenpflichtige Leistungen d\u00fcrfen nur von Personen genutzt werden, die das 18. Lebensjahr vollendet haben *oder Personen, die das 16. Lebensjahr vollendet haben und \u00fcber die Einwilligung ihres gesetzlichen Vertreters verf\u00fcgen.<\/p>\n<p>&nbsp;<\/p>\n<p>7.2 Nutzer sind verpflichtet, bei ihrer Registrierung vollst\u00e4ndige und wahrheitsgem\u00e4\u00dfe Angaben zu t\u00e4tigen und ihre personenbezogenen Daten auf aktuellem Stand zu halten. Mehrfachanmeldungen, Anmeldungen unter falschen Namen bzw. mit falschen Daten sowie Anmeldungen in betr\u00fcgerischer Absicht sind unzul\u00e4ssig und ziehen zivilrechtliche und strafrechtliche Ma\u00dfnahmen nach sich.<\/p>\n<p>&nbsp;<\/p>\n<p>7.3 Bei der Registrierung w\u00e4hlt der Nutzer ein pers\u00f6nliches Passwort. Ein Account ist nicht \u00fcbertragbar und darf Dritten nicht zur Nutzung \u00fcberlassen werden. Der Nutzer ist verpflichtet sein Passwort vor dem Zugriff Dritter gesch\u00fctzt aufzubewahren und adviqo im Falle des Verlusts bzw. Verdachts der Kenntnisnahme Dritter hier\u00fcber unverz\u00fcglich zu informieren. Ein schuldhafter Versto\u00df gegen vorstehende Pflichten kann zur Sperrung des Nutzers bzw. zum Ausschluss von der Nutzung der App f\u00fchren. Der Nutzer haftet f\u00fcr s\u00e4mtliche \u00fcber seinen Account mittels seiner Zugangsdaten in Anspruch genommenen Beratungen Dritter, sofern er die Nutzung durch Dritte zu vertreten hat.<\/p>\n<p>&nbsp;<\/p>\n<p>7.4 Nutzer k\u00f6nnen nach einer Beratung in der App bzw. im App-Store eine Bewertung \u00fcber die in Anspruch genommene Beratung abgeben. Bewertungen sind in der App bzw. im App-Store \u00f6ffentlich einsehbar und werden von adviqo f\u00fcr Zwecke der Bewerbung der App, App-Angebote und Berater genutzt. Bewertungskommentare d\u00fcrfen nur wahrheitsgem\u00e4\u00dfe und sachliche Angaben enthalten. Jede gesetzeswidrige, unangemessene, unsachliche oder dem Bewertungszweck sonst zuwiderlaufende Nutzung des Bewertungssystems ist verboten. Insbesondere ist es verboten, ein negatives Urteil \u00fcber einen Berater zu f\u00e4llen, weil dieser eine Beratung, die nicht seinem Angebot entsprach, nicht erbringen wollte\/konnte. adviqo beh\u00e4lt sich die redaktionelle Bearbeitung bzw. L\u00f6schung von Bewertungen (ganz oder teilweise) bei Versto\u00df gegen vorstehende Verpflichtungen vor; hier\u00fcber wird der Nutzer informiert. Ferner beh\u00e4lt sich adviqo die \u00c4nderung bzw. Einstellung des Bewertungssystems vor.<\/p>\n<p>&nbsp;<\/p>\n<p>7.5 Die Nutzung der App darf nur im Rahmen des geltenden Rechts und unter Beachtung dieser Nutzungsbedingungen erfolgen. Dem Nutzer ist es insbesondere untersagt, \u00c4u\u00dferungen in der App abzugeben, die jugendgef\u00e4hrdend, rechts- oder linksextremistisch, t\u00e4uschend, beleidigend, pornographisch, gewaltverherrlichend oder sonst anst\u00f6\u00dfig sind oder gegen sonstiges geltendes Recht versto\u00dfen bzw. Rechte Dritter verletzen.<\/p>\n<p>&nbsp;<\/p>\n<p>7.6 Nutzern ist es untersagt, in der App Werbung f\u00fcr Wettbewerber von adviqo zu betreiben bzw. andere Nutzer oder Berater von adviqo f\u00fcr Wettbewerber von adviqo aktiv abzuwerben. Nutzern ist es ferner untersagt, die App f\u00fcr Vertragsabschl\u00fcsse zu nutzen, die \u00fcber Beratungen hinausgehen.<\/p>\n<p>&nbsp;<\/p>\n<p>7.7 Eine unkontrollierte Nutzung von kostenpflichtigen Beratungen kann zu hohen finanziellen Belastungen f\u00fchren. Nutzer haben die Inanspruchnahme von Beratungen und die daraus folgenden Zahlungsverpflichtungen selbst zu \u00fcberwachen. In Deutschland haben Kunden die M\u00f6glichkeit, kostenpflichtige Telefonnummern durch ihren Netzbetreiber sperren zu lassen. Kunden aus anderen L\u00e4ndern werden gebeten, sich nach entsprechenden M\u00f6glichkeiten bei ihrem Netzbetreiber zu erkundigen.<\/p>\n<p><strong>\u00a0<\/strong><\/p>\n<ol start=\"8\">\n<li><strong> Nutzungsrechte<\/strong><\/li>\n<\/ol>\n<p>&nbsp;<\/p>\n<p>8.1 Alle in der App genannten Marken und sonstigen gesch\u00fctzten Kennzeichen unterliegen uneingeschr\u00e4nkt den jeweiligen gesetzlichen Bestimmungen und dem Bestimmungsrecht des jeweiligen Rechteinhabers.<\/p>\n<p>&nbsp;<\/p>\n<p>8.2 S\u00e4mtliche Rechte an in der App ver\u00f6ffentlichten Inhalten (Text, Daten, Fotos, Bilder, Videos, Datenbanken) bleiben vorbehalten. Es ist nicht gestattet, Inhalte ohne Zustimmung von adviqo, ob ganz oder teilweise, in irgendeiner Form \u00fcber Ziffer\u00a08.3 hinausgehend zu nutzen.<\/p>\n<p>&nbsp;<\/p>\n<p>8.3 adviqo r\u00e4umt dem Nutzer an der App ein einfaches, nicht \u00fcbertragbares Recht zum Download und Speichern bzw. an in der App ver\u00f6ffentlichten Inhalten ein einfaches, nicht \u00fcbertragbares Recht zur privaten Nutzung auf Endger\u00e4ten des Nutzers gem\u00e4\u00df diesen Nutzungsbedingungen ein.<\/p>\n<p>&nbsp;<\/p>\n<p>8.4\u00a0Der Nutzer r\u00e4umt adviqo das zeitlich und \u00f6rtlich unbeschr\u00e4nkte Recht, die von ihm im Zusammenhang mit der Nutzung der App bereitgestellten Inhalte (z.\u00a0B. Fragen, Bewertungen der App bzw. von Beratern in der App bzw. im App-Store) f\u00fcr Zwecke der Bereitstellung der App und Erbringung der App-Angebote sowie Zwecke der Bewerbung in der App\/im App-Store\/auf eigenen Websites oder Websites Dritter\/in eigenen Printmedien oder Printmedien Dritter zu nutzen, insbesondere zu speichern, zu ver\u00f6ffentlichen, zu vervielf\u00e4ltigen, zu verbreiten oder \u00f6ffentlich vorzuf\u00fchren bzw. zug\u00e4nglich zu machen. adviqo kann ohne Zustimmung des Nutzers entsprechende Nutzungsrechte an Dritte unterlizensieren oder ganz oder teilweise auf Dritte \u00fcbertragen, ohne dass es einer weiteren Zustimmung des Nutzers bedarf.<\/p>\n<p>&nbsp;<\/p>\n<p>8.5 Der Nutzer garantiert, dass die von ihm gem\u00e4\u00df Ziffer\u00a08.4 bereitgestellten Inhalte frei von Rechten Dritter sind und stellt adviqo von allen Anspr\u00fcchen Dritter frei, die diese gegen\u00fcber adviqo wegen der Nutzung solcher Inhalte gem\u00e4\u00df Ziffer\u00a08.4 geltend machen einschlie\u00dflich Gerichtskosten, angemessener Rechtsverteidigungskosten und Schadensersatzforderungen.<\/p>\n<p>&nbsp;<\/p>\n<ol start=\"9\">\n<li><strong> Haftung<\/strong><\/li>\n<\/ol>\n<p>&nbsp;<\/p>\n<p>9.1 Bei vors\u00e4tzlichen oder grob fahrl\u00e4ssigen Pflichtverletzungen sowie im Falle der schuldhaften Verletzung des Lebens, des K\u00f6rpers oder der Gesundheit haftet adviqo f\u00fcr alle darauf zur\u00fcckzuf\u00fchrenden Sch\u00e4den uneingeschr\u00e4nkt, soweit nachfolgend nichts anderes bestimmt ist.<\/p>\n<p>&nbsp;<\/p>\n<p>9.2 Bei leichter Fahrl\u00e4ssigkeit haftet adviqo f\u00fcr Sach- und Verm\u00f6genssch\u00e4den nur bei Verletzung wesentlicher Vertragspflichten. Wesentliche Vertragspflichten sind solche Pflichten, deren Erf\u00fcllung die ordnungsgem\u00e4\u00dfe Vertragsdurchf\u00fchrung \u00fcberhaupt erst erm\u00f6glichen, deren Verletzung die Erreichung des Vertragszwecks gef\u00e4hrden und auf deren Einhaltung der Vertragspartner regelm\u00e4\u00dfig vertraut und vertrauen darf. Die Haftung ist auf den vertragstypisch vorhersehbaren Schaden begrenzt. Dies gilt auch f\u00fcr entgangenen Gewinn und ausgebliebene Einsparungen.<\/p>\n<p>&nbsp;<\/p>\n<p>9.3 Eine weitergehende Haftung auf Schadensersatz ist \u2013 ohne R\u00fccksicht auf die Rechtsnatur des geltend gemachten Anspruchs \u2013 ausgeschlossen.<\/p>\n<p>&nbsp;<\/p>\n<p>9.4 Eine etwaige uneingeschr\u00e4nkte Haftung von adviqo nach den Vorschriften des deutschen Produkthaftungsgesetzes oder wegen Arglist, Fehlens einer zugesicherten Eigenschaft oder einer Garantie\u00fcbernahme bleibt von vorstehenden Haftungsbeschr\u00e4nkungen unber\u00fchrt.<\/p>\n<p>&nbsp;<\/p>\n<p>9.5 Nach dem Stand der Technik kann die Datenkommunikation \u00fcber das Internet bzw. Telefonnetz nicht fehlerfrei oder jederzeit verf\u00fcgbar gew\u00e4hrleistet werden. adviqo schlie\u00dft daher jegliche Haftung wegen technischer oder sonstiger St\u00f6rungen aus.<\/p>\n<p>&nbsp;<\/p>\n<p>9.6 adviqo ist nicht verantwortlich f\u00fcr den Inhalt, die Funktionsf\u00e4higkeit, Fehlerfreiheit oder Rechtm\u00e4\u00dfigkeit von Websites Dritter, auf die in der App verlinkt wird.<\/p>\n<p>&nbsp;<\/p>\n<p>9.7 Der Nutzer hat sich auf eigene Kosten und Gefahr Zugang zum Internet zu verschaffen und die hierf\u00fcr erforderliche Ausstattung bereitzuhalten. adviqo \u00fcbernimmt keine Verantwortung f\u00fcr den Verlust oder die nicht vollst\u00e4ndige, versp\u00e4tete oder sonstige nicht ordnungsgem\u00e4\u00dfe \u00dcbermittlung von Daten und Diensten au\u00dferhalb des Einflussbereichs von adviqo.<\/p>\n<p>&nbsp;<\/p>\n<ol start=\"10\">\n<li><strong> Schlussbestimmungen<\/strong><\/li>\n<\/ol>\n<p>&nbsp;<\/p>\n<p>10.1\u00a0Die Europ\u00e4ische Kommission stellt unter https:\/\/ec.europa.eu\/consumers\/odr eine Plattform zur Online-Streitbeilegung (OS-Plattform) bereit. Verbraucher haben die M\u00f6glichkeit, diese Plattform f\u00fcr die Beilegung ihrer Streitigkeiten zu nutzen.<\/p>\n<p>&nbsp;<\/p>\n<p>10.2\u00a0adviqo ist weder zur Teilnahme an einem Streitbeilegungsverfahren vor einer Verbraucherschlichtungsstelle verpflichtet noch zur freiwilligen Teilnahme bereit.<\/p>\n<p>&nbsp;<\/p>\n<p>10.3\u00a0Es gilt das Recht der Bundesrepublik Deutschland unter Ausschluss des UN-Kaufrechts (CISG). Ist der Nutzer Verbraucher, gilt diese Rechtswahl nur, soweit hierdurch der durch zwingende Bestimmungen des Rechts des Staats des gew\u00f6hnlichen Aufenthalts des Verbrauchers gew\u00e4hrte Schutz nicht entzogen wird.<\/p>\n<p>&nbsp;<\/p>\n<p>10.4. Die Unwirksamkeit einzelner Bestimmungen dieser Nutzungsbedingungen ber\u00fchrt die Wirksamkeit der \u00fcbrigen Bestimmungen nicht.<\/p>\n<p>&nbsp;<\/p>\n<p>&nbsp;<\/p>\n<p>Stand: 30.10.2019<\/p>\n","protected":false},"excerpt":{"rendered":"<p>Allgemeine Nutzungsbedingungen f\u00fcr die Verwendung der App fortunica &nbsp; Geltungsbereich 1.1\u00a0Diese Allgemeinen Nutzungsbedingungen gelten f\u00fcr die Verwendung der App \u201efortunica\u201c (nachfolgend: \u201eApp\u201c). Anbieter der App ist die adviqo GmbH (nachfolgend: &#8230; <\/p>\n<div><a href=\"https:\/\/app-fortunica.com\/de\/allgemeine-nutzungsbedingungen\" class=\"more-link\">Weiterlesen<\/a><\/div>\n","protected":false},"author":34,"featured_media":0,"parent":0,"menu_order":0,"comment_status":"closed","ping_status":"closed","template":"","meta":[],"yoast_head":"<!-- This site is optimized with the Yoast SEO Premium plugin v15.2 - https:\/\/yoast.com\/wordpress\/plugins\/seo\/ -->\n<title>Allgemeine Nutzungsbedingungen - fortunica<\/title>\n<meta name=\"robots\" content=\"index, follow, max-snippet:-1, max-image-preview:large, max-video-preview:-1\" \/>\n<link rel=\"canonical\" href=\"https:\/\/app-fortunica.com\/de\/allgemeine-nutzungsbedingungen\" \/>\n<meta property=\"og:locale\" content=\"de_DE\" \/>\n<meta property=\"og:type\" content=\"article\" \/>\n<meta property=\"og:title\" content=\"Allgemeine Nutzungsbedingungen - fortunica\" \/>\n<meta property=\"og:description\" content=\"Allgemeine Nutzungsbedingungen f\u00fcr die Verwendung der App fortunica &nbsp; Geltungsbereich 1.1\u00a0Diese Allgemeinen Nutzungsbedingungen gelten f\u00fcr die Verwendung der App \u201efortunica\u201c (nachfolgend: \u201eApp\u201c). Anbieter der App ist die adviqo GmbH (nachfolgend: ... Weiterlesen\" \/>\n<meta property=\"og:url\" content=\"https:\/\/app-fortunica.com\/de\/allgemeine-nutzungsbedingungen\" \/>\n<meta property=\"og:site_name\" content=\"fortunica\" \/>\n<meta property=\"article:publisher\" content=\"https:\/\/www.facebook.com\/app.fortunica\/\" \/>\n<meta property=\"article:modified_time\" content=\"2020-07-13T10:56:18+00:00\" \/>\n<meta name=\"twitter:card\" content=\"summary\" \/>\n<meta name=\"twitter:label1\" value=\"Verfasst von\">\n\t<meta name=\"twitter:data1\" value=\"advisor managers\">\n\t<meta name=\"twitter:label2\" value=\"Gesch\u00e4tzte Lesezeit\">\n\t<meta name=\"twitter:data2\" value=\"10 Minuten\">\n<script type=\"application\/ld+json\" class=\"yoast-schema-graph\">{\"@context\":\"https:\/\/schema.org\",\"@graph\":[{\"@type\":\"WebSite\",\"@id\":\"https:\/\/app-fortunica.com\/#website\",\"url\":\"https:\/\/app-fortunica.com\/\",\"name\":\"fortunica\",\"description\":\"The #1 App for you to Connect with Spiritual Advisors\",\"potentialAction\":[{\"@type\":\"SearchAction\",\"target\":\"https:\/\/app-fortunica.com\/?s={search_term_string}\",\"query-input\":\"required name=search_term_string\"}],\"inLanguage\":\"de-DE\"},{\"@type\":\"WebPage\",\"@id\":\"https:\/\/app-fortunica.com\/de\/allgemeine-nutzungsbedingungen#webpage\",\"url\":\"https:\/\/app-fortunica.com\/de\/allgemeine-nutzungsbedingungen\",\"name\":\"Allgemeine Nutzungsbedingungen - fortunica\",\"isPartOf\":{\"@id\":\"https:\/\/app-fortunica.com\/#website\"},\"datePublished\":\"2017-03-01T15:07:11+00:00\",\"dateModified\":\"2020-07-13T10:56:18+00:00\",\"inLanguage\":\"de-DE\",\"potentialAction\":[{\"@type\":\"ReadAction\",\"target\":[\"https:\/\/app-fortunica.com\/de\/allgemeine-nutzungsbedingungen\"]}]}]}<\/script>\n<!-- \/ Yoast SEO Premium plugin. -->","_links":{"self":[{"href":"https:\/\/app-fortunica.com\/de\/wp-json\/wp\/v2\/pages\/2650"}],"collection":[{"href":"https:\/\/app-fortunica.com\/de\/wp-json\/wp\/v2\/pages"}],"about":[{"href":"https:\/\/app-fortunica.com\/de\/wp-json\/wp\/v2\/types\/page"}],"author":[{"embeddable":true,"href":"https:\/\/app-fortunica.com\/de\/wp-json\/wp\/v2\/users\/34"}],"replies":[{"embeddable":true,"href":"https:\/\/app-fortunica.com\/de\/wp-json\/wp\/v2\/comments?post=2650"}],"version-history":[{"count":19,"href":"https:\/\/app-fortunica.com\/de\/wp-json\/wp\/v2\/pages\/2650\/revisions"}],"predecessor-version":[{"id":9807,"href":"https:\/\/app-fortunica.com\/de\/wp-json\/wp\/v2\/pages\/2650\/revisions\/9807"}],"wp:attachment":[{"href":"https:\/\/app-fortunica.com\/de\/wp-json\/wp\/v2\/media?parent=2650"}],"curies":[{"name":"wp","href":"https:\/\/api.w.org\/{rel}","templated":true}]}}