{"id":2672,"date":"2017-03-01T16:19:35","date_gmt":"2017-03-01T15:19:35","guid":{"rendered":"https:\/\/app-fortunica.com\/?page_id=2672\/"},"modified":"2025-01-14T09:26:35","modified_gmt":"2025-01-14T08:26:35","slug":"impressum","status":"publish","type":"page","link":"https:\/\/app-fortunica.com\/de\/impressum","title":{"rendered":"Impressum"},"content":{"rendered":"<p><strong>Impressum<\/strong><\/p>\n<p>adviqo GmbH<br \/>\nMax-Dohrn-Stra\u00dfe 8-10<br \/>\n10589 Berlin<br \/>\nTelefon: +49 (0)30 224455-0<br \/>\nTelefax: +49 (0)30 224455-9100<br \/>\nE-Mail: <a href=\"mailto:hallo@fortunica-app.com\">hallo@fortunica-app.com<\/a><\/p>\n<p><strong>Gesch\u00e4ftsf\u00fchrer:<\/strong><br \/>\nKristen Gall<br \/>\nNicolas Grumbach<\/p>\n<p>Eingetragen beim Amtsgericht Berlin (Charlottenburg) unter HRB 76491<br \/>\nUST-Id Nr. DE352976949 (OT Ingenio Europe GmbH).<\/p>\n<p><strong>Schlichtungsstelle:<\/strong><br \/>\nDie EU-Kommission bietet die M\u00f6glichkeit zur Online-Streitbeilegung auf einer von ihr betriebenen Online-Plattform. Diese Plattform ist \u00fcber den externen Link <a href=\"http:\/\/ec.europa.eu\/consumers\/odr\/\">http:\/\/ec.europa.eu\/consumers\/odr\/<\/a> zu erreichen. Zu einer Teilnahme an einem Schlichtungsverfahren sind wir gesetzlich nicht verpflichtet und k\u00f6nnen eine Teilnahme an solchen Verfahren leider auch nicht anbieten.<\/p>\n<p><strong>Datenschutz:<\/strong><br \/>\nSolltest du Fragen zum Datenschutz haben, wende dich bitte an:<br \/>\n<a href=\"mailto:datenschutz@adviqo.com\">datenschutz@adviqo.com<\/a><\/p>\n","protected":false},"excerpt":{"rendered":"<p>Impressum adviqo GmbH Max-Dohrn-Stra\u00dfe 8-10 10589 Berlin Telefon: +49 (0)30 224455-0 Telefax: +49 (0)30 224455-9100 E-Mail: hallo@fortunica-app.com Gesch\u00e4ftsf\u00fchrer: Kristen Gall Nicolas Grumbach Eingetragen beim Amtsgericht Berlin (Charlottenburg) unter HRB 76491 &#8230; <\/p>\n<div><a href=\"https:\/\/app-fortunica.com\/de\/impressum\" class=\"more-link\">Weiterlesen<\/a><\/div>\n","protected":false},"author":34,"featured_media":0,"parent":0,"menu_order":0,"comment_status":"closed","ping_status":"closed","template":"","meta":[],"yoast_head":"<!-- This site is optimized with the Yoast SEO Premium plugin v15.2 - https:\/\/yoast.com\/wordpress\/plugins\/seo\/ -->\n<title>Impressum - fortunica<\/title>\n<meta name=\"robots\" content=\"index, follow, max-snippet:-1, max-image-preview:large, max-video-preview:-1\" \/>\n<link rel=\"canonical\" href=\"https:\/\/app-fortunica.com\/de\/impressum\" \/>\n<meta property=\"og:locale\" content=\"de_DE\" \/>\n<meta property=\"og:type\" content=\"article\" \/>\n<meta property=\"og:title\" content=\"Impressum - fortunica\" \/>\n<meta property=\"og:description\" content=\"Impressum adviqo GmbH Max-Dohrn-Stra\u00dfe 8-10 10589 Berlin Telefon: +49 (0)30 224455-0 Telefax: +49 (0)30 224455-9100 E-Mail: hallo@fortunica-app.com Gesch\u00e4ftsf\u00fchrer: Kristen Gall Nicolas Grumbach Eingetragen beim Amtsgericht Berlin (Charlottenburg) unter HRB 76491 ... Weiterlesen\" \/>\n<meta property=\"og:url\" content=\"https:\/\/app-fortunica.com\/de\/impressum\" \/>\n<meta property=\"og:site_name\" content=\"fortunica\" \/>\n<meta property=\"article:publisher\" content=\"https:\/\/www.facebook.com\/app.fortunica\/\" \/>\n<meta property=\"article:modified_time\" content=\"2025-01-14T08:26:35+00:00\" \/>\n<meta name=\"twitter:card\" content=\"summary\" \/>\n<meta name=\"twitter:label1\" value=\"Verfasst von\">\n\t<meta name=\"twitter:data1\" value=\"advisor managers\">\n\t<meta name=\"twitter:label2\" value=\"Gesch\u00e4tzte Lesezeit\">\n\t<meta name=\"twitter:data2\" value=\"0 Minuten\">\n<script type=\"application\/ld+json\" class=\"yoast-schema-graph\">{\"@context\":\"https:\/\/schema.org\",\"@graph\":[{\"@type\":\"WebSite\",\"@id\":\"https:\/\/app-fortunica.com\/#website\",\"url\":\"https:\/\/app-fortunica.com\/\",\"name\":\"fortunica\",\"description\":\"The #1 App for you to Connect with Spiritual Advisors\",\"potentialAction\":[{\"@type\":\"SearchAction\",\"target\":\"https:\/\/app-fortunica.com\/?s={search_term_string}\",\"query-input\":\"required name=search_term_string\"}],\"inLanguage\":\"de-DE\"},{\"@type\":\"WebPage\",\"@id\":\"https:\/\/app-fortunica.com\/de\/impressum#webpage\",\"url\":\"https:\/\/app-fortunica.com\/de\/impressum\",\"name\":\"Impressum - fortunica\",\"isPartOf\":{\"@id\":\"https:\/\/app-fortunica.com\/#website\"},\"datePublished\":\"2017-03-01T15:19:35+00:00\",\"dateModified\":\"2025-01-14T08:26:35+00:00\",\"inLanguage\":\"de-DE\",\"potentialAction\":[{\"@type\":\"ReadAction\",\"target\":[\"https:\/\/app-fortunica.com\/de\/impressum\"]}]}]}<\/script>\n<!-- \/ Yoast SEO Premium plugin. -->","_links":{"self":[{"href":"https:\/\/app-fortunica.com\/de\/wp-json\/wp\/v2\/pages\/2672"}],"collection":[{"href":"https:\/\/app-fortunica.com\/de\/wp-json\/wp\/v2\/pages"}],"about":[{"href":"https:\/\/app-fortunica.com\/de\/wp-json\/wp\/v2\/types\/page"}],"author":[{"embeddable":true,"href":"https:\/\/app-fortunica.com\/de\/wp-json\/wp\/v2\/users\/34"}],"replies":[{"embeddable":true,"href":"https:\/\/app-fortunica.com\/de\/wp-json\/wp\/v2\/comments?post=2672"}],"version-history":[{"count":11,"href":"https:\/\/app-fortunica.com\/de\/wp-json\/wp\/v2\/pages\/2672\/revisions"}],"predecessor-version":[{"id":18731,"href":"https:\/\/app-fortunica.com\/de\/wp-json\/wp\/v2\/pages\/2672\/revisions\/18731"}],"wp:attachment":[{"href":"https:\/\/app-fortunica.com\/de\/wp-json\/wp\/v2\/media?parent=2672"}],"curies":[{"name":"wp","href":"https:\/\/api.w.org\/{rel}","templated":true}]}}