{"id":2828,"date":"2017-02-15T16:42:29","date_gmt":"2017-02-15T15:42:29","guid":{"rendered":"https:\/\/app-fortunica.com\/more\/"},"modified":"2017-03-30T11:08:44","modified_gmt":"2017-03-30T09:08:44","slug":"mehr","status":"publish","type":"page","link":"https:\/\/app-fortunica.com\/de\/mehr","title":{"rendered":"Mehr Fragen"},"content":{"rendered":"<h2>Liebe<\/h2>\n<p>&nbsp;<\/p>\n<p><strong>Die wahre Liebe finden<\/strong><\/p>\n<p>\u2022 Wann werde ich meiner wahren Liebe begegnen?<\/p>\n<p>\u2022 Wie oft werde ich einem potenziellen Liebespartner begegnen?<\/p>\n<p>\u2022 Gibt es irgendjemanden, der an mir interessiert ist oder gar heimlich verliebt ist?<\/p>\n<p>\u2022 Ist mein jetziger Partner f\u00e4hig, ein guter Partner zu sein und mich auch wirklich zu lieben?<\/p>\n<p>\u2022 Wie entwickelt sich mein Liebesleben in diesem Jahr?<\/p>\n<p>&nbsp;<\/p>\n<p><strong>Dating<\/strong><\/p>\n<p>\u2022 Werde ich schon bald eine neue Beziehung eingehen?<\/p>\n<p>\u2022 Wie werde ich meinen zuk\u00fcnftigen Partner treffen?<\/p>\n<p>\u2022 Werde ich heute jemanden kennenlernen?<\/p>\n<p>\u2022 Wird die Verbindung, die ich heute bei jemandem gesp\u00fcrt habe, zu einer ernsten Beziehung f\u00fchren?<\/p>\n<p>\u2022 Jemand, den ich mag, hat mir versprochen, mir eine SMS zu schicken, es aber nicht getan. Soll ich ihn zuerst anschreiben oder hat er kein Interesse an mir?<\/p>\n<p>\u2022 Ist es eine gute Idee, sich morgen mit \u2026 zu verabreden?<\/p>\n<p>&nbsp;<\/p>\n<p><strong>Beziehung<\/strong><\/p>\n<p>\u2022 Kannst Du mir anhand meiner Geburtsdaten sagen, wie kompatibel ich mit meinem jetzigen Partner bin?<\/p>\n<p>\u2022 Soll ich mit meinem Partner zusammenziehen?<\/p>\n<p>\u2022 Was kann ich jetzt und auch in den n\u00e4chsten Monaten tun, um meine Beziehung weiter zu vertiefen?<\/p>\n<p>\u2022 Wird mein Partner mir treu sein?<\/p>\n<p>\u2022 Was sagt mein Geburtshoroskop \u00fcber meine Beziehung in diesem Jahr aus? Was kann ich machen, um sie zu verbessern?<\/p>\n<p>\u2022 Worauf muss ich in meiner Beziehung achtgeben?<\/p>\n<p>\u2022 Werde ich mit meinem jetzigen Partner gemeinsam alt werden?<\/p>\n<p>\u2022 War es die richtige Entscheidung, bei meinem jetzigen Partner zu bleiben, und werden wir gemeinsam spirituell wachsen?<\/p>\n<p>\u2022 Wie lange wird meine Beziehung halten?<\/p>\n<p>\u2022 Ich bin mit meiner Beziehung ungl\u00fccklich. K\u00f6nnen wir unsere Beziehung retten oder werde ich in einer neuen Beziehung gl\u00fccklich?<\/p>\n<p>\u2022 Will mein Freund sich f\u00fcr mich \u00e4ndern, um ein besserer Partner zu sein?<\/p>\n<p>\u2022 Soll ich mir Sorgen, um seine Vergangenheit machen? Kann ich ihm vertrauen? Ist er eine gute Person?<\/p>\n<p>&nbsp;<\/p>\n<p><strong>Ehe<\/strong><\/p>\n<p>\u2022 Wann werde ich heiraten?<\/p>\n<p>\u2022 Was f\u00fcr eine Person soll ich heiraten?<\/p>\n<p>\u2022 Wird mein Freund mir einen Heiratsantrag machen? Wann verlobe ich mich?<\/p>\n<p>\u2022 Mein Freund hat mir einen Antrag gemacht. Soll ich Ja sagen? Wird unsere Ehe gl\u00fccklich verlaufen?<\/p>\n<p>&nbsp;<\/p>\n<p>\u2022 K\u00f6nnen ich und mein Ex gute Freunde bleiben?<\/p>\n<p>\u2022 Ich habe eine neue Beziehung angefangen, aber ich denke immer noch sehr oft an meinen Ex. Wie kann ich diese Verbindung endg\u00fcltig kappen?<\/p>\n<p>\u2022 Trifft sich mein Ex mit jemandem?<\/p>\n<p>\u2022 Ist es eine gute Idee, zu meinem Ex zur\u00fcckzugehen?<\/p>\n<p>&nbsp;<\/p>\n<p><strong>Kummer\/Herzschmerz &amp; Untreue<\/strong><\/p>\n<p>\u2022 Warum haben wir uns getrennt?<\/p>\n<p>\u2022 Warum gehe ich immer wieder zur\u00fcck zu meinem Partner?<\/p>\n<p>\u2022 Ich glaube, mein Partner ist mir nicht treu. Kannst Du mir sagen, ob da etwas l\u00e4uft, oder ist das alles meine Einbildung?<\/p>\n<p>\u2022 Hat mein jetziger Partner immer noch Kontakt zu seinem\/r Ex?<\/p>\n<p>&nbsp;<\/p>\n<p><strong>Verbotene Liebe<\/strong><\/p>\n<p>\u2022 Ich habe mich in einen verheirateten Mann verliebt. Er hat mir gesagt, dass er bald die Scheidung einreicht. Stimmt das? Wird er sich f\u00fcr mich entscheiden oder bleibt er bei seiner Frau?<\/p>\n<p>\u2022 Ich glaube, ich habe mich in meinen Arbeitskollegen verliebt. Soll ich ihm das gestehen? Ist es ein guter Zeitpunkt?<\/p>\n<h2>\u00dcber mich<\/h2>\n<p><strong>Schicksal<\/strong><\/p>\n<p>\u2022 Habe ich eine gro\u00dfe Zukunft vor mir? Werde ich ber\u00fchmt oder erfolgreich?<\/p>\n<p>\u2022 Was k\u00f6nnen die Sterne \u00fcber mein Schicksal sagen?<\/p>\n<p>\u2022 Was erwartet mich in naher Zukunft? Kann ich mich schon bald auf etwas Aufregendes freuen?<\/p>\n<p>\u2022 Was ist jetzt f\u00fcr mich das Beste \u2013 Soll ich mich auf meine Karriere bzw. meine Ausbildung fokussieren? Oder soll ich anfangen, eine Familie zu gr\u00fcnden?<\/p>\n<p>\u2022 Befinde ich mich auf dem richtigen Karriereweg? Welcher w\u00e4re denn der richtige f\u00fcr mich?<\/p>\n<p>\u2022 Bin ich eine gute F\u00fchrungskraft?<\/p>\n<p><strong>Pers\u00f6nlichkeit<\/strong><\/p>\n<p>\u2022 Bin ich eine gute Gesellschaft f\u00fcr meine Mitmenschen?<\/p>\n<p>\u2022 K\u00f6nntest Du bitte mehr \u00fcber mich erz\u00e4hlen? Manchmal wei\u00df ich nicht so recht, wer ich wirklich bin.<\/p>\n<p>\u2022 Muss ich irgendetwas an mir ver\u00e4ndern?<\/p>\n<p>\u2022 Ich m\u00f6chte ein Haustier haben. Ist jetzt der richtige Zeitpunkt? Welches Tier w\u00fcrde mich gl\u00fccklich machen?<\/p>\n<p>\u2022 Was sind meine St\u00e4rken und Schw\u00e4chen? Und wie kann ich mich verbessern?<\/p>\n<p>\u2022 Wie kann ich meinen Willen und mein Vertrauen st\u00e4rken?<\/p>\n<p><strong>Wohlbefinden &amp; Spiritualit\u00e4t<\/strong><\/p>\n<p>\u2022 Welche Kleiderfarbe hilft mir, ausgeglichener zu sein?<\/p>\n<p>\u2022 Kannst Du mir einen Kristall oder einen anderen Stein empfehlen, welcher mir helfen wird, mein Selbstvertrauen zu steigern und positiv zu bleiben?<\/p>\n<p>\u2022 Was kann ich tun, um noch gl\u00fccklicher zu sein?<\/p>\n<p>\u2022 Ich habe das Gef\u00fchl, nicht zu wissen, welchen Weg ich einschlagen soll. Welchen Weg soll ich gehen?<\/p>\n<p>&nbsp;<\/p>\n<p><strong>Negative Energien<\/strong><\/p>\n<p>\u2022 Gibt es Leute, die mich gerade negativ beeinflussen?<\/p>\n<p>\u2022 Vieles in meinem Leben geht schief. Wird sich das bald \u00e4ndern?<\/p>\n<p>\u2022 Warum habe ich immer mit den gleichen Problemen zu k\u00e4mpfen?<\/p>\n<p>\u2022 Wie soll ich nur mit dem ganzen Stress klarkommen?<\/p>\n<p>\u2022 Wie lange wird diese schwierige Zeit f\u00fcr mich noch andauern? Was kann ich nur tun, um meine Motivation zu steigern?<\/p>\n<h2>Alltag<\/h2>\n<p><strong>Erfolg<\/strong><\/p>\n<p>\u2022 Habe ich heute besonders viel Gl\u00fcck? Ich brauche es, um etwas Wichtiges zu realisieren?<\/p>\n<p>\u2022 Ich bin ein bisschen nerv\u00f6s, wegen meines Wettkampfes. Kann ich irgendetwas tun, damit alles glattgeht?<\/p>\n<p>&nbsp;<\/p>\n<p><strong>Zuhause<\/strong><\/p>\n<p>\u2022 Es gibt mehrere Wohnungen, die mir gefallen. Kannst du mir sagen, in welcher Wohnung ich mich gl\u00fccklich f\u00fchlen werde?<\/p>\n<p>\u2022 Ich habe gerade den Kaufvertrag f\u00fcr mein neues Zuhause unterzeichnet. Werde ich dort gl\u00fccklich sein?<\/p>\n<p>\u2022 Wann ist f\u00fcr mich der beste Zeitpunkt, um ein neues Auto zu kaufen?<\/p>\n<p><strong>Positive \u00dcberraschungen<\/strong><\/p>\n<p>\u2022 Wartet auf mich eine \u00dcberraschung in dieser Woche \u2013 egal ob gut oder schlecht? Wenn ja, was?<\/p>\n<p>\u2022 Werde ich am &#8230; Urlaub machen?<\/p>\n<p>\u2022 Auf was kann ich mich heute freuen?<\/p>\n<p>\u2022 Werde ich jemand Besonderen treffen, wenn ich zu dieser Party am Freitag gehe?<\/p>\n<h2>Ausbildung<\/h2>\n<p><strong>Studien- &amp; Berufswahl<\/strong><\/p>\n<p>\u2022 Habe ich mich f\u00fcr die richtige Ausbildung entschieden? Auf welchen Bereich sollte ich mich fokussieren?<\/p>\n<p>\u2022 Soll ich noch einen Masterabschluss anstreben oder soll ich gleich ins Berufsleben einsteigen?<\/p>\n<p>\u2022 Soll ich mich f\u00fcr ein MBA entscheiden? Wird der Abschluss wirklich f\u00fcr meine Karriere f\u00f6rderlich sein?<\/p>\n<p>\u2022 Erhalte ich dieses Jahr die Zulassung f\u00fcr meine Wunsch-Uni?<\/p>\n<p>\u2022 Ich habe Zusagen von zwei Unis erhalten. Welche Uni passt zu mir?<\/p>\n<p><strong>Erfolgreich im Studium<\/strong><\/p>\n<p>\u2022 Werden meine Noten dieses Semester besser?<\/p>\n<p>\u2022 Werde ich die Klausur morgen bestehen?<\/p>\n<p>\u2022 Erhalte ich eine Zusage vom Unternehmen f\u00fcr mein Praxissemester?<\/p>\n<p><strong>Schwierigkeiten im Studium<\/strong><\/p>\n<p>\u2022 Ich kann mich nicht auf das Wesentliche im Studium konzentrieren. Was kann ich dagegen machen?<\/p>\n<p>\u2022 Ich bin kurz davor zu scheitern und habe Angst, meinen Eltern davon zu erz\u00e4hlen. Wird es gut ausgehen?<\/p>\n<p>\u2022 Werde ich alle Klausuren bestehen?<\/p>\n<p><strong>Zwischenmenschliche Beziehungen<\/strong><\/p>\n<p>\u2022 Ich habe Angst, dass unser Gruppenprojekt, wegen einiger Gruppenmitglieder scheitern wird. Kann ich mich auf sie verlassen?<\/p>\n<p>\u2022 Haben meine Kommilitonen eine positive Meinung von mir?<\/p>\n<p>\u2022 Ich habe ein Kommunikationsproblem mit meinem Lehrer\/Professor. Wie kann ich das l\u00f6sen?<\/p>\n<p>\u2022 Gibt es dieses Jahr jemanden in meinem Kurs, der mich mag?<\/p>\n<p>\u2022 Was denkt mein Lehrer\/Professor \u00fcber mich?<\/p>\n<p>\u2022 Ich komme nur schwer mit meinen Klassenkameraden aus. Wie kommt das?<\/p>\n<p>\u2022 Ich habe die Vermutung, dass mein Lehrer\/Professor mir schlechte Noten gibt, weil er\/sie mich nicht mag. Stimmt das?<\/p>\n<h2>Arbeit<\/h2>\n<p><strong>Arbeitssuche<\/strong><\/p>\n<p>\u2022 Wann kriege einen Job?<\/p>\n<p>\u2022 Ist es eine gute Idee, das Jobangebot jetzt anzunehmen?<\/p>\n<p>\u2022 Ich habe morgen ein wichtiges Bewerbungsgespr\u00e4ch. Ist es ein guter Tag f\u00fcr ein erfolgreiches Gespr\u00e4ch?<\/p>\n<p>\u2022 Warum finde ich keine Arbeit? Was kann ich machen?<\/p>\n<p>\u2022 Ich hatte ein wichtiges Vorstellungsgespr\u00e4ch, aber habe noch kein Feedback erhalten. Wird es mit dem Job klappen?<\/p>\n<p>\u2022 An welchem Tag und zu welcher Uhrzeit ist ein Vorstellungsgespr\u00e4ch f\u00fcr mich vorteilhaft?<\/p>\n<p>\u2022 Ich habe einige Jobangebote erhalten. Wie soll ich mich entscheiden?<\/p>\n<p>&nbsp;<\/p>\n<p><strong>Erfolgreich im Beruf<\/strong><\/p>\n<p>\u2022 Kann ich ein guter Chef sein? Werden meine Mitarbeiter mich m\u00f6gen?<\/p>\n<p>\u2022 Ich habe gerade ein Jobangebot angenommen. Wie ist die Atmosph\u00e4re in meinem neuen Job?<\/p>\n<p>\u2022 Ich m\u00f6chte unbedingt im Ausland arbeiten. Ist das m\u00f6glich? Wenn ja, wann?<\/p>\n<p>\u2022 Soll ich das Jobangebot in einem anderen Land annehmen?<\/p>\n<p><strong>Bef\u00f6rderung und Gehaltserh\u00f6hung<\/strong><\/p>\n<p>\u2022 Erhalte ich dieses Jahr eine Bef\u00f6rderung?<\/p>\n<p>\u2022 Ich wurde bef\u00f6rdert. Werde ich mit den neuen Verantwortlichkeiten klarkommen?<\/p>\n<p>\u2022 Ich habe Sorge, dass meine Kollegen neidisch werden und mich nicht mehr unterst\u00fctzen, wenn ich die Bef\u00f6rderung annehme. Was soll ich machen?<\/p>\n<p>\u2022 Erhalte ich dieses Jahr eine Gehaltserh\u00f6hung?<\/p>\n<p><strong>Probleme auf der Arbeit<\/strong><\/p>\n<p>\u2022 Ich habe Stress mit meinem Chef. Wird sich die Situation zwischen uns kl\u00e4ren oder muss ich k\u00fcndigen?<\/p>\n<p>\u2022 Es wurden einige Mitarbeiter in meinem Unternehmen entlassen. Wird dies auch mich betreffen?<\/p>\n<p>\u2022 Ich mag meinen Job \u00fcberhaupt nicht. Wie gelange ich zu meinem Traumjob?<\/p>\n<p>\u2022 Ich langweile mich auf der Arbeit. Wann soll ich mich nach einer neuen Arbeitsstelle umsehen?<\/p>\n<p>\u2022 Ich glaube, dass mein Arbeitskollege mich nicht mag. Ist das der Fall? Was kann ich machen?<\/p>\n<p>\u2022 Ist es der richtige Zeitpunkt, die Arbeitsstelle zu wechseln?<\/p>\n<p>\u2022 Hat das Management meine Sorge verstanden und wird es Ver\u00e4nderungen geben?<\/p>\n<p>\u2022 Soll ich heute meine K\u00fcndigung einreichen? Ist es der richtige Zeitpunkt?<\/p>\n<h2>Business<\/h2>\n<p><strong>Erfolgreich selbstst\u00e4ndig<\/strong><\/p>\n<p>\u2022 Werde ich ein guter Gesch\u00e4ftsmann\/eine gute Gesch\u00e4ftsfrau?<\/p>\n<p>\u2022 Ich bin sehr erfolgreich auf meinem Gebiet, aber ich m\u00f6chte mich gerne um orientieren. Kannst du mir sagen, welches Gebiet zu mir passt?<\/p>\n<p>\u2022 An welchem Tag und zu welchem Zeitpunkt soll ich mein Meeting haben, um erfolgreich zu sein?<\/p>\n<p>\u2022 Soll ich den Bewerber, mit dem ich heute ein Gespr\u00e4ch hatte, einstellen?<\/p>\n<p>\u2022 Wie kann ich meine Angestellten dazu motivieren, effizienter zu werden?<\/p>\n<p><strong>Zweifel<\/strong><\/p>\n<p>\u2022 Werde ich mit meinem Gesch\u00e4ft erfolgreich sein?<\/p>\n<p>\u2022 Ich arbeite gerade an einem riesigen Projekt. Werde ich erfolgreich sein?<\/p>\n<p>\u2022 Es wurden viele Ver\u00e4nderungen im Gesch\u00e4ft durchgef\u00fchrt. War das die richtige Entscheidung?<\/p>\n<p>\u2022 Ein potenzieller Gesch\u00e4ftspartner nimmt sich sehr viel Zeit f\u00fcr eine Entscheidung. Was hat das zu bedeuten und werden sie zustimmen?<\/p>\n<p>\u2022 Ich hatte heute eine wichtige Verhandlung. Werden wir uns einigen k\u00f6nnen?<\/p>\n<p>\u2022 Kann ich meinem Gesch\u00e4ftspartner komplett vertrauen?<\/p>\n<p>\u2022 Wie l\u00e4uft mein Gesch\u00e4ft im n\u00e4chsten Jahr?<\/p>\n<p>\u2022 Ich habe n\u00e4chste Woche ein wichtiges Meeting mit einem potenziellen Kunden. Wird das Meeting erfolgreich verlaufen?<\/p>\n<h2>Tiere<\/h2>\n<p><strong>Haustier<\/strong><\/p>\n<p>\u2022\u00a0Was denkt mein Haustier?<\/p>\n<p>\u2022\u00a0Ist mein Haustier gl\u00fccklich oder vermisst er\/sie irgendwas?<\/p>\n<p>\u2022\u00a0Liebt mich mein Haustier?<\/p>\n<p>\u2022\u00a0Was k\u00f6nnen Sie \u00fcber die Pers\u00f6nlichkeit meines Haustieres sagen?<\/p>\n<p>\u2022\u00a0M\u00f6chte mein Haustier mir etwas mitteilen?<\/p>\n<p>\u2022\u00a0Ist dies der richtige Zeitpunkt um mir ein Haustier zuzulegen?<\/p>\n<p>\u2022\u00a0Welches Haustier passt zu meinem Leben und meiner Pers\u00f6nlichkeit?<\/p>\n<p>\u2022\u00a0\u00a0Wie wird dieses Jahr f\u00fcr mein Haustier?<\/p>\n<h2>Spiritualit\u00e4t<\/h2>\n<p><strong>Spiritualit\u00e4t<\/strong><\/p>\n<ul>\n<li>Wof\u00fcr bin ich hier?<\/li>\n<li>Wer bin ich und warum bin ich da?<\/li>\n<li>Was ist der Sinn meines Lebens?<\/li>\n<li>Was sind meine spirituellen Gaben?<\/li>\n<li>Welcher ist mein spiritueller Pfad?<\/li>\n<li>Was will mir das Universum gerade mitteilen?<\/li>\n<li>Auf welche Weise enge ich mich ein oder schade ich mir gerade?<\/li>\n<\/ul>\n<p>&nbsp;<\/p>\n<h2>Totemtier<\/h2>\n<p><strong>Totemtier<\/strong><\/p>\n<ul>\n<li>Welches ist mein Totemtier und was bedeutet es f\u00fcr mich?<\/li>\n<li>Was ist meine Totemtier-Nachricht f\u00fcr heute?<\/li>\n<li>Wie kann mich mein Totemtier bei meiner Lebensgestaltung unterst\u00fctzen?<\/li>\n<li>Kann mich ein Totemtier f\u00fcr mein Kind beraten?<\/li>\n<li>Kann ich eine bessere Mutter\/ein besserer Vater sein, wenn ich wei\u00df, welches das Totemtier meines Kindes ist?<\/li>\n<\/ul>\n<p>&nbsp;<\/p>\n<h2>Tr\u00e4ume<\/h2>\n<p>Tr\u00e4ume<\/p>\n<ul>\n<li>Ich hatte einen Traum \u00fcber \u2026 Was hei\u00dft das?<\/li>\n<li>Was bedeuten Tr\u00e4ume \u00fcber Wasser, Sonne oder Mond?<\/li>\n<li>Ich tr\u00e4ume oft von meinen toten Verwandten. Haben sie eine Nachricht f\u00fcr mich?<\/li>\n<li>Ich habe von Zahlen getr\u00e4umt. Was bedeuten sie?<\/li>\n<li>Ich tr\u00e4ume manchmal von etwas, was bedeutet es?<\/li>\n<\/ul>\n<p>&nbsp;<\/p>\n","protected":false},"excerpt":{"rendered":"<p>Liebe &nbsp; Die wahre Liebe finden \u2022 Wann werde ich meiner wahren Liebe begegnen? \u2022 Wie oft werde ich einem potenziellen Liebespartner begegnen? \u2022 Gibt es irgendjemanden, der an mir &#8230; <\/p>\n<div><a href=\"https:\/\/app-fortunica.com\/de\/mehr\" class=\"more-link\">Weiterlesen<\/a><\/div>\n","protected":false},"author":34,"featured_media":0,"parent":0,"menu_order":0,"comment_status":"closed","ping_status":"closed","template":"template-layout-full-width.php","meta":[],"yoast_head":"<!-- This site is optimized with the Yoast SEO Premium plugin v15.2 - https:\/\/yoast.com\/wordpress\/plugins\/seo\/ -->\n<title>Mehr Fragen - fortunica<\/title>\n<meta name=\"robots\" content=\"index, follow, max-snippet:-1, max-image-preview:large, max-video-preview:-1\" \/>\n<link rel=\"canonical\" href=\"https:\/\/app-fortunica.com\/de\/mehr\" \/>\n<meta property=\"og:locale\" content=\"de_DE\" \/>\n<meta property=\"og:type\" content=\"article\" \/>\n<meta property=\"og:title\" content=\"Mehr Fragen - fortunica\" \/>\n<meta property=\"og:description\" content=\"Liebe &nbsp; Die wahre Liebe finden \u2022 Wann werde ich meiner wahren Liebe begegnen? \u2022 Wie oft werde ich einem potenziellen Liebespartner begegnen? \u2022 Gibt es irgendjemanden, der an mir ... Weiterlesen\" \/>\n<meta property=\"og:url\" content=\"https:\/\/app-fortunica.com\/de\/mehr\" \/>\n<meta property=\"og:site_name\" content=\"fortunica\" \/>\n<meta property=\"article:publisher\" content=\"https:\/\/www.facebook.com\/app.fortunica\/\" \/>\n<meta property=\"article:modified_time\" content=\"2017-03-30T09:08:44+00:00\" \/>\n<meta name=\"twitter:card\" content=\"summary\" \/>\n<meta name=\"twitter:label1\" value=\"Verfasst von\">\n\t<meta name=\"twitter:data1\" value=\"advisor managers\">\n\t<meta name=\"twitter:label2\" value=\"Gesch\u00e4tzte Lesezeit\">\n\t<meta name=\"twitter:data2\" value=\"7 Minuten\">\n<script type=\"application\/ld+json\" class=\"yoast-schema-graph\">{\"@context\":\"https:\/\/schema.org\",\"@graph\":[{\"@type\":\"WebSite\",\"@id\":\"https:\/\/app-fortunica.com\/#website\",\"url\":\"https:\/\/app-fortunica.com\/\",\"name\":\"fortunica\",\"description\":\"The #1 App for you to Connect with Spiritual Advisors\",\"potentialAction\":[{\"@type\":\"SearchAction\",\"target\":\"https:\/\/app-fortunica.com\/?s={search_term_string}\",\"query-input\":\"required name=search_term_string\"}],\"inLanguage\":\"de-DE\"},{\"@type\":\"WebPage\",\"@id\":\"https:\/\/app-fortunica.com\/de\/mehr#webpage\",\"url\":\"https:\/\/app-fortunica.com\/de\/mehr\",\"name\":\"Mehr Fragen - fortunica\",\"isPartOf\":{\"@id\":\"https:\/\/app-fortunica.com\/#website\"},\"datePublished\":\"2017-02-15T15:42:29+00:00\",\"dateModified\":\"2017-03-30T09:08:44+00:00\",\"inLanguage\":\"de-DE\",\"potentialAction\":[{\"@type\":\"ReadAction\",\"target\":[\"https:\/\/app-fortunica.com\/de\/mehr\"]}]}]}<\/script>\n<!-- \/ Yoast SEO Premium plugin. -->","_links":{"self":[{"href":"https:\/\/app-fortunica.com\/de\/wp-json\/wp\/v2\/pages\/2828"}],"collection":[{"href":"https:\/\/app-fortunica.com\/de\/wp-json\/wp\/v2\/pages"}],"about":[{"href":"https:\/\/app-fortunica.com\/de\/wp-json\/wp\/v2\/types\/page"}],"author":[{"embeddable":true,"href":"https:\/\/app-fortunica.com\/de\/wp-json\/wp\/v2\/users\/34"}],"replies":[{"embeddable":true,"href":"https:\/\/app-fortunica.com\/de\/wp-json\/wp\/v2\/comments?post=2828"}],"version-history":[{"count":10,"href":"https:\/\/app-fortunica.com\/de\/wp-json\/wp\/v2\/pages\/2828\/revisions"}],"predecessor-version":[{"id":3495,"href":"https:\/\/app-fortunica.com\/de\/wp-json\/wp\/v2\/pages\/2828\/revisions\/3495"}],"wp:attachment":[{"href":"https:\/\/app-fortunica.com\/de\/wp-json\/wp\/v2\/media?parent=2828"}],"curies":[{"name":"wp","href":"https:\/\/api.w.org\/{rel}","templated":true}]}}