{"id":4363,"date":"2017-06-06T17:34:52","date_gmt":"2017-06-06T15:34:52","guid":{"rendered":"https:\/\/app-fortunica.com\/?page_id=4363\/"},"modified":"2023-04-06T13:54:34","modified_gmt":"2023-04-06T11:54:34","slug":"physische-inspiration","status":"publish","type":"page","link":"https:\/\/app-fortunica.com\/de\/physische-inspiration","title":{"rendered":"Spirituelle Inspiration"},"content":{"rendered":"<div id=\"cs-content\" class=\"cs-content\" ><div id=\"x-section-1\" class=\"x-section\" style=\"margin: 0px;padding: 0px 0px 20px; background-color: transparent;\"  ><div class=\"x-container max width\" style=\"margin: 0px auto;padding: 0px;\"  ><div  class=\"x-column x-sm x-1-1\" style=\"padding: 0px;\" ><h3  class=\"h-custom-headline cs-ta-center h-responsive3 h3\" style=\"line-height:130%;\"><span>Beispielfragen<\/span><\/h3><div class=\"x-text cs-ta-center a1\" style=\"line-height: 1.5;\"  ><p>Wie stelle ich meine Frage, so dass ich eine treffende Antwort erhalte? Schau dir einige Beispiele an und lass dich inspirieren.<\/p>\n<\/div><\/div><\/div><\/div><div id=\"x-section-2\" class=\"x-section\" style=\"margin: 0px;padding: 0px 0px 20px; background-color: transparent;\"  ><div class=\"x-container max width\" style=\"margin: 0px auto;padding: 0px;\"  ><div  class=\"x-column x-sm x-1-2\" style=\"padding: 0px;\" ><div class=\"x-text im1\"  ><p><img decoding=\"async\" loading=\"lazy\" class=\"aligncenter wp-image-7445 size-full\" src=\"https:\/\/app-fortunica-content.s3.eu-central-1.amazonaws.com\/prod\/app\/uploads\/2018\/06\/purple_heart_user_2.gif\" alt=\"Ein animiertes Bild einer Frau, die auf ihr Handy schaut, mit einem gebrochenen Herzen in zwei Teilen oben drauf\" width=\"490\" height=\"473\" \/><\/p>\n<\/div><\/div><div  class=\"x-column x-sm x-1-2\" style=\"padding: 0px;\" ><h5  class=\"h-custom-headline .h-responsive4 h5\" ><span>\u201cHat er Gef\u00fchle f\u00fcr mich?\u201d<\/span><\/h5><div class=\"x-text a1\" style=\"line-height: 1.5;\"  ><p>\u201cHallo, mein Name ist Simone (20.05.85, geb. in Ansbach). Mein Freund Thomas (18.08.80) redet oft von seiner neuen Arbeitskollegin. Kann es sein, dass die beiden eine Aff\u00e4re haben? Er kommt sp\u00e4t nach Hause und hat sich etwas distanziert in letzter Zeit. Was sagen die Karten? Was soll ich machen?&#8220;<\/p>\n<\/div><\/div><\/div><\/div><div id=\"x-section-3\" class=\"x-section\" style=\"margin: 0px;padding: 0px 0px 20px; background-color: transparent;\"  ><div class=\"x-container max width\" style=\"margin: 0px auto;padding: 0px;\"  ><div  class=\"x-column x-sm right x-1-2\" style=\"padding: 0px;\" ><div class=\"x-text im1\"  ><p><img decoding=\"async\" loading=\"lazy\" class=\"aligncenter wp-image-7464 size-full\" src=\"https:\/\/app-fortunica-content.s3.eu-central-1.amazonaws.com\/prod\/app\/uploads\/2018\/06\/purple_career_user_7.gif\" alt=\"\" width=\"496\" height=\"480\" \/><\/p>\n<\/div><\/div><div  class=\"x-column x-sm x-1-2\" style=\"padding: 0px;\" ><h5  class=\"h-custom-headline .h-responsive4 h5\" ><span>\u201cIch habe das Gef\u00fchl, dass es karrierem\u00e4\u00dfig f\u00fcr mich nicht vorangeht\u2026\u201d<\/span><\/h5><div class=\"x-text a1\" style=\"line-height: 1.5;\"  ><p>\u201cHallo, mein Name ist Irene, geb. 12.05.86 in Braunschweig. Ich arbeite als Marketing Managerin in einer gro\u00dfen Firma in Hamburg aber ich habe an Motivation verloren. Was w\u00e4re die richtige Entscheidung f\u00fcr mich in dieser Situation?\u201c<\/p>\n<\/div><\/div><\/div><\/div><div id=\"x-section-4\" class=\"x-section\" style=\"margin: 0px;padding: 0px 0px 20px; background-color: transparent;\"  ><div class=\"x-container max width\" style=\"margin: 0px auto;padding: 0px;\"  ><div  class=\"x-column x-sm x-1-2\" style=\"padding: 0px;\" ><div class=\"x-text im1\"  ><p><img decoding=\"async\" loading=\"lazy\" class=\"aligncenter wp-image-7473 size-full\" src=\"https:\/\/app-fortunica-content.s3.eu-central-1.amazonaws.com\/prod\/app\/uploads\/2018\/06\/animation_new_love.gif\" alt=\"\" width=\"497\" height=\"481\" \/><\/p>\n<\/div><\/div><div  class=\"x-column x-sm x-1-2\" style=\"padding: 0px;\" ><h5  class=\"h-custom-headline .h-responsive4 h5\" ><span>\u201cKommen wir zusammen?\u201d<\/span><\/h5><div class=\"x-text a1\" style=\"line-height: 1.5;\"  ><p>\u201cHi, F., 15.12.87. in Wertheim geboren. Denkt A., 06.02.85, immer noch an mich? Wir waren schon mal kurz zusammen und jetzt n\u00e4hern wir uns wieder an. Was sagen die Karten \u00fcber die Situation? Kann ich mich auf meine Intuition verlassen und mehr in die Beziehung investieren? Dankesch\u00f6n!\u201c<\/p>\n<\/div><\/div><\/div><\/div><div id=\"x-section-5\" class=\"x-section\" style=\"margin: 0px;padding: 0px 0px 20px; background-color: hsla(311, 43%, 76%, 0.03);\"  ><div class=\"x-container max width\" style=\"margin: 0px auto;padding: 0px;\"  ><div  class=\"x-column x-sm x-1-1\" style=\"padding: 0px 0px 20px;\" ><h4  class=\"h-custom-headline cs-ta-center .h-responsive4 h4\" ><span>Kleine Tipps f\u00fcr die perfekte Frage:<\/span><\/h4><\/div><\/div><div class=\"x-container max width\" style=\"margin: 0px auto;padding: 0px;\"  ><div  class=\"x-column x-sm x-1-3\" style=\"padding: 0px;\" ><div class=\"x-text\"  ><p style=\"text-align: center;\"><img decoding=\"async\" loading=\"lazy\" class=\"aligncenter wp-image-7505\" src=\"https:\/\/app-fortunica-content.s3.eu-central-1.amazonaws.com\/prod\/app\/uploads\/2018\/06\/personal_info_what_to_ask.png\" alt=\"\" width=\"72\" height=\"68\" \/><\/p>\n<\/div><h5  class=\"h-custom-headline cs-ta-center .h-responsive5 h5\" ><span>1. Vollst\u00e4ndiger Name<\/span><\/h5><div class=\"x-text a1\" style=\"line-height: 1.5;\"  ><p>Schreib deinen vollst\u00e4ndigen Namen oder deine Initialen, z. B. Maria Thiel oder M.T. Denk daran, dass es hilfreich ist, den Beratern den Namen der Person mitzuteilen, an der du interessiert bist..<\/p>\n<\/div><\/div><div  class=\"x-column x-sm x-1-3\" style=\"padding: 0px;\" ><div class=\"x-text\"  ><p><img decoding=\"async\" loading=\"lazy\" class=\"aligncenter wp-image-7500\" src=\"https:\/\/app-fortunica-content.s3.eu-central-1.amazonaws.com\/prod\/app\/uploads\/2018\/06\/birthday_place_what_to_ask.png\" alt=\"\" width=\"72\" height=\"71\" \/><\/p>\n<\/div><h5  class=\"h-custom-headline cs-ta-center .h-responsive5 h5\" ><span>2. Geburtsdatum<\/span><\/h5><div class=\"x-text a1\" style=\"line-height: 1.5;\"  ><p>Die Angabe des Geburtsdatums wird den Beratern zus\u00e4tzlich helfen, tiefer in das Thema reinzugehen.<\/p>\n<\/div><\/div><div  class=\"x-column x-sm x-1-3\" style=\"padding: 0px;\" ><div class=\"x-text\"  ><p style=\"text-align: center;\"><img decoding=\"async\" loading=\"lazy\" class=\"aligncenter wp-image-7510\" src=\"https:\/\/app-fortunica-content.s3.eu-central-1.amazonaws.com\/prod\/app\/uploads\/2018\/06\/write_q_what_to_ask.png\" alt=\"\" width=\"72\" height=\"71\" \/><\/p>\n<\/div><h4  class=\"h-custom-headline cs-ta-center .h-responsive5 h5\" ><span>3. Schreibe die perfekte Frage<\/span><\/h4><div class=\"x-text a1\" style=\"line-height: 1.5;\"  ><p>Jetzt ist es Zeit f\u00fcr dich, deine Situation zu beschreiben und deine Frage zu stellen. Bevorzugst du eine spezielle Methode, dann lasse es deinen Berater wissen. <\/p>\n<\/div><\/div><\/div><\/div><div id=\"x-section-6\" class=\"x-section\" style=\"margin: 0px;padding: 0px 0px 20px; background-color: transparent;\"  ><div class=\"x-container max width\" style=\"margin: 0px auto;padding: 0px;\"  ><div  class=\"x-column x-sm x-1-1\" style=\"padding: 0px;\" ><h4  class=\"h-custom-headline cs-ta-center .h-responsive4 h4\" ><span>Brauchst du noch mehr Tipps?<\/span><\/h4><div class=\"x-text a1\" style=\"line-height: 1.5;\"  ><p>Bist du immer noch nicht sicher, was du fragen sollst? Werfe einen Blick auf einige der Beispiele, in denen unsere Berater anderen geholfen haben. Beachte unsere Tipps, denk \u00fcber deine Frage nach, die du stellen m\u00f6chtest und du wirst die positive Ver\u00e4nderung in deinem Leben sehen, die du verdienst.<\/p>\n<\/div><\/div><\/div><div class=\"x-container max width\" style=\"margin: 0px auto;padding: 0px;\"  ><div  class=\"x-column x-sm x-1-3\" style=\"padding: 40px 0px 0px;\" ><div class=\"x-text\"  ><p><img decoding=\"async\" loading=\"lazy\" class=\"aligncenter wp-image-7527\" src=\"https:\/\/app-fortunica-content.s3.eu-central-1.amazonaws.com\/prod\/app\/uploads\/2018\/06\/heart.png\" alt=\"\" width=\"140\" height=\"125\" srcset=\"https:\/\/app-fortunica-content.s3.eu-central-1.amazonaws.com\/prod\/app\/uploads\/2018\/06\/heart.png 201w, https:\/\/app-fortunica-content.s3.eu-central-1.amazonaws.com\/prod\/app\/uploads\/2018\/06\/heart-100x90.png 100w\" sizes=\"(max-width: 140px) 100vw, 140px\" \/><\/p>\n<\/div><\/div><div  class=\"x-column x-sm x-2-3\" style=\"padding: 0px;\" ><h5  class=\"h-custom-headline .h-responsive5 h5\" ><span>Liebe und Beziehungen<\/span><\/h5><div class=\"x-text a1\" style=\"line-height: 1.5;\"  ><p>&#8211; Wann werde ich meinen Seelenverwandten treffen?<br \/>\n&#8211; Gibt es jemanden, der mich heimlich liebt?<br \/>\n&#8211; Er versprach mir zu schreiben, aber hat es noch nicht getan. Ist er noch interessiert oder hat er es einfach vergessen?<br \/>\n&#8211; Ist es nur ein One-Night-Stand oder werden wir f\u00fcr immer zusammen sein?<br \/>\n&#8211; Mein Ehemann arbeitet immer sehr lang. Ich denke er trifft sich noch mit jemand anderen. Was siehst du?<br \/>\nPassen meine Frau und ich wirklich zusammen?<\/p>\n<\/div><\/div><\/div><div class=\"x-container max width\" style=\"margin: 0px auto;padding: 0px;\"  ><div  class=\"x-column x-sm x-1-3\" style=\"padding: 40px 0px 0px;\" ><div class=\"x-text\"  ><p><img decoding=\"async\" loading=\"lazy\" class=\"aligncenter wp-image-7532\" src=\"https:\/\/app-fortunica-content.s3.eu-central-1.amazonaws.com\/prod\/app\/uploads\/2018\/06\/career_full.png\" alt=\"\" width=\"140\" height=\"128\" srcset=\"https:\/\/app-fortunica-content.s3.eu-central-1.amazonaws.com\/prod\/app\/uploads\/2018\/06\/career_full.png 230w, https:\/\/app-fortunica-content.s3.eu-central-1.amazonaws.com\/prod\/app\/uploads\/2018\/06\/career_full-100x92.png 100w\" sizes=\"(max-width: 140px) 100vw, 140px\" \/><\/p>\n<\/div><\/div><div  class=\"x-column x-sm x-2-3\" style=\"padding: 0px;\" ><h5  class=\"h-custom-headline .h-responsive5 h5\" ><span>Karriere und Bildung<\/span><\/h5><div class=\"x-text a1\" style=\"line-height: 1.5;\"  ><p>&#8211; Ich habe mehrmals versucht, mein eigenes Gesch\u00e4ft zu gr\u00fcnden, bin aber immer gescheitert. Sollte ich es weiterhin versuchen?<br \/>\n&#8211; Ich habe bei der Arbeit ein Problem mit meinem Chef. Siehst du, dass sich die Dinge bessern oder sollte ich lieber k\u00fcndigen?<br \/>\n&#8211; Ich glaube nicht, dass meine Kollegen mich m\u00f6gen. Was kann ich tun?<br \/>\n&#8211; Ich habe ein ein Angebot f\u00fcr einen anderen Job bekommen. Ist jetzt der richtige Zeitpunkt, es anzunehmen?<br \/>\n&#8211; Sollte ich weiterhin zur Universit\u00e4t gehen oder sollte ich mir einen Job suchen?<br \/>\n&#8211; Welchen Karriereweg sollte ich einschlagen? Meine Eltern wollen, dass ich Arzt werde. Sollte ich nicht lieber meiner Leidenschaft folgen?<\/p>\n<\/div><\/div><\/div><div class=\"x-container max width\" style=\"margin: 0px auto;padding: 0px;\"  ><div  class=\"x-column x-sm x-1-3\" style=\"padding: 40px 0px 0px;\" ><div class=\"x-text\"  ><p><img decoding=\"async\" loading=\"lazy\" class=\"wp-image-7538 aligncenter\" src=\"https:\/\/app-fortunica-content.s3.eu-central-1.amazonaws.com\/prod\/app\/uploads\/2018\/06\/spirituality_what_to_ask.png\" alt=\"\" width=\"140\" height=\"147\" srcset=\"https:\/\/app-fortunica-content.s3.eu-central-1.amazonaws.com\/prod\/app\/uploads\/2018\/06\/spirituality_what_to_ask.png 230w, https:\/\/app-fortunica-content.s3.eu-central-1.amazonaws.com\/prod\/app\/uploads\/2018\/06\/spirituality_what_to_ask-100x105.png 100w\" sizes=\"(max-width: 140px) 100vw, 140px\" \/><\/p>\n<\/div><\/div><div  class=\"x-column x-sm x-2-3\" style=\"padding: 0px;\" ><h5  class=\"h-custom-headline .h-responsive5 h5\" ><span>Spiritualit\u00e4t und Tr\u00e4ume<\/span><\/h5><div class=\"x-text a1\" style=\"line-height: 1.5;\"  ><p>&#8211; F\u00fcr was bin ich auf der Welt?<br \/>\n&#8211; Habe ich irgendwelche spirituellen Gaben? Wenn ja, wie sehen sie aus?<br \/>\n&#8211; Was will mich das Universum im Moment wissen lassen?<br \/>\n&#8211; Ich habe davon getr\u00e4umt, zu rennen ohne von der Stelle zu kommen. Was bedeutet das?<br \/>\n&#8211; Ich f\u00fchle mich, als w\u00fcrde mir zu etwas die Verbindung fehlen. Was kann es sein?<br \/>\n&#8211; Gibt es etwas, das ich im Moment tue, was meine Zukunft einschr\u00e4nken k\u00f6nnte?<\/p>\n<\/div><\/div><\/div><div class=\"x-container max width\" style=\"margin: 0px auto;padding: 0px 0px -0px;\"  ><div  class=\"x-column x-sm x-1-3\" style=\"padding: 40px 0px 0px;\" ><div class=\"x-text\"  ><p><img decoding=\"async\" loading=\"lazy\" class=\"wp-image-7543 aligncenter\" src=\"https:\/\/app-fortunica-content.s3.eu-central-1.amazonaws.com\/prod\/app\/uploads\/2018\/06\/wellness_what_to_ask.png\" alt=\"\" width=\"140\" height=\"150\" srcset=\"https:\/\/app-fortunica-content.s3.eu-central-1.amazonaws.com\/prod\/app\/uploads\/2018\/06\/wellness_what_to_ask.png 230w, https:\/\/app-fortunica-content.s3.eu-central-1.amazonaws.com\/prod\/app\/uploads\/2018\/06\/wellness_what_to_ask-100x107.png 100w\" sizes=\"(max-width: 140px) 100vw, 140px\" \/><\/p>\n<\/div><\/div><div  class=\"x-column x-sm x-2-3\" style=\"padding: 0px;\" ><h5  class=\"h-custom-headline .h-responsive5 h5\" ><span>Wohlbefinden und Schicksal<\/span><\/h5><div class=\"x-text a1\" style=\"line-height: 1.5;\"  ><p>&#8211;\u00a0Welche Halskette verleiht mir Vertrauen und gibt mir eine positive Einstellung?<br \/>\n&#8211; Was muss ich tun, um eine gl\u00fccklichere Person zu werden?<br \/>\n&#8211; Ich habe das Gef\u00fchl, dass ich in den letzten Wochen sehr ungl\u00fccklich war. Was ist passiert?<br \/>\n&#8211; Was beeinflusst mein Leben im Moment negativ? Ich f\u00fchle mich sehr gestresst.<br \/>\n&#8211; Warum treten die gleichen Probleme wieder und wieder auf?<br \/>\n&#8211; Was kann ich tun, um mit dem ganzen Stress in meinem Leben umzugehen?<\/p>\n<\/div><\/div><\/div><\/div><div id=\"x-section-7\" class=\"x-section\" style=\"margin: 0px;padding: 0px 0px 20px; background-color: hsla(311, 43%, 76%, 0.03);\"  ><div class=\"x-container max width\" style=\"margin: 0px auto;padding: 0px;\"  ><div  class=\"x-column x-sm x-1-1\" style=\"padding: 0px;\" ><h4  class=\"h-custom-headline cs-ta-center .h-responsive4 h4\" ><span>Was nicht gefragt werden sollte<\/span><\/h4><div class=\"x-text a1\" style=\"line-height: 1.5;\"  ><p>Esoterische Berater auf fortunica sind immer gl\u00fccklich und bereit, Dir bei deinen wichtigen Entscheidungen zu helfen. Um zu gew\u00e4hren, dass jeder eine sichere und angenehme Zeit bei der Nutzung von fortunica hat, bist Du nicht berechtigt, einen Berater etwas \u00fcber die unten aufgef\u00fchrten Themen zu fragen. Bitte beachte, dass wenn Du einen Berater etwas \u00fcber diese Themen fragst, er nicht in der Lage sein wird, Dir zu antworten. Du wirst stattdessen eine allgemeine Beratung bekommen.<\/p>\n<\/div><\/div><\/div><div class=\"x-container max width\" style=\"margin: 0px auto;padding: 0px;\"  ><div  class=\"x-column x-sm x-1-3\" style=\"padding: 0px;\" ><div class=\"x-text a1\" style=\"line-height: 1.5;\"  ><p><span style=\" color: #272727; font-weight: bold;\"><span style=\"color: #ff0000;\">x<\/span> Medizinisch:<\/span><br \/>\n&#8211; Schwangerschaft<br \/>\n&#8211; Krankheiten\/ Gesundheit<br \/>\n&#8211; Tod<\/p>\n<\/div><\/div><div  class=\"x-column x-sm x-1-3\" style=\"padding: 0px;\" ><div class=\"x-text a1\" style=\"line-height: 1.5;\"  ><p><span style=\" color: #272727; font-weight: bold;\"><span style=\"color: #ff0000;\">x<\/span> Finanziell:<\/span><br \/>\n&#8211; Lotterie<br \/>\n&#8211; Versicherung<br \/>\n&#8211; Gesetzliche Regelungen<\/p>\n<\/div><\/div><div  class=\"x-column x-sm x-1-3\" style=\"padding: 0px;\" ><div class=\"x-text a1\" style=\"line-height: 1.5;\"  ><p><span style=\" color: #272727; font-weight: bold;\"><span style=\"color: #ff0000;\">x<\/span>Sonstiges:<\/span><br \/>\n&#8211; Gerichtsf\u00e4lle<br \/>\n&#8211; Schwarze Magie<br \/>\n&#8211; Fl\u00fcche<\/p>\n<\/div><\/div><\/div><\/div><span id=\"x-responsive-text-1\" data-x-element=\"responsive_text\" data-x-params=\"{&quot;selector&quot;:&quot;.h-responsive3&quot;,&quot;compression&quot;:&quot;1.5&quot;,&quot;minFontSize&quot;:&quot;30&quot;,&quot;maxFontSize&quot;:&quot;42&quot;}\" ><\/span><span id=\"x-responsive-text-2\" data-x-element=\"responsive_text\" data-x-params=\"{&quot;selector&quot;:&quot;.h-responsive4&quot;,&quot;compression&quot;:&quot;1&quot;,&quot;minFontSize&quot;:&quot;12&quot;,&quot;maxFontSize&quot;:&quot;26&quot;}\" ><\/span><span id=\"x-responsive-text-3\" data-x-element=\"responsive_text\" data-x-params=\"{&quot;selector&quot;:&quot;.h-responsive5&quot;,&quot;compression&quot;:&quot;1&quot;,&quot;minFontSize&quot;:&quot;12&quot;,&quot;maxFontSize&quot;:&quot;24&quot;}\" ><\/span><\/div>\n","protected":false},"excerpt":{"rendered":"<p>BeispielfragenWie stelle ich meine Frage, so dass ich eine treffende Antwort erhalte? Schau dir einige Beispiele an und lass dich inspirieren. \u201cHat er Gef\u00fchle f\u00fcr mich?\u201d\u201cHallo, mein Name ist Simone &#8230; <\/p>\n<div><a href=\"https:\/\/app-fortunica.com\/de\/physische-inspiration\" class=\"more-link\">Weiterlesen<\/a><\/div>\n","protected":false},"author":34,"featured_media":0,"parent":0,"menu_order":0,"comment_status":"closed","ping_status":"closed","template":"template-blank-4.php","meta":[],"yoast_head":"<!-- This site is optimized with the Yoast SEO Premium plugin v15.2 - https:\/\/yoast.com\/wordpress\/plugins\/seo\/ -->\n<title>Physische Inspiration: welche Frage stellst du Beratern in fortunica?<\/title>\n<meta name=\"description\" content=\"Wie stellst du deine esoterische Frage, so dass du eine treffende Antwort von Beratern in fortunica mit Hilfe Tarot-Karten erh\u00e4ltst?\" \/>\n<meta name=\"robots\" content=\"index, follow, max-snippet:-1, max-image-preview:large, max-video-preview:-1\" \/>\n<link rel=\"canonical\" href=\"https:\/\/app-fortunica.com\/psychic-inspiration\" \/>\n<meta property=\"og:locale\" content=\"de_DE\" \/>\n<meta property=\"og:type\" content=\"article\" \/>\n<meta property=\"og:title\" content=\"Physische Inspiration: welche Frage stellst du Beratern in fortunica?\" \/>\n<meta property=\"og:description\" content=\"Wie stellst du deine esoterische Frage, so dass du eine treffende Antwort von Beratern in fortunica mit Hilfe Tarot-Karten erh\u00e4ltst?\" \/>\n<meta property=\"og:url\" content=\"https:\/\/app-fortunica.com\/psychic-inspiration\" \/>\n<meta property=\"og:site_name\" content=\"fortunica\" \/>\n<meta property=\"article:publisher\" content=\"https:\/\/www.facebook.com\/app.fortunica\/\" \/>\n<meta property=\"article:modified_time\" content=\"2023-04-06T11:54:34+00:00\" \/>\n<meta property=\"og:image\" content=\"https:\/\/app-fortunica.com\/app\/uploads\/2018\/06\/purple_heart_user_2.gif\" \/>\n<meta name=\"twitter:card\" content=\"summary\" \/>\n<meta name=\"twitter:label1\" value=\"Verfasst von\">\n\t<meta name=\"twitter:data1\" value=\"advisor managers\">\n\t<meta name=\"twitter:label2\" value=\"Gesch\u00e4tzte Lesezeit\">\n\t<meta name=\"twitter:data2\" value=\"12 Minuten\">\n<script type=\"application\/ld+json\" class=\"yoast-schema-graph\">{\"@context\":\"https:\/\/schema.org\",\"@graph\":[{\"@type\":\"WebSite\",\"@id\":\"https:\/\/app-fortunica.com\/#website\",\"url\":\"https:\/\/app-fortunica.com\/\",\"name\":\"fortunica\",\"description\":\"The #1 App for you to Connect with Spiritual Advisors\",\"potentialAction\":[{\"@type\":\"SearchAction\",\"target\":\"https:\/\/app-fortunica.com\/?s={search_term_string}\",\"query-input\":\"required name=search_term_string\"}],\"inLanguage\":\"de-DE\"},{\"@type\":\"ImageObject\",\"@id\":\"https:\/\/app-fortunica.com\/psychic-inspiration#primaryimage\",\"inLanguage\":\"de-DE\",\"url\":\"https:\/\/app-fortunica.com\/app\/uploads\/2018\/06\/purple_heart_user_2.gif\"},{\"@type\":\"WebPage\",\"@id\":\"https:\/\/app-fortunica.com\/psychic-inspiration#webpage\",\"url\":\"https:\/\/app-fortunica.com\/psychic-inspiration\",\"name\":\"Physische Inspiration: welche Frage stellst du Beratern in fortunica?\",\"isPartOf\":{\"@id\":\"https:\/\/app-fortunica.com\/#website\"},\"primaryImageOfPage\":{\"@id\":\"https:\/\/app-fortunica.com\/psychic-inspiration#primaryimage\"},\"datePublished\":\"2017-06-06T15:34:52+00:00\",\"dateModified\":\"2023-04-06T11:54:34+00:00\",\"description\":\"Wie stellst du deine esoterische Frage, so dass du eine treffende Antwort von Beratern in fortunica mit Hilfe Tarot-Karten erh\\u00e4ltst?\",\"inLanguage\":\"de-DE\",\"potentialAction\":[{\"@type\":\"ReadAction\",\"target\":[\"https:\/\/app-fortunica.com\/psychic-inspiration\"]}]}]}<\/script>\n<!-- \/ Yoast SEO Premium plugin. -->","_links":{"self":[{"href":"https:\/\/app-fortunica.com\/de\/wp-json\/wp\/v2\/pages\/4363"}],"collection":[{"href":"https:\/\/app-fortunica.com\/de\/wp-json\/wp\/v2\/pages"}],"about":[{"href":"https:\/\/app-fortunica.com\/de\/wp-json\/wp\/v2\/types\/page"}],"author":[{"embeddable":true,"href":"https:\/\/app-fortunica.com\/de\/wp-json\/wp\/v2\/users\/34"}],"replies":[{"embeddable":true,"href":"https:\/\/app-fortunica.com\/de\/wp-json\/wp\/v2\/comments?post=4363"}],"version-history":[{"count":10,"href":"https:\/\/app-fortunica.com\/de\/wp-json\/wp\/v2\/pages\/4363\/revisions"}],"predecessor-version":[{"id":15460,"href":"https:\/\/app-fortunica.com\/de\/wp-json\/wp\/v2\/pages\/4363\/revisions\/15460"}],"wp:attachment":[{"href":"https:\/\/app-fortunica.com\/de\/wp-json\/wp\/v2\/media?parent=4363"}],"curies":[{"name":"wp","href":"https:\/\/api.w.org\/{rel}","templated":true}]}}