{"id":7642,"date":"2018-07-19T16:26:58","date_gmt":"2018-07-19T14:26:58","guid":{"rendered":"https:\/\/app-fortunica.com\/?page_id=7642"},"modified":"2024-01-15T16:27:53","modified_gmt":"2024-01-15T15:27:53","slug":"kartenlegen","status":"publish","type":"page","link":"https:\/\/app-fortunica.com\/de\/kartenlegen","title":{"rendered":"Kartenlegen"},"content":{"rendered":"<div id=\"cs-content\" class=\"cs-content\" ><div id=\"x-section-1\" class=\"x-section\" style=\"margin: 0px;padding: 45px 0px; background-color: hsl(0, 0%, 100%);\"  ><div class=\"x-container max width\" style=\"margin: 0px auto;padding: 0px;\"  ><\/div><\/div>\n<div class=\"e7642-3 x-section\" >\n      \n<div class=\"e7642-4 x-row x-container max width\" >\n  <div class=\"x-row-inner\">\n    \n<div class=\"e7642-5 x-col\" >\n    <div class=\"x-text\"  ><p style=\"text-align: left;\"><span style=\"font-size: 28px; color: black; font-weight: 900;\">Kartenlegen<\/span><br \/>\nKartenlegen ist der \u201eSpiegel der Seele\u201c. Die Karten gew\u00e4hren tiefe Einblicke in dein Inneres, deinen Charakter, deine \u00c4ngste und Erlebnisse, die dich unterbewusst besch\u00e4ftigen. Unabh\u00e4ngig vom Kartenlegen (das kann Tarot-, Lenormand-, Orakel- oder andere Karten sein), das dein*e Berater*in verwendet, kann er\/sie deinen Lebensweg aufzeigen \u2013 Vergangenheit, Gegenwart und Zukunft. In der Sitzung kannst du deine vollst\u00e4ndige Kartenlegung sehen und mithilfe des Beraters*in deuten. Das erfordert viel Erfahrung. Wir haben die besten Berater*innen f\u00fcr dich ausgew\u00e4hlt \u2013 sie helfen dir, dich selbst besser zu verstehen.<\/p>\n<p><strong>Geeignet, wenn du:<\/strong><\/p>\n<ul>\n<li>mehr \u00fcber deine Zukunft erfahren m\u00f6chtest<\/li>\n<li>Klarheit in Liebe suchen m\u00f6chtest<\/li>\n<li>einen Blick in dein Unterbewusstsein werfen m\u00f6chtest<\/li>\n<li>dich im Leben verloren f\u00fchlst<\/li>\n<\/ul>\n<p>Lade die App herunter und finde deinen idealen Beratern*in!<\/p>\n<p><a href=\"https:\/\/app.adjust.com\/qpwvg5_mcop4l\"><img decoding=\"async\" loading=\"lazy\" class=\"aligncenter wp-image-6710\" src=\"https:\/\/app-fortunica-content.s3.eu-central-1.amazonaws.com\/prod\/app\/uploads\/2018\/03\/button_gratis_herunterladen_9.jpg\" alt=\"\" width=\"400\" height=\"69\" srcset=\"https:\/\/app-fortunica-content.s3.eu-central-1.amazonaws.com\/prod\/app\/uploads\/2018\/03\/button_gratis_herunterladen_9.jpg 900w, https:\/\/app-fortunica-content.s3.eu-central-1.amazonaws.com\/prod\/app\/uploads\/2018\/03\/button_gratis_herunterladen_9-300x52.jpg 300w, https:\/\/app-fortunica-content.s3.eu-central-1.amazonaws.com\/prod\/app\/uploads\/2018\/03\/button_gratis_herunterladen_9-768x133.jpg 768w, https:\/\/app-fortunica-content.s3.eu-central-1.amazonaws.com\/prod\/app\/uploads\/2018\/03\/button_gratis_herunterladen_9-100x17.jpg 100w\" sizes=\"(max-width: 400px) 100vw, 400px\" \/><\/a><a href=\"https:\/\/app-fortunica.com\/de\/so-funktionierts\/\"><img decoding=\"async\" loading=\"lazy\" class=\"aligncenter wp-image-6718\" src=\"https:\/\/app-fortunica-content.s3.eu-central-1.amazonaws.com\/prod\/app\/uploads\/2018\/03\/button_So-funktioniert_9.jpg\" alt=\"\" width=\"400\" height=\"69\" srcset=\"https:\/\/app-fortunica-content.s3.eu-central-1.amazonaws.com\/prod\/app\/uploads\/2018\/03\/button_So-funktioniert_9.jpg 900w, https:\/\/app-fortunica-content.s3.eu-central-1.amazonaws.com\/prod\/app\/uploads\/2018\/03\/button_So-funktioniert_9-300x52.jpg 300w, https:\/\/app-fortunica-content.s3.eu-central-1.amazonaws.com\/prod\/app\/uploads\/2018\/03\/button_So-funktioniert_9-768x133.jpg 768w, https:\/\/app-fortunica-content.s3.eu-central-1.amazonaws.com\/prod\/app\/uploads\/2018\/03\/button_So-funktioniert_9-100x17.jpg 100w\" sizes=\"(max-width: 400px) 100vw, 400px\" \/><\/a><\/p>\n<\/div><\/div>\n\n<div class=\"e7642-7 x-col\" >\n    \n<span class=\"e7642-8 x-image\" >\n  <img alt=\"Image\" src=\"https:\/\/app-fortunica-content.s3.eu-central-1.amazonaws.com\/prod\/app\/uploads\/2021\/01\/content_only_in_app.gif\" width=\"379\" height=\"395\" >\n<\/span>\n<\/div>\n  <\/div>\n  <\/div>\n  <\/div>\n<\/div>\n","protected":false},"excerpt":{"rendered":"<p>Kartenlegen Kartenlegen ist der \u201eSpiegel der Seele\u201c. Die Karten gew\u00e4hren tiefe Einblicke in dein Inneres, deinen Charakter, deine \u00c4ngste und Erlebnisse, die dich unterbewusst besch\u00e4ftigen. Unabh\u00e4ngig vom Kartenlegen (das kann &#8230; <\/p>\n<div><a href=\"https:\/\/app-fortunica.com\/de\/kartenlegen\" class=\"more-link\">Weiterlesen<\/a><\/div>\n","protected":false},"author":28,"featured_media":0,"parent":0,"menu_order":0,"comment_status":"closed","ping_status":"closed","template":"template-blank-4.php","meta":[],"yoast_head":"<!-- This site is optimized with the Yoast SEO Premium plugin v15.2 - https:\/\/yoast.com\/wordpress\/plugins\/seo\/ -->\n<title>Kartenlegen Online<\/title>\n<meta name=\"description\" content=\"Hast du eine Frage, die dir auf dem Herzen liegt? Unsere erfahrenen Berater*innen stehen bereit, dir mit dem Online-Kartenlegen Klarheit zu verschaffen.\" \/>\n<meta name=\"robots\" content=\"index, follow, max-snippet:-1, max-image-preview:large, max-video-preview:-1\" \/>\n<link rel=\"canonical\" href=\"https:\/\/app-fortunica.com\/de\/kartenlegen\" \/>\n<meta property=\"og:locale\" content=\"de_DE\" \/>\n<meta property=\"og:type\" content=\"article\" \/>\n<meta property=\"og:title\" content=\"Kartenlegen Online\" \/>\n<meta property=\"og:description\" content=\"Hast du eine Frage, die dir auf dem Herzen liegt? Unsere erfahrenen Berater*innen stehen bereit, dir mit dem Online-Kartenlegen Klarheit zu verschaffen.\" \/>\n<meta property=\"og:url\" content=\"https:\/\/app-fortunica.com\/de\/kartenlegen\" \/>\n<meta property=\"og:site_name\" content=\"fortunica\" \/>\n<meta property=\"article:publisher\" content=\"https:\/\/www.facebook.com\/app.fortunica\/\" \/>\n<meta property=\"article:modified_time\" content=\"2024-01-15T15:27:53+00:00\" \/>\n<meta property=\"og:image\" content=\"https:\/\/app-fortunica.com\/app\/uploads\/2018\/03\/button_gratis_herunterladen_9.jpg\" \/>\n<meta name=\"twitter:card\" content=\"summary\" \/>\n<meta name=\"twitter:label1\" value=\"Verfasst von\">\n\t<meta name=\"twitter:data1\" value=\"Maria\">\n\t<meta name=\"twitter:label2\" value=\"Gesch\u00e4tzte Lesezeit\">\n\t<meta name=\"twitter:data2\" value=\"2 Minuten\">\n<script type=\"application\/ld+json\" class=\"yoast-schema-graph\">{\"@context\":\"https:\/\/schema.org\",\"@graph\":[{\"@type\":\"WebSite\",\"@id\":\"https:\/\/app-fortunica.com\/#website\",\"url\":\"https:\/\/app-fortunica.com\/\",\"name\":\"fortunica\",\"description\":\"The #1 App for you to Connect with Spiritual Advisors\",\"potentialAction\":[{\"@type\":\"SearchAction\",\"target\":\"https:\/\/app-fortunica.com\/?s={search_term_string}\",\"query-input\":\"required name=search_term_string\"}],\"inLanguage\":\"de-DE\"},{\"@type\":\"ImageObject\",\"@id\":\"https:\/\/app-fortunica.com\/de\/kartenlegen#primaryimage\",\"inLanguage\":\"de-DE\",\"url\":\"https:\/\/app-fortunica.com\/app\/uploads\/2018\/03\/button_gratis_herunterladen_9.jpg\"},{\"@type\":\"WebPage\",\"@id\":\"https:\/\/app-fortunica.com\/de\/kartenlegen#webpage\",\"url\":\"https:\/\/app-fortunica.com\/de\/kartenlegen\",\"name\":\"Kartenlegen Online\",\"isPartOf\":{\"@id\":\"https:\/\/app-fortunica.com\/#website\"},\"primaryImageOfPage\":{\"@id\":\"https:\/\/app-fortunica.com\/de\/kartenlegen#primaryimage\"},\"datePublished\":\"2018-07-19T14:26:58+00:00\",\"dateModified\":\"2024-01-15T15:27:53+00:00\",\"description\":\"Hast du eine Frage, die dir auf dem Herzen liegt? Unsere erfahrenen Berater*innen stehen bereit, dir mit dem Online-Kartenlegen Klarheit zu verschaffen.\",\"inLanguage\":\"de-DE\",\"potentialAction\":[{\"@type\":\"ReadAction\",\"target\":[\"https:\/\/app-fortunica.com\/de\/kartenlegen\"]}]}]}<\/script>\n<!-- \/ Yoast SEO Premium plugin. -->","_links":{"self":[{"href":"https:\/\/app-fortunica.com\/de\/wp-json\/wp\/v2\/pages\/7642"}],"collection":[{"href":"https:\/\/app-fortunica.com\/de\/wp-json\/wp\/v2\/pages"}],"about":[{"href":"https:\/\/app-fortunica.com\/de\/wp-json\/wp\/v2\/types\/page"}],"author":[{"embeddable":true,"href":"https:\/\/app-fortunica.com\/de\/wp-json\/wp\/v2\/users\/28"}],"replies":[{"embeddable":true,"href":"https:\/\/app-fortunica.com\/de\/wp-json\/wp\/v2\/comments?post=7642"}],"version-history":[{"count":9,"href":"https:\/\/app-fortunica.com\/de\/wp-json\/wp\/v2\/pages\/7642\/revisions"}],"predecessor-version":[{"id":17397,"href":"https:\/\/app-fortunica.com\/de\/wp-json\/wp\/v2\/pages\/7642\/revisions\/17397"}],"wp:attachment":[{"href":"https:\/\/app-fortunica.com\/de\/wp-json\/wp\/v2\/media?parent=7642"}],"curies":[{"name":"wp","href":"https:\/\/api.w.org\/{rel}","templated":true}]}}