{"id":11006,"date":"2021-06-25T11:36:50","date_gmt":"2021-06-25T09:36:50","guid":{"rendered":"https:\/\/app-fortunica.com?page_id=11006"},"modified":"2021-06-30T12:39:54","modified_gmt":"2021-06-30T10:39:54","slug":"articulos","status":"publish","type":"page","link":"https:\/\/app-fortunica.com\/es\/articulos","title":{"rendered":"Art\u00edculos"},"content":{"rendered":"\r\n\t\t<div class=\"bdp-post-grid-main bdp-design-1 bdpgrid-2 bdp-clearfix\">\t\t\t\r\n\t\t\t<div class=\"bdp-post-grid  bdp-medium-6 bdp-columns  bdp-first\">\t\t\r\n\t<div class=\"bdp-post-grid-content \">\r\n\t\t\t\t<div class=\"bdp-post-image-bg\">\r\n\t\t\t<a href=\"https:\/\/app-fortunica.com\/es\/espiritualidad\/por-que-es-tan-importante-la-aprobacion-de-los-demas\">\r\n\t\t\t\t<img src=\"https:\/\/app-fortunica-content.s3.eu-central-1.amazonaws.com\/prod\/app\/uploads\/2022\/12\/Blog-images-website-26.png\" alt=\"\u00bfPor qu\u00e9 es tan importante la aprobaci\u00f3n de los dem\u00e1s?\" \/>\r\n\t\t\t<\/a>\r\n\t\t<\/div>\r\n\t\t\t\t<div class=\"bdp-post-categories\">\r\n\t\t\t<a href=\"https:\/\/app-fortunica.com\/es\/category\/espiritualidad\">Espiritualidad<\/a>\t\t<\/div>\r\n\t\t\r\n\t\t<h2 class=\"bdp-post-title\">\r\n\t\t\t<a href=\"https:\/\/app-fortunica.com\/es\/espiritualidad\/por-que-es-tan-importante-la-aprobacion-de-los-demas\">\u00bfPor qu\u00e9 es tan importante la aprobaci\u00f3n de los dem\u00e1s?<\/a>\r\n\t\t<\/h2>\r\n\r\n\t\t\t\t\t<div class=\"bdp-post-content\">\r\n\t\t\t\t<div class=\"bdp-post-short-content\">\u00bfEres de las personas que necesita imperiosamente la aprobaci\u00f3n de los dem\u00e1s? Si tu respuesta es afirmativa, entonces necesitas leer este art\u00edculo. En mayor o menor orden, alguna vez hemos sentido el deseo de ser aceptad@s por las\u00a0 personas que son importantes en nuestras vidas, hemos buscado su reconocimiento y...<\/div>\r\n\t\t\t\t\t\t\t\t\t<a href=\"https:\/\/app-fortunica.com\/es\/espiritualidad\/por-que-es-tan-importante-la-aprobacion-de-los-demas\" class=\"bdp-readmorebtn\">Leer m\u00e1s<\/a>\r\n\t\t\t\t\t\t\t<\/div>\r\n\t\t\t<\/div>\r\n<\/div><div class=\"bdp-post-grid  bdp-medium-6 bdp-columns \">\t\t\r\n\t<div class=\"bdp-post-grid-content \">\r\n\t\t\t\t<div class=\"bdp-post-image-bg\">\r\n\t\t\t<a href=\"https:\/\/app-fortunica.com\/es\/espiritualidad\/significado-de-los-suenos-que-nos-revelan\">\r\n\t\t\t\t<img src=\"https:\/\/app-fortunica-content.s3.eu-central-1.amazonaws.com\/prod\/app\/uploads\/2022\/12\/Blog-images-website-24.png\" alt=\"Significado de los sue\u00f1os: \u00bfqu\u00e9 nos revelan?\" \/>\r\n\t\t\t<\/a>\r\n\t\t<\/div>\r\n\t\t\t\t<div class=\"bdp-post-categories\">\r\n\t\t\t<a href=\"https:\/\/app-fortunica.com\/es\/category\/espiritualidad\">Espiritualidad<\/a>\t\t<\/div>\r\n\t\t\r\n\t\t<h2 class=\"bdp-post-title\">\r\n\t\t\t<a href=\"https:\/\/app-fortunica.com\/es\/espiritualidad\/significado-de-los-suenos-que-nos-revelan\">Significado de los sue\u00f1os: \u00bfqu\u00e9 nos revelan?<\/a>\r\n\t\t<\/h2>\r\n\r\n\t\t\t\t\t<div class=\"bdp-post-content\">\r\n\t\t\t\t<div class=\"bdp-post-short-content\">\u00bfSab\u00edas que so\u00f1ar es abrir una puerta de tu mente? Los sue\u00f1os constituyen un mundo misterioso y fascinante donde las reglas de la vigilia no aplican. Sin embargo en tus sue\u00f1os encontrar\u00e1s las herramientas que deseas para descubrir e interpretar tu mundo interior, donde est\u00e1n tus esperanzas, ambiciones, deseos o...<\/div>\r\n\t\t\t\t\t\t\t\t\t<a href=\"https:\/\/app-fortunica.com\/es\/espiritualidad\/significado-de-los-suenos-que-nos-revelan\" class=\"bdp-readmorebtn\">Leer m\u00e1s<\/a>\r\n\t\t\t\t\t\t\t<\/div>\r\n\t\t\t<\/div>\r\n<\/div><div class=\"bdp-post-grid  bdp-medium-6 bdp-columns  bdp-first\">\t\t\r\n\t<div class=\"bdp-post-grid-content \">\r\n\t\t\t\t<div class=\"bdp-post-image-bg\">\r\n\t\t\t<a href=\"https:\/\/app-fortunica.com\/es\/consejos\/procrastinar-que-es-y-como-nos-afecta\">\r\n\t\t\t\t<img src=\"https:\/\/app-fortunica-content.s3.eu-central-1.amazonaws.com\/prod\/app\/uploads\/2022\/12\/Blog-images-website-23.png\" alt=\"Procrastinar: qu\u00e9 es y c\u00f3mo nos afecta.\" \/>\r\n\t\t\t<\/a>\r\n\t\t<\/div>\r\n\t\t\t\t<div class=\"bdp-post-categories\">\r\n\t\t\t<a href=\"https:\/\/app-fortunica.com\/es\/category\/consejos\">Consejos<\/a>\t\t<\/div>\r\n\t\t\r\n\t\t<h2 class=\"bdp-post-title\">\r\n\t\t\t<a href=\"https:\/\/app-fortunica.com\/es\/consejos\/procrastinar-que-es-y-como-nos-afecta\">Procrastinar: qu\u00e9 es y c\u00f3mo nos afecta.<\/a>\r\n\t\t<\/h2>\r\n\r\n\t\t\t\t\t<div class=\"bdp-post-content\">\r\n\t\t\t\t<div class=\"bdp-post-short-content\">\u00bfAlguna vez has pospuesto una acci\u00f3n o una tarea importante? \u00bfEn\u00a0alguna ocasi\u00f3n has ignorado tus obligaciones que tienes a tal punto\u00a0que te has olvidado de cumplirlas? Si has respondido de manera\u00a0afirmativa a alguna de estas dos preguntas, entonces t\u00fa tiendes a\u00a0procrastinar. La procrastinaci\u00f2n significa aplazamiento o retraso, es la acci\u00f3n...<\/div>\r\n\t\t\t\t\t\t\t\t\t<a href=\"https:\/\/app-fortunica.com\/es\/consejos\/procrastinar-que-es-y-como-nos-afecta\" class=\"bdp-readmorebtn\">Leer m\u00e1s<\/a>\r\n\t\t\t\t\t\t\t<\/div>\r\n\t\t\t<\/div>\r\n<\/div><div class=\"bdp-post-grid  bdp-medium-6 bdp-columns \">\t\t\r\n\t<div class=\"bdp-post-grid-content \">\r\n\t\t\t\t<div class=\"bdp-post-image-bg\">\r\n\t\t\t<a href=\"https:\/\/app-fortunica.com\/es\/espiritualidad\/la-magia-de-conectar-emocional-y-espiritualmente-con-el-la-otr\">\r\n\t\t\t\t<img src=\"https:\/\/app-fortunica-content.s3.eu-central-1.amazonaws.com\/prod\/app\/uploads\/2022\/11\/Blog-images-website-22.png\" alt=\"La magia de conectar emocional y espiritualmente con el\/la otr@\" \/>\r\n\t\t\t<\/a>\r\n\t\t<\/div>\r\n\t\t\t\t<div class=\"bdp-post-categories\">\r\n\t\t\t<a href=\"https:\/\/app-fortunica.com\/es\/category\/amor\">Amor<\/a> <a href=\"https:\/\/app-fortunica.com\/es\/category\/espiritualidad\">Espiritualidad<\/a>\t\t<\/div>\r\n\t\t\r\n\t\t<h2 class=\"bdp-post-title\">\r\n\t\t\t<a href=\"https:\/\/app-fortunica.com\/es\/espiritualidad\/la-magia-de-conectar-emocional-y-espiritualmente-con-el-la-otr\">La magia de conectar emocional y espiritualmente con el\/la otr@<\/a>\r\n\t\t<\/h2>\r\n\r\n\t\t\t\t\t<div class=\"bdp-post-content\">\r\n\t\t\t\t<div class=\"bdp-post-short-content\">Alguna vez te has preguntado \u00bfpor qu\u00e9 conectas emocional y espiritualmente con unas personas y con otras no? Es asombrosamente m\u00e1gico esa conexi\u00f3n que experimentamos con esas personas, de repente surge una s\u00ednton\u00eda profunda que involucra nuestra mente y nuestro coraz\u00f3n. Esa magia es gracias a esa afinidad espiritual y...<\/div>\r\n\t\t\t\t\t\t\t\t\t<a href=\"https:\/\/app-fortunica.com\/es\/espiritualidad\/la-magia-de-conectar-emocional-y-espiritualmente-con-el-la-otr\" class=\"bdp-readmorebtn\">Leer m\u00e1s<\/a>\r\n\t\t\t\t\t\t\t<\/div>\r\n\t\t\t<\/div>\r\n<\/div><div class=\"bdp-post-grid  bdp-medium-6 bdp-columns  bdp-first\">\t\t\r\n\t<div class=\"bdp-post-grid-content \">\r\n\t\t\t\t<div class=\"bdp-post-image-bg\">\r\n\t\t\t<a href=\"https:\/\/app-fortunica.com\/es\/espiritualidad\/el-oraculo-de-las-runas-y-como-puede-transformar-tu-vida\">\r\n\t\t\t\t<img src=\"https:\/\/app-fortunica-content.s3.eu-central-1.amazonaws.com\/prod\/app\/uploads\/2022\/11\/Blog-images-website-21.png\" alt=\"El or\u00e1culo de las runas y c\u00f3mo puede transformar tu vida\" \/>\r\n\t\t\t<\/a>\r\n\t\t<\/div>\r\n\t\t\t\t<div class=\"bdp-post-categories\">\r\n\t\t\t<a href=\"https:\/\/app-fortunica.com\/es\/category\/espiritualidad\">Espiritualidad<\/a> <a href=\"https:\/\/app-fortunica.com\/es\/category\/numerologia\">Numerolog\u00eda<\/a>\t\t<\/div>\r\n\t\t\r\n\t\t<h2 class=\"bdp-post-title\">\r\n\t\t\t<a href=\"https:\/\/app-fortunica.com\/es\/espiritualidad\/el-oraculo-de-las-runas-y-como-puede-transformar-tu-vida\">El or\u00e1culo de las runas y c\u00f3mo puede transformar tu vida<\/a>\r\n\t\t<\/h2>\r\n\r\n\t\t\t\t\t<div class=\"bdp-post-content\">\r\n\t\t\t\t<div class=\"bdp-post-short-content\">Las Runas son un or\u00e1culo de origen celta, y sirven al Guerrero Espiritual que habita dentro de ti, aquel cuya misi\u00f3n es la batalla para vencer al ego y su meta es su autotransformaci\u00f3n.\u00a0 A trav\u00e9s de las runas se expresa el Ser Superior quien mediante la conexi\u00f3n con tu...<\/div>\r\n\t\t\t\t\t\t\t\t\t<a href=\"https:\/\/app-fortunica.com\/es\/espiritualidad\/el-oraculo-de-las-runas-y-como-puede-transformar-tu-vida\" class=\"bdp-readmorebtn\">Leer m\u00e1s<\/a>\r\n\t\t\t\t\t\t\t<\/div>\r\n\t\t\t<\/div>\r\n<\/div><div class=\"bdp-post-grid  bdp-medium-6 bdp-columns \">\t\t\r\n\t<div class=\"bdp-post-grid-content \">\r\n\t\t\t\t<div class=\"bdp-post-image-bg\">\r\n\t\t\t<a href=\"https:\/\/app-fortunica.com\/es\/esoterismo\/tus-guias-espirituales-y-como-pedirles-ayuda\">\r\n\t\t\t\t<img src=\"https:\/\/app-fortunica-content.s3.eu-central-1.amazonaws.com\/prod\/app\/uploads\/2022\/11\/Blog-images-website-20.png\" alt=\"C\u00f3mo pedirles ayuda a tus gu\u00edas espirituales\" \/>\r\n\t\t\t<\/a>\r\n\t\t<\/div>\r\n\t\t\t\t<div class=\"bdp-post-categories\">\r\n\t\t\t<a href=\"https:\/\/app-fortunica.com\/es\/category\/esoterismo\">Esoterismo<\/a> <a href=\"https:\/\/app-fortunica.com\/es\/category\/espiritualidad\">Espiritualidad<\/a>\t\t<\/div>\r\n\t\t\r\n\t\t<h2 class=\"bdp-post-title\">\r\n\t\t\t<a href=\"https:\/\/app-fortunica.com\/es\/esoterismo\/tus-guias-espirituales-y-como-pedirles-ayuda\">C\u00f3mo pedirles ayuda a tus gu\u00edas espirituales<\/a>\r\n\t\t<\/h2>\r\n\r\n\t\t\t\t\t<div class=\"bdp-post-content\">\r\n\t\t\t\t<div class=\"bdp-post-short-content\">\u00bfTe gustar\u00eda conectarte con tus gu\u00edas espirituales, y recibir de ellos la luz del conocimiento? Sigue leyendo y aqu\u00ed te decimos c\u00f3mo conectar con el mundo espiritual. Cada uno de nosotros tiene gu\u00edas espirituales, seres con los que planeamos nuestra vida antes de la encarnaci\u00f3n. Ellos lo saben todo sobre...<\/div>\r\n\t\t\t\t\t\t\t\t\t<a href=\"https:\/\/app-fortunica.com\/es\/esoterismo\/tus-guias-espirituales-y-como-pedirles-ayuda\" class=\"bdp-readmorebtn\">Leer m\u00e1s<\/a>\r\n\t\t\t\t\t\t\t<\/div>\r\n\t\t\t<\/div>\r\n<\/div><div class=\"bdp-post-grid  bdp-medium-6 bdp-columns  bdp-first\">\t\t\r\n\t<div class=\"bdp-post-grid-content \">\r\n\t\t\t\t<div class=\"bdp-post-image-bg\">\r\n\t\t\t<a href=\"https:\/\/app-fortunica.com\/es\/espiritualidad\/mediumnidad-una-alternativa-de-reencuentro-para-sanar-heridas-del-pasado\">\r\n\t\t\t\t<img src=\"https:\/\/app-fortunica-content.s3.eu-central-1.amazonaws.com\/prod\/app\/uploads\/2022\/10\/Blog-images-website-19.png\" alt=\"Mediumnidad, una alternativa de reencuentro para sanar heridas del pasado\" \/>\r\n\t\t\t<\/a>\r\n\t\t<\/div>\r\n\t\t\t\t<div class=\"bdp-post-categories\">\r\n\t\t\t<a href=\"https:\/\/app-fortunica.com\/es\/category\/amor\">Amor<\/a> <a href=\"https:\/\/app-fortunica.com\/es\/category\/espiritualidad\">Espiritualidad<\/a>\t\t<\/div>\r\n\t\t\r\n\t\t<h2 class=\"bdp-post-title\">\r\n\t\t\t<a href=\"https:\/\/app-fortunica.com\/es\/espiritualidad\/mediumnidad-una-alternativa-de-reencuentro-para-sanar-heridas-del-pasado\">Mediumnidad, una alternativa de reencuentro para sanar heridas del pasado<\/a>\r\n\t\t<\/h2>\r\n\r\n\t\t\t\t\t<div class=\"bdp-post-content\">\r\n\t\t\t\t<div class=\"bdp-post-short-content\">\u00bfSab\u00edas que la mediumnidad es un puente que te conecta con tu mundo espiritual y puede desencadenar en ti un profundo despertar de tu alma? La mediumnidad se basa en verdaderas aptitudes ps\u00edquicas para poder observar el sorprendente mundo espiritual y hacerte part\u00edcipe de las esperanzas, sentimientos y motivaciones de...<\/div>\r\n\t\t\t\t\t\t\t\t\t<a href=\"https:\/\/app-fortunica.com\/es\/espiritualidad\/mediumnidad-una-alternativa-de-reencuentro-para-sanar-heridas-del-pasado\" class=\"bdp-readmorebtn\">Leer m\u00e1s<\/a>\r\n\t\t\t\t\t\t\t<\/div>\r\n\t\t\t<\/div>\r\n<\/div><div class=\"bdp-post-grid  bdp-medium-6 bdp-columns \">\t\t\r\n\t<div class=\"bdp-post-grid-content \">\r\n\t\t\t\t<div class=\"bdp-post-image-bg\">\r\n\t\t\t<a href=\"https:\/\/app-fortunica.com\/es\/esoterismo\/el-equilibrio-de-tus-chakras\">\r\n\t\t\t\t<img src=\"https:\/\/app-fortunica-content.s3.eu-central-1.amazonaws.com\/prod\/app\/uploads\/2022\/09\/Blog-images-website-18.png\" alt=\"El equilibrio de tus chakras\" \/>\r\n\t\t\t<\/a>\r\n\t\t<\/div>\r\n\t\t\t\t<div class=\"bdp-post-categories\">\r\n\t\t\t<a href=\"https:\/\/app-fortunica.com\/es\/category\/esoterismo\">Esoterismo<\/a> <a href=\"https:\/\/app-fortunica.com\/es\/category\/espiritualidad\">Espiritualidad<\/a>\t\t<\/div>\r\n\t\t\r\n\t\t<h2 class=\"bdp-post-title\">\r\n\t\t\t<a href=\"https:\/\/app-fortunica.com\/es\/esoterismo\/el-equilibrio-de-tus-chakras\">El equilibrio de tus chakras<\/a>\r\n\t\t<\/h2>\r\n\r\n\t\t\t\t\t<div class=\"bdp-post-content\">\r\n\t\t\t\t<div class=\"bdp-post-short-content\">\u00bfSab\u00edas que tus chakras se corresponden con tu sistema end\u00f3crino y\u00a0a trav\u00e9s de \u00e9stos se realiza el intercambio energ\u00e9tico de tu cuerpo f\u00edsico o sistema org\u00e1nico? Son siete (7) los chakras a los cuales debemos dedicarle total atenci\u00f3n y un continuo trabajo de armonizaci\u00f3n, estos son: Sahasrara, Ajna, Vishuda, Anahata,...<\/div>\r\n\t\t\t\t\t\t\t\t\t<a href=\"https:\/\/app-fortunica.com\/es\/esoterismo\/el-equilibrio-de-tus-chakras\" class=\"bdp-readmorebtn\">Leer m\u00e1s<\/a>\r\n\t\t\t\t\t\t\t<\/div>\r\n\t\t\t<\/div>\r\n<\/div><div class=\"bdp-post-grid  bdp-medium-6 bdp-columns  bdp-first\">\t\t\r\n\t<div class=\"bdp-post-grid-content \">\r\n\t\t\t\t<div class=\"bdp-post-image-bg\">\r\n\t\t\t<a href=\"https:\/\/app-fortunica.com\/es\/tarot-blog-es\/como-salir-de-tu-rutina\">\r\n\t\t\t\t<img src=\"https:\/\/app-fortunica-content.s3.eu-central-1.amazonaws.com\/prod\/app\/uploads\/2022\/09\/Blog-images-website-17.png\" alt=\"C\u00f3mo salir de tu rutina\" \/>\r\n\t\t\t<\/a>\r\n\t\t<\/div>\r\n\t\t\t\t<div class=\"bdp-post-categories\">\r\n\t\t\t<a href=\"https:\/\/app-fortunica.com\/es\/category\/consejos\">Consejos<\/a> <a href=\"https:\/\/app-fortunica.com\/es\/category\/tarot-blog-es\">Tarot<\/a>\t\t<\/div>\r\n\t\t\r\n\t\t<h2 class=\"bdp-post-title\">\r\n\t\t\t<a href=\"https:\/\/app-fortunica.com\/es\/tarot-blog-es\/como-salir-de-tu-rutina\">C\u00f3mo salir de tu rutina<\/a>\r\n\t\t<\/h2>\r\n\r\n\t\t\t\t\t<div class=\"bdp-post-content\">\r\n\t\t\t\t<div class=\"bdp-post-short-content\">\u00bfTe sientes cansad@ de tu rutina? Sigue leyendo que aqu\u00ed encontrar\u00e1s tres recomendaciones para no sentirte agobiado o triste con tu rutina. Para salir de tu rutina es importante que busques nuevas situaciones, personas, relaciones o lugares que te inspiren, te motiven y despierten tus inquietudes. Igualmente, es necesario que...<\/div>\r\n\t\t\t\t\t\t\t\t\t<a href=\"https:\/\/app-fortunica.com\/es\/tarot-blog-es\/como-salir-de-tu-rutina\" class=\"bdp-readmorebtn\">Leer m\u00e1s<\/a>\r\n\t\t\t\t\t\t\t<\/div>\r\n\t\t\t<\/div>\r\n<\/div><div class=\"bdp-post-grid  bdp-medium-6 bdp-columns \">\t\t\r\n\t<div class=\"bdp-post-grid-content \">\r\n\t\t\t\t<div class=\"bdp-post-image-bg\">\r\n\t\t\t<a href=\"https:\/\/app-fortunica.com\/es\/tarot-blog-es\/como-preguntar-en-una-lectura-de-tarot\">\r\n\t\t\t\t<img src=\"https:\/\/app-fortunica-content.s3.eu-central-1.amazonaws.com\/prod\/app\/uploads\/2022\/09\/Blog-images-website-16-1.png\" alt=\"C\u00f3mo preguntar en una lectura de tarot\" \/>\r\n\t\t\t<\/a>\r\n\t\t<\/div>\r\n\t\t\t\t<div class=\"bdp-post-categories\">\r\n\t\t\t<a href=\"https:\/\/app-fortunica.com\/es\/category\/consejos\">Consejos<\/a> <a href=\"https:\/\/app-fortunica.com\/es\/category\/tarot-blog-es\">Tarot<\/a>\t\t<\/div>\r\n\t\t\r\n\t\t<h2 class=\"bdp-post-title\">\r\n\t\t\t<a href=\"https:\/\/app-fortunica.com\/es\/tarot-blog-es\/como-preguntar-en-una-lectura-de-tarot\">C\u00f3mo preguntar en una lectura de tarot<\/a>\r\n\t\t<\/h2>\r\n\r\n\t\t\t\t\t<div class=\"bdp-post-content\">\r\n\t\t\t\t<div class=\"bdp-post-short-content\">Si deseas obtener las respuestas que buscas en una lectura es importante que aprendas a hacer preguntas al tarot. Las respuestas del tarot siempre nos ayudar\u00e1n y nos orientar\u00e1n de\u00a0forma que podamos elegir nuestro mejor camino, pero a menudo puede suceder que la respuesta no sea lo suficientemente satisfactoria, debido...<\/div>\r\n\t\t\t\t\t\t\t\t\t<a href=\"https:\/\/app-fortunica.com\/es\/tarot-blog-es\/como-preguntar-en-una-lectura-de-tarot\" class=\"bdp-readmorebtn\">Leer m\u00e1s<\/a>\r\n\t\t\t\t\t\t\t<\/div>\r\n\t\t\t<\/div>\r\n<\/div>\t\t<\/div>\r\n\r\n\t\t\t\t\t<div class=\"bdp-post-pagination bdp-clearfix\">\r\n\t\t\t\t<span aria-current=\"page\" class=\"page-numbers current\">1<\/span>\n<a class=\"page-numbers\" href=\"https:\/\/app-fortunica.com\/es\/wp-json\/wp\/v2\/pages\/11006\/page\/2\">2<\/a>\n<a class=\"page-numbers\" href=\"https:\/\/app-fortunica.com\/es\/wp-json\/wp\/v2\/pages\/11006\/page\/3\">3<\/a>\n<span class=\"page-numbers dots\">&hellip;<\/span>\n<a class=\"page-numbers\" href=\"https:\/\/app-fortunica.com\/es\/wp-json\/wp\/v2\/pages\/11006\/page\/12\">12<\/a>\n<a class=\"next page-numbers\" href=\"https:\/\/app-fortunica.com\/es\/wp-json\/wp\/v2\/pages\/11006\/page\/2\">Leer m\u00e1s \u00bb &raquo;<\/a>\t\t\t<\/div>\r\n\t\t\n","protected":false},"excerpt":{"rendered":"","protected":false},"author":34,"featured_media":0,"parent":0,"menu_order":0,"comment_status":"closed","ping_status":"closed","template":"","meta":[],"yoast_head":"<!-- This site is optimized with the Yoast SEO Premium plugin v15.2 - https:\/\/yoast.com\/wordpress\/plugins\/seo\/ -->\n<title>Art\u00edculos - fortunica<\/title>\n<meta name=\"robots\" content=\"index, follow, max-snippet:-1, max-image-preview:large, max-video-preview:-1\" \/>\n<link rel=\"canonical\" href=\"https:\/\/app-fortunica.com\/es\/articulos\" \/>\n<meta property=\"og:locale\" content=\"es_ES\" \/>\n<meta property=\"og:type\" content=\"article\" \/>\n<meta property=\"og:title\" content=\"Art\u00edculos - fortunica\" \/>\n<meta property=\"og:url\" content=\"https:\/\/app-fortunica.com\/es\/articulos\" \/>\n<meta property=\"og:site_name\" content=\"fortunica\" \/>\n<meta property=\"article:publisher\" content=\"https:\/\/www.facebook.com\/app.fortunica\/\" \/>\n<meta property=\"article:modified_time\" content=\"2021-06-30T10:39:54+00:00\" \/>\n<meta name=\"twitter:card\" content=\"summary\" \/>\n<meta name=\"twitter:label1\" value=\"Escrito por\">\n\t<meta name=\"twitter:data1\" value=\"advisor managers\">\n\t<meta name=\"twitter:label2\" value=\"Tiempo de lectura\">\n\t<meta name=\"twitter:data2\" value=\"0 minutos\">\n<script type=\"application\/ld+json\" class=\"yoast-schema-graph\">{\"@context\":\"https:\/\/schema.org\",\"@graph\":[{\"@type\":\"WebSite\",\"@id\":\"https:\/\/app-fortunica.com\/#website\",\"url\":\"https:\/\/app-fortunica.com\/\",\"name\":\"fortunica\",\"description\":\"The #1 App for you to Connect with Spiritual Advisors\",\"potentialAction\":[{\"@type\":\"SearchAction\",\"target\":\"https:\/\/app-fortunica.com\/?s={search_term_string}\",\"query-input\":\"required name=search_term_string\"}],\"inLanguage\":\"es\"},{\"@type\":\"WebPage\",\"@id\":\"https:\/\/app-fortunica.com\/es\/articulos#webpage\",\"url\":\"https:\/\/app-fortunica.com\/es\/articulos\",\"name\":\"Art\\u00edculos - fortunica\",\"isPartOf\":{\"@id\":\"https:\/\/app-fortunica.com\/#website\"},\"datePublished\":\"2021-06-25T09:36:50+00:00\",\"dateModified\":\"2021-06-30T10:39:54+00:00\",\"inLanguage\":\"es\",\"potentialAction\":[{\"@type\":\"ReadAction\",\"target\":[\"https:\/\/app-fortunica.com\/es\/articulos\"]}]}]}<\/script>\n<!-- \/ Yoast SEO Premium plugin. -->","_links":{"self":[{"href":"https:\/\/app-fortunica.com\/es\/wp-json\/wp\/v2\/pages\/11006"}],"collection":[{"href":"https:\/\/app-fortunica.com\/es\/wp-json\/wp\/v2\/pages"}],"about":[{"href":"https:\/\/app-fortunica.com\/es\/wp-json\/wp\/v2\/types\/page"}],"author":[{"embeddable":true,"href":"https:\/\/app-fortunica.com\/es\/wp-json\/wp\/v2\/users\/34"}],"replies":[{"embeddable":true,"href":"https:\/\/app-fortunica.com\/es\/wp-json\/wp\/v2\/comments?post=11006"}],"version-history":[{"count":4,"href":"https:\/\/app-fortunica.com\/es\/wp-json\/wp\/v2\/pages\/11006\/revisions"}],"predecessor-version":[{"id":11159,"href":"https:\/\/app-fortunica.com\/es\/wp-json\/wp\/v2\/pages\/11006\/revisions\/11159"}],"wp:attachment":[{"href":"https:\/\/app-fortunica.com\/es\/wp-json\/wp\/v2\/media?parent=11006"}],"curies":[{"name":"wp","href":"https:\/\/api.w.org\/{rel}","templated":true}]}}