{"id":14186,"date":"2022-07-28T12:30:26","date_gmt":"2022-07-28T10:30:26","guid":{"rendered":"https:\/\/app-fortunica.com?page_id=14186"},"modified":"2023-08-14T12:32:10","modified_gmt":"2023-08-14T10:32:10","slug":"compatibilidad-de-amor","status":"publish","type":"page","link":"https:\/\/app-fortunica.com\/es\/compatibilidad-de-amor","title":{"rendered":"Compatibilidad de amor"},"content":{"rendered":"","protected":false},"excerpt":{"rendered":"","protected":false},"author":34,"featured_media":14401,"parent":0,"menu_order":0,"comment_status":"closed","ping_status":"closed","template":"template-sbp.php","meta":[],"yoast_head":"<!-- This site is optimized with the Yoast SEO Premium plugin v15.2 - https:\/\/yoast.com\/wordpress\/plugins\/seo\/ -->\n<title>Compatibilidad de amor - fortunica<\/title>\n<meta name=\"description\" content=\"\u00bfEst\u00e1s enamorado de alguien? Antes de dar el primer paso, obt\u00e9n una lectura de Compatibilidad de Amor. Inf\u00f3rmate sobre tu vida amorosa y tus futuras relaciones con asesores reales.\" \/>\n<meta name=\"robots\" content=\"index, follow, max-snippet:-1, max-image-preview:large, max-video-preview:-1\" \/>\n<link rel=\"canonical\" href=\"https:\/\/app-fortunica.com\/es\/compatibilidad-de-amor\" \/>\n<meta property=\"og:locale\" content=\"es_ES\" \/>\n<meta property=\"og:type\" content=\"article\" \/>\n<meta property=\"og:title\" content=\"Compatibilidad de amor - fortunica\" \/>\n<meta property=\"og:description\" content=\"\u00bfEst\u00e1s enamorado de alguien? Antes de dar el primer paso, obt\u00e9n una lectura de Compatibilidad de Amor. Inf\u00f3rmate sobre tu vida amorosa y tus futuras relaciones con asesores reales.\" \/>\n<meta property=\"og:url\" content=\"https:\/\/app-fortunica.com\/es\/compatibilidad-de-amor\" \/>\n<meta property=\"og:site_name\" content=\"fortunica\" \/>\n<meta property=\"article:publisher\" content=\"https:\/\/www.facebook.com\/app.fortunica\/\" \/>\n<meta property=\"article:modified_time\" content=\"2023-08-14T10:32:10+00:00\" \/>\n<meta property=\"og:image\" content=\"https:\/\/app-fortunica-content.s3.eu-central-1.amazonaws.com\/prod\/app\/uploads\/2022\/09\/image-20220921-115021-1.png\" \/>\n\t<meta property=\"og:image:width\" content=\"1200\" \/>\n\t<meta property=\"og:image:height\" content=\"600\" \/>\n<meta name=\"twitter:card\" content=\"summary\" \/>\n<meta name=\"twitter:image\" content=\"https:\/\/app-fortunica-content.s3.eu-central-1.amazonaws.com\/prod\/app\/uploads\/2022\/09\/image-20220921-115021-1.png\" \/>\n<meta name=\"twitter:label1\" value=\"Escrito por\">\n\t<meta name=\"twitter:data1\" value=\"advisor managers\">\n<script type=\"application\/ld+json\" class=\"yoast-schema-graph\">{\"@context\":\"https:\/\/schema.org\",\"@graph\":[{\"@type\":\"WebSite\",\"@id\":\"https:\/\/app-fortunica.com\/#website\",\"url\":\"https:\/\/app-fortunica.com\/\",\"name\":\"fortunica\",\"description\":\"The #1 App for you to Connect with Spiritual Advisors\",\"potentialAction\":[{\"@type\":\"SearchAction\",\"target\":\"https:\/\/app-fortunica.com\/?s={search_term_string}\",\"query-input\":\"required name=search_term_string\"}],\"inLanguage\":\"es\"},{\"@type\":\"ImageObject\",\"@id\":\"https:\/\/app-fortunica.com\/es\/compatibilidad-de-amor#primaryimage\",\"inLanguage\":\"es\",\"url\":\"https:\/\/app-fortunica-content.s3.eu-central-1.amazonaws.com\/prod\/app\/uploads\/2022\/09\/love-crush_header.png\",\"width\":1500,\"height\":750},{\"@type\":\"WebPage\",\"@id\":\"https:\/\/app-fortunica.com\/es\/compatibilidad-de-amor#webpage\",\"url\":\"https:\/\/app-fortunica.com\/es\/compatibilidad-de-amor\",\"name\":\"Compatibilidad de amor - fortunica\",\"isPartOf\":{\"@id\":\"https:\/\/app-fortunica.com\/#website\"},\"primaryImageOfPage\":{\"@id\":\"https:\/\/app-fortunica.com\/es\/compatibilidad-de-amor#primaryimage\"},\"datePublished\":\"2022-07-28T10:30:26+00:00\",\"dateModified\":\"2023-08-14T10:32:10+00:00\",\"description\":\"\\u00bfEst\\u00e1s enamorado de alguien? Antes de dar el primer paso, obt\\u00e9n una lectura de Compatibilidad de Amor. Inf\\u00f3rmate sobre tu vida amorosa y tus futuras relaciones con asesores reales.\",\"inLanguage\":\"es\",\"potentialAction\":[{\"@type\":\"ReadAction\",\"target\":[\"https:\/\/app-fortunica.com\/es\/compatibilidad-de-amor\"]}]}]}<\/script>\n<!-- \/ Yoast SEO Premium plugin. -->","_links":{"self":[{"href":"https:\/\/app-fortunica.com\/es\/wp-json\/wp\/v2\/pages\/14186"}],"collection":[{"href":"https:\/\/app-fortunica.com\/es\/wp-json\/wp\/v2\/pages"}],"about":[{"href":"https:\/\/app-fortunica.com\/es\/wp-json\/wp\/v2\/types\/page"}],"author":[{"embeddable":true,"href":"https:\/\/app-fortunica.com\/es\/wp-json\/wp\/v2\/users\/34"}],"replies":[{"embeddable":true,"href":"https:\/\/app-fortunica.com\/es\/wp-json\/wp\/v2\/comments?post=14186"}],"version-history":[{"count":2,"href":"https:\/\/app-fortunica.com\/es\/wp-json\/wp\/v2\/pages\/14186\/revisions"}],"predecessor-version":[{"id":14395,"href":"https:\/\/app-fortunica.com\/es\/wp-json\/wp\/v2\/pages\/14186\/revisions\/14395"}],"wp:featuredmedia":[{"embeddable":true,"href":"https:\/\/app-fortunica.com\/es\/wp-json\/wp\/v2\/media\/14401"}],"wp:attachment":[{"href":"https:\/\/app-fortunica.com\/es\/wp-json\/wp\/v2\/media?parent=14186"}],"curies":[{"name":"wp","href":"https:\/\/api.w.org\/{rel}","templated":true}]}}