{"id":14957,"date":"2023-01-11T09:53:39","date_gmt":"2023-01-11T08:53:39","guid":{"rendered":"https:\/\/app-fortunica.com?page_id=14957"},"modified":"2023-08-14T12:33:35","modified_gmt":"2023-08-14T10:33:35","slug":"lectura-360","status":"publish","type":"page","link":"https:\/\/app-fortunica.com\/es\/lectura-360","title":{"rendered":"Lectura 360\u00b0"},"content":{"rendered":"","protected":false},"excerpt":{"rendered":"","protected":false},"author":34,"featured_media":0,"parent":0,"menu_order":0,"comment_status":"closed","ping_status":"closed","template":"templates\/360-reading.php","meta":[],"yoast_head":"<!-- This site is optimized with the Yoast SEO Premium plugin v15.2 - https:\/\/yoast.com\/wordpress\/plugins\/seo\/ -->\n<title>Lectura 360\u00b0 - fortunica<\/title>\n<meta name=\"description\" content=\"Obt\u00e9n un panorama general de tu vida con una Lectura 360\u00b0. Con\u00e9ctate con los mejores ps\u00edquicos online y obt\u00e9n una previsi\u00f3n completa con consejos para cada \u00e1rea de tu vida.\" \/>\n<meta name=\"robots\" content=\"index, follow, max-snippet:-1, max-image-preview:large, max-video-preview:-1\" \/>\n<link rel=\"canonical\" href=\"https:\/\/app-fortunica.com\/es\/lectura-360\" \/>\n<meta property=\"og:locale\" content=\"es_ES\" \/>\n<meta property=\"og:type\" content=\"article\" \/>\n<meta property=\"og:title\" content=\"Lectura 360\u00b0 - fortunica\" \/>\n<meta property=\"og:description\" content=\"Obt\u00e9n un panorama general de tu vida con una Lectura 360\u00b0. Con\u00e9ctate con los mejores ps\u00edquicos online y obt\u00e9n una previsi\u00f3n completa con consejos para cada \u00e1rea de tu vida.\" \/>\n<meta property=\"og:url\" content=\"https:\/\/app-fortunica.com\/es\/lectura-360\" \/>\n<meta property=\"og:site_name\" content=\"fortunica\" \/>\n<meta property=\"article:publisher\" content=\"https:\/\/www.facebook.com\/app.fortunica\/\" \/>\n<meta property=\"article:modified_time\" content=\"2023-08-14T10:33:35+00:00\" \/>\n<meta name=\"twitter:card\" content=\"summary\" \/>\n<meta name=\"twitter:label1\" value=\"Escrito por\">\n\t<meta name=\"twitter:data1\" value=\"advisor managers\">\n<script type=\"application\/ld+json\" class=\"yoast-schema-graph\">{\"@context\":\"https:\/\/schema.org\",\"@graph\":[{\"@type\":\"WebSite\",\"@id\":\"https:\/\/app-fortunica.com\/#website\",\"url\":\"https:\/\/app-fortunica.com\/\",\"name\":\"fortunica\",\"description\":\"The #1 App for you to Connect with Spiritual Advisors\",\"potentialAction\":[{\"@type\":\"SearchAction\",\"target\":\"https:\/\/app-fortunica.com\/?s={search_term_string}\",\"query-input\":\"required name=search_term_string\"}],\"inLanguage\":\"es\"},{\"@type\":\"WebPage\",\"@id\":\"https:\/\/app-fortunica.com\/es\/lectura-360#webpage\",\"url\":\"https:\/\/app-fortunica.com\/es\/lectura-360\",\"name\":\"Lectura 360\\u00b0 - fortunica\",\"isPartOf\":{\"@id\":\"https:\/\/app-fortunica.com\/#website\"},\"datePublished\":\"2023-01-11T08:53:39+00:00\",\"dateModified\":\"2023-08-14T10:33:35+00:00\",\"description\":\"Obt\\u00e9n un panorama general de tu vida con una Lectura 360\\u00b0. Con\\u00e9ctate con los mejores ps\\u00edquicos online y obt\\u00e9n una previsi\\u00f3n completa con consejos para cada \\u00e1rea de tu vida.\",\"inLanguage\":\"es\",\"potentialAction\":[{\"@type\":\"ReadAction\",\"target\":[\"https:\/\/app-fortunica.com\/es\/lectura-360\"]}]}]}<\/script>\n<!-- \/ Yoast SEO Premium plugin. -->","_links":{"self":[{"href":"https:\/\/app-fortunica.com\/es\/wp-json\/wp\/v2\/pages\/14957"}],"collection":[{"href":"https:\/\/app-fortunica.com\/es\/wp-json\/wp\/v2\/pages"}],"about":[{"href":"https:\/\/app-fortunica.com\/es\/wp-json\/wp\/v2\/types\/page"}],"author":[{"embeddable":true,"href":"https:\/\/app-fortunica.com\/es\/wp-json\/wp\/v2\/users\/34"}],"replies":[{"embeddable":true,"href":"https:\/\/app-fortunica.com\/es\/wp-json\/wp\/v2\/comments?post=14957"}],"version-history":[{"count":1,"href":"https:\/\/app-fortunica.com\/es\/wp-json\/wp\/v2\/pages\/14957\/revisions"}],"predecessor-version":[{"id":14958,"href":"https:\/\/app-fortunica.com\/es\/wp-json\/wp\/v2\/pages\/14957\/revisions\/14958"}],"wp:attachment":[{"href":"https:\/\/app-fortunica.com\/es\/wp-json\/wp\/v2\/media?parent=14957"}],"curies":[{"name":"wp","href":"https:\/\/api.w.org\/{rel}","templated":true}]}}