{"id":15352,"date":"2023-03-21T14:38:09","date_gmt":"2023-03-21T13:38:09","guid":{"rendered":"https:\/\/app-fortunica.com?page_id=15352"},"modified":"2023-08-14T17:16:07","modified_gmt":"2023-08-14T15:16:07","slug":"sesion-de-ritual","status":"publish","type":"page","link":"https:\/\/app-fortunica.com\/es\/sesion-de-ritual","title":{"rendered":"Sesi\u00f3n de Ritual"},"content":{"rendered":"","protected":false},"excerpt":{"rendered":"","protected":false},"author":34,"featured_media":0,"parent":0,"menu_order":0,"comment_status":"closed","ping_status":"closed","template":"templates\/ritual.php","meta":[],"yoast_head":"<!-- This site is optimized with the Yoast SEO Premium plugin v15.2 - https:\/\/yoast.com\/wordpress\/plugins\/seo\/ -->\n<title>Sesi\u00f3n de Ritual - fortunica<\/title>\n<meta name=\"description\" content=\"\u00bfEst\u00e1s buscando amor, \u00e9xito o algo m\u00e1s? \u00a1Realiza una Sesi\u00f3n de Ritual con un consultor experto ahora! \u00a1\u00c9l te ayudar\u00e1 a canalizar tus intenciones y energ\u00edas!\" \/>\n<meta name=\"robots\" content=\"index, follow, max-snippet:-1, max-image-preview:large, max-video-preview:-1\" \/>\n<link rel=\"canonical\" href=\"https:\/\/app-fortunica.com\/es\/sesion-de-ritual\" \/>\n<meta property=\"og:locale\" content=\"es_ES\" \/>\n<meta property=\"og:type\" content=\"article\" \/>\n<meta property=\"og:title\" content=\"Sesi\u00f3n de Ritual - fortunica\" \/>\n<meta property=\"og:description\" content=\"\u00bfEst\u00e1s buscando amor, \u00e9xito o algo m\u00e1s? \u00a1Realiza una Sesi\u00f3n de Ritual con un consultor experto ahora! \u00a1\u00c9l te ayudar\u00e1 a canalizar tus intenciones y energ\u00edas!\" \/>\n<meta property=\"og:url\" content=\"https:\/\/app-fortunica.com\/es\/sesion-de-ritual\" \/>\n<meta property=\"og:site_name\" content=\"fortunica\" \/>\n<meta property=\"article:publisher\" content=\"https:\/\/www.facebook.com\/app.fortunica\/\" \/>\n<meta property=\"article:modified_time\" content=\"2023-08-14T15:16:07+00:00\" \/>\n<meta name=\"twitter:card\" content=\"summary\" \/>\n<meta name=\"twitter:label1\" value=\"Escrito por\">\n\t<meta name=\"twitter:data1\" value=\"advisor managers\">\n<script type=\"application\/ld+json\" class=\"yoast-schema-graph\">{\"@context\":\"https:\/\/schema.org\",\"@graph\":[{\"@type\":\"WebSite\",\"@id\":\"https:\/\/app-fortunica.com\/#website\",\"url\":\"https:\/\/app-fortunica.com\/\",\"name\":\"fortunica\",\"description\":\"The #1 App for you to Connect with Spiritual Advisors\",\"potentialAction\":[{\"@type\":\"SearchAction\",\"target\":\"https:\/\/app-fortunica.com\/?s={search_term_string}\",\"query-input\":\"required name=search_term_string\"}],\"inLanguage\":\"es\"},{\"@type\":\"WebPage\",\"@id\":\"https:\/\/app-fortunica.com\/es\/sesion-de-ritual#webpage\",\"url\":\"https:\/\/app-fortunica.com\/es\/sesion-de-ritual\",\"name\":\"Sesi\\u00f3n de Ritual - fortunica\",\"isPartOf\":{\"@id\":\"https:\/\/app-fortunica.com\/#website\"},\"datePublished\":\"2023-03-21T13:38:09+00:00\",\"dateModified\":\"2023-08-14T15:16:07+00:00\",\"description\":\"\\u00bfEst\\u00e1s buscando amor, \\u00e9xito o algo m\\u00e1s? \\u00a1Realiza una Sesi\\u00f3n de Ritual con un consultor experto ahora! \\u00a1\\u00c9l te ayudar\\u00e1 a canalizar tus intenciones y energ\\u00edas!\",\"inLanguage\":\"es\",\"potentialAction\":[{\"@type\":\"ReadAction\",\"target\":[\"https:\/\/app-fortunica.com\/es\/sesion-de-ritual\"]}]}]}<\/script>\n<!-- \/ Yoast SEO Premium plugin. -->","_links":{"self":[{"href":"https:\/\/app-fortunica.com\/es\/wp-json\/wp\/v2\/pages\/15352"}],"collection":[{"href":"https:\/\/app-fortunica.com\/es\/wp-json\/wp\/v2\/pages"}],"about":[{"href":"https:\/\/app-fortunica.com\/es\/wp-json\/wp\/v2\/types\/page"}],"author":[{"embeddable":true,"href":"https:\/\/app-fortunica.com\/es\/wp-json\/wp\/v2\/users\/34"}],"replies":[{"embeddable":true,"href":"https:\/\/app-fortunica.com\/es\/wp-json\/wp\/v2\/comments?post=15352"}],"version-history":[{"count":1,"href":"https:\/\/app-fortunica.com\/es\/wp-json\/wp\/v2\/pages\/15352\/revisions"}],"predecessor-version":[{"id":15353,"href":"https:\/\/app-fortunica.com\/es\/wp-json\/wp\/v2\/pages\/15352\/revisions\/15353"}],"wp:attachment":[{"href":"https:\/\/app-fortunica.com\/es\/wp-json\/wp\/v2\/media?parent=15352"}],"curies":[{"name":"wp","href":"https:\/\/api.w.org\/{rel}","templated":true}]}}