{"id":16714,"date":"2023-10-03T16:21:43","date_gmt":"2023-10-03T14:21:43","guid":{"rendered":"https:\/\/app-fortunica.com?page_id=16714"},"modified":"2023-10-05T20:08:19","modified_gmt":"2023-10-05T18:08:19","slug":"horoscopos","status":"publish","type":"page","link":"https:\/\/app-fortunica.com\/es\/horoscopos","title":{"rendered":"Hor\u00f3scopos"},"content":{"rendered":"<div id=\"cs-content\" class=\"cs-content\" >\n<div class=\"e16714-1 x-section\" >\n      \n<div class=\"e16714-2 x-row x-container max width\" >\n  <div class=\"x-row-inner\">\n    \n<div class=\"e16714-3 x-col\" >\n    \n<a class=\"e16714-4 x-image\" href=\"https:\/\/app-fortunica.com\/es\/horoscopo-semanal\" target=\"_blank\" >\n  <img alt=\"Hor\u00f3scopo Semanal\" src=\"https:\/\/app-fortunica-content.s3.eu-central-1.amazonaws.com\/prod\/app\/uploads\/2023\/10\/ES-2-2.png\" width=\"600\" height=\"227\" >\n<\/a>\n<\/div>\n\n<div class=\"e16714-5 x-col\" >\n    \n<a class=\"e16714-6 x-image\" href=\"https:\/\/app-fortunica.com\/es\/horoscopo-mensual\" target=\"_blank\" >\n  <img alt=\"Hor\u00f3scopo Mensual\" src=\"https:\/\/app-fortunica-content.s3.eu-central-1.amazonaws.com\/prod\/app\/uploads\/2023\/10\/ES-2.png\" width=\"600\" height=\"227\" >\n<\/a>\n<\/div>\n\n<div class=\"e16714-7 x-col\" >\n    \n<a class=\"e16714-8 x-image\" href=\"https:\/\/app-fortunica.com\/es\/taroscopio\" target=\"_blank\" >\n  <img alt=\"TAROSCOPIO\" src=\"https:\/\/app-fortunica-content.s3.eu-central-1.amazonaws.com\/prod\/app\/uploads\/2023\/10\/ES-1.png\" width=\"600\" height=\"227\" >\n<\/a>\n<\/div>\n  <\/div>\n  <\/div>\n\n<div class=\"e16714-9 x-row x-container max width\" >\n  <div class=\"x-row-inner\">\n    \n<div class=\"e16714-10 x-col\" >\n    \n<hr class=\"e16714-11 x-line\" >\n\n<div class=\"e16714-12 x-text\" >\n  <p style=\"text-align: left;\">Descubre m\u00e1s sobre ti mismo a trav\u00e9s de tu signo del zodiaco. Obt\u00e9n una visi\u00f3n general de las perspectivas generales en tu hor\u00f3scopo diario, semanal y mensual. Descubre lo que las estrellas tienen reservado para ti y c\u00f3mo pueden influir en tu futuro. Aprende m\u00e1s sobre astrolog\u00eda y descubre c\u00f3mo puede afectar positivamente tu vida.<\/p>\n<p><strong>\u00bfEst\u00e1s listo para mejorar tu calidad de vida y utilizar tus fortalezas para alcanzar la armon\u00eda interna y desarrollar todo tu potencial? Descubre c\u00f3mo puedes impulsar tu desarrollo personal y encontrar tu equilibrio interno para una vida plena.<\/strong><\/p>\n<p>Nuestro producto premium de alta calidad, Astrolog\u00eda, es perfecto para ti.<\/p><\/div>\n<\/div>\n  <\/div>\n  <\/div>\n  <\/div>\n\n<div class=\"e16714-13 x-section\" >\n      \n<div class=\"e16714-14 x-row x-container max width\" >\n  <div class=\"x-row-inner\">\n    \n<div class=\"e16714-15 x-col\" >\n    \n<span class=\"e16714-16 x-image\" >\n  <img alt=\"App-Layout: Card Reading, Astrology Chart, Ritual Session\" src=\"https:\/\/app-fortunica-content.s3.eu-central-1.amazonaws.com\/prod\/app\/uploads\/2017\/12\/phone_fortunica_app-05.png\" width=\"494\" height=\"699\" >\n<\/span>\n<\/div>\n\n<div class=\"e16714-17 x-col\" >\n    <div class=\"x-text\"  ><p><strong>ADECUADO PARA:<\/strong><\/p>\n<ul>\n<li>Explorar el impacto de las estrellas en tu vida<\/li>\n<li>Determinar tus predicciones del futuro<\/li>\n<li>Profundizar tu comprensi\u00f3n de las energ\u00edas c\u00f3smicas<\/li>\n<li>Analizar detalladamente tus relaciones<\/li>\n<li>Recibir apoyo para superar problemas<\/li>\n<li>Descubrir tu prop\u00f3sito de vida y cumplir tu destino<\/li>\n<li>Obtener un mejor entendimiento de ti mismo<\/li>\n<li>Optimizar tus talentos y desplegar todo tu potencial<\/li>\n<\/ul>\n<p><strong>AS\u00cd ES COMO FUNCIONA:<\/strong><\/p>\n<p>Para obtener un hor\u00f3scopo completo y confiable, tu asesor seleccionado necesita tu nombre completo, fecha de nacimiento y hora exacta de nacimiento. Con esta informaci\u00f3n, se analizan las posiciones del sol, la luna y los planetas para reconocer las influencias desde tu nacimiento y obtener una visi\u00f3n de tu desarrollo futuro. Un hor\u00f3scopo no solo brinda autoconocimiento, sino que tambi\u00e9n fortalece tu autoconfianza. Tambi\u00e9n puedes hacer preguntas para aclarar dudas y discutirlas con tu asesor.<\/p>\n<p>\u00a1Deja que las estrellas te gu\u00eden y descubre lo que el destino tiene reservado para ti! Mi estilo de escritura es aut\u00e9ntico, audaz y creativo, desafiando valientemente los l\u00edmites y expresando ideas \u00fanicas. Captivo a los lectores con mi voz genuina, dejando una impresi\u00f3n duradera que despierta la curiosidad e incita la imaginaci\u00f3n.<\/p>\n<\/div><\/div>\n  <\/div>\n  <\/div>\n  <\/div>\n<\/div>\n","protected":false},"excerpt":{"rendered":"<p>Descubre m\u00e1s sobre ti mismo a trav\u00e9s de tu signo del zodiaco. Obt\u00e9n una visi\u00f3n general de las perspectivas generales en tu hor\u00f3scopo diario, semanal y mensual. Descubre lo que &#8230; <\/p>\n<div><a href=\"https:\/\/app-fortunica.com\/es\/horoscopos\" class=\"more-link\">Leer m\u00e1s<\/a><\/div>\n","protected":false},"author":34,"featured_media":0,"parent":0,"menu_order":0,"comment_status":"closed","ping_status":"closed","template":"","meta":[],"yoast_head":"<!-- This site is optimized with the Yoast SEO Premium plugin v15.2 - https:\/\/yoast.com\/wordpress\/plugins\/seo\/ -->\n<title>Hor\u00f3scopos - fortunica<\/title>\n<meta name=\"robots\" content=\"index, follow, max-snippet:-1, max-image-preview:large, max-video-preview:-1\" \/>\n<link rel=\"canonical\" href=\"https:\/\/app-fortunica.com\/?page_id=16742\" \/>\n<meta property=\"og:locale\" content=\"es_ES\" \/>\n<meta property=\"og:type\" content=\"article\" \/>\n<meta property=\"og:title\" content=\"Hor\u00f3scopos - fortunica\" \/>\n<meta property=\"og:description\" content=\"Descubre m\u00e1s sobre ti mismo a trav\u00e9s de tu signo del zodiaco. Obt\u00e9n una visi\u00f3n general de las perspectivas generales en tu hor\u00f3scopo diario, semanal y mensual. Descubre lo que ... Leer m\u00e1s\" \/>\n<meta property=\"og:url\" content=\"https:\/\/app-fortunica.com\/?page_id=16742\" \/>\n<meta property=\"og:site_name\" content=\"fortunica\" \/>\n<meta property=\"article:publisher\" content=\"https:\/\/www.facebook.com\/app.fortunica\/\" \/>\n<meta property=\"article:modified_time\" content=\"2023-10-05T18:08:19+00:00\" \/>\n<meta property=\"og:image\" content=\"https:\/\/app-fortunica.com\/app\/uploads\/2023\/10\/ES-2-2.png\" \/>\n<meta name=\"twitter:card\" content=\"summary\" \/>\n<meta name=\"twitter:label1\" value=\"Escrito por\">\n\t<meta name=\"twitter:data1\" value=\"advisor managers\">\n\t<meta name=\"twitter:label2\" value=\"Tiempo de lectura\">\n\t<meta name=\"twitter:data2\" value=\"3 minutos\">\n<script type=\"application\/ld+json\" class=\"yoast-schema-graph\">{\"@context\":\"https:\/\/schema.org\",\"@graph\":[{\"@type\":\"WebSite\",\"@id\":\"https:\/\/app-fortunica.com\/#website\",\"url\":\"https:\/\/app-fortunica.com\/\",\"name\":\"fortunica\",\"description\":\"The #1 App for you to Connect with Spiritual Advisors\",\"potentialAction\":[{\"@type\":\"SearchAction\",\"target\":\"https:\/\/app-fortunica.com\/?s={search_term_string}\",\"query-input\":\"required name=search_term_string\"}],\"inLanguage\":\"es\"},{\"@type\":\"ImageObject\",\"@id\":\"https:\/\/app-fortunica.com\/?page_id=16742#primaryimage\",\"inLanguage\":\"es\",\"url\":\"https:\/\/app-fortunica.com\/app\/uploads\/2023\/10\/ES-2-2.png\"},{\"@type\":\"WebPage\",\"@id\":\"https:\/\/app-fortunica.com\/?page_id=16742#webpage\",\"url\":\"https:\/\/app-fortunica.com\/?page_id=16742\",\"name\":\"Hor\\u00f3scopos - fortunica\",\"isPartOf\":{\"@id\":\"https:\/\/app-fortunica.com\/#website\"},\"primaryImageOfPage\":{\"@id\":\"https:\/\/app-fortunica.com\/?page_id=16742#primaryimage\"},\"datePublished\":\"2023-10-03T14:21:43+00:00\",\"dateModified\":\"2023-10-05T18:08:19+00:00\",\"inLanguage\":\"es\",\"potentialAction\":[{\"@type\":\"ReadAction\",\"target\":[\"https:\/\/app-fortunica.com\/?page_id=16742\"]}]}]}<\/script>\n<!-- \/ Yoast SEO Premium plugin. -->","_links":{"self":[{"href":"https:\/\/app-fortunica.com\/es\/wp-json\/wp\/v2\/pages\/16714"}],"collection":[{"href":"https:\/\/app-fortunica.com\/es\/wp-json\/wp\/v2\/pages"}],"about":[{"href":"https:\/\/app-fortunica.com\/es\/wp-json\/wp\/v2\/types\/page"}],"author":[{"embeddable":true,"href":"https:\/\/app-fortunica.com\/es\/wp-json\/wp\/v2\/users\/34"}],"replies":[{"embeddable":true,"href":"https:\/\/app-fortunica.com\/es\/wp-json\/wp\/v2\/comments?post=16714"}],"version-history":[{"count":10,"href":"https:\/\/app-fortunica.com\/es\/wp-json\/wp\/v2\/pages\/16714\/revisions"}],"predecessor-version":[{"id":16796,"href":"https:\/\/app-fortunica.com\/es\/wp-json\/wp\/v2\/pages\/16714\/revisions\/16796"}],"wp:attachment":[{"href":"https:\/\/app-fortunica.com\/es\/wp-json\/wp\/v2\/media?parent=16714"}],"curies":[{"name":"wp","href":"https:\/\/api.w.org\/{rel}","templated":true}]}}