{"id":16798,"date":"2023-10-05T20:06:26","date_gmt":"2023-10-05T18:06:26","guid":{"rendered":"https:\/\/app-fortunica.com?page_id=16798"},"modified":"2026-04-01T15:50:26","modified_gmt":"2026-04-01T13:50:26","slug":"taroscopio","status":"publish","type":"page","link":"https:\/\/app-fortunica.com\/es\/taroscopio","title":{"rendered":"Taroscopio"},"content":{"rendered":"<div id=\"cs-content\" class=\"cs-content\" >\n<div class=\"e16798-1 x-section\" >\n      \n<div class=\"e16798-2 x-row x-container max width\" >\n  <div class=\"x-row-inner\">\n    \n<div class=\"e16798-3 x-col\" >\n    \n<span class=\"e16798-4 x-image\" >\n  <img alt=\"Image\" src=\"https:\/\/app-fortunica-content.s3.eu-central-1.amazonaws.com\/prod\/app\/uploads\/2023\/10\/ES-1.png\" width=\"600\" height=\"227\" >\n<\/span>\n<h1  class=\"h-custom-headline h4\" ><span><strong>Abril  2026<\/strong><\/span><\/h1>\n<hr class=\"e16798-6 x-line\" >\n\n<div class=\"e16798-7 x-text\" >\n  <p data-start=\"0\" data-end=\"146\">\u2648 <strong data-start=\"2\" data-end=\"11\">Aries<\/strong><br data-start=\"11\" data-end=\"14\" \/><strong data-start=\"14\" data-end=\"24\">Carta: <\/strong><b>El Mago<\/b><span style=\"font-weight: 400;\">\u00a0<br \/>\n<\/span>\u27a1\ufe0f <span style=\"font-weight: 400;\">Tienes todas las herramientas necesarias a tu disposici\u00f3n para manifestar tus deseos. Este mes, tu capacidad de acci\u00f3n y tu ingenio est\u00e1n en su punto m\u00e1s alto. No dudes en dar el primer paso.<\/span><\/p>\n\n\n<hr data-start=\"148\" data-end=\"151\" \/>\n<p data-start=\"153\" data-end=\"301\">\u2649 <strong data-start=\"155\" data-end=\"164\">Tauro<\/strong><br data-start=\"164\" data-end=\"167\" \/><strong data-start=\"167\" data-end=\"177\">Carta:<\/strong> <b>El Hierofante (El Papa)<\/b><br data-start=\"190\" data-end=\"193\" \/>\u27a1\ufe0f <span style=\"font-weight: 400;\">Abril te invita a buscar consejo o a seguir estructuras tradicionales. Es un momento de aprendizaje espiritual o de formalizar compromisos bajo normas claras. La sabidur\u00eda viene de la experiencia.<\/span><\/p>\n\n\n<hr data-start=\"303\" data-end=\"306\" \/>\n<p data-start=\"308\" data-end=\"452\">\u264a <strong data-start=\"310\" data-end=\"321\">G\u00e9minis<\/strong><br data-start=\"321\" data-end=\"324\" \/><strong data-start=\"324\" data-end=\"334\">Carta:<\/strong> <b>Los Enamorados<\/b>\u00a0<br data-start=\"349\" data-end=\"352\" \/>\u27a1\ufe0f<span style=\"font-weight: 400;\">Te enfrentar\u00e1s a decisiones importantes que requieren alinear tu mente con tu coraz\u00f3n. Abril marca un periodo de conexiones profundas y la necesidad de elegir caminos que resuenen con tu verdadera esencia.<\/span><\/p>\n\n\n<hr data-start=\"454\" data-end=\"457\" \/>\n<p data-start=\"459\" data-end=\"604\">\u264b <strong data-start=\"461\" data-end=\"471\">C\u00e1ncer<\/strong><br data-start=\"471\" data-end=\"474\" \/><strong data-start=\"474\" data-end=\"484\">Carta:<\/strong> <b>El Carro<\/b><br data-start=\"492\" data-end=\"495\" \/>\u27a1\ufe0f<span style=\"font-weight: 400;\">Despu\u00e9s de un periodo de calma, llega el movimiento. Esta carta predice \u00e9xito a trav\u00e9s de la determinaci\u00f3n y el control emocional. Mant\u00e9n las riendas firmes y llegar\u00e1s a tu destino.<\/span><\/p>\n\n\n<hr data-start=\"606\" data-end=\"609\" \/>\n<p data-start=\"611\" data-end=\"732\">\u264c <strong data-start=\"613\" data-end=\"620\">Leo<\/strong><br data-start=\"620\" data-end=\"623\" \/><strong data-start=\"623\" data-end=\"633\">Carta:<\/strong> <b>El Sol<\/b>\u00a0<br data-start=\"640\" data-end=\"643\" \/>\u27a1\ufe0f<span style=\"font-weight: 400;\">La claridad total llega a tu vida. Abril es un mes de \u00e9xito, alegr\u00eda y vitalidad. Los proyectos que estaban en la oscuridad salen a la luz y tu confianza se vuelve contagiosa.<\/span><\/p>\n\n\n<hr data-start=\"734\" data-end=\"737\" \/>\n<p data-start=\"739\" data-end=\"866\">\u264d <strong data-start=\"741\" data-end=\"750\">Virgo<\/strong><br data-start=\"750\" data-end=\"753\" \/><strong data-start=\"753\" data-end=\"763\">Carta:<\/strong> <b>El Ermita\u00f1o<\/b>\u00a0<br data-start=\"775\" data-end=\"778\" \/>\u27a1\ufe0f <span style=\"font-weight: 400;\">Es tiempo de un retiro estrat\u00e9gico. La introspecci\u00f3n te dar\u00e1 las respuestas que el mundo exterior te niega. Busca momentos de soledad para reconectar con tu gu\u00eda interna antes de actuar.<\/span><\/p>\n\n\n<hr data-start=\"868\" data-end=\"871\" \/>\n<p data-start=\"873\" data-end=\"990\">\u264e <strong data-start=\"875\" data-end=\"884\">Libra<\/strong><br data-start=\"884\" data-end=\"887\" \/><strong data-start=\"887\" data-end=\"897\">Carta:<\/strong> <b>La Justicia<\/b><br data-start=\"909\" data-end=\"912\" \/>\u27a1\ufe0f<span style=\"font-weight: 400;\">Recoger\u00e1s lo que has sembrado. Abril trae equilibrio legal o moral. Si has actuado con integridad, los resultados ser\u00e1n favorables. Es el momento de poner las cosas en orden.<\/span><\/p>\n\n\n<hr data-start=\"992\" data-end=\"995\" \/>\n<p data-start=\"997\" data-end=\"1132\">\u264f <strong data-start=\"999\" data-end=\"1011\">Escorpio<\/strong><br data-start=\"1011\" data-end=\"1014\" \/><strong data-start=\"1014\" data-end=\"1024\">Carta:<b>La Muerte (Transformaci\u00f3n)<\/b><\/strong><br data-start=\"1034\" data-end=\"1037\" \/>\u27a1\ufe0f<span style=\"font-weight: 400;\">No temas al cambio; algo debe terminar para que algo mejor nazca. Abril marca el cierre de un ciclo obsoleto para dar paso a una renovaci\u00f3n profunda y necesaria en tu vida.<\/span><\/p>\n\n\n<hr data-start=\"1134\" data-end=\"1137\" \/>\n<p data-start=\"1139\" data-end=\"1275\">\u2650 <strong data-start=\"1141\" data-end=\"1154\">Sagitario<\/strong><br data-start=\"1154\" data-end=\"1157\" \/><strong data-start=\"1157\" data-end=\"1167\">Carta:<\/strong> <b>La Templanza<\/b><br data-start=\"1190\" data-end=\"1193\" \/>\u27a1\ufe0f<span style=\"font-weight: 400;\">Moderaci\u00f3n y paciencia son tus palabras clave. Este mes necesitas encontrar el punto medio entre tus deseos y la realidad. La sanaci\u00f3n ocurre cuando logras equilibrar tus opuestos internos.<\/span><\/p>\n\n\n<hr data-start=\"1277\" data-end=\"1280\" \/>\n<p data-start=\"1282\" data-end=\"1397\">\u2651 <strong data-start=\"1284\" data-end=\"1299\">Capricornio<\/strong><br data-start=\"1299\" data-end=\"1302\" \/><strong data-start=\"1302\" data-end=\"1312\">Carta:<\/strong> <b>El Mundo<\/b><br data-start=\"1321\" data-end=\"1324\" \/>\u27a1\ufe0f<span style=\"font-weight: 400;\">Llega la culminaci\u00f3n de un gran esfuerzo. Te sientes realizado y en armon\u00eda con tu entorno. Es un mes excelente para viajes o para celebrar el cierre exitoso de un proyecto importante.<\/span><\/p>\n\n\n<hr data-start=\"1399\" data-end=\"1402\" \/>\n<p data-start=\"1404\" data-end=\"1526\">\u2652 <strong data-start=\"1406\" data-end=\"1417\">Acuario<\/strong><br data-start=\"1417\" data-end=\"1420\" \/><strong data-start=\"1420\" data-end=\"1430\">Carta:<\/strong> <b>La Estrella<\/b><br data-start=\"1442\" data-end=\"1445\" \/>\u27a1\ufe0f<span style=\"font-weight: 400;\">La esperanza se renueva. Despu\u00e9s de tiempos turbulentos, abril te ofrece inspiraci\u00f3n y protecci\u00f3n espiritual. Conf\u00eda en el universo; tus sue\u00f1os est\u00e1n m\u00e1s cerca de lo que crees.<\/span><\/p>\n\n\n<hr data-start=\"1528\" data-end=\"1531\" \/>\n<p data-start=\"1533\" data-end=\"1670\" data-is-last-node=\"\" data-is-only-node=\"\">\u2653 <strong data-start=\"1535\" data-end=\"1545\">Piscis<\/strong><br data-start=\"1545\" data-end=\"1548\" \/><strong data-start=\"1548\" data-end=\"1558\">Carta:<\/strong> <b>La Luna<\/b><br data-start=\"1573\" data-end=\"1576\" \/>\u27a1\ufe0f<span style=\"font-weight: 400;\">La intuici\u00f3n ser\u00e1 tu br\u00fajula en un mes donde no todo es lo que parece. Presta atenci\u00f3n a tus sue\u00f1os y evita tomar decisiones financieras grandes hasta que la confusi\u00f3n se disipe.<\/span><\/p><\/div>\n<\/div>\n  <\/div>\n  <\/div>\n  <\/div>\n<\/div>\n","protected":false},"excerpt":{"rendered":"<p>Abril 2026 \u2648 AriesCarta: El Mago\u00a0 \u27a1\ufe0f Tienes todas las herramientas necesarias a tu disposici\u00f3n para manifestar tus deseos. Este mes, tu capacidad de acci\u00f3n y tu ingenio est\u00e1n en &#8230; <\/p>\n<div><a href=\"https:\/\/app-fortunica.com\/es\/taroscopio\" class=\"more-link\">Leer m\u00e1s<\/a><\/div>\n","protected":false},"author":34,"featured_media":0,"parent":0,"menu_order":0,"comment_status":"closed","ping_status":"closed","template":"","meta":[],"yoast_head":"<!-- This site is optimized with the Yoast SEO Premium plugin v15.2 - https:\/\/yoast.com\/wordpress\/plugins\/seo\/ -->\n<title>Taroscopio - fortunica<\/title>\n<meta name=\"robots\" content=\"index, follow, max-snippet:-1, max-image-preview:large, max-video-preview:-1\" \/>\n<link rel=\"canonical\" href=\"https:\/\/app-fortunica.com\/es\/taroscopio\" \/>\n<meta property=\"og:locale\" content=\"es_ES\" \/>\n<meta property=\"og:type\" content=\"article\" \/>\n<meta property=\"og:title\" content=\"Taroscopio - fortunica\" \/>\n<meta property=\"og:description\" content=\"Abril 2026 \u2648 AriesCarta: El Mago\u00a0 \u27a1\ufe0f Tienes todas las herramientas necesarias a tu disposici\u00f3n para manifestar tus deseos. Este mes, tu capacidad de acci\u00f3n y tu ingenio est\u00e1n en ... Leer m\u00e1s\" \/>\n<meta property=\"og:url\" content=\"https:\/\/app-fortunica.com\/es\/taroscopio\" \/>\n<meta property=\"og:site_name\" content=\"fortunica\" \/>\n<meta property=\"article:publisher\" content=\"https:\/\/www.facebook.com\/app.fortunica\/\" \/>\n<meta property=\"article:modified_time\" content=\"2026-04-01T13:50:26+00:00\" \/>\n<meta property=\"og:image\" content=\"https:\/\/app-fortunica.com\/app\/uploads\/2023\/10\/ES-1.png\" \/>\n<meta name=\"twitter:card\" content=\"summary\" \/>\n<meta name=\"twitter:label1\" value=\"Escrito por\">\n\t<meta name=\"twitter:data1\" value=\"advisor managers\">\n\t<meta name=\"twitter:label2\" value=\"Tiempo de lectura\">\n\t<meta name=\"twitter:data2\" value=\"2 minutos\">\n<script type=\"application\/ld+json\" class=\"yoast-schema-graph\">{\"@context\":\"https:\/\/schema.org\",\"@graph\":[{\"@type\":\"WebSite\",\"@id\":\"https:\/\/app-fortunica.com\/#website\",\"url\":\"https:\/\/app-fortunica.com\/\",\"name\":\"fortunica\",\"description\":\"The #1 App for you to Connect with Spiritual Advisors\",\"potentialAction\":[{\"@type\":\"SearchAction\",\"target\":\"https:\/\/app-fortunica.com\/?s={search_term_string}\",\"query-input\":\"required name=search_term_string\"}],\"inLanguage\":\"es\"},{\"@type\":\"ImageObject\",\"@id\":\"https:\/\/app-fortunica.com\/es\/taroscopio#primaryimage\",\"inLanguage\":\"es\",\"url\":\"https:\/\/app-fortunica.com\/app\/uploads\/2023\/10\/ES-1.png\"},{\"@type\":\"WebPage\",\"@id\":\"https:\/\/app-fortunica.com\/es\/taroscopio#webpage\",\"url\":\"https:\/\/app-fortunica.com\/es\/taroscopio\",\"name\":\"Taroscopio - fortunica\",\"isPartOf\":{\"@id\":\"https:\/\/app-fortunica.com\/#website\"},\"primaryImageOfPage\":{\"@id\":\"https:\/\/app-fortunica.com\/es\/taroscopio#primaryimage\"},\"datePublished\":\"2023-10-05T18:06:26+00:00\",\"dateModified\":\"2026-04-01T13:50:26+00:00\",\"inLanguage\":\"es\",\"potentialAction\":[{\"@type\":\"ReadAction\",\"target\":[\"https:\/\/app-fortunica.com\/es\/taroscopio\"]}]}]}<\/script>\n<!-- \/ Yoast SEO Premium plugin. -->","_links":{"self":[{"href":"https:\/\/app-fortunica.com\/es\/wp-json\/wp\/v2\/pages\/16798"}],"collection":[{"href":"https:\/\/app-fortunica.com\/es\/wp-json\/wp\/v2\/pages"}],"about":[{"href":"https:\/\/app-fortunica.com\/es\/wp-json\/wp\/v2\/types\/page"}],"author":[{"embeddable":true,"href":"https:\/\/app-fortunica.com\/es\/wp-json\/wp\/v2\/users\/34"}],"replies":[{"embeddable":true,"href":"https:\/\/app-fortunica.com\/es\/wp-json\/wp\/v2\/comments?post=16798"}],"version-history":[{"count":10,"href":"https:\/\/app-fortunica.com\/es\/wp-json\/wp\/v2\/pages\/16798\/revisions"}],"predecessor-version":[{"id":19727,"href":"https:\/\/app-fortunica.com\/es\/wp-json\/wp\/v2\/pages\/16798\/revisions\/19727"}],"wp:attachment":[{"href":"https:\/\/app-fortunica.com\/es\/wp-json\/wp\/v2\/media?parent=16798"}],"curies":[{"name":"wp","href":"https:\/\/api.w.org\/{rel}","templated":true}]}}