{"id":1883,"date":"2017-02-23T14:13:34","date_gmt":"2017-02-23T13:13:34","guid":{"rendered":"https:\/\/app-fortunica.com\/?page_id=1883\/"},"modified":"2020-02-18T16:12:00","modified_gmt":"2020-02-18T15:12:00","slug":"programa-de-afiliados","status":"publish","type":"page","link":"https:\/\/app-fortunica.com\/es\/programa-de-afiliados","title":{"rendered":"Afiliados"},"content":{"rendered":"<div id=\"cs-content\" class=\"cs-content\" ><div id=\"x-section-1\" class=\"x-section cs-ta-center\" style=\"margin: 0px;padding: 0px; background-color: transparent;\"  ><div class=\"x-container max width\" style=\"margin: 0px auto;padding: 0px;\"  ><div  class=\"x-column x-sm x-1-1\" style=\"padding: 0px;\" ><img  class=\"x-img x-img-none\"  src=\"https:\/\/app-fortunica-content.s3.eu-central-1.amazonaws.com\/prod\/app\/uploads\/2017\/06\/coverphoto-facebook.png\" ><\/div><\/div><\/div><div id=\"x-section-2\" class=\"x-section\" style=\"margin: 0px;padding: 0px 0px 45px; background-color: transparent;\"  ><div class=\"x-container max width\" style=\"margin: 0px auto;padding: 0px;\"  ><div  class=\"x-column x-sm x-1-1\" style=\"padding: 0px;\" ><h1  class=\"h-custom-headline cs-ta-center h2\" ><span>\u00bfPor qu\u00e9 hacerse afiliado?<\/span><\/h1><\/div><\/div><\/div><div id=\"x-section-3\" class=\"x-section\" style=\"margin: 0px;padding: 0px 0px 15px; background-color: transparent;\"  ><div class=\"x-container max width\" style=\"margin: 0px auto;padding: 0px;\"  ><div  class=\"x-column x-sm x-1-1\" style=\"padding: 0px;\" ><div class=\"x-text\"  ><p>Ofrecemos un programa de afiliados muy competitivo. Ahora puedes ganar dinero simplemente haciendo que tus seguidores se descarguen la app de fortunica. Te proporcionaremos todo lo que necesites para promocionar la app:  banners y multitud de contenido. Adem\u00e1s, tendr\u00e1s un manager personalizado que te ayudar\u00e1 y se encargar\u00e1 de que obtengas el m\u00e1ximo provecho de nuestro programa y consigas el mayor n\u00famero de afiliados posible.<\/p>\n<\/div><\/div><\/div><\/div><div id=\"x-section-4\" class=\"x-section cs-ta-left\" style=\"margin: 0px;padding: 0px; background-color: transparent;\"  ><div class=\"x-container max width\" style=\"margin: 0px auto;padding: 0px;\"  ><div  class=\"x-column x-sm x-1-3\" style=\"padding: 0px;\" ><div  class=\"x-feature-box center-text top-text cf\" style=\" max-width: none;\" data-x-element=\"feature_box\" data-x-params=\"{&quot;child&quot;:false,&quot;graphicAnimation&quot;:&quot;none&quot;,&quot;graphicAnimationOffset&quot;:&quot;50&quot;,&quot;graphicAnimationDelay&quot;:&quot;0&quot;}\" ><div class=\"x-feature-box-graphic circle \"><div class=\"x-feature-box-graphic-outer circle\" style=\"\"><div class=\"x-feature-box-graphic-inner circle\" style=\"font-size: 100px;\"><i class=\"x-icon-image circle\" data-x-icon-s=\"&#xf03e;\"  style=\"margin: 0 auto; border-width: 5px 5px 5px 5px; border-style: solid; border-color: ; color: hsl(312, 98%, 18%); background-color: transparent;\"><\/i><\/div><\/div><\/div><div class=\"x-feature-box-content \"><h4 class=\"x-feature-box-title\" style=\"color: hsl(312, 98%, 18%);\">Contenido creativo<\/h4><p class=\"x-feature-box-text\"><\/p><\/div><\/div><\/div><div  class=\"x-column x-sm x-1-3\" style=\"padding: 0px;\" ><div  class=\"x-feature-box center-text top-text cf\" style=\" max-width: none;\" data-x-element=\"feature_box\" data-x-params=\"{&quot;child&quot;:false,&quot;graphicAnimation&quot;:&quot;none&quot;,&quot;graphicAnimationOffset&quot;:&quot;50&quot;,&quot;graphicAnimationDelay&quot;:&quot;0&quot;}\" ><div class=\"x-feature-box-graphic circle \"><div class=\"x-feature-box-graphic-outer circle\" style=\"\"><div class=\"x-feature-box-graphic-inner circle\" style=\"font-size: 100px;\"><i class=\"x-icon-eur circle\" data-x-icon-s=\"&#xf153;\"  style=\"margin: 0 auto; border-width: 5px 5px 5px 5px; border-style: solid; border-color: ; color: hsl(312, 98%, 18%); background-color: transparent;\"><\/i><\/div><\/div><\/div><div class=\"x-feature-box-content \"><h4 class=\"x-feature-box-title\" style=\"color: hsl(312, 98%, 18%);\">Salario competitivo<\/h4><p class=\"x-feature-box-text\"><\/p><\/div><\/div><\/div><div  class=\"x-column x-sm x-1-3\" style=\"padding: 0px;\" ><div  class=\"x-feature-box center-text top-text cf\" style=\" max-width: none;\" data-x-element=\"feature_box\" data-x-params=\"{&quot;child&quot;:false,&quot;graphicAnimation&quot;:&quot;none&quot;,&quot;graphicAnimationOffset&quot;:&quot;50&quot;,&quot;graphicAnimationDelay&quot;:&quot;0&quot;}\" ><div class=\"x-feature-box-graphic circle \"><div class=\"x-feature-box-graphic-outer circle\" style=\"\"><div class=\"x-feature-box-graphic-inner circle\" style=\"font-size: 100px;\"><i class=\"x-icon-user-o circle\" data-x-icon-o=\"&#xf007;\"  style=\"margin: 0 auto; border-width: 5px 5px 5px 5px; border-style: solid; border-color: ; color: hsl(312, 98%, 18%); background-color: transparent;\"><\/i><\/div><\/div><\/div><div class=\"x-feature-box-content \"><h4 class=\"x-feature-box-title\" style=\"color: hsl(312, 98%, 18%);\">Manager personalizado<\/h4><p class=\"x-feature-box-text\"><\/p><\/div><\/div><\/div><\/div><\/div><div id=\"x-section-5\" class=\"x-section\" style=\"margin: 0px;padding: 0px; background-color: transparent;\"  ><div class=\"x-container max width\" style=\"margin: 0px auto;padding: 0px;\"  ><div  class=\"x-column x-sm x-1-1\" style=\"padding: 0px;\" ><div class=\"x-text cs-ta-center\"  ><h3>\u00bfC\u00f3mo puedo promocionar fortunica?<\/h3>\n<\/div><\/div><\/div><\/div><div id=\"x-section-6\" class=\"x-section\" style=\"margin: 0px;padding: 45px 0px; background-color: transparent;\"  ><div class=\"x-container max width\" style=\"margin: 0px auto;padding: 0px;\"  ><div  class=\"x-column x-sm x-1-1\" style=\"padding: 0px;\" ><ul class=\"x-ul-icons\"  ><li class=\"x-li-icon\"  ><i class=\"x-icon-check\" aria-hidden=\"true\" style=\"color: hsl(123, 98%, 34%);\" data-x-icon-s=\"&#xf00c;\"  ><\/i>Escribe una opini\u00f3n o un art\u00edculo sobre fortunica en tu p\u00e1gina web.<\/li><li class=\"x-li-icon\"  ><i class=\"x-icon-check\" aria-hidden=\"true\" style=\"color: hsl(123, 98%, 34%);\" data-x-icon-s=\"&#xf00c;\"  ><\/i>Sube a tu p\u00e1gina web uno de los banners o contenido proporcionado por nosotros.<\/li><li class=\"x-li-icon\"  ><i class=\"x-icon-check\" aria-hidden=\"true\" style=\"color: hsl(123, 98%, 34%);\" data-x-icon-s=\"&#xf00c;\"  ><\/i>Habla acerca de fortunica en foros o redes sociales.<\/li><li class=\"x-li-icon\"  ><i class=\"x-icon-check\" aria-hidden=\"true\" style=\"color: hsl(123, 98%, 34%);\" data-x-icon-s=\"&#xf00c;\"  ><\/i>\u00bfYa tienes suscriptores? Env\u00edales un email y hazles conocer la app de fortunica.<\/li><\/ul><\/div><\/div><\/div><div id=\"x-section-7\" class=\"x-section cs-ta-center\" style=\"margin: 0px;padding: 45px 0px; background-color: transparent;\"  ><div class=\"x-container max width\" style=\"margin: 0px auto;padding: 0px;\"  ><div  class=\"x-column x-sm x-1-1\" style=\"padding: 0px;\" ><a  class=\"x-btn x-btn-global\"  href=\"mailto:partners@fortunica-app.com\"     data-options=\"thumbnail: ''\">\u00a1Hazte afiliado ya!<\/a><\/div><\/div><\/div><\/div>\n","protected":false},"excerpt":{"rendered":"","protected":false},"author":34,"featured_media":0,"parent":0,"menu_order":0,"comment_status":"closed","ping_status":"closed","template":"template-layout-full-width.php","meta":[],"yoast_head":"<!-- This site is optimized with the Yoast SEO Premium plugin v15.2 - https:\/\/yoast.com\/wordpress\/plugins\/seo\/ -->\n<title>Programa de afiliados - fortunica - Tarot, videncia y consejos<\/title>\n<meta name=\"description\" content=\"\u00a1Comienza a ganar dinero hoy con nuestro programa de afiliados! Consigue comisi\u00f3n por cada instalaci\u00f3n que consigas de fortunica, n\u00ba1 en tarot y videncia.\" \/>\n<meta name=\"robots\" content=\"index, follow, max-snippet:-1, max-image-preview:large, max-video-preview:-1\" \/>\n<link rel=\"canonical\" href=\"https:\/\/app-fortunica.com\/es\/programa-de-afiliados\" \/>\n<meta property=\"og:locale\" content=\"es_ES\" \/>\n<meta property=\"og:type\" content=\"article\" \/>\n<meta property=\"og:title\" content=\"Programa de afiliados - fortunica - Tarot, videncia y consejos\" \/>\n<meta property=\"og:description\" content=\"\u00a1Comienza a ganar dinero hoy con nuestro programa de afiliados! Consigue comisi\u00f3n por cada instalaci\u00f3n que consigas de fortunica, n\u00ba1 en tarot y videncia.\" \/>\n<meta property=\"og:url\" content=\"https:\/\/app-fortunica.com\/es\/programa-de-afiliados\" \/>\n<meta property=\"og:site_name\" content=\"fortunica\" \/>\n<meta property=\"article:publisher\" content=\"https:\/\/www.facebook.com\/app.fortunica\/\" \/>\n<meta property=\"article:modified_time\" content=\"2020-02-18T15:12:00+00:00\" \/>\n<meta name=\"twitter:card\" content=\"summary\" \/>\n<meta name=\"twitter:label1\" value=\"Escrito por\">\n\t<meta name=\"twitter:data1\" value=\"advisor managers\">\n\t<meta name=\"twitter:label2\" value=\"Tiempo de lectura\">\n\t<meta name=\"twitter:data2\" value=\"5 minutos\">\n<script type=\"application\/ld+json\" class=\"yoast-schema-graph\">{\"@context\":\"https:\/\/schema.org\",\"@graph\":[{\"@type\":\"WebSite\",\"@id\":\"https:\/\/app-fortunica.com\/#website\",\"url\":\"https:\/\/app-fortunica.com\/\",\"name\":\"fortunica\",\"description\":\"The #1 App for you to Connect with Spiritual Advisors\",\"potentialAction\":[{\"@type\":\"SearchAction\",\"target\":\"https:\/\/app-fortunica.com\/?s={search_term_string}\",\"query-input\":\"required name=search_term_string\"}],\"inLanguage\":\"es\"},{\"@type\":\"WebPage\",\"@id\":\"https:\/\/app-fortunica.com\/es\/programa-de-afiliados#webpage\",\"url\":\"https:\/\/app-fortunica.com\/es\/programa-de-afiliados\",\"name\":\"Programa de afiliados - fortunica - Tarot, videncia y consejos\",\"isPartOf\":{\"@id\":\"https:\/\/app-fortunica.com\/#website\"},\"datePublished\":\"2017-02-23T13:13:34+00:00\",\"dateModified\":\"2020-02-18T15:12:00+00:00\",\"description\":\"\\u00a1Comienza a ganar dinero hoy con nuestro programa de afiliados! Consigue comisi\\u00f3n por cada instalaci\\u00f3n que consigas de fortunica, n\\u00ba1 en tarot y videncia.\",\"inLanguage\":\"es\",\"potentialAction\":[{\"@type\":\"ReadAction\",\"target\":[\"https:\/\/app-fortunica.com\/es\/programa-de-afiliados\"]}]}]}<\/script>\n<!-- \/ Yoast SEO Premium plugin. -->","_links":{"self":[{"href":"https:\/\/app-fortunica.com\/es\/wp-json\/wp\/v2\/pages\/1883"}],"collection":[{"href":"https:\/\/app-fortunica.com\/es\/wp-json\/wp\/v2\/pages"}],"about":[{"href":"https:\/\/app-fortunica.com\/es\/wp-json\/wp\/v2\/types\/page"}],"author":[{"embeddable":true,"href":"https:\/\/app-fortunica.com\/es\/wp-json\/wp\/v2\/users\/34"}],"replies":[{"embeddable":true,"href":"https:\/\/app-fortunica.com\/es\/wp-json\/wp\/v2\/comments?post=1883"}],"version-history":[{"count":11,"href":"https:\/\/app-fortunica.com\/es\/wp-json\/wp\/v2\/pages\/1883\/revisions"}],"predecessor-version":[{"id":9677,"href":"https:\/\/app-fortunica.com\/es\/wp-json\/wp\/v2\/pages\/1883\/revisions\/9677"}],"wp:attachment":[{"href":"https:\/\/app-fortunica.com\/es\/wp-json\/wp\/v2\/media?parent=1883"}],"curies":[{"name":"wp","href":"https:\/\/api.w.org\/{rel}","templated":true}]}}