{"id":2090,"date":"2017-01-13T11:23:58","date_gmt":"2017-01-13T10:23:58","guid":{"rendered":"https:\/\/app-fortunica.com\/work-with-us\/"},"modified":"2022-03-30T12:32:19","modified_gmt":"2022-03-30T10:32:19","slug":"trabaja-como-vidente-para-fortunica","status":"publish","type":"page","link":"https:\/\/app-fortunica.com\/es\/trabaja-como-vidente-para-fortunica","title":{"rendered":"Trabaja como experto"},"content":{"rendered":"<div id=\"cs-content\" class=\"cs-content\" ><div id=\"x-section-1\" class=\"x-section\" style=\"margin: 0px;padding: 45px 0px; background-color: transparent;\"  ><div class=\"x-container max width\" style=\"margin: 0px auto;padding: 0px;\"  ><div  class=\"x-column x-sm x-1-3\" style=\"padding: 0px;\" ><div  class=\"x-feature-box center-text top-text cf\" style=\" max-width: none;\" data-x-element=\"feature_box\" data-x-params=\"{&quot;child&quot;:false,&quot;graphicAnimation&quot;:&quot;none&quot;,&quot;graphicAnimationOffset&quot;:&quot;50&quot;,&quot;graphicAnimationDelay&quot;:&quot;0&quot;}\" ><div class=\"x-feature-box-graphic circle \"><div class=\"x-feature-box-graphic-outer circle\" style=\"\"><div class=\"x-feature-box-graphic-inner circle\" style=\"font-size: 100px;\"><i class=\"x-icon-wpforms circle\" data-x-icon-b=\"&#xf298;\"  style=\"margin: 0 auto; border-width: 5px 5px 5px 5px; border-style: solid; border-color: hsl(312, 98%, 18%); color: hsl(312, 98%, 18%); background-color: transparent;\"><\/i><\/div><\/div><\/div><div class=\"x-feature-box-content \"><h4 class=\"x-feature-box-title\" style=\"color: hsl(312, 98%, 18%);\">1. COMPLETA TU SOLICITUD<\/h4><p class=\"x-feature-box-text\"><\/p><\/div><\/div><\/div><div  class=\"x-column x-sm x-1-3\" style=\"padding: 0px;\" ><div  class=\"x-feature-box center-text top-text cf\" style=\" max-width: none;\" data-x-element=\"feature_box\" data-x-params=\"{&quot;child&quot;:false,&quot;graphicAnimation&quot;:&quot;none&quot;,&quot;graphicAnimationOffset&quot;:&quot;50&quot;,&quot;graphicAnimationDelay&quot;:&quot;0&quot;}\" ><div class=\"x-feature-box-graphic circle \"><div class=\"x-feature-box-graphic-outer circle\" style=\"\"><div class=\"x-feature-box-graphic-inner circle\" style=\"font-size: 100px;\"><i class=\"x-icon-address-card circle\" data-x-icon-s=\"&#xf2bb;\"  style=\"margin: 0 auto; border-width: 5px 5px 5px 5px; border-style: solid; border-color: hsl(312, 98%, 18%); color: hsl(312, 98%, 18%); background-color: transparent;\"><\/i><\/div><\/div><\/div><div class=\"x-feature-box-content \"><h4 class=\"x-feature-box-title\" style=\"color: hsl(312, 98%, 18%);\">2. CONSIGUE TUS CREDENCIALES <\/h4><p class=\"x-feature-box-text\"><\/p><\/div><\/div><\/div><div  class=\"x-column x-sm x-1-3\" style=\"padding: 0px;\" ><div  class=\"x-feature-box center-text top-text cf\" style=\" max-width: none;\" data-x-element=\"feature_box\" data-x-params=\"{&quot;child&quot;:false,&quot;graphicAnimation&quot;:&quot;none&quot;,&quot;graphicAnimationOffset&quot;:&quot;50&quot;,&quot;graphicAnimationDelay&quot;:&quot;0&quot;}\" ><div class=\"x-feature-box-graphic circle \"><div class=\"x-feature-box-graphic-outer circle\" style=\"\"><div class=\"x-feature-box-graphic-inner circle\" style=\"font-size: 100px;\"><i class=\"x-icon-street-view circle\" data-x-icon-s=\"&#xf21d;\"  style=\"margin: 0 auto; border-width: 5px 5px 5px 5px; border-style: solid; border-color: hsl(312, 98%, 18%); color: hsl(312, 98%, 18%); background-color: transparent;\"><\/i><\/div><\/div><\/div><div class=\"x-feature-box-content \"><h4 class=\"x-feature-box-title\" style=\"color: hsl(312, 98%, 18%);\">3. COMIENZA A AYUDAR A OTRAS PERSONAS<\/h4><p class=\"x-feature-box-text\"><\/p><\/div><\/div><\/div><\/div><div class=\"x-container max width\" style=\"margin: 0px auto;padding: 0px;\"  ><div  class=\"x-column x-sm x-1-1\" style=\"padding: 0px;\" ><div class=\"x-text cs-ta-right\"  ><p>*Sin cuotas de membres\u00eda. \u00a1Es gratis!<\/p>\n<\/div><\/div><\/div><div class=\"x-container max width\" style=\"margin: 0px auto;padding: 0px;\"  ><div  class=\"x-column x-sm cs-ta-center x-1-1\" style=\"padding: 0px;\" ><a  class=\"x-btn x-btn-rounded x-btn-jumbo\"  href=\"\/es\/trabaja_en_fortunica\/\"     data-options=\"thumbnail: ''\">\u00a1Aplica Aqu\u00ed!<\/a><\/div><\/div><\/div><div id=\"x-section-2\" class=\"x-section\" style=\"margin: px 0px 0px;padding: 0px 10px 20px; background-color: transparent;\"  ><div class=\"x-container max width\" style=\"margin: px auto 0px;padding: 20px 0px;\"  ><div  class=\"x-column x-sm x-1-1\" style=\"padding: 0px;\" ><div class=\"x-text cs-ta-center\"  ><h3>fortunica ofrece expertos:<\/h3>\n<\/div><hr  class=\"x-gap\" style=\"margin: 10px 0 0 0;\"><\/div><\/div><div class=\"x-container max width\" style=\"margin: 0px auto;padding: 0px;\"  ><div  class=\"x-column x-sm x-2-3\" style=\"padding: 0px;\" ><div class=\"x-text cs-ta-center\"  ><h5>Alcance:<\/h5>\n<\/div><div  class=\"x-raw-content\" ><p class=\"man\">\n<ul>\n\n<li><b>Marketing: <\/b> \u00a1Lo haremos todo por ti! Promoveremos tu perfil e invertiremos en publicidad para conseguir que tengas muchas personas a las que atender. <\/li>\n\n<li><b>Publicidad:<\/b> Adem\u00e1s, en diversas ocasiones, nos encargaremos de promocionar tu perfil en concreto explicando todo sobre ti y tus servicios especiales. Esta informaci\u00f3n podr\u00e1 aparecer en boletines semanales, notificaciones en la app, etc. De esta forma conseguir\u00e1s una visibilidad a\u00fan mayor y muchos m\u00e1s usuarios te contactar\u00e1n. <\/li>\n\n<\/ul>\n<\/p><\/div><\/div><div  class=\"x-column x-sm x-1-3\" style=\"padding: 60px 0px 0px;\" ><img  class=\"x-img img-gallery x-img-rounded\"  src=\"https:\/\/app-fortunica-content.s3.eu-central-1.amazonaws.com\/prod\/app\/uploads\/2017\/03\/marketing_advisor_lowres.jpg\" alt=\"History\"><\/div><\/div><div class=\"x-container max width\" style=\"margin: 0px auto;padding: 0px;\"  ><div  class=\"x-column x-sm x-2-3\" style=\"padding: 0px;\" ><div class=\"x-text cs-ta-center\"  ><h5>Comunidad y Soporte:<\/h5>\n<\/div><div  class=\"x-raw-content\" ><p class=\"man\">\n<ul>\n\n<li><b>Atenci\u00f3n personalizada a expertos:<\/b> En fortunica ser\u00e1s parte de una comunidad, es decir, tendr\u00e1s acceso directo a un gerente de expertos que atender\u00e1 personalmente todas tus dudas y preguntas. Adem\u00e1s, tendr\u00e1s acceso a grupos de chat d\u00f3nde podr\u00e1s conocer a otros expertos en tarot, videncia, etc, que tambi\u00e9n trabajan en fortunica, pudiendo interactuar con ellos. <\/li>\n\n\n<li><b>Acceso a la intranet:<\/b> \u00bfQuieres saber m\u00e1s sobre las cartas del tarot? \u00a1Encontrar\u00e1s un mont\u00f3n de gu\u00edas de formaci\u00f3n en nuestra intranet, lo que te permitir\u00e1 ayudar a los usuarios a\u00fan m\u00e1s!<\/li>\n\n<\/ul>\n <\/p><\/div><\/div><div  class=\"x-column x-sm x-1-3\" style=\"padding: 40px 0px 0px;\" ><img  class=\"x-img img-gallery x-img-none\"  src=\"https:\/\/app-fortunica-content.s3.eu-central-1.amazonaws.com\/prod\/app\/uploads\/2017\/03\/community.jpg\" alt=\"History\"><\/div><\/div><div class=\"x-container max width\" style=\"margin: 0px auto;padding: 0px;\"  ><div  class=\"x-column x-sm x-2-3\" style=\"padding: 0px;\" ><div class=\"x-text cs-ta-center\"  ><h5>Flexibilidad: <\/h5>\n<\/div><div  class=\"x-raw-content\" ><p class=\"man\">\n<ul>\n<li><b>Trabaja desde cualquier dispositivo:<\/b> \u00bfOrdenador, laptop, tel\u00e9fono, tablet? Mientras tengas conexi\u00f3n a Internet podr\u00e1s trabajar d\u00f3nde quieras y c\u00f3mo quieras.<\/li>\n\n<li><b>Elige tus horas:<\/b> \u00bfTe gusta trasnochar? \u00bfEres madrugador? \u00a1No importa, fortunica le da la flexibilidad para trabajar a las horas que prefieras! <\/li>\n\n<\/ul>\n<\/p><\/div><\/div><div  class=\"x-column x-sm x-1-3\" style=\"padding: 40px 0px 0px;\" ><img  class=\"x-img img-gallery x-img-rounded\"  src=\"https:\/\/app-fortunica-content.s3.eu-central-1.amazonaws.com\/prod\/app\/uploads\/2017\/03\/sunset_advisor-lowres.jpg\" alt=\"History\"><\/div><\/div><\/div><div id=\"x-section-3\" class=\"x-section\" style=\"margin: 0px;padding: 45px 0px; background-color: hsl(0, 0%, 98%);\"  ><div class=\"x-container max width\" style=\"margin: 0px auto;padding: 0px;\"  ><div  class=\"x-column x-sm x-1-4\" style=\"padding: 0px;\" ><div  class=\"x-counter\" data-x-element=\"counter\" data-x-params=\"{&quot;numEnd&quot;:5000,&quot;numSpeed&quot;:1500}\"  ><div class=\"number-wrap w-h\" style=\"color: hsl(311, 100%, 1%);\"><span class=\"number\">0<\/span><span class=\"suffix\">+<\/span><\/div><span class=\"text-below\" >usuarios satisfechos cada semana<\/span><\/div><hr  class=\"x-gap cs-hide-xl cs-hide-lg cs-hide-md\" style=\"margin: 45px 0 0 0;\"><\/div><div  class=\"x-column x-sm x-1-4\" style=\"padding: 0px;\" ><div  class=\"x-counter\" data-x-element=\"counter\" data-x-params=\"{&quot;numEnd&quot;:5,&quot;numSpeed&quot;:1500}\"  ><div class=\"number-wrap w-h\" style=\"color: hsl(0, 0%, 0%);\"><span class=\"prefix\">+<\/span><span class=\"number\">0<\/span><\/div><span class=\"text-below\" >Millones de preguntas hechas<\/span><\/div><hr  class=\"x-gap cs-hide-xl cs-hide-lg cs-hide-md\" style=\"margin: 45px 0 0 0;\"><\/div><div  class=\"x-column x-sm x-1-4\" style=\"padding: 0px;\" ><div  class=\"x-counter\" data-x-element=\"counter\" data-x-params=\"{&quot;numEnd&quot;:190,&quot;numSpeed&quot;:1500}\"  ><div class=\"number-wrap w-h\" style=\"color: hsl(0, 0%, 0%);\"><span class=\"prefix\">+<\/span><span class=\"number\">0<\/span><\/div><span class=\"text-below\" >pa\u00edses<\/span><\/div><\/div><div  class=\"x-column x-sm x-1-4\" style=\"padding: 0px;\" ><div  class=\"x-counter\" data-x-element=\"counter\" data-x-params=\"{&quot;numEnd&quot;:4,&quot;numSpeed&quot;:1500}\"  ><div class=\"number-wrap w-h\" style=\"color: hsl(311, 100%, 1%);\"><span class=\"number\">0<\/span><\/div><span class=\"text-below\" >Idiomas: EN, ES, DE, PT<\/span><\/div><\/div><\/div><\/div><div id=\"x-section-4\" class=\"x-section cs-ta-center\" style=\"margin: 0px;padding: 45px 0px; background-color: transparent;\"  ><div class=\"x-container max width\" style=\"margin: 0px auto;padding: 0px;\"  ><div  class=\"x-column x-sm x-1-1\" style=\"padding: 0px;\" ><div class=\"x-text\"  ><h5>\u00a1Miles de usuarios esperan por tu consejo cada semana!<\/h5>\n<\/div><hr  class=\"x-gap\" style=\"margin: 50px 0 0 0;\"><a  class=\"x-btn x-btn-rounded x-btn-jumbo\"  href=\"\/es\/trabaja_en_fortunica\/\"     data-options=\"thumbnail: ''\">\u00a1Aplica Aqu\u00ed!<\/a><\/div><\/div><\/div><\/div>\n","protected":false},"excerpt":{"rendered":"<p>1. COMPLETA TU SOLICITUD2. CONSIGUE TUS CREDENCIALES 3. COMIENZA A AYUDAR A OTRAS PERSONAS*Sin cuotas de membres\u00eda. \u00a1Es gratis! \u00a1Aplica Aqu\u00ed!fortunica ofrece expertos: Alcance: Marketing: \u00a1Lo haremos todo por ti! &#8230; <\/p>\n<div><a href=\"https:\/\/app-fortunica.com\/es\/trabaja-como-vidente-para-fortunica\" class=\"more-link\">Leer m\u00e1s<\/a><\/div>\n","protected":false},"author":34,"featured_media":0,"parent":0,"menu_order":0,"comment_status":"closed","ping_status":"closed","template":"template-blank-4.php","meta":[],"yoast_head":"<!-- This site is optimized with the Yoast SEO Premium plugin v15.2 - https:\/\/yoast.com\/wordpress\/plugins\/seo\/ -->\n<title>Trabajo como experto en la app fortunica - Tarot, videncia, espiritualidad, consejos y mucho m\u00e1s<\/title>\n<meta name=\"description\" content=\"Gana dinero y disfruta de la flexibilidad de poder trabajar cuando mejor te parece y desde cualquier lugar. Lo hacemos todo por ti.\" \/>\n<meta name=\"robots\" content=\"index, follow, max-snippet:-1, max-image-preview:large, max-video-preview:-1\" \/>\n<link rel=\"canonical\" href=\"https:\/\/app-fortunica.com\/work-with-fortunica\" \/>\n<meta property=\"og:locale\" content=\"es_ES\" \/>\n<meta property=\"og:type\" content=\"article\" \/>\n<meta property=\"og:title\" content=\"Trabajo como experto en la app fortunica - Tarot, videncia, espiritualidad, consejos y mucho m\u00e1s\" \/>\n<meta property=\"og:description\" content=\"Gana dinero y disfruta de la flexibilidad de poder trabajar cuando mejor te parece y desde cualquier lugar. Lo hacemos todo por ti.\" \/>\n<meta property=\"og:url\" content=\"https:\/\/app-fortunica.com\/work-with-fortunica\" \/>\n<meta property=\"og:site_name\" content=\"fortunica\" \/>\n<meta property=\"article:publisher\" content=\"https:\/\/www.facebook.com\/app.fortunica\/\" \/>\n<meta property=\"article:modified_time\" content=\"2022-03-30T10:32:19+00:00\" \/>\n<meta property=\"og:image\" content=\"https:\/\/app-fortunica.com\/app\/uploads\/2017\/03\/marketing_advisor_lowres.jpg\" \/>\n<meta name=\"twitter:card\" content=\"summary\" \/>\n<meta name=\"twitter:label1\" value=\"Escrito por\">\n\t<meta name=\"twitter:data1\" value=\"advisor managers\">\n\t<meta name=\"twitter:label2\" value=\"Tiempo de lectura\">\n\t<meta name=\"twitter:data2\" value=\"7 minutos\">\n<script type=\"application\/ld+json\" class=\"yoast-schema-graph\">{\"@context\":\"https:\/\/schema.org\",\"@graph\":[{\"@type\":\"WebSite\",\"@id\":\"https:\/\/app-fortunica.com\/#website\",\"url\":\"https:\/\/app-fortunica.com\/\",\"name\":\"fortunica\",\"description\":\"The #1 App for you to Connect with Spiritual Advisors\",\"potentialAction\":[{\"@type\":\"SearchAction\",\"target\":\"https:\/\/app-fortunica.com\/?s={search_term_string}\",\"query-input\":\"required name=search_term_string\"}],\"inLanguage\":\"es\"},{\"@type\":\"ImageObject\",\"@id\":\"https:\/\/app-fortunica.com\/work-with-fortunica#primaryimage\",\"inLanguage\":\"es\",\"url\":\"https:\/\/app-fortunica.com\/app\/uploads\/2017\/03\/marketing_advisor_lowres.jpg\"},{\"@type\":\"WebPage\",\"@id\":\"https:\/\/app-fortunica.com\/work-with-fortunica#webpage\",\"url\":\"https:\/\/app-fortunica.com\/work-with-fortunica\",\"name\":\"Trabajo como experto en la app fortunica - Tarot, videncia, espiritualidad, consejos y mucho m\\u00e1s\",\"isPartOf\":{\"@id\":\"https:\/\/app-fortunica.com\/#website\"},\"primaryImageOfPage\":{\"@id\":\"https:\/\/app-fortunica.com\/work-with-fortunica#primaryimage\"},\"datePublished\":\"2017-01-13T10:23:58+00:00\",\"dateModified\":\"2022-03-30T10:32:19+00:00\",\"description\":\"Gana dinero y disfruta de la flexibilidad de poder trabajar cuando mejor te parece y desde cualquier lugar. Lo hacemos todo por ti.\",\"inLanguage\":\"es\",\"potentialAction\":[{\"@type\":\"ReadAction\",\"target\":[\"https:\/\/app-fortunica.com\/work-with-fortunica\"]}]}]}<\/script>\n<!-- \/ Yoast SEO Premium plugin. -->","_links":{"self":[{"href":"https:\/\/app-fortunica.com\/es\/wp-json\/wp\/v2\/pages\/2090"}],"collection":[{"href":"https:\/\/app-fortunica.com\/es\/wp-json\/wp\/v2\/pages"}],"about":[{"href":"https:\/\/app-fortunica.com\/es\/wp-json\/wp\/v2\/types\/page"}],"author":[{"embeddable":true,"href":"https:\/\/app-fortunica.com\/es\/wp-json\/wp\/v2\/users\/34"}],"replies":[{"embeddable":true,"href":"https:\/\/app-fortunica.com\/es\/wp-json\/wp\/v2\/comments?post=2090"}],"version-history":[{"count":23,"href":"https:\/\/app-fortunica.com\/es\/wp-json\/wp\/v2\/pages\/2090\/revisions"}],"predecessor-version":[{"id":13795,"href":"https:\/\/app-fortunica.com\/es\/wp-json\/wp\/v2\/pages\/2090\/revisions\/13795"}],"wp:attachment":[{"href":"https:\/\/app-fortunica.com\/es\/wp-json\/wp\/v2\/media?parent=2090"}],"curies":[{"name":"wp","href":"https:\/\/api.w.org\/{rel}","templated":true}]}}