{"id":2339,"date":"2017-02-10T17:11:36","date_gmt":"2017-02-10T16:11:36","guid":{"rendered":"https:\/\/app-fortunica.com\/soporte\/"},"modified":"2019-03-25T14:02:02","modified_gmt":"2019-03-25T13:02:02","slug":"soporte","status":"publish","type":"page","link":"https:\/\/app-fortunica.com\/es\/soporte","title":{"rendered":"soporte"},"content":{"rendered":"<div id=\"cs-content\" class=\"cs-content\" ><div id=\"x-section-1\" class=\"x-section bg-image parallax\" style=\"margin: 0px;padding: 0px; background-image: url(https:\/\/app-fortunica-content.s3.eu-central-1.amazonaws.com\/prod\/app\/uploads\/2017\/03\/SKY_SILUETTE.jpeg); background-color: #24282b;\"  data-x-element=\"section\" data-x-params=\"{&quot;type&quot;:&quot;image&quot;,&quot;parallax&quot;:true}\" ><div class=\"x-container marginless-columns\" style=\"margin: 0px auto;padding: 0px;\"  ><div  class=\"x-column x-sm cs-ta-center x-1-2\" style=\"padding: 6.5%; background-color:hsla(0, 0%, 0%, 0.36);\" ><h3  class=\"h-custom-headline mvs h3\" style=\"color: #fff;\"><span>Insp\u00edrate<\/span><\/h3><div  class=\"x-raw-content\" style=\"color: rgba(255, 255, 255, 255);\">\u00bfNo sabes qu\u00e9 preguntar? Esta secci\u00f3n te dar\u00e1 ejemplos para inspirarte<\/div><hr  class=\"x-gap\" style=\"margin: 50px 0 0 0;\"><a  class=\"x-btn x-btn-global\"  href=\"es\/tips-consulta\/\"     data-options=\"thumbnail: ''\">\u00a1Insp\u00edrame!<\/a><\/div><div  class=\"x-column x-sm cs-ta-center x-1-2\" style=\"padding: 6.5%; background-color:hsla(0, 0%, 100%, 0.92);\" ><h3  class=\"h-custom-headline mvs h3\" style=\"color: hsl(312, 98%, 18%);color: #5d014a;\"><span>Preguntas frecuentes<\/span><\/h3><div  class=\"x-raw-content\" style=\"color: #5d014a;\">Si quieres saber algo sobre fortunica este es el lugar en que ver\u00e1s las respuestas\n\n<\/div><hr  class=\"x-gap\" style=\"margin: 50px 0 0 0;\"><a  class=\"x-btn x-btn-global\"  href=\"es\/preguntas-frecuentes\/\"     data-options=\"thumbnail: ''\">Preguntas frecuentes<\/a><\/div><\/div><\/div><div id=\"x-section-2\" class=\"x-section bg-image parallax\" style=\"margin: 0px;padding: 0px; background-image: url(https:\/\/app-fortunica-content.s3.eu-central-1.amazonaws.com\/prod\/app\/uploads\/2017\/03\/COUPLE.jpg); background-color: #24282b;\"  data-x-element=\"section\" data-x-params=\"{&quot;type&quot;:&quot;image&quot;,&quot;parallax&quot;:true}\" ><div class=\"x-container marginless-columns\" style=\"margin: 0px auto;padding: 0px;\"  ><div  class=\"x-column x-sm cs-ta-center x-1-2\" style=\"padding: 6.5%; background-color:hsla(0, 0%, 100%, 0.83);\" ><h3  class=\"h-custom-headline mvs h3\" style=\"color: #5d014a;\"><span>Primeros pasos<\/span><\/h3><div  class=\"x-raw-content\" style=\"color: #5d014a;\">Aqu\u00ed ver\u00e1s tutoriales y consejos sobre c\u00f3mo usar fortunica. \u00a1Usa este conocimiento!<\/div><hr  class=\"x-gap\" style=\"margin: 50px 0 0 0;\"><a  class=\"x-btn x-btn-global\"  href=\"\/es\/primeros_pasos\/\"     data-options=\"thumbnail: ''\">Iniciar<\/a><\/div><div  class=\"x-column x-sm cs-ta-center x-1-2\" style=\"padding: 6.5%; background-color:hsla(0, 0%, 0%, 0.64);\" ><h3  class=\"h-custom-headline mvs h3\" style=\"color: #fff;\"><span>M\u00e9todos espirituales<\/span><\/h3><div  class=\"x-raw-content\" style=\"color: #fff;\">Revisa y aprende sobre los m\u00e9todos que los gu\u00edas en fortunica pueden usar para responder a tus consultas\n<\/div><hr  class=\"x-gap\" style=\"margin: 50px 0 0 0;\"><a  class=\"x-btn x-btn-global\"  href=\"es\/metodos-esotericos\/\"     data-options=\"thumbnail: ''\">M\u00e9todos<\/a><\/div><\/div><\/div><\/div>\n","protected":false},"excerpt":{"rendered":"","protected":false},"author":34,"featured_media":0,"parent":0,"menu_order":0,"comment_status":"closed","ping_status":"closed","template":"template-blank-4.php","meta":[],"yoast_head":"<!-- This site is optimized with the Yoast SEO Premium plugin v15.2 - https:\/\/yoast.com\/wordpress\/plugins\/seo\/ -->\n<title>soporte - fortunica<\/title>\n<meta name=\"description\" content=\"Insp\u00edrate, preguntas frecuentes, primeros pasos, m\u00e9todos espirituales, contactar a soporte, \u00a1ay\u00fadanos a mejorar! Encuentra lo que necesites.\" \/>\n<meta name=\"robots\" content=\"index, follow, max-snippet:-1, max-image-preview:large, max-video-preview:-1\" \/>\n<link rel=\"canonical\" href=\"https:\/\/app-fortunica.com\/es\/soporte\" \/>\n<meta property=\"og:locale\" content=\"es_ES\" \/>\n<meta property=\"og:type\" content=\"article\" \/>\n<meta property=\"og:title\" content=\"soporte - fortunica\" \/>\n<meta property=\"og:description\" content=\"Insp\u00edrate, preguntas frecuentes, primeros pasos, m\u00e9todos espirituales, contactar a soporte, \u00a1ay\u00fadanos a mejorar! Encuentra lo que necesites.\" \/>\n<meta property=\"og:url\" content=\"https:\/\/app-fortunica.com\/es\/soporte\" \/>\n<meta property=\"og:site_name\" content=\"fortunica\" \/>\n<meta property=\"article:publisher\" content=\"https:\/\/www.facebook.com\/app.fortunica\/\" \/>\n<meta property=\"article:modified_time\" content=\"2019-03-25T13:02:02+00:00\" \/>\n<meta name=\"twitter:card\" content=\"summary\" \/>\n<meta name=\"twitter:label1\" value=\"Escrito por\">\n\t<meta name=\"twitter:data1\" value=\"advisor managers\">\n\t<meta name=\"twitter:label2\" value=\"Tiempo de lectura\">\n\t<meta name=\"twitter:data2\" value=\"2 minutos\">\n<script type=\"application\/ld+json\" class=\"yoast-schema-graph\">{\"@context\":\"https:\/\/schema.org\",\"@graph\":[{\"@type\":\"WebSite\",\"@id\":\"https:\/\/app-fortunica.com\/#website\",\"url\":\"https:\/\/app-fortunica.com\/\",\"name\":\"fortunica\",\"description\":\"The #1 App for you to Connect with Spiritual Advisors\",\"potentialAction\":[{\"@type\":\"SearchAction\",\"target\":\"https:\/\/app-fortunica.com\/?s={search_term_string}\",\"query-input\":\"required name=search_term_string\"}],\"inLanguage\":\"es\"},{\"@type\":\"WebPage\",\"@id\":\"https:\/\/app-fortunica.com\/es\/soporte#webpage\",\"url\":\"https:\/\/app-fortunica.com\/es\/soporte\",\"name\":\"soporte - fortunica\",\"isPartOf\":{\"@id\":\"https:\/\/app-fortunica.com\/#website\"},\"datePublished\":\"2017-02-10T16:11:36+00:00\",\"dateModified\":\"2019-03-25T13:02:02+00:00\",\"description\":\"Insp\\u00edrate, preguntas frecuentes, primeros pasos, m\\u00e9todos espirituales, contactar a soporte, \\u00a1ay\\u00fadanos a mejorar! Encuentra lo que necesites.\",\"inLanguage\":\"es\",\"potentialAction\":[{\"@type\":\"ReadAction\",\"target\":[\"https:\/\/app-fortunica.com\/es\/soporte\"]}]}]}<\/script>\n<!-- \/ Yoast SEO Premium plugin. -->","_links":{"self":[{"href":"https:\/\/app-fortunica.com\/es\/wp-json\/wp\/v2\/pages\/2339"}],"collection":[{"href":"https:\/\/app-fortunica.com\/es\/wp-json\/wp\/v2\/pages"}],"about":[{"href":"https:\/\/app-fortunica.com\/es\/wp-json\/wp\/v2\/types\/page"}],"author":[{"embeddable":true,"href":"https:\/\/app-fortunica.com\/es\/wp-json\/wp\/v2\/users\/34"}],"replies":[{"embeddable":true,"href":"https:\/\/app-fortunica.com\/es\/wp-json\/wp\/v2\/comments?post=2339"}],"version-history":[{"count":13,"href":"https:\/\/app-fortunica.com\/es\/wp-json\/wp\/v2\/pages\/2339\/revisions"}],"predecessor-version":[{"id":8693,"href":"https:\/\/app-fortunica.com\/es\/wp-json\/wp\/v2\/pages\/2339\/revisions\/8693"}],"wp:attachment":[{"href":"https:\/\/app-fortunica.com\/es\/wp-json\/wp\/v2\/media?parent=2339"}],"curies":[{"name":"wp","href":"https:\/\/api.w.org\/{rel}","templated":true}]}}