{"id":2352,"date":"2017-02-10T17:43:00","date_gmt":"2017-02-10T16:43:00","guid":{"rendered":"https:\/\/app-fortunica.com\/start\/"},"modified":"2023-04-25T09:34:25","modified_gmt":"2023-04-25T07:34:25","slug":"primeros_pasos","status":"publish","type":"page","link":"https:\/\/app-fortunica.com\/es\/primeros_pasos","title":{"rendered":"Start"},"content":{"rendered":"<div id=\"cs-content\" class=\"cs-content\" ><div id=\"x-section-1\" class=\"x-section cs-ta-center dark-section\" style=\"margin: 0px;padding: 10px 0px 0px; background-color: hsl(0, 0%, 100%);\"  ><div class=\"x-container max width\" style=\"margin: 50px auto;padding: 0px;\"  ><div  class=\"x-column x-sm x-1-3\" style=\"padding: 0px;\" ><h4  class=\"h-custom-headline h4\" style=\"color: hsl(0, 0%, 0%);\"><span>Paso 1<\/span><\/h4><div class=\"x-text\"  ><p>Presiona sobre el l\u00e1piz y escribe tu consulta<\/p>\n<\/div><hr  class=\"x-gap cs-hide-xl cs-hide-lg cs-hide-md\" style=\"margin: 50px 0 0 0;\"><\/div><div  class=\"x-column x-sm x-1-3\" style=\"padding: 0px;\" ><h4  class=\"h-custom-headline h4\" style=\"color: hsl(0, 0%, 0%);\"><span>Paso 2<\/span><\/h4><div class=\"x-text\"  ><p>Elige entre consulta P\u00fablica o Privada<\/p>\n<\/div><hr  class=\"x-gap cs-hide-xl cs-hide-lg cs-hide-md\" style=\"margin: 50px 0 0 0;\"><\/div><div  class=\"x-column x-sm x-1-3\" style=\"padding: 0px;\" ><h4  class=\"h-custom-headline h4\" style=\"color: hsl(0, 0%, 0%);\"><span>Paso 3<\/span><\/h4><div class=\"x-text\"  ><p>Selecciona tu m\u00e9todo de pago y env\u00eda tu pregunta<\/p>\n<\/div><hr  class=\"x-gap cs-hide-xl cs-hide-lg cs-hide-md\" style=\"margin: 50px 0 0 0;\"><\/div><\/div><\/div><div id=\"x-section-2\" class=\"x-section\" style=\"margin: 0px;padding: 0px; background-color: transparent;\"  ><div class=\"x-container max width\" style=\"margin: 0px auto;padding: 0px;\"  ><div  class=\"x-column x-sm x-1-1\" style=\"padding: 0px;\" ><div class=\"x-text cs-ta-center\"  ><h3>2 tipos de pregunta:<\/h3>\n<\/div><\/div><\/div><div class=\"x-container max width\" style=\"margin: 0px auto;padding: 0px;\"  ><div  class=\"x-column x-sm x-1-2\" style=\"padding: 0px;\" ><div class=\"x-text\"  ><div class=\"siteorigin-widget-tinymce textwidget\">\n<h4>Consulta p\u00fablica<\/h4>\n<ul>\n<li>R\u00e1pida:\u00a0tiempo de respuesta menor<\/li>\n<li>Menos costo<\/li>\n<li>Cualquier gu\u00eda disponible puede responder<\/li>\n<li>Tu pregunta ser\u00e1 mostrada de forma an\u00f3nima en el Muro P\u00fablico<\/li>\n<\/ul>\n<\/div>\n<\/div><\/div><div  class=\"x-column x-sm x-1-2\" style=\"padding: 0px;\" ><div class=\"x-text\"  ><h5 class=\"widget-title\">Consulta privada<\/h5>\n<div class=\"siteorigin-widget-tinymce textwidget\">\n<ul>\n<li>M\u00e1s personalizada y posibilidad de tener una conversaci\u00f3n<\/li>\n<li>Elige al experto que m\u00e1s se adapte a tus necesidades<\/li>\n<li>Tiempo de espera m\u00e1s largo<\/li>\n<li>Tu pregunta ser\u00e1 mostrada solo en tu dispositivo.<\/li>\n<\/ul>\n<\/div>\n<\/div><\/div><\/div><\/div><div id=\"x-section-3\" class=\"x-section cs-ta-center\" style=\"margin: 0px;padding: 55px 0px; background-color: hsl(0, 0%, 100%);\"  ><div class=\"x-container max width\" style=\"margin: 0px auto;padding: 0px 5%;\"  ><div  class=\"x-column x-sm x-1-1\" style=\"padding: 0px;\" ><h3  class=\"h-custom-headline man h3\" ><span>M\u00e9todos de pago<\/span><\/h3><\/div><\/div><div class=\"x-container max width\" style=\"margin: 0px auto;padding: 0px;\"  ><div  class=\"x-column x-sm x-1-2\" style=\"padding: 0px;\" ><div class=\"x-text cs-ta-center\"  ><h5 class=\"widget-title\">App store<\/h5>\n<div class=\"siteorigin-widget-tinymce textwidget\">\n<ul>\n<li>Paga c\u00f3modamente con iTunes o Google Play<\/li>\n<\/ul>\n<\/div>\n<\/div><\/div><div  class=\"x-column x-sm x-1-2\" style=\"padding: 0px;\" ><div class=\"x-text cs-ta-center\"  ><h5 class=\"widget-title\">Paquetes<\/h5>\n<div class=\"siteorigin-widget-tinymce textwidget\">\n<ul>\n<li>Ahorra dinero y tiempo al obtener un paquete que a\u00f1ade preguntas a tu cuenta. Descubre nuestras ofertas especiales.<\/li>\n<\/ul>\n<\/div>\n<\/div><\/div><\/div><\/div><div id=\"x-section-4\" class=\"x-section cs-ta-center dark-section\" style=\"margin: 0px;padding: 0px; background-color: transparent;\"  ><div class=\"x-container marginless-columns\" style=\"margin: 0px;padding: 0px;\"  ><div  class=\"x-column x-sm x-1-1\" style=\"padding: 0px;\" ><h3  class=\"h-custom-headline man h3\" style=\"color: hsl(0, 0%, 0%);\"><span>Temas de consejo:<\/span><\/h3><\/div><\/div><div class=\"x-container marginless-columns\" style=\"margin: 0px;padding: 60px 0px 0px;\"  ><div  class=\"x-column x-sm x-1-4\" style=\"padding: 0px;\" ><div class=\"x-text\"  ><p><img decoding=\"async\" loading=\"lazy\" class=\"aligncenter wp-image-7527\" src=\"https:\/\/app-fortunica-content.s3.eu-central-1.amazonaws.com\/prod\/app\/uploads\/2018\/06\/heart.png\" alt=\"\" width=\"100\" height=\"90\" srcset=\"https:\/\/app-fortunica-content.s3.eu-central-1.amazonaws.com\/prod\/app\/uploads\/2018\/06\/heart.png 201w, https:\/\/app-fortunica-content.s3.eu-central-1.amazonaws.com\/prod\/app\/uploads\/2018\/06\/heart-100x90.png 100w\" sizes=\"(max-width: 100px) 100vw, 100px\" \/><\/p>\n<\/div><div class=\"x-text\"  ><p><span style=\"font-size: 22px; color: #272727; font-weight: bold;\">Amor<\/span><\/p>\n<\/div><\/div><div  class=\"x-column x-sm x-1-4\" style=\"padding: 0px;\" ><div class=\"x-text\"  ><p><img decoding=\"async\" loading=\"lazy\" class=\"aligncenter wp-image-7527\" src=\"https:\/\/app-fortunica-content.s3.eu-central-1.amazonaws.com\/prod\/app\/uploads\/2018\/06\/career_full.png\" alt=\"\" width=\"100\" height=\"90\" \/><\/p>\n<\/div><div class=\"x-text\"  ><p><span style=\"font-size: 22px; color: #272727; font-weight: bold;\">Carrera<\/span><\/p>\n<\/div><\/div><div  class=\"x-column x-sm x-1-4\" style=\"padding: 0px;\" ><div class=\"x-text\"  ><p><img decoding=\"async\" loading=\"lazy\" class=\"aligncenter wp-image-7527\" src=\"https:\/\/app-fortunica-content.s3.eu-central-1.amazonaws.com\/prod\/app\/uploads\/2018\/06\/wellness_what_to_ask.png\" alt=\"\" width=\"100\" height=\"90\" \/><\/p>\n<\/div><div class=\"x-text\"  ><p><span style=\"font-size: 22px; color: #272727; font-weight: bold;\">Destino<\/span><\/p>\n<\/div><\/div><div  class=\"x-column x-sm x-1-4\" style=\"padding: 0px;\" ><div class=\"x-text\"  ><p><img decoding=\"async\" loading=\"lazy\" class=\"aligncenter wp-image-7527\" src=\"https:\/\/app-fortunica-content.s3.eu-central-1.amazonaws.com\/prod\/app\/uploads\/2018\/06\/spirituality_what_to_ask.png\" alt=\"\" width=\"100\" height=\"90\" \/><\/p>\n<\/div><div class=\"x-text\"  ><p><span style=\"font-size: 22px; color: #272727; font-weight: bold;\">Espiritualidad<\/span><\/p>\n<\/div><\/div><\/div><\/div><div id=\"x-section-5\" class=\"x-section cs-ta-center dark-section\" style=\"margin: 0px;padding: 0px; background-color: transparent;\"  ><div class=\"x-container marginless-columns\" style=\"margin: 0px;padding: 40px 60px;\"  ><div  class=\"x-column x-sm x-1-1\" style=\"padding: 0px;\" >\n<div class=\"e2352-53 x-frame x-frame-video-embed\" >\n  <div class=\"x-frame-inner\">\n    \n<div class=\"e2352-53 x-video x-video-embed\" >\n  <iframe width=\"560\" height=\"315\" src=\"https:\/\/www.youtube.com\/embed\/gvan2o5OVws\" title=\"YouTube video player\" frameborder=\"0\" allow=\"accelerometer; autoplay; clipboard-write; encrypted-media; gyroscope; picture-in-picture\" allowfullscreen><\/iframe><\/div>\n  <\/div>\n<\/div>\n<\/div><\/div><\/div><\/div>\n","protected":false},"excerpt":{"rendered":"<p>Paso 1Presiona sobre el l\u00e1piz y escribe tu consulta Paso 2Elige entre consulta P\u00fablica o Privada Paso 3Selecciona tu m\u00e9todo de pago y env\u00eda tu pregunta 2 tipos de pregunta: &#8230; <\/p>\n<div><a href=\"https:\/\/app-fortunica.com\/es\/primeros_pasos\" class=\"more-link\">Leer m\u00e1s<\/a><\/div>\n","protected":false},"author":34,"featured_media":0,"parent":0,"menu_order":0,"comment_status":"closed","ping_status":"closed","template":"template-blank-4.php","meta":[],"yoast_head":"<!-- This site is optimized with the Yoast SEO Premium plugin v15.2 - https:\/\/yoast.com\/wordpress\/plugins\/seo\/ -->\n<title>Primeros pasos - fortunica - Expertos en videncia, espiritualidad, tarot, amor y mucho m\u00e1s<\/title>\n<meta name=\"description\" content=\"Empieza a usar fortunica y encuentra respuesta a todas tus dudas. As\u00ed podr\u00e1s dar tus primeros pasos en una de las app n\u00ba1 en el \u00e1mbito espiritual.\" \/>\n<meta name=\"robots\" content=\"index, follow, max-snippet:-1, max-image-preview:large, max-video-preview:-1\" \/>\n<link rel=\"canonical\" href=\"https:\/\/app-fortunica.com\/spiritual-journey\" \/>\n<meta property=\"og:locale\" content=\"es_ES\" \/>\n<meta property=\"og:type\" content=\"article\" \/>\n<meta property=\"og:title\" content=\"Primeros pasos - fortunica - Expertos en videncia, espiritualidad, tarot, amor y mucho m\u00e1s\" \/>\n<meta property=\"og:description\" content=\"Empieza a usar fortunica y encuentra respuesta a todas tus dudas. As\u00ed podr\u00e1s dar tus primeros pasos en una de las app n\u00ba1 en el \u00e1mbito espiritual.\" \/>\n<meta property=\"og:url\" content=\"https:\/\/app-fortunica.com\/spiritual-journey\" \/>\n<meta property=\"og:site_name\" content=\"fortunica\" \/>\n<meta property=\"article:publisher\" content=\"https:\/\/www.facebook.com\/app.fortunica\/\" \/>\n<meta property=\"article:modified_time\" content=\"2023-04-25T07:34:25+00:00\" \/>\n<meta property=\"og:image\" content=\"https:\/\/app-fortunica.com\/app\/uploads\/2018\/06\/heart.png\" \/>\n<meta name=\"twitter:card\" content=\"summary\" \/>\n<meta name=\"twitter:label1\" value=\"Escrito por\">\n\t<meta name=\"twitter:data1\" value=\"advisor managers\">\n\t<meta name=\"twitter:label2\" value=\"Tiempo de lectura\">\n\t<meta name=\"twitter:data2\" value=\"5 minutos\">\n<script type=\"application\/ld+json\" class=\"yoast-schema-graph\">{\"@context\":\"https:\/\/schema.org\",\"@graph\":[{\"@type\":\"WebSite\",\"@id\":\"https:\/\/app-fortunica.com\/#website\",\"url\":\"https:\/\/app-fortunica.com\/\",\"name\":\"fortunica\",\"description\":\"The #1 App for you to Connect with Spiritual Advisors\",\"potentialAction\":[{\"@type\":\"SearchAction\",\"target\":\"https:\/\/app-fortunica.com\/?s={search_term_string}\",\"query-input\":\"required name=search_term_string\"}],\"inLanguage\":\"es\"},{\"@type\":\"ImageObject\",\"@id\":\"https:\/\/app-fortunica.com\/spiritual-journey#primaryimage\",\"inLanguage\":\"es\",\"url\":\"https:\/\/app-fortunica.com\/app\/uploads\/2018\/06\/heart.png\"},{\"@type\":\"WebPage\",\"@id\":\"https:\/\/app-fortunica.com\/spiritual-journey#webpage\",\"url\":\"https:\/\/app-fortunica.com\/spiritual-journey\",\"name\":\"Primeros pasos - fortunica - Expertos en videncia, espiritualidad, tarot, amor y mucho m\\u00e1s\",\"isPartOf\":{\"@id\":\"https:\/\/app-fortunica.com\/#website\"},\"primaryImageOfPage\":{\"@id\":\"https:\/\/app-fortunica.com\/spiritual-journey#primaryimage\"},\"datePublished\":\"2017-02-10T16:43:00+00:00\",\"dateModified\":\"2023-04-25T07:34:25+00:00\",\"description\":\"Empieza a usar fortunica y encuentra respuesta a todas tus dudas. As\\u00ed podr\\u00e1s dar tus primeros pasos en una de las app n\\u00ba1 en el \\u00e1mbito espiritual.\",\"inLanguage\":\"es\",\"potentialAction\":[{\"@type\":\"ReadAction\",\"target\":[\"https:\/\/app-fortunica.com\/spiritual-journey\"]}]}]}<\/script>\n<!-- \/ Yoast SEO Premium plugin. -->","_links":{"self":[{"href":"https:\/\/app-fortunica.com\/es\/wp-json\/wp\/v2\/pages\/2352"}],"collection":[{"href":"https:\/\/app-fortunica.com\/es\/wp-json\/wp\/v2\/pages"}],"about":[{"href":"https:\/\/app-fortunica.com\/es\/wp-json\/wp\/v2\/types\/page"}],"author":[{"embeddable":true,"href":"https:\/\/app-fortunica.com\/es\/wp-json\/wp\/v2\/users\/34"}],"replies":[{"embeddable":true,"href":"https:\/\/app-fortunica.com\/es\/wp-json\/wp\/v2\/comments?post=2352"}],"version-history":[{"count":10,"href":"https:\/\/app-fortunica.com\/es\/wp-json\/wp\/v2\/pages\/2352\/revisions"}],"predecessor-version":[{"id":15514,"href":"https:\/\/app-fortunica.com\/es\/wp-json\/wp\/v2\/pages\/2352\/revisions\/15514"}],"wp:attachment":[{"href":"https:\/\/app-fortunica.com\/es\/wp-json\/wp\/v2\/media?parent=2352"}],"curies":[{"name":"wp","href":"https:\/\/api.w.org\/{rel}","templated":true}]}}