{"id":2369,"date":"2015-04-08T18:38:57","date_gmt":"2015-04-08T23:38:57","guid":{"rendered":"https:\/\/app-fortunica.com\/what-to-ask\/"},"modified":"2017-04-12T15:01:39","modified_gmt":"2017-04-12T13:01:39","slug":"tips-consulta","status":"publish","type":"page","link":"https:\/\/app-fortunica.com\/es\/tips-consulta","title":{"rendered":"Get inspired"},"content":{"rendered":"<div id=\"cs-content\" class=\"cs-content\" ><div id=\"x-section-1\" class=\"x-section\" style=\"margin: 0px;padding: 0px; background-color: #24282b;\"  ><div class=\"x-container marginless-columns\" style=\"margin: 0px auto;padding: 0px; background-color:hsl(0, 78%, 28%);\"  ><div  class=\"x-column x-sm x-1-2\" style=\"padding: 8.5%; background-color:hsl(0, 0%, 100%);\" ><h3  class=\"h-custom-headline mvs h3\" style=\"color: #5d014a;\"><span>Amor<\/span><\/h3><div  class=\"x-raw-content\" style=\"color: #5d014a;\"><ul>\r\n \t<li>\u00bfCu\u00e1ndo conocer\u00e9 a mi alma gemela?<\/li>\r\n \t<li>\u00bfHay alguien interesado en m\u00ed, que me ama en secreto?<\/li>\r\n \t<li>\u00bfQu\u00e9 novedades me esperan este a\u00f1o en el amor?<\/li>\r\n \t<li>\u00bf\u00c9l me ama de verdad y ser\u00e1 una buena pareja?<\/li>\r\n<\/ul>\r\n<\/div><a  class=\"x-btn x-btn-regular\"  href=\"\/es\/mas\/\"     data-options=\"thumbnail: ''\">M\u00e1s<\/a><\/div><div  class=\"x-column x-sm cs-ta-left x-1-2\" style=\"padding: 8.5%; background-color:hsl(312, 98%, 18%);\" ><h3  class=\"h-custom-headline mvs h3\" style=\"color: #fff;\"><span>Carrera<\/span><\/h3><div  class=\"x-raw-content\" style=\"color: rgba(255, 255, 255, 255);\"><ul>\r\n \t<li>\u00bfEs un buen momento para aceptar una nueva oferta de trabajo?<\/li>\r\n \t<li>He recibido varias ofertas de trabajo. \u00bfCu\u00e1l deber\u00eda elegir?<\/li>\r\n \t<li>\u00bfCu\u00e1ndo encontrar\u00e9 trabajo?<\/li>\r\n \t<li>Ma\u00f1ana tendr\u00e9 una entrevista de trabajo importante. \u00bfEs una buena fecha para tener \u00e9xito?<\/li>\r\n \r\n<\/ul>\r\n<\/div><a  class=\"x-btn x-btn-regular\"  href=\"\/es\/mas\/\"     data-options=\"thumbnail: ''\">M\u00e1s<\/a><\/div><\/div><\/div><div id=\"x-section-2\" class=\"x-section\" style=\"margin: 0px;padding: 0px; background-color: #24282b;\"  ><div class=\"x-container marginless-columns\" style=\"margin: 0px auto;padding: 0px;\"  ><div  class=\"x-column x-sm cs-ta-left x-1-2\" style=\"padding: 8.5%; background-color:hsl(312, 98%, 18%);\" ><h3  class=\"h-custom-headline mvs h3\" style=\"color: #fff;\"><span>Espiritual<\/span><\/h3><div  class=\"x-raw-content\" style=\"color: rgba(255, 255, 255, 255);\"><ul>\r\n \t<li>\u00bfCu\u00e1l es mi prop\u00f3sito en la vida?<\/li>\r\n \t<li>\u00bfCu\u00e1l es mi camino espiritual?<\/li>\r\n \t<li>\u00bfCu\u00e1les son mis dones espirituales?<\/li>\r\n \t<li>\u00bfQu\u00e9 es lo que el universo quiere que sepa ahora mismo?<\/li>\r\n<\/ul>\r\n<\/div><a  class=\"x-btn x-btn-regular\"  href=\"\/es\/mas\/\"     data-options=\"thumbnail: ''\">M\u00e1s<\/a><\/div><div  class=\"x-column x-sm x-1-2\" style=\"padding: 8.5%; background-color:hsl(0, 0%, 100%);\" ><h3  class=\"h-custom-headline mvs h3\" style=\"color: #5d014a;\"><span>Mascotas<\/span><\/h3><div  class=\"x-raw-content\" style=\"color: #5d014a;\"><ul>\r\n \t<li> \u00bfQue est\u00e1 pensando mi mascota?<\/li>\r\n \t<li>\u00bfC\u00faal es la personalidad de mi mascota?<\/li>\r\n  \t<li>\u00bfC\u00f3mo afectar\u00e1 a mi mascota mi separaci\u00f3n?<\/li>\r\n<\/ul>\r\n<\/div><a  class=\"x-btn x-btn-regular\"  href=\"\/es\/mas\/\"     data-options=\"thumbnail: ''\">M\u00e1s<\/a><\/div><\/div><\/div><div id=\"x-section-3\" class=\"x-section cs-ta-center\" style=\"margin: 0px;padding: 50px 0px 20px; background-color: transparent;\"  ><div class=\"x-container max width\" style=\"margin: 0px auto;padding: 0px 5%;\"  ><div  class=\"x-column x-sm x-1-2\" style=\"padding: 10px;\" ><h2  class=\"h-custom-headline cs-ta-left man h3\" ><span>C\u00f3mo preguntar:<\/span><\/h2><hr  class=\"x-gap\" style=\"margin: 10px 0 0 0;\"><div class=\"x-text cs-ta-left\"  ><p>Haz solo una pregunta por mensaje e incluye: m\u00e9todo de preferencia, per\u00edodo de tiempo y al mencionar a otros incluye:<\/p>\n<ul>\n<li>Su fecha de nacimiento<\/li>\n<li>Sexo<\/li>\n<li>Relaci\u00f3n<\/li>\n<\/ul>\n<\/div><\/div><div  class=\"x-column x-sm x-1-2\" style=\"padding: 10px;\" ><h2  class=\"h-custom-headline cs-ta-left man h3\" ><span>Ejemplo:<\/span><\/h2><hr  class=\"x-gap\" style=\"margin: 10px 0 0 0;\"><div class=\"x-text cs-ta-left\"  ><p>Hola, mi hermana (Acuario, 31 a\u00f1os) ha estado trabajando como m\u00e9dico interno pero considera cambiarse a m\u00e9dico de emergencias.<\/p>\n<p>\u00bfEs este el mejor mes para cambiarse? La persona al cargo de ella se llama Robert y es g\u00e9minis.<\/p>\n<\/div><\/div><\/div><\/div><div id=\"x-section-4\" class=\"x-section\" style=\"margin: 0px;padding: 25px 0px 10px; background-color: hsl(0, 0%, 100%);\"  ><div class=\"x-container max width\" style=\"margin: 0px auto;padding: 0px;\"  ><div  class=\"x-column x-sm x-1-1\" style=\"padding: 0px;\" ><h2  class=\"h-custom-headline cs-ta-left h3\" ><span>Qu\u00e9 no deber\u00edas preguntar:<\/span><\/h2><\/div><\/div><\/div><div id=\"x-section-5\" class=\"x-section\" style=\"margin: 0px;padding: 45px 0px; background-color: hsl(0, 0%, 100%);\"  ><div class=\"x-container max width\" style=\"margin: 0px auto;padding: 0px;\"  ><div  class=\"x-column x-sm x-1-3\" style=\"padding: 0px;\" ><div  class=\"x-feature-box left-text top-text cf\" style=\" max-width: none;\" data-x-element=\"feature_box\" data-x-params=\"{&quot;child&quot;:false,&quot;graphicAnimation&quot;:&quot;none&quot;,&quot;graphicAnimationOffset&quot;:&quot;50&quot;,&quot;graphicAnimationDelay&quot;:&quot;0&quot;}\" ><div class=\"x-feature-box-graphic rounded \"><div class=\"x-feature-box-graphic-outer rounded\" style=\" margin-right: 20px;\"><div class=\"x-feature-box-graphic-inner rounded\" style=\"font-size: 1px;\"><i class=\"x-icon-wpforms rounded\" data-x-icon-b=\"&#xf298;\"  style=\"margin: 0 auto; color: #ffffff; background-color: #2ecc71;\"><\/i><\/div><\/div><\/div><div class=\"x-feature-box-content \"><h4 class=\"x-feature-box-title\">Asuntos m\u00e9dicos:<\/h4><p class=\"x-feature-box-text\">\n<ul>\n<li>Embarazo<\/li>\n<li>Reca\u00edda en una enfermedad<\/li>\n<li>Fecha de muerte<\/li>\n<\/ul>\n<\/p><\/div><\/div><\/div><div  class=\"x-column x-sm x-1-3\" style=\"padding: 0px;\" ><div  class=\"x-feature-box left-text top-text cf\" style=\" max-width: none;\" data-x-element=\"feature_box\" data-x-params=\"{&quot;child&quot;:false,&quot;graphicAnimation&quot;:&quot;none&quot;,&quot;graphicAnimationOffset&quot;:&quot;50&quot;,&quot;graphicAnimationDelay&quot;:&quot;0&quot;}\" ><div class=\"x-feature-box-graphic rounded \"><div class=\"x-feature-box-graphic-outer rounded\" style=\" margin-right: 20px;\"><div class=\"x-feature-box-graphic-inner rounded\" style=\"font-size: 1px;\"><i class=\"x-icon-wpforms rounded\" data-x-icon-b=\"&#xf298;\"  style=\"margin: 0 auto; color: #ffffff; background-color: #2ecc71;\"><\/i><\/div><\/div><\/div><div class=\"x-feature-box-content \"><h4 class=\"x-feature-box-title\"> Asuntos financieros:<\/h4><p class=\"x-feature-box-text\">\n<ul>\n<li>Ganar la loter\u00eda<\/li>\n<li>Preguntas sobre servicios de seguros<\/li>\n<li>Regulaciones<\/li>\n<\/ul>\n<\/p><\/div><\/div><\/div><div  class=\"x-column x-sm x-1-3\" style=\"padding: 0px;\" ><div  class=\"x-feature-box left-text top-text cf\" style=\" max-width: none;\" data-x-element=\"feature_box\" data-x-params=\"{&quot;child&quot;:false,&quot;graphicAnimation&quot;:&quot;none&quot;,&quot;graphicAnimationOffset&quot;:&quot;50&quot;,&quot;graphicAnimationDelay&quot;:&quot;0&quot;}\" ><div class=\"x-feature-box-graphic rounded \"><div class=\"x-feature-box-graphic-outer rounded\" style=\" margin-right: 20px;\"><div class=\"x-feature-box-graphic-inner rounded\" style=\"font-size: 1px;\"><i class=\"x-icon-wpforms rounded\" data-x-icon-b=\"&#xf298;\"  style=\"margin: 0 auto; color: #ffffff; background-color: #2ecc71;\"><\/i><\/div><\/div><\/div><div class=\"x-feature-box-content \"><h4 class=\"x-feature-box-title\">Otros:<\/h4><p class=\"x-feature-box-text\">\n<ul>\n<li>Casos de cortes o demandas<\/li>\n<li>Magia negra<\/li>\n<li>Nombres exactos y precisi\u00f3n en cifras<\/li>\n<\/ul>\n<\/p><\/div><\/div><\/div><\/div><\/div><div id=\"x-section-6\" class=\"x-section\" style=\"margin: 0px;padding: 55px 0px 25px; background-color: hsl(0, 0%, 0%);\"  ><div class=\"x-container max width\" style=\"margin: 0px auto;padding: 0px;\"  ><div  class=\"x-column x-sm x-1-3\" style=\"padding: 0px;\" ><div  class=\"x-raw-content\" >Los videntes de fortunica siempre est\u00e1n dispuestos a ayudarte con los aspectos m\u00e1s importantes de tu vida. Sin embargo, deber\u00edas tener en cuenta que ciertas consultas no pueden ser atendidas por ellos, ya que su gu\u00eda est\u00e1 destinada a un uso estrictamente espiritual. Esto significa que una consulta realizada por los videntes en la plataforma no puede ser tomada o interpretada como una consulta m\u00e9dica, consejo financiero o consejo legal.\r\n \r\n<\/div><\/div><div  class=\"x-column x-sm x-1-3\" style=\"padding: 0px;\" ><div  class=\"x-raw-content\" >Le recomendamos a los videntes en la app no contestar preguntas que est\u00e9n directamente relacionadas a problemas m\u00e9dicos, como la posibilidad de embarazo o tratamiento de c\u00e1ncer ya que no pueden proveer un diagn\u00f3stico adecuado o el an\u00e1lisis requerido. Tambi\u00e9n le recomendamos a los usuarios no preguntar sobre fechas relacionadas a la muerte o el n\u00famero de a\u00f1os que restan de vida pues no pueden dar estas fechas con certeza. Se debe tener en cuenta que el consejo que otorga el tarot solo funciona si se cumplen ciertos consejos y pasos.\r\n<br>\r\n<br><\/div><\/div><div  class=\"x-column x-sm x-1-3\" style=\"padding: 0px;\" ><div  class=\"x-raw-content\" >Para obtener la informaci\u00f3n que buscas y aclarar dudas para tener una mejor vida te recomendamos formular las preguntas con mucha atenci\u00f3n. Haz preguntas detalladas y completas que invitan a una respuesta significativa para cambiar tu vida. Conf\u00eda en que los videntes quieren otorgarte una respuesta que cumpla con tus expectativas y que te ayude.\r\n<\/div><\/div><\/div><\/div><\/div>\n","protected":false},"excerpt":{"rendered":"","protected":false},"author":34,"featured_media":0,"parent":0,"menu_order":0,"comment_status":"closed","ping_status":"closed","template":"template-blank-4.php","meta":[],"yoast_head":"<!-- This site is optimized with the Yoast SEO Premium plugin v15.2 - https:\/\/yoast.com\/wordpress\/plugins\/seo\/ -->\n<title>Insp\u00edrate - fortunica - Amor, amistad, problemas de pareja, trabajo, estr\u00e9s, espiritualidad y mucho m\u00e1s.<\/title>\n<meta name=\"description\" content=\"\u00bfNo sabes qu\u00e9 preguntar? Insp\u00edrate y d\u00e9jate ayudar por los expertos de fortunica para encontrar respuesta a todas tus dudas y preguntas.\" \/>\n<meta name=\"robots\" content=\"index, follow, max-snippet:-1, max-image-preview:large, max-video-preview:-1\" \/>\n<link rel=\"canonical\" href=\"https:\/\/app-fortunica.com\/es\/tips-consulta\" \/>\n<meta property=\"og:locale\" content=\"es_ES\" \/>\n<meta property=\"og:type\" content=\"article\" \/>\n<meta property=\"og:title\" content=\"Insp\u00edrate - fortunica - Amor, amistad, problemas de pareja, trabajo, estr\u00e9s, espiritualidad y mucho m\u00e1s.\" \/>\n<meta property=\"og:description\" content=\"\u00bfNo sabes qu\u00e9 preguntar? Insp\u00edrate y d\u00e9jate ayudar por los expertos de fortunica para encontrar respuesta a todas tus dudas y preguntas.\" \/>\n<meta property=\"og:url\" content=\"https:\/\/app-fortunica.com\/es\/tips-consulta\" \/>\n<meta property=\"og:site_name\" content=\"fortunica\" \/>\n<meta property=\"article:publisher\" content=\"https:\/\/www.facebook.com\/app.fortunica\/\" \/>\n<meta property=\"article:modified_time\" content=\"2017-04-12T13:01:39+00:00\" \/>\n<meta name=\"twitter:card\" content=\"summary\" \/>\n<meta name=\"twitter:label1\" value=\"Escrito por\">\n\t<meta name=\"twitter:data1\" value=\"advisor managers\">\n\t<meta name=\"twitter:label2\" value=\"Tiempo de lectura\">\n\t<meta name=\"twitter:data2\" value=\"6 minutos\">\n<script type=\"application\/ld+json\" class=\"yoast-schema-graph\">{\"@context\":\"https:\/\/schema.org\",\"@graph\":[{\"@type\":\"WebSite\",\"@id\":\"https:\/\/app-fortunica.com\/#website\",\"url\":\"https:\/\/app-fortunica.com\/\",\"name\":\"fortunica\",\"description\":\"The #1 App for you to Connect with Spiritual Advisors\",\"potentialAction\":[{\"@type\":\"SearchAction\",\"target\":\"https:\/\/app-fortunica.com\/?s={search_term_string}\",\"query-input\":\"required name=search_term_string\"}],\"inLanguage\":\"es\"},{\"@type\":\"WebPage\",\"@id\":\"https:\/\/app-fortunica.com\/es\/tips-consulta#webpage\",\"url\":\"https:\/\/app-fortunica.com\/es\/tips-consulta\",\"name\":\"Insp\\u00edrate - fortunica - Amor, amistad, problemas de pareja, trabajo, estr\\u00e9s, espiritualidad y mucho m\\u00e1s.\",\"isPartOf\":{\"@id\":\"https:\/\/app-fortunica.com\/#website\"},\"datePublished\":\"2015-04-08T23:38:57+00:00\",\"dateModified\":\"2017-04-12T13:01:39+00:00\",\"description\":\"\\u00bfNo sabes qu\\u00e9 preguntar? Insp\\u00edrate y d\\u00e9jate ayudar por los expertos de fortunica para encontrar respuesta a todas tus dudas y preguntas.\",\"inLanguage\":\"es\",\"potentialAction\":[{\"@type\":\"ReadAction\",\"target\":[\"https:\/\/app-fortunica.com\/es\/tips-consulta\"]}]}]}<\/script>\n<!-- \/ Yoast SEO Premium plugin. -->","_links":{"self":[{"href":"https:\/\/app-fortunica.com\/es\/wp-json\/wp\/v2\/pages\/2369"}],"collection":[{"href":"https:\/\/app-fortunica.com\/es\/wp-json\/wp\/v2\/pages"}],"about":[{"href":"https:\/\/app-fortunica.com\/es\/wp-json\/wp\/v2\/types\/page"}],"author":[{"embeddable":true,"href":"https:\/\/app-fortunica.com\/es\/wp-json\/wp\/v2\/users\/34"}],"replies":[{"embeddable":true,"href":"https:\/\/app-fortunica.com\/es\/wp-json\/wp\/v2\/comments?post=2369"}],"version-history":[{"count":17,"href":"https:\/\/app-fortunica.com\/es\/wp-json\/wp\/v2\/pages\/2369\/revisions"}],"predecessor-version":[{"id":3746,"href":"https:\/\/app-fortunica.com\/es\/wp-json\/wp\/v2\/pages\/2369\/revisions\/3746"}],"wp:attachment":[{"href":"https:\/\/app-fortunica.com\/es\/wp-json\/wp\/v2\/media?parent=2369"}],"curies":[{"name":"wp","href":"https:\/\/api.w.org\/{rel}","templated":true}]}}