{"id":2404,"date":"2015-04-13T20:01:40","date_gmt":"2015-04-14T01:01:40","guid":{"rendered":"https:\/\/app-fortunica.com\/methods\/"},"modified":"2021-02-11T16:40:25","modified_gmt":"2021-02-11T15:40:25","slug":"metodos-esotericos","status":"publish","type":"page","link":"https:\/\/app-fortunica.com\/es\/metodos-esotericos","title":{"rendered":"M\u00e9todos"},"content":{"rendered":"<div id=\"cs-content\" class=\"cs-content\" ><\/div>\n","protected":false},"excerpt":{"rendered":"","protected":false},"author":34,"featured_media":0,"parent":0,"menu_order":0,"comment_status":"closed","ping_status":"closed","template":"template-layout-portfolio.php","meta":[],"yoast_head":"<!-- This site is optimized with the Yoast SEO Premium plugin v15.2 - https:\/\/yoast.com\/wordpress\/plugins\/seo\/ -->\n<title>M\u00e9todos esot\u00e9ricos - fortunica- Tarot, videncia y espiritualidad<\/title>\n<meta name=\"description\" content=\"Descubre todos los m\u00e9todos esot\u00e9ricos que encontrar\u00e1s en fortunica. Runas, vidas pasadas, astrolog\u00eda, mediums, \u00e1ngeles, lecturas de caf\u00e9, aura y mucho m\u00e1s.\" \/>\n<meta name=\"robots\" content=\"index, follow, max-snippet:-1, max-image-preview:large, max-video-preview:-1\" \/>\n<link rel=\"canonical\" href=\"https:\/\/app-fortunica.com\/psychic-methodologies\" \/>\n<meta property=\"og:locale\" content=\"es_ES\" \/>\n<meta property=\"og:type\" content=\"article\" \/>\n<meta property=\"og:title\" content=\"M\u00e9todos esot\u00e9ricos - fortunica- Tarot, videncia y espiritualidad\" \/>\n<meta property=\"og:description\" content=\"Descubre todos los m\u00e9todos esot\u00e9ricos que encontrar\u00e1s en fortunica. Runas, vidas pasadas, astrolog\u00eda, mediums, \u00e1ngeles, lecturas de caf\u00e9, aura y mucho m\u00e1s.\" \/>\n<meta property=\"og:url\" content=\"https:\/\/app-fortunica.com\/psychic-methodologies\" \/>\n<meta property=\"og:site_name\" content=\"fortunica\" \/>\n<meta property=\"article:publisher\" content=\"https:\/\/www.facebook.com\/app.fortunica\/\" \/>\n<meta property=\"article:modified_time\" content=\"2021-02-11T15:40:25+00:00\" \/>\n<meta name=\"twitter:card\" content=\"summary\" \/>\n<meta name=\"twitter:label1\" value=\"Escrito por\">\n\t<meta name=\"twitter:data1\" value=\"advisor managers\">\n\t<meta name=\"twitter:label2\" value=\"Tiempo de lectura\">\n\t<meta name=\"twitter:data2\" value=\"0 minutos\">\n<script type=\"application\/ld+json\" class=\"yoast-schema-graph\">{\"@context\":\"https:\/\/schema.org\",\"@graph\":[{\"@type\":\"WebSite\",\"@id\":\"https:\/\/app-fortunica.com\/#website\",\"url\":\"https:\/\/app-fortunica.com\/\",\"name\":\"fortunica\",\"description\":\"The #1 App for you to Connect with Spiritual Advisors\",\"potentialAction\":[{\"@type\":\"SearchAction\",\"target\":\"https:\/\/app-fortunica.com\/?s={search_term_string}\",\"query-input\":\"required name=search_term_string\"}],\"inLanguage\":\"es\"},{\"@type\":\"WebPage\",\"@id\":\"https:\/\/app-fortunica.com\/psychic-methodologies#webpage\",\"url\":\"https:\/\/app-fortunica.com\/psychic-methodologies\",\"name\":\"M\\u00e9todos esot\\u00e9ricos - fortunica- Tarot, videncia y espiritualidad\",\"isPartOf\":{\"@id\":\"https:\/\/app-fortunica.com\/#website\"},\"datePublished\":\"2015-04-14T01:01:40+00:00\",\"dateModified\":\"2021-02-11T15:40:25+00:00\",\"description\":\"Descubre todos los m\\u00e9todos esot\\u00e9ricos que encontrar\\u00e1s en fortunica. Runas, vidas pasadas, astrolog\\u00eda, mediums, \\u00e1ngeles, lecturas de caf\\u00e9, aura y mucho m\\u00e1s.\",\"inLanguage\":\"es\",\"potentialAction\":[{\"@type\":\"ReadAction\",\"target\":[\"https:\/\/app-fortunica.com\/psychic-methodologies\"]}]}]}<\/script>\n<!-- \/ Yoast SEO Premium plugin. -->","_links":{"self":[{"href":"https:\/\/app-fortunica.com\/es\/wp-json\/wp\/v2\/pages\/2404"}],"collection":[{"href":"https:\/\/app-fortunica.com\/es\/wp-json\/wp\/v2\/pages"}],"about":[{"href":"https:\/\/app-fortunica.com\/es\/wp-json\/wp\/v2\/types\/page"}],"author":[{"embeddable":true,"href":"https:\/\/app-fortunica.com\/es\/wp-json\/wp\/v2\/users\/34"}],"replies":[{"embeddable":true,"href":"https:\/\/app-fortunica.com\/es\/wp-json\/wp\/v2\/comments?post=2404"}],"version-history":[{"count":5,"href":"https:\/\/app-fortunica.com\/es\/wp-json\/wp\/v2\/pages\/2404\/revisions"}],"predecessor-version":[{"id":10053,"href":"https:\/\/app-fortunica.com\/es\/wp-json\/wp\/v2\/pages\/2404\/revisions\/10053"}],"wp:attachment":[{"href":"https:\/\/app-fortunica.com\/es\/wp-json\/wp\/v2\/media?parent=2404"}],"curies":[{"name":"wp","href":"https:\/\/api.w.org\/{rel}","templated":true}]}}