{"id":2676,"date":"2017-03-01T16:20:44","date_gmt":"2017-03-01T15:20:44","guid":{"rendered":"https:\/\/app-fortunica.com\/?page_id=2676\/"},"modified":"2025-01-14T09:26:58","modified_gmt":"2025-01-14T08:26:58","slug":"contacto","status":"publish","type":"page","link":"https:\/\/app-fortunica.com\/es\/contacto","title":{"rendered":"Contacto"},"content":{"rendered":"<p><b>adviqo GmbH http:\/\/www.adviqo.com<\/b><\/p>\n<p>adviqo GmbH<br \/>\nMax-Dohrn-Stra\u00dfe 8-10<br \/>\n10589 Berlin<br \/>\nAlemania<\/p>\n<p><span lang=\"es-ES\">Correo electr\u00f3nico: hola@fortunica-app.com<\/span><\/p>\n<p><strong>Directores Ejecutivos<\/strong><br \/>\nKristen Gall<br \/>\nNicolas Grumbach<\/p>\n<p><strong><span lang=\"es-ES\">Registrado en Alemania (Berlin-Charlottenburg)\u00a0<\/span><\/strong><br \/>\ncon el n\u00famero de registro HRB 76491.<br \/>\nN\u00famero de identificaci\u00f3n fiscal:\u00a027\/030\/38038<br \/>\nsIdentificaci\u00f3n del impuesto: DE352976949 (OT Ingenio Europe GmbH).<\/p>\n<p><strong>Junta de arbitraje:<\/strong><br \/>\nLa Comisi\u00f3n de la UE ofrece la posibilidad de resoluci\u00f3n de disputas en l\u00ednea en una plataforma online. Esta plataforma est\u00e1 disponible en el enlace\u00a0<a href=\"http:\/\/ec.europa.eu\/consumers\/odr\/\">http:\/\/ec.europa.eu\/consumers\/odr\/<\/a>. No estamos legalmente obligados a participar en procedimientos de arbitraje y, lamentablemente, no podemos ofrecer participaci\u00f3n en dichos procedimientos.<\/p>\n<p><strong>Protecci\u00f3n de Datos:<\/strong><br \/>\nSi tiene alguna pregunta sobre la protecci\u00f3n de datos, cont\u00e1ctenos:<br \/>\ndatenschutz@adviqo.com<\/p>\n","protected":false},"excerpt":{"rendered":"<p>adviqo GmbH http:\/\/www.adviqo.com adviqo GmbH Max-Dohrn-Stra\u00dfe 8-10 10589 Berlin Alemania Correo electr\u00f3nico: hola@fortunica-app.com Directores Ejecutivos Kristen Gall Nicolas Grumbach Registrado en Alemania (Berlin-Charlottenburg)\u00a0 con el n\u00famero de registro HRB 76491. &#8230; <\/p>\n<div><a href=\"https:\/\/app-fortunica.com\/es\/contacto\" class=\"more-link\">Leer m\u00e1s<\/a><\/div>\n","protected":false},"author":34,"featured_media":0,"parent":0,"menu_order":0,"comment_status":"closed","ping_status":"closed","template":"","meta":[],"yoast_head":"<!-- This site is optimized with the Yoast SEO Premium plugin v15.2 - https:\/\/yoast.com\/wordpress\/plugins\/seo\/ -->\n<title>fortunica - Tarot, videncia y consejos - Contacto<\/title>\n<meta name=\"description\" content=\"Contacta con fortunica escribi\u00e9ndonos a hola@fortunica-app.com. Nos encontramos en Zimmerstra\u00dfe 68, 10117, Berlin.\" \/>\n<meta name=\"robots\" content=\"index, follow, max-snippet:-1, max-image-preview:large, max-video-preview:-1\" \/>\n<link rel=\"canonical\" href=\"https:\/\/app-fortunica.com\/es\/contacto\" \/>\n<meta property=\"og:locale\" content=\"es_ES\" \/>\n<meta property=\"og:type\" content=\"article\" \/>\n<meta property=\"og:title\" content=\"fortunica - Tarot, videncia y consejos - Contacto\" \/>\n<meta property=\"og:description\" content=\"Contacta con fortunica escribi\u00e9ndonos a hola@fortunica-app.com. Nos encontramos en Zimmerstra\u00dfe 68, 10117, Berlin.\" \/>\n<meta property=\"og:url\" content=\"https:\/\/app-fortunica.com\/es\/contacto\" \/>\n<meta property=\"og:site_name\" content=\"fortunica\" \/>\n<meta property=\"article:publisher\" content=\"https:\/\/www.facebook.com\/app.fortunica\/\" \/>\n<meta property=\"article:modified_time\" content=\"2025-01-14T08:26:58+00:00\" \/>\n<meta name=\"twitter:card\" content=\"summary\" \/>\n<meta name=\"twitter:label1\" value=\"Escrito por\">\n\t<meta name=\"twitter:data1\" value=\"advisor managers\">\n\t<meta name=\"twitter:label2\" value=\"Tiempo de lectura\">\n\t<meta name=\"twitter:data2\" value=\"1 minuto\">\n<script type=\"application\/ld+json\" class=\"yoast-schema-graph\">{\"@context\":\"https:\/\/schema.org\",\"@graph\":[{\"@type\":\"WebSite\",\"@id\":\"https:\/\/app-fortunica.com\/#website\",\"url\":\"https:\/\/app-fortunica.com\/\",\"name\":\"fortunica\",\"description\":\"The #1 App for you to Connect with Spiritual Advisors\",\"potentialAction\":[{\"@type\":\"SearchAction\",\"target\":\"https:\/\/app-fortunica.com\/?s={search_term_string}\",\"query-input\":\"required name=search_term_string\"}],\"inLanguage\":\"es\"},{\"@type\":\"WebPage\",\"@id\":\"https:\/\/app-fortunica.com\/es\/contacto#webpage\",\"url\":\"https:\/\/app-fortunica.com\/es\/contacto\",\"name\":\"fortunica - Tarot, videncia y consejos - Contacto\",\"isPartOf\":{\"@id\":\"https:\/\/app-fortunica.com\/#website\"},\"datePublished\":\"2017-03-01T15:20:44+00:00\",\"dateModified\":\"2025-01-14T08:26:58+00:00\",\"description\":\"Contacta con fortunica escribi\\u00e9ndonos a hola@fortunica-app.com. Nos encontramos en Zimmerstra\\u00dfe 68, 10117, Berlin.\",\"inLanguage\":\"es\",\"potentialAction\":[{\"@type\":\"ReadAction\",\"target\":[\"https:\/\/app-fortunica.com\/es\/contacto\"]}]}]}<\/script>\n<!-- \/ Yoast SEO Premium plugin. -->","_links":{"self":[{"href":"https:\/\/app-fortunica.com\/es\/wp-json\/wp\/v2\/pages\/2676"}],"collection":[{"href":"https:\/\/app-fortunica.com\/es\/wp-json\/wp\/v2\/pages"}],"about":[{"href":"https:\/\/app-fortunica.com\/es\/wp-json\/wp\/v2\/types\/page"}],"author":[{"embeddable":true,"href":"https:\/\/app-fortunica.com\/es\/wp-json\/wp\/v2\/users\/34"}],"replies":[{"embeddable":true,"href":"https:\/\/app-fortunica.com\/es\/wp-json\/wp\/v2\/comments?post=2676"}],"version-history":[{"count":11,"href":"https:\/\/app-fortunica.com\/es\/wp-json\/wp\/v2\/pages\/2676\/revisions"}],"predecessor-version":[{"id":18732,"href":"https:\/\/app-fortunica.com\/es\/wp-json\/wp\/v2\/pages\/2676\/revisions\/18732"}],"wp:attachment":[{"href":"https:\/\/app-fortunica.com\/es\/wp-json\/wp\/v2\/media?parent=2676"}],"curies":[{"name":"wp","href":"https:\/\/api.w.org\/{rel}","templated":true}]}}