{"id":2882,"date":"2017-02-15T16:42:29","date_gmt":"2017-02-15T15:42:29","guid":{"rendered":"https:\/\/app-fortunica.com\/more\/"},"modified":"2017-04-18T11:47:06","modified_gmt":"2017-04-18T09:47:06","slug":"mas","status":"publish","type":"page","link":"https:\/\/app-fortunica.com\/es\/mas","title":{"rendered":"more"},"content":{"rendered":"<p><a name=\"love\"><\/a><\/p>\n<h2>Amor<\/h2>\n<h3 id=\"almagemela\" class=\"collapseomatic customtrigger colomat-close colomat-visited\" tabindex=\"0\" title=\"Mi alma gemela\">Mi alma gemela<\/h3>\n<div id=\"target-almagemela\" class=\"collapseomatic_content \">\n<p>\u2022 \u00bfCu\u00e1ndo conocer\u00e9 a mi alma gemela?<\/p>\n<p>\u2022 \u00bfCu\u00e1les son mis oportunidades para conocer a otras personas compatibles?<\/p>\n<p>\u2022 \u00bfHay alguien interesado en m\u00ed, que me ama en secreto?<\/p>\n<p>\u2022 \u00bfQu\u00e9 novedades me esperan este a\u00f1o en el amor?<\/p>\n<p>\u2022 \u00bf\u00c9l me ama de verdad y ser\u00e1 una buena pareja?<\/p>\n<p>\u2022 \u00bfC\u00f3mo conocer\u00e9 a mi pareja ideal?<\/p>\n<p>&nbsp;<\/p>\n<\/div>\n<h3 id=\"romance\" class=\"collapseomatic customtrigger colomat-close colomat-visited\" tabindex=\"0\" title=\"Comenzar un romance\">Comenzar un romance<\/h3>\n<div id=\"target-romance\" class=\"collapseomatic_content \">\n<p>\u2022 \u00bfComenzar\u00e9 una nueva relaci\u00f3n sentimental pronto?<\/p>\n<p>\u2022 \u00bfHay oportunidades para encontrar un nuevo amor pronto?<\/p>\n<p>\u2022 He conocido a alguien nuevo \u00bfTenemos una oportunidad en el amor?<\/p>\n<p>\u2022 El chico que me gusta no me ha vuelto a escribir \u00bfdeber\u00eda escribirle o \u00e9l no est\u00e1 interesado?<\/p>\n<p>\u2022 \u00bfEs una buena idea tener una cita con \u2026?<\/p>\n<\/div>\n<h3 id=\"id8921\" class=\"collapseomatic customtrigger colomat-close colomat-visited\" tabindex=\"0\" title=\"Relaci\u00f3n de pareja\">Relaci\u00f3n de pareja<\/h3>\n<div id=\"target-id8921\" class=\"collapseomatic_content \">\n<p>\u2022 Quiero saber si mi pareja y yo somos compatibles, seg\u00fan nuestros signos y fecha de nacimiento.<\/p>\n<p>\u2022 \u00bf\u00c9l\/Ella me ama tanto como yo?<\/p>\n<p>\u2022 \u00bfDeber\u00eda mudarme a vivir con mi pareja?<\/p>\n<p>\u2022 \u00bfQu\u00e9 puedo hacer para mejorar mi relaci\u00f3n actual y avanzar en el amor?<\/p>\n<p>\u2022 \u00bfMi pareja permanecer\u00e1 fiel siempre?<\/p>\n<p>\u2022 \u00bfQu\u00e9 dice el tarot de los \u00e1ngeles sobre mi relaci\u00f3n este a\u00f1o? \u00bfQu\u00e9 puedo hacer para prosperar?<\/p>\n<p>\u2022 En qu\u00e9 cosas debo de tener especial cuidado con mi pareja?<\/p>\n<p>\u2022 \u00bfEs mi pareja actual el indicado para vivir toda nuestra vida juntos?<\/p>\n<p>\u2022 \u00bfCu\u00e1nto tiempo durar\u00e1 mi relaci\u00f3n actual?<\/p>\n<p>\u2022 \u00bfPuedo confiar en \u00e9l plenamente, sabiendo que es una buena persona, o esconde algo en su pasado?<\/p>\n<p>\u2022 \u00bfHe tomado la decisi\u00f3n correcta al volver con mi pareja? \u00bfPuedo crecer espiritualmente con \u00e9l?<\/p>\n<p>\u2022 No estoy feliz en mi relaci\u00f3n actual. \u00bfEs posible solucionar los problemas o ser\u00e9 m\u00e1s feliz en una nueva relaci\u00f3n?<\/p>\n<p>\u2022 \u00c9l necesita cambiar y ser m\u00e1s bueno \u00bfRealmente lo desea hacer por m\u00ed?<\/p>\n<\/div>\n<h3 id=\"matrimonio\" class=\"collapseomatic customtrigger colomat-close colomat-visited\" tabindex=\"0\" title=\"Matrimonio\">Matrimonio<\/h3>\n<div id=\"target-matrimonio\" class=\"collapseomatic_content \">\n<p>\u2022 \u00bfCu\u00e1ndo me casar\u00e9?<\/p>\n<p>\u2022 \u00bfQu\u00e9 tipo de persona deber\u00eda de buscar para el matrimonio?<\/p>\n<p>\u2022 \u00bfMi novio me pedir\u00e1 que me case con \u00e9l este a\u00f1o? \u00bfCu\u00e1ndo estaremos comprometidos?<\/p>\n<p>\u2022 \u00c9l me ha pedido matrimonio. \u00bfDeber\u00eda decir que s\u00ed? \u00bfSeremos felices juntos?<\/p>\n<\/div>\n<h3 id=\"amorpasado\" class=\"collapseomatic customtrigger colomat-close colomat-visited\" tabindex=\"0\" title=\"Amores pasados\">Amores pasados<\/h3>\n<div id=\"target-amorpasado\" class=\"collapseomatic_content \">\n<p>\u2022 \u00bfDeber\u00eda volver con mi ex?<\/p>\n<p>\u2022 \u00bfPor qu\u00e9 no puedo superar a mi ex? Siempre volvemos a estar juntos.<\/p>\n<p>\u2022 He comenzado una nueva relaci\u00f3n \u00bfC\u00f3mo puedo perder el contacto con mi ex?<\/p>\n<p>\u2022 \u00bfMi ex est\u00e1 saliendo con alguien m\u00e1s ahora?<\/p>\n<p>\u2022 \u00bfEs posible que mi ex y yo quedemos como buenos amigos?<\/p>\n<\/div>\n<h3 id=\"desamor\" class=\"collapseomatic customtrigger colomat-close colomat-visited\" tabindex=\"0\" title=\"Desamor e infidelidad\">Desamor e infidelidad<\/h3>\n<div id=\"target-desamor\" class=\"collapseomatic_content \">\n<p>\u2022 \u00bfPor qu\u00e9 me ha dejado?<\/p>\n<p>\u2022 \u00bfMi pareja a\u00fan mantiene el contacto con su ex?<\/p>\n<p>\u2022 Siento muchos celos y quiero saber si me est\u00e1n enga\u00f1ando o es solo mi imaginaci\u00f3n.<\/p>\n<\/div>\n<h3 id=\"amorprohibido_\" class=\"collapseomatic customtrigger colomat-close colomat-visited\" tabindex=\"0\" title=\"Amor prohibido\">Amor prohibido<\/h3>\n<div id=\"target-amorprohibido_\" class=\"collapseomatic_content \">\n<p>\u2022 Estoy enamorada de un hombre casado, que dice que se divorciar\u00e1 pronto. \u00bfPodremos estar juntos o \u00e9l se reconciliar\u00e1 con su esposa?<\/p>\n<p>\u2022 Creo haberme enamorado de un compa\u00f1ero del trabajo. \u00bfDeber\u00eda decirle lo que siento, es este el momento adecuado?<\/p>\n<\/div>\n<h2>\u00c1mbito personal<\/h2>\n<h3 id=\"destino\" class=\"collapseomatic customtrigger colomat-close colomat-visited\" tabindex=\"0\" title=\"Destino\">Destino<\/h3>\n<div id=\"target-destino\" class=\"collapseomatic_content \">\n<p>\u2022 \u00bfMi futuro muestra se\u00f1ales de fama y grandes \u00e9xitos?<\/p>\n<p>\u2022 \u00bfQu\u00e9 muestran los astros sobre mi destino?<\/p>\n<p>\u2022 Quiero saber lo que muestra mi futuro pr\u00f3ximo. \u00bfQu\u00e9 novedades me esperan?<\/p>\n<p>\u2022 \u00bfTengo un mayor prop\u00f3sito en la vida de lo que yo veo?<\/p>\n<p>\u2022 \u00bfEn qu\u00e9 me debo enfocar para esta etapa de mi vida: Trabajo, Estudios o Familia?<\/p>\n<\/div>\n<h3 id=\"personalidad\" class=\"collapseomatic customtrigger colomat-close colomat-visited\" tabindex=\"0\" title=\"Personalidad\">Personalidad<\/h3>\n<div id=\"target-personalidad\" class=\"collapseomatic_content \">\n<p>\u2022 Hola, quisiera saber m\u00e1s sobre mi personalidad en base a mi fecha de nacimiento. A veces me siento perdido.<\/p>\n<p>\u2022 \u00bfCu\u00e1les son las fortalezas y debilidades que caracterizan mi personalidad? \u00bfC\u00f3mo puedo mejorar en ellas?<\/p>\n<p>\u2022 Me gustar\u00eda tener una mascota. \u00bfQu\u00e9 tipo de animales son m\u00e1s compatible con mi personalidad?<\/p>\n<p>\u2022 \u00bfA los dem\u00e1s les gusta estar cerca de m\u00ed?<\/p>\n<p>\u2022 \u00bfEs necesario cambiar algo en mi forma de ser?<\/p>\n<p>\u2022 Siempre espero mucho m\u00e1s de las dem\u00e1s. \u00bfPasa algo con ellos o soy yo quien espera demasiado?<\/p>\n<\/div>\n<h3 id=\"bienestar\" class=\"collapseomatic customtrigger colomat-close colomat-visited\" tabindex=\"0\" title=\"Espiritualidad y bienestar\">Espiritualidad y bienestar<\/h3>\n<div id=\"target-bienestar\" class=\"collapseomatic_content \">\n<p>\u2022 \u00bfQu\u00e9 color de ropa deber\u00eda de usar para proteger mi energ\u00eda interior, estar en equilibrio y atraer a las personas?<\/p>\n<p>\u2022 \u00bfQu\u00e9 puedo hacer para mejorar mi autoestima de forma espiritual?<\/p>\n<p>\u2022 \u00bfQu\u00e9 clase de cristal o amuleto podr\u00eda utilizar para tener una mejor actitud y mayor confianza?<\/p>\n<p>\u2022 Siento que tengo el don de la intuici\u00f3n y una gran sensibilidad para lo espiritual. \u00bfSe puede ver esto en mi persona?<\/p>\n<p>\u2022 No s\u00e9 qu\u00e9 decisiones tomar, ni cual sea el camino m\u00e1s favorable para m\u00ed. \u00bfNecesito encontrarme a m\u00ed mismo espiritualmente?<\/p>\n<p>\u2022 \u00bfQu\u00e9 cosa concreta podr\u00eda hacer para ser m\u00e1s feliz?<\/p>\n<\/div>\n<h3 id=\"energias\" class=\"collapseomatic customtrigger colomat-close colomat-visited\" tabindex=\"0\" title=\"Energ\u00edas negativas\">Energ\u00edas negativas<\/h3>\n<div id=\"target-energias\" class=\"collapseomatic_content \">\n<p>\u2022 A pesar de llevar una vida sana, con frecuencia me siento cansado y vac\u00edo por dentro. \u00bfQuiero saber c\u00f3mo puedo recargar mi energ\u00eda interior?<\/p>\n<p>\u2022 Actualmente todo est\u00e1 saliendo mal en mi vida. Quiero saber a qu\u00e9 se debe y \u00bfcu\u00e1ndo cambiar\u00e1?<\/p>\n<p>\u2022 \u00bfAlguien ha hecho trabajos de magia negra, vud\u00fa o mal de ojo en mi contra? Siento que tengo muy mala suerte \u00faltimamente.<\/p>\n<p>\u2022 \u00bfHay personas que me est\u00e9n influyendo negativamente con sus malas energ\u00edas?<\/p>\n<p>\u2022 \u00bfC\u00f3mo puedo enfrentar mis adiciones de forma espiritual?<\/p>\n<\/div>\n<h2>Situaciones cotidianas<\/h2>\n<h3 id=\"logros\" class=\"collapseomatic customtrigger colomat-close colomat-visited\" tabindex=\"0\" title=\"Logros\">Logros<\/h3>\n<div id=\"target-logros\" class=\"collapseomatic_content \">\n<p>\u2022 Estoy nervioso por la competencia de este fin de semana. \u00bfHay algo que pueda hacer para ayudar a que todo salga bien?<\/p>\n<p>\u2022 Quiero saber si la suerte estar\u00e1 a mi favor, ahora que debo completar una tarea muy importante esta semana.<\/p>\n<\/div>\n<h3 id=\"hogar\" class=\"collapseomatic customtrigger colomat-close colomat-visited\" tabindex=\"0\" title=\"Hogar\">Hogar<\/h3>\n<div id=\"target-hogar\" class=\"collapseomatic_content \">\n<p>\u2022 Quiero cambiarme de casa este a\u00f1o. \u00bfCu\u00e1ndo ser\u00eda un buen mes para hacerlo?<\/p>\n<p>\u2022 Tengo la opci\u00f3n de mudarme a diferentes ciudades\u2026 \u00bfQuiero saber en cu\u00e1l de ellas estar\u00eda m\u00e1s a gusto?<\/p>\n<p>\u2022 \u00bfCu\u00e1l es el mejor momento para comprar un auto este a\u00f1o?<\/p>\n<\/div>\n<h3 id=\"sorpresas\" class=\"collapseomatic customtrigger colomat-close colomat-visited\" tabindex=\"0\" title=\"Sorpresas de la vida\">Sorpresas de la vida<\/h3>\n<div id=\"target-sorpresas\" class=\"collapseomatic_content \">\n<p>\u2022 \u00bfHabr\u00e1 sorpresas positivas o negativas para m\u00ed esta semana?<\/p>\n<p>\u2022 \u00bfHay posibilidades de que realice un viaje este a\u00f1o?<\/p>\n<p>\u2022 \u00bfConocer\u00e9 a alguien importante en la fiesta de este viernes?<\/p>\n<\/div>\n<h2>Educaci\u00f3n<\/h2>\n<h3 id=\"carrera\" class=\"collapseomatic customtrigger colomat-close colomat-visited\" tabindex=\"0\" title=\"Elegir una carrera\">Elegir una carrera<\/h3>\n<div id=\"target-carrera\" class=\"collapseomatic_content \">\n<p>\u2022 \u00bfCu\u00e1l ser\u00eda la carrera ideal para m\u00ed?<\/p>\n<p>\u2022 \u00bfTendr\u00e9 \u00e9xito en mi carrera profesional? \u00bfEstoy en el camino correcto?<\/p>\n<p>\u2022 \u00bfSer\u00e9 aceptado en la carrera que quiero?<\/p>\n<p>\u2022 \u00bfDeber\u00eda de continuar estudiando despu\u00e9s de mi primera carrera universitaria o comenzar un trabajar?<\/p>\n<p>\u2022 \u00bfDeber\u00eda de estudiar un Master para mejorar mis oportunidades de trabajo?<\/p>\n<p>\u2022 Me han aceptado en dos universidades. \u00bfC\u00f3mo puedo elegir la mejor opci\u00f3n?<\/p>\n<\/div>\n<h3 id=\"estudios\" class=\"collapseomatic customtrigger colomat-close colomat-visited\" tabindex=\"0\" title=\"\u00c9xito en los estudios\">\u00c9xito en los estudios<\/h3>\n<div id=\"target-estudios\" class=\"collapseomatic_content \">\n<p>\u2022 \u00bfPuedo mejorar mi promedio antes de finalizar el semestre?<\/p>\n<p>\u2022 \u00bfPasar\u00e9 con \u00e9xito mi examen final?<\/p>\n<p>\u2022 \u00bfTendr\u00e9 la oportunidad hacer mis pr\u00e1cticas profesionales este semestre?<\/p>\n<p>\u2022 \u00bfMejoraran mis notas este semestre?<\/p>\n<p>\u2022 \u00bfPodr\u00e9 seguir estudiando si quedo embarazada?<\/p>\n<\/div>\n<h3 id=\"malosestudios\" class=\"collapseomatic customtrigger\" tabindex=\"0\" title=\"Los estudios no van bien\">Los estudios no van bien<\/h3>\n<div id=\"target-malosestudios\" class=\"collapseomatic_content \">\n<p>\u2022 Tengo problemas para concentrarme mientras estudio. \u00bfC\u00f3mo puedo cambiar esto?<\/p>\n<p>\u2022 Estoy a punto de ser expulsado de la carrera y tengo miedo de dec\u00edrselo a mis padres. \u00bfQu\u00e9 suceder\u00e1?<\/p>\n<p>\u2022 He estudiado mucho, pero sigo obteniendo malos resultados. \u00bfA qu\u00e9 se debe esto?<\/p>\n<\/div>\n<h3 id=\"compa\u00f1eros\" class=\"collapseomatic customtrigger colomat-close colomat-visited\" tabindex=\"0\" title=\"Relaci\u00f3n entre compa\u00f1eros y profesores\">Relaci\u00f3n entre compa\u00f1eros y profesores<\/h3>\n<div id=\"target-compa\u00f1eros\" class=\"collapseomatic_content \">\n<p>\u2022 Tengo miedo de fracasar en un trabajo de equipo por culpa de mis compa\u00f1eros. \u00bfPuedo confiar en ellos?<\/p>\n<p>\u2022 \u00bfQu\u00e9 es lo que piensan mis compa\u00f1eros sobre m\u00ed?<\/p>\n<p>\u2022 Tengo un problema con un@ de mis compa\u00f1er@s \/ profesores. No nos entendemos bien \u00bfQu\u00e9 puedo hacer al respecto?<\/p>\n<p>\u2022 \u00bfHay alg\u00fan compa\u00f1ero interesado en m\u00ed?<\/p>\n<p>\u2022 \u00bfQu\u00e9 es lo que mis profesores piensan sobre m\u00ed?<\/p>\n<p>\u2022 Tengo muy mala relaci\u00f3n con mis dem\u00e1s compa\u00f1eros. \u00bfA qu\u00e9 puede deberse esto?<\/p>\n<p>\u2022 Creo que mis profesores me dan malas notas porque no me quieren. \u00bfEs esto verdad o es solo mi imaginaci\u00f3n?<\/p>\n<\/div>\n<h2>Trabajo<\/h2>\n<h3 id=\"encontrartrabajo\" class=\"collapseomatic customtrigger colomat-close colomat-visited\" tabindex=\"0\" title=\"Encontrar un nuevo Trabajo\">Encontrar un nuevo Trabajo<\/h3>\n<div id=\"target-encontrartrabajo\" class=\"collapseomatic_content \">\n<p>\u2022 \u00bfCu\u00e1ndo encontrar\u00e9 trabajo?<\/p>\n<p>\u2022 \u00bfEs un buen momento para aceptar una nueva oferta de trabajo?<\/p>\n<p>\u2022 Ma\u00f1ana tendr\u00e9 una entrevista de trabajo importante. \u00bfEs una buena fecha para tener \u00e9xito? \u00bfQu\u00e9 puedo hacer para mejorar mis oportunidades?<\/p>\n<p>\u2022 Tengo dificultades para encontrar un trabajo. \u00bfC\u00f3mo puedo mejorar mi suerte?<\/p>\n<p>\u2022 \u00bfCu\u00e1les son los d\u00edas y los horarios que me favorecen m\u00e1s para tener una entrevista de trabajo exitosa?<\/p>\n<p>\u2022 He tenido una entrevista de trabajo, pero no he recibido novedades al respecto. \u00bfConseguir\u00e9 el trabajo?<\/p>\n<p>\u2022 He recibido varias ofertas de trabajo. \u00bfCu\u00e1l deber\u00eda elegir?<\/p>\n<p>\u2022 Quiero conseguir un trabajo, pero mi marido no me deja. \u00bfQu\u00e9 deber\u00eda hacer?<\/p>\n<\/div>\n<h3 id=\"trabajoexitoso\" class=\"collapseomatic customtrigger colomat-close colomat-visited\" tabindex=\"0\" title=\"\u00c9xito en el Trabajo\">\u00c9xito en el Trabajo<\/h3>\n<div id=\"target-trabajoexitoso\" class=\"collapseomatic_content \">\n<p>\u2022 Pronto empezar\u00e9 un nuevo trabajo. Quiero saber si todo ir\u00e1 bien.<\/p>\n<p>\u2022 \u00bfTengo la personalidad adecuada para ser un buen lider y que mis empleados me quieran?<\/p>\n<p>\u2022 Me gustar\u00eda encontrar un trabajo en el extranjero. \u00bfExiste una posibilidad para m\u00ed?<\/p>\n<p>\u2022 \u00bfDeber\u00eda de aceptar la oferta de trabajo en otra ciudad\/pa\u00eds?<\/p>\n<\/div>\n<h3 id=\"ascenso\" class=\"collapseomatic customtrigger colomat-close colomat-visited\" tabindex=\"0\" title=\"Ascensos y aumentos\">Ascensos y aumentos<\/h3>\n<div id=\"target-ascenso\" class=\"collapseomatic_content \">\n<p>\u2022 \u00bfRecibir\u00e9 un ascenso este a\u00f1o en el trabajo?<\/p>\n<p>\u2022 He recibido un acenso en el trabajo. \u00bfRealizar\u00e9 un buen trabajo en esta posici\u00f3n?<\/p>\n<p>\u2022 \u00bfRecibir\u00e9 un aumento de salario este a\u00f1o?<\/p>\n<p>\u2022 Me preocupa aceptar un acenso, porque tengo miedo que mis compa\u00f1eros me envidien y no me apoyen. \u00bfQu\u00e9 debo hacer?<\/p>\n<\/div>\n<h3 id=\"maltrabajo\" class=\"collapseomatic customtrigger colomat-close colomat-visited\" tabindex=\"0\" title=\"El trabajo no va bien\">El trabajo no va bien<\/h3>\n<div id=\"target-maltrabajo\" class=\"collapseomatic_content \">\n<p>\u2022 Ha habido recortes de personal en el trabajo. \u00bfMi puesto corre peligro?<\/p>\n<p>\u2022 Estoy muy insatisfecho con mi trabajo actual. \u00bfQu\u00e9 puedo hacer para conseguir el trabajo ideal?<\/p>\n<p>\u2022 Tengo problemas con un\/-a compa\u00f1er@ de trabajo \u00bfQu\u00e9 puedo hacer al respecto?<\/p>\n<p>\u2022 Cambio mi lugar de trabajo muy a menudo y no entiendo \u00bfpor qu\u00e9? \u00bfQu\u00e9 clase de trabajo me acomodar\u00eda mejor?<\/p>\n<p>\u2022 No estoy contento en mi trabajo actual. \u00bfCu\u00e1ndo ser\u00eda un buen momento para buscar uno nuevo?<\/p>\n<p>\u2022 Siento que mis compa\u00f1eros no me quieren. \u00bfEs esto verdad o es solamente mi imaginaci\u00f3n?<\/p>\n<p>\u2022 Tengo serios problemas en el trabajo con mi jefe y mis compa\u00f1eros. \u00bfHay oportunidades para que las cosas mejoren o deber\u00eda de renunciar?<\/p>\n<p>\u2022 \u00bfCu\u00e1ndo es un buen momento para solicitar mi renuncia?<\/p>\n<\/div>\n<h2>Negocios<\/h2>\n<h3 id=\"nuevonegocio\" class=\"collapseomatic customtrigger colomat-close colomat-visited\" tabindex=\"0\" title=\"Iniciar un nuevo negocio\">Iniciar un nuevo negocio<\/h3>\n<div id=\"target-nuevonegocio\" class=\"collapseomatic_content \">\n<p>\u2022 Quiero abrir un negocio en\u2026 Y quiero saber si me ir\u00e1 bien.<\/p>\n<p>\u2022 \u00bfEs ahora un buen momento para empezar mi propio negocio o deber\u00eda de esperar?<\/p>\n<p>\u2022 \u00bfDeber\u00eda de buscar un socio para iniciar un negocio o montarlo todo solo?<\/p>\n<p>\u2022 Estoy trabajando en un proyecto personal muy importante. \u00bfSer\u00e1 exitoso?<\/p>\n<p>\u2022 \u00bfEs una buena idea abrir un negocio con mis familiares?<\/p>\n<\/div>\n<h3 id=\"negocioexitoso\" class=\"collapseomatic customtrigger colomat-close colomat-visited\" tabindex=\"0\" title=\"\u00c9xito en los negocios\">\u00c9xito en los negocios<\/h3>\n<div id=\"target-negocioexitoso\" class=\"collapseomatic_content \">\n<p>\u2022 \u00bfTendr\u00e9 \u00e9xito para los negocios?<\/p>\n<p>\u2022 Hasta ahora me ha ido muy bien en una sola \u00e1rea de negocios, pero me interesa probar algo nuevo \u00bfHacia qu\u00e9 direcci\u00f3n deber\u00eda mirar?<\/p>\n<p>\u2022 Tengo una cita muy importante con un cliente la pr\u00f3xima semana. \u00bfIr\u00e1 todo bien?<\/p>\n<p>\u2022 \u00bfPuedo confiar en mi socio?<\/p>\n<p>\u2022 \u00bfQu\u00e9 d\u00eda y qu\u00e9 hora funcionan mejor para tener reuniones de negocios exitosas?<\/p>\n<p>\u2022 \u00bfC\u00f3mo puedo motivar a mis empleados para que hagan un mejor trabajo?<\/p>\n<p>\u2022 Ha habido cambios en la estructura del negocio y hemos contratado a m\u00e1s gente. \u00bfSe ha tomado la decisi\u00f3n correcta? \u00bfLas cosas ir\u00e1n bien?<\/p>\n<p>\u2022 \u00bfSer\u00e1 posible formar una familia y mantener el negocio a flote?<\/p>\n<p>\u2022 \u00bfC\u00f3mo le ir\u00e1 a mi negocio el pr\u00f3ximo a\u00f1o?<\/p>\n<p>\u2022 \u00bfDeber\u00eda contratar a la persona que he entrevistado hoy?<\/p>\n<p>\u2022 Me gustar\u00eda expandir mi negocio a nuevos mercados en el extranjero. \u00bfEs una buena idea?<\/p>\n<p>\u2022 Hoy har\u00e9 negociaciones muy importantes. \u00bfCerraremos el trato?<\/p>\n<\/div>\n<h3 id=\"malnegocio\" class=\"collapseomatic customtrigger colomat-close colomat-visited\" tabindex=\"0\" title=\"Los Negocios no van bien\">Los Negocios no van bien<\/h3>\n<div id=\"target-malnegocio\" class=\"collapseomatic_content \">\n<p>\u2022 He abierto mi propio negocio, pero aun no ha ido muy bien \u00bfCu\u00e1nto tiempo tardara para que empiece a mejorar?<\/p>\n<p>\u2022 He intentado varias veces iniciar mi propio negocio, pero siempre va mal. \u00bfDeber\u00eda seguir intentando?<\/p>\n<\/div>\n<h2>Animales<\/h2>\n<h3 id=\"mascota\" class=\"collapseomatic customtrigger colomat-close colomat-visited\" tabindex=\"0\" title=\"Mi Mascota\">Mi Mascota<\/h3>\n<div id=\"target-mascota\" class=\"collapseomatic_content \">\n<p>\u2022 \u00bfQue est\u00e1 pensando mi mascota?<\/p>\n<p>\u2022 \u00bfEs mi mascota feliz? \u00bfLe hace falta algo?<\/p>\n<p>\u2022 \u00bfMe quiere mi mascota?<\/p>\n<p>\u2022 \u00bfC\u00faal es la personalidad de mi mascota?<\/p>\n<p>\u2022 \u00bfQu\u00e9 le gustar\u00eda a mi mascota decirme?<\/p>\n<p>\u2022 \u00bfDeber\u00eda tener una mascota ahora, es el momento adecuado?<\/p>\n<p>\u2022 \u00bfQu\u00e9 mascota encaja con mi estilo de vida y personalidad?<\/p>\n<p>\u2022 \u00bfCom\u00f3 ser\u00e1 este a\u00f1o para mi mascota?<\/p>\n<p>\u2022 \u00bfC\u00f3mo afectar\u00e1 a mi mascota la llegada de mi beb\u00e9?<\/p>\n<p>\u2022 \u00bfC\u00f3mo afectar\u00e1 el cambio de vivienda a mi mascota?<\/p>\n<p>\u2022 \u00bfC\u00f3mo afectar\u00e1 a mi mascota mi separaci\u00f3n?<\/p>\n<p>\u2022 \u00bfEs mejor que mi mascota viva con mi expareja o conmigo?<\/p>\n<p>\u2022 \u00bfEs conveniente que mi mascota siga viendo a mi expareja?<\/p>\n<p>\u2022 \u00bfPor qu\u00e9 mi mascota no juega con los dem\u00e1s animales? \u00bfC\u00f3mo puedo solucionar esto?<\/p>\n<p>\u2022 \u00bfQu\u00e9 arc\u00e1ngel protege a mi mascota?<\/p>\n<p>\u2022 \u00bfEs conveniente que durante las vacaciones deje a mi mascota en un hotel de animales?<\/p>\n<p>\u2022 \u00bfEs conveniente cruzar a mi mascota? \u00bfC\u00f3mo le afectar\u00e1?<\/p>\n<\/div>\n<h2>Espiritualidad y diversi\u00f3n<\/h2>\n<h3 id=\"Espiritualidad\" class=\"collapseomatic customtrigger colomat-close colomat-visited\" tabindex=\"0\" title=\"Espiritualidad\">Espiritualidad<\/h3>\n<div id=\"target-Espiritualidad\" class=\"collapseomatic_content \">\n<p>\u2022 \u00bfPor qu\u00e9 estoy aqu\u00ed?<\/p>\n<p>\u2022 \u00bfQui\u00e9n soy y por qu\u00e9 existo?<\/p>\n<p>\u2022 \u00bfCu\u00e1l es mi prop\u00f3sito en la vida?<\/p>\n<p>\u2022 \u00bfCu\u00e1les son mis dones espirituales?<\/p>\n<p>\u2022 \u00bfCu\u00e1l es mi camino espiritual?<\/p>\n<p>\u2022 \u00bfQu\u00e9 es lo que el universo quiere que sepa ahora mismo?<\/p>\n<p>\u2022 \u00bfEn qu\u00e9 formas me estoy limitando o haci\u00e9ndome da\u00f1o?<\/p>\n<\/div>\n<h3 id=\"Arcanos\" class=\"collapseomatic customtrigger colomat-close colomat-visited\" tabindex=\"0\" title=\"Arcanos\">Arcanos<\/h3>\n<div id=\"target-Arcanos\" class=\"collapseomatic_content \">\n<p>\u2022 \u00bfCu\u00e1l es el arcano del d\u00eda?<\/p>\n<p>\u2022 Siempre me suele aparecer el arcano\u2026 \u00bfqu\u00e9 significa para m\u00ed?<\/p>\n<p>\u2022 \u00bfC\u00f3mo afectan mi vida diaria los arcanos?<\/p>\n<\/div>\n<h3 id=\"Sue\u00f1os\" class=\"collapseomatic customtrigger colomat-close colomat-visited\" tabindex=\"0\" title=\"Sue\u00f1os\">Sue\u00f1os<\/h3>\n<div id=\"target-Sue\u00f1os\" class=\"collapseomatic_content \">\n<p>\u2022 Tuve un sue\u00f1o sobre\u2026. \u00bfqu\u00e9 significa?<\/p>\n<p>\u2022 \u00bfQu\u00e9 significan los sue\u00f1os sobre el agua, el sol o la luna?<\/p>\n<p>\u2022 \u00bfSuelo so\u00f1ar sobre un pariente fallecido, tienen un mensaje para m\u00ed?<\/p>\n<p>\u2022 \u00bfTengo sue\u00f1os sobre un n\u00famero, qu\u00e9 significa?<\/p>\n<p>\u2022 No suelo so\u00f1ar mucho \u00bfpor qu\u00e9?<\/p>\n<\/div>\n","protected":false},"excerpt":{"rendered":"<p>Amor Mi alma gemela \u2022 \u00bfCu\u00e1ndo conocer\u00e9 a mi alma gemela? \u2022 \u00bfCu\u00e1les son mis oportunidades para conocer a otras personas compatibles? \u2022 \u00bfHay alguien interesado en m\u00ed, que me &#8230; <\/p>\n<div><a href=\"https:\/\/app-fortunica.com\/es\/mas\" class=\"more-link\">Leer m\u00e1s<\/a><\/div>\n","protected":false},"author":34,"featured_media":0,"parent":0,"menu_order":0,"comment_status":"closed","ping_status":"closed","template":"template-layout-full-width.php","meta":[],"yoast_head":"<!-- This site is optimized with the Yoast SEO Premium plugin v15.2 - https:\/\/yoast.com\/wordpress\/plugins\/seo\/ -->\n<title>M\u00e1s - fortunica - Tarot, videncia y amor<\/title>\n<meta name=\"description\" content=\"Profundiza sobre qu\u00e9 preguntar. Amor, trabajo, negocios, pareja, infidelidad, desamor, destino, espiritualidad, energ\u00edas negativas, etc.\" \/>\n<meta name=\"robots\" content=\"index, follow, max-snippet:-1, max-image-preview:large, max-video-preview:-1\" \/>\n<link rel=\"canonical\" href=\"https:\/\/app-fortunica.com\/es\/mas\" \/>\n<meta property=\"og:locale\" content=\"es_ES\" \/>\n<meta property=\"og:type\" content=\"article\" \/>\n<meta property=\"og:title\" content=\"M\u00e1s - fortunica - Tarot, videncia y amor\" \/>\n<meta property=\"og:description\" content=\"Profundiza sobre qu\u00e9 preguntar. Amor, trabajo, negocios, pareja, infidelidad, desamor, destino, espiritualidad, energ\u00edas negativas, etc.\" \/>\n<meta property=\"og:url\" content=\"https:\/\/app-fortunica.com\/es\/mas\" \/>\n<meta property=\"og:site_name\" content=\"fortunica\" \/>\n<meta property=\"article:publisher\" content=\"https:\/\/www.facebook.com\/app.fortunica\/\" \/>\n<meta property=\"article:modified_time\" content=\"2017-04-18T09:47:06+00:00\" \/>\n<meta name=\"twitter:card\" content=\"summary\" \/>\n<meta name=\"twitter:label1\" value=\"Escrito por\">\n\t<meta name=\"twitter:data1\" value=\"advisor managers\">\n\t<meta name=\"twitter:label2\" value=\"Tiempo de lectura\">\n\t<meta name=\"twitter:data2\" value=\"9 minutos\">\n<script type=\"application\/ld+json\" class=\"yoast-schema-graph\">{\"@context\":\"https:\/\/schema.org\",\"@graph\":[{\"@type\":\"WebSite\",\"@id\":\"https:\/\/app-fortunica.com\/#website\",\"url\":\"https:\/\/app-fortunica.com\/\",\"name\":\"fortunica\",\"description\":\"The #1 App for you to Connect with Spiritual Advisors\",\"potentialAction\":[{\"@type\":\"SearchAction\",\"target\":\"https:\/\/app-fortunica.com\/?s={search_term_string}\",\"query-input\":\"required name=search_term_string\"}],\"inLanguage\":\"es\"},{\"@type\":\"WebPage\",\"@id\":\"https:\/\/app-fortunica.com\/es\/mas#webpage\",\"url\":\"https:\/\/app-fortunica.com\/es\/mas\",\"name\":\"M\\u00e1s - fortunica - Tarot, videncia y amor\",\"isPartOf\":{\"@id\":\"https:\/\/app-fortunica.com\/#website\"},\"datePublished\":\"2017-02-15T15:42:29+00:00\",\"dateModified\":\"2017-04-18T09:47:06+00:00\",\"description\":\"Profundiza sobre qu\\u00e9 preguntar. Amor, trabajo, negocios, pareja, infidelidad, desamor, destino, espiritualidad, energ\\u00edas negativas, etc.\",\"inLanguage\":\"es\",\"potentialAction\":[{\"@type\":\"ReadAction\",\"target\":[\"https:\/\/app-fortunica.com\/es\/mas\"]}]}]}<\/script>\n<!-- \/ Yoast SEO Premium plugin. -->","_links":{"self":[{"href":"https:\/\/app-fortunica.com\/es\/wp-json\/wp\/v2\/pages\/2882"}],"collection":[{"href":"https:\/\/app-fortunica.com\/es\/wp-json\/wp\/v2\/pages"}],"about":[{"href":"https:\/\/app-fortunica.com\/es\/wp-json\/wp\/v2\/types\/page"}],"author":[{"embeddable":true,"href":"https:\/\/app-fortunica.com\/es\/wp-json\/wp\/v2\/users\/34"}],"replies":[{"embeddable":true,"href":"https:\/\/app-fortunica.com\/es\/wp-json\/wp\/v2\/comments?post=2882"}],"version-history":[{"count":3,"href":"https:\/\/app-fortunica.com\/es\/wp-json\/wp\/v2\/pages\/2882\/revisions"}],"predecessor-version":[{"id":2928,"href":"https:\/\/app-fortunica.com\/es\/wp-json\/wp\/v2\/pages\/2882\/revisions\/2928"}],"wp:attachment":[{"href":"https:\/\/app-fortunica.com\/es\/wp-json\/wp\/v2\/media?parent=2882"}],"curies":[{"name":"wp","href":"https:\/\/api.w.org\/{rel}","templated":true}]}}