{"id":3932,"date":"2017-04-27T11:41:22","date_gmt":"2017-04-27T09:41:22","guid":{"rendered":"https:\/\/app-fortunica.com\/?page_id=3932\/"},"modified":"2017-04-27T14:06:09","modified_gmt":"2017-04-27T12:06:09","slug":"chat","status":"publish","type":"page","link":"https:\/\/app-fortunica.com\/es\/chat","title":{"rendered":"Chat"},"content":{"rendered":"<div id=\"cs-content\" class=\"cs-content\" ><div id=\"x-section-1\" class=\"x-section\" style=\"margin: 0px;padding: 45px 0px; background-color: transparent;\"  ><div class=\"x-container max width\" style=\"margin: 0px auto;padding: 0px;\"  ><div  class=\"x-column x-sm x-1-1\" style=\"padding: 0px;\" ><div  class=\"x-raw-content\" ><!-- Start of fortunicahelp Zendesk Widget script -->\n<script>\/*<![CDATA[*\/window.zEmbed||function(e,t){var n,o,d,i,s,a=[],r=document.createElement(\"iframe\");window.zEmbed=function(){a.push(arguments)},window.zE=window.zE||window.zEmbed,r.src=\"javascript:false\",r.title=\"\",r.role=\"presentation\",(r.frameElement||r).style.cssText=\"display: none\",d=document.getElementsByTagName(\"script\"),d=d[d.length-1],d.parentNode.insertBefore(r,d),i=r.contentWindow,s=i.document;try{o=s}catch(e){n=document.domain,r.src='javascript:var d=document.open();d.domain=\"'+n+'\";void(0);',o=s}o.open()._l=function(){var e=this.createElement(\"script\");n&&(this.domain=n),e.id=\"js-iframe-async\",e.src=\"https:\/\/assets.zendesk.com\/embeddable_framework\/main.js\",this.t=+new Date,this.zendeskHost=\"fortunicahelp.zendesk.com\",this.zEQueue=a,this.body.appendChild(e)},o.write('<body onload=\"document._l();\">'),o.close()}();\n\/*]]>*\/<\/script>\n<!-- End of fortunicahelp Zendesk Widget script --><\/div><div class=\"x-text\"  ><p>Tenemos un Chat en vivo para t\u00ed. Simplemente solicita una sesi\u00f3n escribiendonos a <a href=\"mailto:hola@fortunica-app.com\">hola@fortunica-app.com\u00a0<\/a>\u00a0y podremos revisar tu caso en tiempo real.<\/p>\n<p>Encontrar\u00e1s un bot\u00f3n para empezar el chat justo en la parte inferior de esta p\u00e1gina en el horario que hallamos fijado.<\/p>\n<\/div><\/div><\/div><\/div><\/div>\n","protected":false},"excerpt":{"rendered":"","protected":false},"author":34,"featured_media":0,"parent":0,"menu_order":0,"comment_status":"closed","ping_status":"closed","template":"","meta":[],"yoast_head":"<!-- This site is optimized with the Yoast SEO Premium plugin v15.2 - https:\/\/yoast.com\/wordpress\/plugins\/seo\/ -->\n<title>Chat - fortunica<\/title>\n<meta name=\"robots\" content=\"index, follow, max-snippet:-1, max-image-preview:large, max-video-preview:-1\" \/>\n<link rel=\"canonical\" href=\"https:\/\/app-fortunica.com\/es\/chat\" \/>\n<meta property=\"og:locale\" content=\"es_ES\" \/>\n<meta property=\"og:type\" content=\"article\" \/>\n<meta property=\"og:title\" content=\"Chat - fortunica\" \/>\n<meta property=\"og:url\" content=\"https:\/\/app-fortunica.com\/es\/chat\" \/>\n<meta property=\"og:site_name\" content=\"fortunica\" \/>\n<meta property=\"article:publisher\" content=\"https:\/\/www.facebook.com\/app.fortunica\/\" \/>\n<meta property=\"article:modified_time\" content=\"2017-04-27T12:06:09+00:00\" \/>\n<meta name=\"twitter:card\" content=\"summary\" \/>\n<meta name=\"twitter:label1\" value=\"Escrito por\">\n\t<meta name=\"twitter:data1\" value=\"advisor managers\">\n\t<meta name=\"twitter:label2\" value=\"Tiempo de lectura\">\n\t<meta name=\"twitter:data2\" value=\"1 minuto\">\n<script type=\"application\/ld+json\" class=\"yoast-schema-graph\">{\"@context\":\"https:\/\/schema.org\",\"@graph\":[{\"@type\":\"WebSite\",\"@id\":\"https:\/\/app-fortunica.com\/#website\",\"url\":\"https:\/\/app-fortunica.com\/\",\"name\":\"fortunica\",\"description\":\"The #1 App for you to Connect with Spiritual Advisors\",\"potentialAction\":[{\"@type\":\"SearchAction\",\"target\":\"https:\/\/app-fortunica.com\/?s={search_term_string}\",\"query-input\":\"required name=search_term_string\"}],\"inLanguage\":\"es\"},{\"@type\":\"WebPage\",\"@id\":\"https:\/\/app-fortunica.com\/es\/chat#webpage\",\"url\":\"https:\/\/app-fortunica.com\/es\/chat\",\"name\":\"Chat - fortunica\",\"isPartOf\":{\"@id\":\"https:\/\/app-fortunica.com\/#website\"},\"datePublished\":\"2017-04-27T09:41:22+00:00\",\"dateModified\":\"2017-04-27T12:06:09+00:00\",\"inLanguage\":\"es\",\"potentialAction\":[{\"@type\":\"ReadAction\",\"target\":[\"https:\/\/app-fortunica.com\/es\/chat\"]}]}]}<\/script>\n<!-- \/ Yoast SEO Premium plugin. -->","_links":{"self":[{"href":"https:\/\/app-fortunica.com\/es\/wp-json\/wp\/v2\/pages\/3932"}],"collection":[{"href":"https:\/\/app-fortunica.com\/es\/wp-json\/wp\/v2\/pages"}],"about":[{"href":"https:\/\/app-fortunica.com\/es\/wp-json\/wp\/v2\/types\/page"}],"author":[{"embeddable":true,"href":"https:\/\/app-fortunica.com\/es\/wp-json\/wp\/v2\/users\/34"}],"replies":[{"embeddable":true,"href":"https:\/\/app-fortunica.com\/es\/wp-json\/wp\/v2\/comments?post=3932"}],"version-history":[{"count":3,"href":"https:\/\/app-fortunica.com\/es\/wp-json\/wp\/v2\/pages\/3932\/revisions"}],"predecessor-version":[{"id":3947,"href":"https:\/\/app-fortunica.com\/es\/wp-json\/wp\/v2\/pages\/3932\/revisions\/3947"}],"wp:attachment":[{"href":"https:\/\/app-fortunica.com\/es\/wp-json\/wp\/v2\/media?parent=3932"}],"curies":[{"name":"wp","href":"https:\/\/api.w.org\/{rel}","templated":true}]}}