{"id":4331,"date":"2017-06-06T17:33:13","date_gmt":"2017-06-06T15:33:13","guid":{"rendered":"https:\/\/app-fortunica.com\/?page_id=4331\/"},"modified":"2023-04-06T13:28:34","modified_gmt":"2023-04-06T11:28:34","slug":"es-inspiracion-psiquica","status":"publish","type":"page","link":"https:\/\/app-fortunica.com\/es\/es-inspiracion-psiquica","title":{"rendered":"Psychic Inspiration"},"content":{"rendered":"<div id=\"cs-content\" class=\"cs-content\" ><div id=\"x-section-1\" class=\"x-section\" style=\"margin: 0px;padding: 0px; background-color: hsl(0, 0%, 100%);\"  ><div class=\"x-container max width\" style=\"margin: 0px auto;padding: 0px;\"  ><div  class=\"x-column x-sm x-1-1\" style=\"padding: 0px;\" ><h2  class=\"h-custom-headline cs-ta-center h3\" ><span>\u00bfQu\u00e9 preguntar?<\/span><\/h2><div class=\"x-text a1\" style=\"line-height: 1.5;\"  ><p>\u00bfC\u00f3mo puedo escribir mi pregunta de la mejor manera posible para recibir una respuesta impactante? Echa un vistazo a algunos ejemplos y encuentra tu inspiraci\u00f3n.<\/p>\n<\/div><\/div><\/div><\/div><div id=\"x-section-2\" class=\"x-section\" style=\"margin: 0px;padding: 0px 0px 20px; background-color: hsl(0, 0%, 100%);\"  ><div class=\"x-container max width\" style=\"margin: 0px auto;padding: 0px;\"  ><div  class=\"x-column x-sm x-1-2\" style=\"padding: 0px;\" ><div class=\"x-text im1\"  ><p><img decoding=\"async\" loading=\"lazy\" class=\"aligncenter wp-image-7445 size-full\" src=\"https:\/\/app-fortunica-content.s3.eu-central-1.amazonaws.com\/prod\/app\/uploads\/2018\/06\/purple_heart_user_2.gif\" alt=\"\" width=\"490\" height=\"473\" \/><\/p>\n<\/div><\/div><div  class=\"x-column x-sm x-1-2\" style=\"padding: 0px;\" ><h3  class=\"h-custom-headline h4\" ><span>\u00ab\u00bfMe quiere?\u00bb<\/span><\/h3><div class=\"x-text a1\" style=\"line-height: 1.5;\"  ><p>\u00abHola mi nombre es Daniela G\u00f3mez (20\/05\/1985, nacida en Madrid). Mi novio Juan Sarti (18\/8\/1980) habla mucho sobre esta nueva colega (Helen Torres). \u00bfEs posible que est\u00e9n teniendo una aventura? Recientemente se ha alejado de m\u00ed y con frecuencia regresa tarde de la oficina a la casa \u00bfPuedes hacer una lectura de tarot sobre nosotros y darme un consejo?\u00bb<\/p>\n<\/div><\/div><\/div><\/div><div id=\"x-section-3\" class=\"x-section\" style=\"margin: 0px;padding: 0px 0px 20px; background-color: hsl(0, 0%, 100%);\"  ><div class=\"x-container max width\" style=\"margin: 0px auto;padding: 0px;\"  ><div  class=\"x-column x-sm right x-1-2\" style=\"padding: 0px;\" ><div class=\"x-text im1\"  ><p><img decoding=\"async\" loading=\"lazy\" class=\"aligncenter wp-image-7464 size-full\" src=\"https:\/\/app-fortunica-content.s3.eu-central-1.amazonaws.com\/prod\/app\/uploads\/2018\/06\/purple_career_user_7.gif\" alt=\"\" width=\"496\" height=\"480\" \/><\/p>\n<\/div><\/div><div  class=\"x-column x-sm x-1-2\" style=\"padding: 0px;\" ><h3  class=\"h-custom-headline h4\" ><span>\u00abMe siento atrapado en mi carrera &#8230;\u00bb<\/span><\/h3><div class=\"x-text a1\" style=\"line-height: 1.5;\"  ><p>\u00abHola, mi nombre completo es Luis Lopez. Nac\u00ed el 15\/8\/1979, en Buenos Aires. Trabajo como gerente de marketing en una gran compa\u00f1\u00eda en Londres, pero me siento atrapada en mi carrera. \u00bfCu\u00e1l es la mejor manera de escapar de esta rutina?\u201d<\/p>\n<\/div><\/div><\/div><\/div><div id=\"x-section-4\" class=\"x-section\" style=\"margin: 0px;padding: 0px 0px 20px; background-color: hsl(0, 0%, 100%);\"  ><div class=\"x-container max width\" style=\"margin: 0px auto;padding: 0px;\"  ><div  class=\"x-column x-sm x-1-2\" style=\"padding: 0px;\" ><div class=\"x-text im1\"  ><p><img decoding=\"async\" loading=\"lazy\" class=\"aligncenter wp-image-7473 size-full\" src=\"https:\/\/app-fortunica-content.s3.eu-central-1.amazonaws.com\/prod\/app\/uploads\/2018\/06\/animation_new_love.gif\" alt=\"\" width=\"497\" height=\"481\" \/><\/p>\n<\/div><\/div><div  class=\"x-column x-sm x-1-2\" style=\"padding: 0px;\" ><h3  class=\"h-custom-headline h4\" ><span>\u00ab\u00bfVamos a estar juntos?\u00bb<\/span><\/h3><div class=\"x-text a1\" style=\"line-height: 1.5;\"  ><p>Hola, soy J.T.G. (11\/08\/87, nacida en Bogot\u00e1) y me preguntaba si L.M. (09\/10\/1985, nacido en Bogot\u00e1) est\u00e1 pensando en m\u00ed \u00faltimamente. Tuvimos algo en el pasado y ahora nos estamos acercando de nuevo. Me gustar\u00eda saber qu\u00e9 ven las estrellas y tus gu\u00edas espirituales para nosotros, si sigo mis instintos e invierto en lo que tenemos. \u00a1Muchas gracias!\u00bb<\/p>\n<\/div><\/div><\/div><\/div><div id=\"x-section-5\" class=\"x-section\" style=\"margin: 0px;padding: 0px 0px 20px; background-color: hsla(311, 43%, 76%, 0.03);\"  ><div class=\"x-container max width\" style=\"margin: 0px auto;padding: 0px;\"  ><div  class=\"x-column x-sm x-1-1\" style=\"padding: 0px 0px 20px;\" ><h3  class=\"h-custom-headline cs-ta-center h4\" ><span>Peque\u00f1os consejos para una excelente consulta:<\/span><\/h3><\/div><\/div><div class=\"x-container max width\" style=\"margin: 0px auto;padding: 0px;\"  ><div  class=\"x-column x-sm x-1-3\" style=\"padding: 0px;\" ><div class=\"x-text\"  ><p style=\"text-align: center;\"><img decoding=\"async\" loading=\"lazy\" class=\"aligncenter wp-image-7505\" src=\"https:\/\/app-fortunica-content.s3.eu-central-1.amazonaws.com\/prod\/app\/uploads\/2018\/06\/personal_info_what_to_ask.png\" alt=\"\" width=\"72\" height=\"68\" \/><\/p>\n<\/div><h4  class=\"h-custom-headline cs-ta-center h5\" ><span>1.\tNombre completo<\/span><\/h4><div class=\"x-text a1\" style=\"line-height: 1.5;\"  ><p> Escribe tu nombre completo o iniciales, por ejemplo, Maria Toros o M.T. Ten en cuenta que es bueno proporcionar a los expertos el nombre de la persona que te interesa.<\/p>\n<\/div><\/div><div  class=\"x-column x-sm x-1-3\" style=\"padding: 0px;\" ><div class=\"x-text\"  ><p><img decoding=\"async\" loading=\"lazy\" class=\"aligncenter wp-image-7500\" src=\"https:\/\/app-fortunica-content.s3.eu-central-1.amazonaws.com\/prod\/app\/uploads\/2018\/06\/birthday_place_what_to_ask.png\" alt=\"\" width=\"72\" height=\"71\" \/><\/p>\n<\/div><h4  class=\"h-custom-headline cs-ta-center h5\" ><span>2.\tFecha de nacimiento<\/span><\/h4><div class=\"x-text a1\" style=\"line-height: 1.5;\"  ><p>Adem\u00e1s de proporcionar tu nombre, al enviar tu fecha de nacimiento los expertos podr\u00e1n realizar sus lecturas con mucha m\u00e1s profundidad.<\/p>\n<\/div><\/div><div  class=\"x-column x-sm x-1-3\" style=\"padding: 0px;\" ><div class=\"x-text\"  ><p style=\"text-align: center;\"><img decoding=\"async\" loading=\"lazy\" class=\"aligncenter wp-image-7510\" src=\"https:\/\/app-fortunica-content.s3.eu-central-1.amazonaws.com\/prod\/app\/uploads\/2018\/06\/write_q_what_to_ask.png\" alt=\"\" width=\"72\" height=\"71\" \/><\/p>\n<\/div><h4  class=\"h-custom-headline cs-ta-center h5\" ><span>3.\tEscribe una gran pregunta<\/span><\/h4><div class=\"x-text a1\" style=\"line-height: 1.5;\"  ><p> Ahora es tiempo de que escribas sobre tu situaci\u00f3n y hagas la pregunta. Adem\u00e1s, si deseas que tu experto use un m\u00e9todo espec\u00edfico, d\u00edselo. <\/p>\n<\/div><\/div><\/div><\/div><div id=\"x-section-6\" class=\"x-section\" style=\"margin: 0px;padding: 0px; background-color: hsl(0, 0%, 100%);\"  ><div class=\"x-container max width\" style=\"margin: 0px auto;padding: 0px;\"  ><div  class=\"x-column x-sm x-1-1\" style=\"padding: 0px;\" ><h3  class=\"h-custom-headline cs-ta-center h4\" ><span>\u00bfNecesitas m\u00e1s inspiraci\u00f3n?<\/span><\/h3><div class=\"x-text a1\" style=\"line-height: 1.5;\"  ><p>\u00bfTodav\u00eda no est\u00e1s seguro sobre qu\u00e9 preguntar? Despu\u00e9s de hablar con nuestros expertos, descubrimos que ayudaban a la gente sobre todo con amor y relaciones, carreras, sue\u00f1os y bienestar. \u00bfPor qu\u00e9 no echas un vistazo a algunos de los ejemplos a continuaci\u00f3n, de los tipos de preguntas con las que nuestros videntes han ayudado a otros como t\u00fa? Al utilizar los consejos anteriores, y realmente pensando en la pregunta que deseas hacerle al experto, podr\u00e1s ver la claridad que te mereces en tu vida.<\/p>\n<\/div><\/div><\/div><div class=\"x-container max width\" style=\"margin: 0px auto;padding: 20px 0px;\"  ><div  class=\"x-column x-sm x-1-3\" style=\"padding: 0px;\" ><div class=\"x-text\"  ><p><img decoding=\"async\" loading=\"lazy\" class=\"aligncenter wp-image-7527\" src=\"https:\/\/app-fortunica-content.s3.eu-central-1.amazonaws.com\/prod\/app\/uploads\/2018\/06\/heart.png\" alt=\"\" width=\"140\" height=\"125\" srcset=\"https:\/\/app-fortunica-content.s3.eu-central-1.amazonaws.com\/prod\/app\/uploads\/2018\/06\/heart.png 201w, https:\/\/app-fortunica-content.s3.eu-central-1.amazonaws.com\/prod\/app\/uploads\/2018\/06\/heart-100x90.png 100w\" sizes=\"(max-width: 140px) 100vw, 140px\" \/><\/p>\n<\/div><\/div><div  class=\"x-column x-sm x-2-3\" style=\"padding: 0px;\" ><div class=\"x-text a1\" style=\"line-height: 1.5;\"  ><p><span style=\"font-size: 22px; color: #272727; font-weight: bold;\">Amor y relaciones <\/span><br \/>\n&#8211; \u00bfCuando conocer\u00e9 a la persona ideal?<br \/>\n&#8211; \u00bfHay alguien enamorado o interesado en m\u00ed en secreto?<br \/>\n&#8211; Me prometi\u00f3 que me escribir\u00eda, pero a\u00fan no lo hizo \u00bfEst\u00e1 interesado en m\u00ed o se ha olvidado?<br \/>\n&#8211; \u00bfEs una relaci\u00f3n pasajera o estaremos juntos para siempre?<br \/>\n&#8211; Mi pareja se queda trabajando hasta tarde. Creo que est\u00e1 con otra persona \u00bfqu\u00e9 dicen las cartas del tarot sobre este tema?<br \/>\n&#8211; \u00bfSomos compatibles mi pareja y yo?<\/p>\n<\/div><\/div><\/div><div class=\"x-container max width\" style=\"margin: 0px auto;padding: 20px 0px;\"  ><div  class=\"x-column x-sm x-1-3\" style=\"padding: 0px;\" ><div class=\"x-text\"  ><p><img decoding=\"async\" loading=\"lazy\" class=\"aligncenter wp-image-7532\" src=\"https:\/\/app-fortunica-content.s3.eu-central-1.amazonaws.com\/prod\/app\/uploads\/2018\/06\/career_full.png\" alt=\"\" width=\"140\" height=\"128\" srcset=\"https:\/\/app-fortunica-content.s3.eu-central-1.amazonaws.com\/prod\/app\/uploads\/2018\/06\/career_full.png 230w, https:\/\/app-fortunica-content.s3.eu-central-1.amazonaws.com\/prod\/app\/uploads\/2018\/06\/career_full-100x92.png 100w\" sizes=\"(max-width: 140px) 100vw, 140px\" \/><\/p>\n<\/div><\/div><div  class=\"x-column x-sm x-2-3\" style=\"padding: 0px;\" ><div class=\"x-text a1\" style=\"line-height: 1.5;\"  ><p><span style=\"font-size: 22px; color: #272727; font-weight: bold;\">Trabajo y estudios<\/span><br \/>\n&#8211; He intentado muchas veces comenzar mi propio negocio y siempre fracas\u00f3. \u00bfDeber\u00eda seguir intentando?<br \/>\n&#8211; Estoy teniendo problemas en el trabajo por culpa de mi jefe. \u00bfDeber\u00eda buscar otro trabajo o mejorar\u00e1n las cosas?<br \/>\n&#8211; Creo que no le gusto a mis compa\u00f1eros de trabajo. \u00bfEs esto cierto? \u00bfQu\u00e9 debo hacer?<br \/>\n&#8211; Tengo una oferta para otro trabajo \u00bfDebo aceptarlo? \u00bfQu\u00e9 es lo correcto?<br \/>\n&#8211; \u00bfDeber\u00eda continuar yendo a la universidad o deber\u00eda empezar a buscar trabajo?<br \/>\n&#8211; \u00bfQu\u00e9 carrera debo elegir? Mi familia quiere que sea m\u00e9dico. \u00bfDeber\u00eda estudiar medicina o perseguir mis sue\u00f1os?<\/p>\n<\/div><\/div><\/div><div class=\"x-container max width\" style=\"margin: 0px auto;padding: 20px 0px;\"  ><div  class=\"x-column x-sm x-1-3\" style=\"padding: 0px;\" ><div class=\"x-text\"  ><p><img decoding=\"async\" loading=\"lazy\" class=\"wp-image-7538 aligncenter\" src=\"https:\/\/app-fortunica-content.s3.eu-central-1.amazonaws.com\/prod\/app\/uploads\/2018\/06\/spirituality_what_to_ask.png\" alt=\"\" width=\"140\" height=\"147\" srcset=\"https:\/\/app-fortunica-content.s3.eu-central-1.amazonaws.com\/prod\/app\/uploads\/2018\/06\/spirituality_what_to_ask.png 230w, https:\/\/app-fortunica-content.s3.eu-central-1.amazonaws.com\/prod\/app\/uploads\/2018\/06\/spirituality_what_to_ask-100x105.png 100w\" sizes=\"(max-width: 140px) 100vw, 140px\" \/><\/p>\n<\/div><\/div><div  class=\"x-column x-sm x-2-3\" style=\"padding: 0px;\" ><div class=\"x-text a1\" style=\"line-height: 1.5;\"  ><p><span style=\"font-size: 22px; color: #272727; font-weight: bold;\">Espiritualidad y sue\u00f1os<\/span><br \/>\n&#8211; \u00bfPor qu\u00e9 estoy aqu\u00ed? \u00bfCual es mi misi\u00f3n en la vida?<br \/>\n&#8211; \u00bfTengo poderes espirituales? S\u00ed es as\u00ed, \u00bfcu\u00e1les son?<br \/>\n&#8211; \u00bfQu\u00e9 quiere el universo para m\u00ed ahora mismo? \u00bfQu\u00e9 debo saber?<br \/>\n&#8211; Tengo un sue\u00f1o en el que me caigo desde las alturas y luego me despierto. \u00bfQu\u00e9 quiere decir?<br \/>\n&#8211; Siento que estoy perdiendo conexi\u00f3n hacia algo. \u00bfQu\u00e9 puede ser?<br \/>\n&#8211; \u00bfHay algo que est\u00e9 haciendo ahora que est\u00e9 militando mi futuro? \u00bfDebo cambiar algo en mi vida?<\/p>\n<\/div><\/div><\/div><div class=\"x-container max width\" style=\"margin: 0px auto;padding: 20px 0px;\"  ><div  class=\"x-column x-sm x-1-3\" style=\"padding: 0px;\" ><div class=\"x-text\"  ><p><img decoding=\"async\" loading=\"lazy\" class=\"wp-image-7543 aligncenter\" src=\"https:\/\/app-fortunica-content.s3.eu-central-1.amazonaws.com\/prod\/app\/uploads\/2018\/06\/wellness_what_to_ask.png\" alt=\"\" width=\"140\" height=\"150\" srcset=\"https:\/\/app-fortunica-content.s3.eu-central-1.amazonaws.com\/prod\/app\/uploads\/2018\/06\/wellness_what_to_ask.png 230w, https:\/\/app-fortunica-content.s3.eu-central-1.amazonaws.com\/prod\/app\/uploads\/2018\/06\/wellness_what_to_ask-100x107.png 100w\" sizes=\"(max-width: 140px) 100vw, 140px\" \/><\/p>\n<\/div><\/div><div  class=\"x-column x-sm x-2-3\" style=\"padding: 0px;\" ><div class=\"x-text a1\" style=\"line-height: 1.5;\"  ><p><span style=\"font-size: 22px; color: #272727; font-weight: bold;\">Destino y bienestar<\/span><br \/>\n&#8211; \u00bfQu\u00e9 tipo de amuleto podr\u00eda ayudarme para atraer buenas energ\u00edas?<br \/>\n&#8211; \u00bfQu\u00e9 necesito para empezar a ser m\u00e1s feliz que nunca?<br \/>\n&#8211; Estoy teniendo muy mala suerte \u00faltimamente, \u00bftengo mal de ojo? \u00bfqu\u00e9 est\u00e1 pas\u00e1ndome?<br \/>\n&#8211; \u00bfQu\u00e9 est\u00e1 afectando negativamente a mi vida ahora? Tengo mucho estr\u00e9s.<br \/>\n&#8211; \u00bfPor qu\u00e9 sigo teniendo los mismos problemas siempre? \u00bfC\u00f3mo puedo acabar con esta racha?<br \/>\n&#8211; \u00bfQu\u00e9 puedo hacer para no estar estresada? Me siento muy agobiada \u00faltimamente en mi vida.<\/p>\n<\/div><\/div><\/div><\/div><div id=\"x-section-7\" class=\"x-section\" style=\"margin: 0px;padding: 0px 0px 20px; background-color: hsla(311, 43%, 76%, 0.03);\"  ><div class=\"x-container max width\" style=\"margin: 0px auto;padding: 0px;\"  ><div  class=\"x-column x-sm x-1-1\" style=\"padding: 0px;\" ><h3  class=\"h-custom-headline cs-ta-center h4\" ><span>Que no preguntar<\/span><\/h3><div class=\"x-text a1\" style=\"line-height: 1.5;\"  ><p>Los expertos espirituales en fortunica siempre est\u00e1n dispuestos a ayudarte a tomar las mejores decisiones de tu vida. Sin embargo, hay ciertos temas que no debes preguntar debido a su delicadeza. Si finalmente, realizas una pregunta de este tipo, el experto no podr\u00e1 responder a ella y a cambio te proporcionar\u00e1 una lectura general. Los temas que no debes preguntar son los siguientes: <\/p>\n<\/div><\/div><\/div><div class=\"x-container max width\" style=\"margin: 0px auto;padding: 0px;\"  ><div  class=\"x-column x-sm x-1-3\" style=\"padding: 0px;\" ><div class=\"x-text a1\" style=\"line-height: 1.5;\"  ><p><span style=\"font-size: 22px; color: #272727; font-weight: bold;\"><span style=\"color: #ff0000;\">x<\/span> M\u00e9dicos:<\/span><br \/>\n&#8211; Embarazo<br \/>\n&#8211; Enfermedades \/salud<br \/>\n&#8211; Muerte<\/p>\n<\/div><\/div><div  class=\"x-column x-sm x-1-3\" style=\"padding: 0px;\" ><div class=\"x-text a1\" style=\"line-height: 1.5;\"  ><p><span style=\"font-size: 22px; color: #272727; font-weight: bold;\"><span style=\"color: #ff0000;\">x<\/span> Dinero:<\/span><br \/>\n&#8211; Loter\u00eda<br \/>\n&#8211; Seguros<br \/>\n&#8211; Regulaciones legales<\/p>\n<\/div><\/div><div  class=\"x-column x-sm x-1-3\" style=\"padding: 0px;\" ><div class=\"x-text a1\" style=\"line-height: 1.5;\"  ><p><span style=\"font-size: 22px; color: #272727; font-weight: bold;\"><span style=\"color: #ff0000;\">x<\/span> Varios:<\/span><br \/>\n&#8211; Casos judiciales<br \/>\n&#8211; Magia negra<br \/>\n&#8211; Maldiciones<\/p>\n<\/div><\/div><\/div><\/div><\/div>\n","protected":false},"excerpt":{"rendered":"<p>\u00bfQu\u00e9 preguntar?\u00bfC\u00f3mo puedo escribir mi pregunta de la mejor manera posible para recibir una respuesta impactante? Echa un vistazo a algunos ejemplos y encuentra tu inspiraci\u00f3n. \u00ab\u00bfMe quiere?\u00bb\u00bbHola mi nombre &#8230; <\/p>\n<div><a href=\"https:\/\/app-fortunica.com\/es\/es-inspiracion-psiquica\" class=\"more-link\">Leer m\u00e1s<\/a><\/div>\n","protected":false},"author":34,"featured_media":0,"parent":0,"menu_order":0,"comment_status":"closed","ping_status":"closed","template":"template-blank-4.php","meta":[],"yoast_head":"<!-- This site is optimized with the Yoast SEO Premium plugin v15.2 - https:\/\/yoast.com\/wordpress\/plugins\/seo\/ -->\n<title>Inspiraci\u00f3n ps\u00edquica - \u00a1Insp\u00edrate y haz la mejor pregunta!<\/title>\n<meta name=\"description\" content=\"\u00bfQuieres el mejor consejo ps\u00edquico? Mira aqu\u00ed para inspirarte y aprender a hacer las mejores preguntas en la aplicaci\u00f3n fortunica.\" \/>\n<meta name=\"robots\" content=\"index, follow, max-snippet:-1, max-image-preview:large, max-video-preview:-1\" \/>\n<link rel=\"canonical\" href=\"https:\/\/app-fortunica.com\/es\/es-inspiracion-psiquica\" \/>\n<meta property=\"og:locale\" content=\"es_ES\" \/>\n<meta property=\"og:type\" content=\"article\" \/>\n<meta property=\"og:title\" content=\"Inspiraci\u00f3n ps\u00edquica - \u00a1Insp\u00edrate y haz la mejor pregunta!\" \/>\n<meta property=\"og:description\" content=\"\u00bfQuieres el mejor consejo ps\u00edquico? Mira aqu\u00ed para inspirarte y aprender a hacer las mejores preguntas en la aplicaci\u00f3n fortunica.\" \/>\n<meta property=\"og:url\" content=\"https:\/\/app-fortunica.com\/es\/es-inspiracion-psiquica\" \/>\n<meta property=\"og:site_name\" content=\"fortunica\" \/>\n<meta property=\"article:publisher\" content=\"https:\/\/www.facebook.com\/app.fortunica\/\" \/>\n<meta property=\"article:modified_time\" content=\"2023-04-06T11:28:34+00:00\" \/>\n<meta property=\"og:image\" content=\"https:\/\/app-fortunica.com\/app\/uploads\/2018\/06\/purple_heart_user_2.gif\" \/>\n<meta name=\"twitter:card\" content=\"summary\" \/>\n<meta name=\"twitter:label1\" value=\"Escrito por\">\n\t<meta name=\"twitter:data1\" value=\"advisor managers\">\n\t<meta name=\"twitter:label2\" value=\"Tiempo de lectura\">\n\t<meta name=\"twitter:data2\" value=\"12 minutos\">\n<script type=\"application\/ld+json\" class=\"yoast-schema-graph\">{\"@context\":\"https:\/\/schema.org\",\"@graph\":[{\"@type\":\"WebSite\",\"@id\":\"https:\/\/app-fortunica.com\/#website\",\"url\":\"https:\/\/app-fortunica.com\/\",\"name\":\"fortunica\",\"description\":\"The #1 App for you to Connect with Spiritual Advisors\",\"potentialAction\":[{\"@type\":\"SearchAction\",\"target\":\"https:\/\/app-fortunica.com\/?s={search_term_string}\",\"query-input\":\"required name=search_term_string\"}],\"inLanguage\":\"es\"},{\"@type\":\"ImageObject\",\"@id\":\"https:\/\/app-fortunica.com\/es\/es-inspiracion-psiquica#primaryimage\",\"inLanguage\":\"es\",\"url\":\"https:\/\/app-fortunica.com\/app\/uploads\/2018\/06\/purple_heart_user_2.gif\"},{\"@type\":\"WebPage\",\"@id\":\"https:\/\/app-fortunica.com\/es\/es-inspiracion-psiquica#webpage\",\"url\":\"https:\/\/app-fortunica.com\/es\/es-inspiracion-psiquica\",\"name\":\"Inspiraci\\u00f3n ps\\u00edquica - \\u00a1Insp\\u00edrate y haz la mejor pregunta!\",\"isPartOf\":{\"@id\":\"https:\/\/app-fortunica.com\/#website\"},\"primaryImageOfPage\":{\"@id\":\"https:\/\/app-fortunica.com\/es\/es-inspiracion-psiquica#primaryimage\"},\"datePublished\":\"2017-06-06T15:33:13+00:00\",\"dateModified\":\"2023-04-06T11:28:34+00:00\",\"description\":\"\\u00bfQuieres el mejor consejo ps\\u00edquico? Mira aqu\\u00ed para inspirarte y aprender a hacer las mejores preguntas en la aplicaci\\u00f3n fortunica.\",\"inLanguage\":\"es\",\"potentialAction\":[{\"@type\":\"ReadAction\",\"target\":[\"https:\/\/app-fortunica.com\/es\/es-inspiracion-psiquica\"]}]}]}<\/script>\n<!-- \/ Yoast SEO Premium plugin. -->","_links":{"self":[{"href":"https:\/\/app-fortunica.com\/es\/wp-json\/wp\/v2\/pages\/4331"}],"collection":[{"href":"https:\/\/app-fortunica.com\/es\/wp-json\/wp\/v2\/pages"}],"about":[{"href":"https:\/\/app-fortunica.com\/es\/wp-json\/wp\/v2\/types\/page"}],"author":[{"embeddable":true,"href":"https:\/\/app-fortunica.com\/es\/wp-json\/wp\/v2\/users\/34"}],"replies":[{"embeddable":true,"href":"https:\/\/app-fortunica.com\/es\/wp-json\/wp\/v2\/comments?post=4331"}],"version-history":[{"count":10,"href":"https:\/\/app-fortunica.com\/es\/wp-json\/wp\/v2\/pages\/4331\/revisions"}],"predecessor-version":[{"id":11829,"href":"https:\/\/app-fortunica.com\/es\/wp-json\/wp\/v2\/pages\/4331\/revisions\/11829"}],"wp:attachment":[{"href":"https:\/\/app-fortunica.com\/es\/wp-json\/wp\/v2\/media?parent=4331"}],"curies":[{"name":"wp","href":"https:\/\/api.w.org\/{rel}","templated":true}]}}