{"id":7635,"date":"2018-07-19T16:09:59","date_gmt":"2018-07-19T14:09:59","guid":{"rendered":"https:\/\/app-fortunica.com\/?page_id=7635"},"modified":"2023-08-14T12:50:28","modified_gmt":"2023-08-14T10:50:28","slug":"dlink_fortunica","status":"publish","type":"page","link":"https:\/\/app-fortunica.com\/es\/dlink_fortunica","title":{"rendered":"dlink_fortunica"},"content":{"rendered":"<div id=\"cs-content\" class=\"cs-content\" ><div id=\"x-section-1\" class=\"x-section\" style=\"margin: 0px;padding: 45px 0px; background-color: hsl(0, 0%, 100%);\"  ><div class=\"x-container max width\" style=\"margin: 0px auto;padding: 0px;\"  ><\/div><\/div>\n<div class=\"e7635-3 x-section\" >\n      \n<div class=\"e7635-4 x-row x-container max width\" >\n  <div class=\"x-row-inner\">\n    \n<div class=\"e7635-5 x-col\" >\n    <div class=\"x-text\"  ><p><strong>El contenido de esta p\u00e1gina solo es visible cuando la aplicaci\u00f3n fortunica est\u00e1 instalada en tu tel\u00e9fono.<\/strong><\/p>\n<p>&#8211; Si tienes un dispositivo Android, vuelve a tu correo electr\u00f3nico y opta por abrir el enlace con la aplicaci\u00f3n fortunica.<br \/>\n&#8211; Si no has descargado la aplicaci\u00f3n fortunica, puedes hacerlo <a style=\"color: #0000ff;\" href=\"https:\/\/app.adjust.com\/m7zlnl_9udq41\">aqu\u00ed<\/a>.<\/p>\n<p>Si tienes alg\u00fan problema con este correo electr\u00f3nico, escr\u00edbenos a hola@fortunica-app.com. Siempre nos complace ayudar \ud83d\ude42<\/p>\n<p>Tu equipo de fortunica<\/p>\n<\/div><\/div>\n\n<div class=\"e7635-7 x-col\" >\n    \n<span class=\"e7635-8 x-image\" >\n  <img alt=\"Image\" src=\"https:\/\/app-fortunica-content.s3.eu-central-1.amazonaws.com\/prod\/app\/uploads\/2021\/01\/content_only_in_app.gif\" width=\"379\" height=\"395\" >\n<\/span>\n<\/div>\n  <\/div>\n  <\/div>\n  <\/div>\n<\/div>\n","protected":false},"excerpt":{"rendered":"<p>El contenido de esta p\u00e1gina solo es visible cuando la aplicaci\u00f3n fortunica est\u00e1 instalada en tu tel\u00e9fono. &#8211; Si tienes un dispositivo Android, vuelve a tu correo electr\u00f3nico y opta &#8230; <\/p>\n<div><a href=\"https:\/\/app-fortunica.com\/es\/dlink_fortunica\" class=\"more-link\">Leer m\u00e1s<\/a><\/div>\n","protected":false},"author":28,"featured_media":0,"parent":0,"menu_order":0,"comment_status":"closed","ping_status":"closed","template":"template-blank-4.php","meta":[],"yoast_head":"<!-- This site is optimized with the Yoast SEO Premium plugin v15.2 - https:\/\/yoast.com\/wordpress\/plugins\/seo\/ -->\n<title>dlink_fortunica - fortunica<\/title>\n<meta name=\"description\" content=\"El contenido de esta p\u00e1gina solo es visible cuando la aplicaci\u00f3n fortunica est\u00e1 instalada en tu tel\u00e9fono. \u2013 Si tienes un dispositivo Android, vuelve a tu correo electr\u00f3nico y opta ... Leer m\u00e1s\" \/>\n<meta name=\"robots\" content=\"index, follow, max-snippet:-1, max-image-preview:large, max-video-preview:-1\" \/>\n<link rel=\"canonical\" href=\"https:\/\/app-fortunica.com\/es\/dlink_fortunica\" \/>\n<meta property=\"og:locale\" content=\"es_ES\" \/>\n<meta property=\"og:type\" content=\"article\" \/>\n<meta property=\"og:title\" content=\"dlink_fortunica - fortunica\" \/>\n<meta property=\"og:description\" content=\"El contenido de esta p\u00e1gina solo es visible cuando la aplicaci\u00f3n fortunica est\u00e1 instalada en tu tel\u00e9fono. \u2013 Si tienes un dispositivo Android, vuelve a tu correo electr\u00f3nico y opta ... Leer m\u00e1s\" \/>\n<meta property=\"og:url\" content=\"https:\/\/app-fortunica.com\/es\/dlink_fortunica\" \/>\n<meta property=\"og:site_name\" content=\"fortunica\" \/>\n<meta property=\"article:publisher\" content=\"https:\/\/www.facebook.com\/app.fortunica\/\" \/>\n<meta property=\"article:modified_time\" content=\"2023-08-14T10:50:28+00:00\" \/>\n<meta property=\"og:image\" content=\"https:\/\/app-fortunica.com\/app\/uploads\/2021\/01\/content_only_in_app.gif\" \/>\n<meta name=\"twitter:card\" content=\"summary\" \/>\n<meta name=\"twitter:label1\" value=\"Escrito por\">\n\t<meta name=\"twitter:data1\" value=\"Maria\">\n\t<meta name=\"twitter:label2\" value=\"Tiempo de lectura\">\n\t<meta name=\"twitter:data2\" value=\"1 minuto\">\n<script type=\"application\/ld+json\" class=\"yoast-schema-graph\">{\"@context\":\"https:\/\/schema.org\",\"@graph\":[{\"@type\":\"WebSite\",\"@id\":\"https:\/\/app-fortunica.com\/#website\",\"url\":\"https:\/\/app-fortunica.com\/\",\"name\":\"fortunica\",\"description\":\"The #1 App for you to Connect with Spiritual Advisors\",\"potentialAction\":[{\"@type\":\"SearchAction\",\"target\":\"https:\/\/app-fortunica.com\/?s={search_term_string}\",\"query-input\":\"required name=search_term_string\"}],\"inLanguage\":\"es\"},{\"@type\":\"ImageObject\",\"@id\":\"https:\/\/app-fortunica.com\/es\/dlink_fortunica#primaryimage\",\"inLanguage\":\"es\",\"url\":\"https:\/\/app-fortunica.com\/app\/uploads\/2021\/01\/content_only_in_app.gif\"},{\"@type\":\"WebPage\",\"@id\":\"https:\/\/app-fortunica.com\/es\/dlink_fortunica#webpage\",\"url\":\"https:\/\/app-fortunica.com\/es\/dlink_fortunica\",\"name\":\"dlink_fortunica - fortunica\",\"isPartOf\":{\"@id\":\"https:\/\/app-fortunica.com\/#website\"},\"primaryImageOfPage\":{\"@id\":\"https:\/\/app-fortunica.com\/es\/dlink_fortunica#primaryimage\"},\"datePublished\":\"2018-07-19T14:09:59+00:00\",\"dateModified\":\"2023-08-14T10:50:28+00:00\",\"description\":\"El contenido de esta p\\u00e1gina solo es visible cuando la aplicaci\\u00f3n fortunica est\\u00e1 instalada en tu tel\\u00e9fono. \\u2013 Si tienes un dispositivo Android, vuelve a tu correo electr\\u00f3nico y opta ... Leer m\\u00e1s\",\"inLanguage\":\"es\",\"potentialAction\":[{\"@type\":\"ReadAction\",\"target\":[\"https:\/\/app-fortunica.com\/es\/dlink_fortunica\"]}]}]}<\/script>\n<!-- \/ Yoast SEO Premium plugin. -->","_links":{"self":[{"href":"https:\/\/app-fortunica.com\/es\/wp-json\/wp\/v2\/pages\/7635"}],"collection":[{"href":"https:\/\/app-fortunica.com\/es\/wp-json\/wp\/v2\/pages"}],"about":[{"href":"https:\/\/app-fortunica.com\/es\/wp-json\/wp\/v2\/types\/page"}],"author":[{"embeddable":true,"href":"https:\/\/app-fortunica.com\/es\/wp-json\/wp\/v2\/users\/28"}],"replies":[{"embeddable":true,"href":"https:\/\/app-fortunica.com\/es\/wp-json\/wp\/v2\/comments?post=7635"}],"version-history":[{"count":4,"href":"https:\/\/app-fortunica.com\/es\/wp-json\/wp\/v2\/pages\/7635\/revisions"}],"predecessor-version":[{"id":10035,"href":"https:\/\/app-fortunica.com\/es\/wp-json\/wp\/v2\/pages\/7635\/revisions\/10035"}],"wp:attachment":[{"href":"https:\/\/app-fortunica.com\/es\/wp-json\/wp\/v2\/media?parent=7635"}],"curies":[{"name":"wp","href":"https:\/\/api.w.org\/{rel}","templated":true}]}}